{"id":138691,"date":"2025-10-30T11:26:45","date_gmt":"2025-10-30T11:26:45","guid":{"rendered":"https:\/\/store.evolve-fitness.eu\/product\/evolve-prime-serie-pilates-reformer-pr-020\/"},"modified":"2026-04-04T12:00:39","modified_gmt":"2026-04-04T12:00:39","slug":"evolve-prime-serie-pilates-reformer-pr-020","status":"publish","type":"product","link":"https:\/\/store.evolve-fitness.eu\/de\/produkt\/evolve-prime-serie-pilates-reformer-pr-020\/","title":{"rendered":"Evolve Prime Serie Pilates-Reformer (PR-020)"},"content":{"rendered":"\n<section class=\"wp-block-group alignfull black-content has-white-color has-darkgray-background-color has-text-color has-background is-layout-constrained wp-block-group-is-layout-constrained\" style=\"padding-top:var(--wp--preset--spacing--section-bottom);padding-bottom:var(--wp--preset--spacing--section-bottom)\">\n<div class=\"wp-block-columns alignwide mobile-reverse is-layout-flex wp-container-core-columns-is-layout-ca64bf2d wp-block-columns-is-layout-flex\" style=\"margin-bottom:var(--wp--preset--spacing--side-padding)\">\n<div class=\"wp-block-column is-vertically-aligned-center is-layout-flow wp-block-column-is-layout-flow\">\n<h3 class=\"wp-block-heading\" style=\"margin-bottom:var(--wp--preset--spacing--h-3-bottom)\"><strong><strong><strong><strong><strong>Professionelles Design f\u00fcr Pr\u00e4zision und Kontrolle<\/strong><\/strong><\/strong><\/strong><\/strong><\/h3>\n\n\n\n<p>Der <strong>Evolve Prime Series Pilates Reformer<\/strong> bietet Leistung in Studioqualit\u00e4t mit au\u00dfergew\u00f6hnlicher Stabilit\u00e4t, Komfort und Vielseitigkeit. Er wurde sowohl f\u00fcr den professionellen als auch f\u00fcr den privaten Gebrauch entwickelt und gew\u00e4hrleistet einen reibungslosen und kontrollierten Bewegungsablauf f\u00fcr eine sichere und effiziente Pilates-Erfahrung. <\/p>\n\n\n\n<p>Dank der <strong>hochwertigen Materialien<\/strong> und des <strong>einstellbaren Federwiderstands<\/strong> k\u00f6nnen Sie jede Trainingseinheit an Ihr Fitnessniveau anpassen. Der ergonomische Fu\u00dfb\u00fcgel, der gepolsterte Schlitten und das sanft gleitende System f\u00f6rdern die richtige Ausrichtung und erh\u00f6hen den Trainingskomfort. <\/p>\n<\/div>\n\n\n\n<div class=\"wp-block-column is-vertically-aligned-center is-layout-flow wp-block-column-is-layout-flow\">\n<figure class=\"wp-block-image size-full\"><img decoding=\"async\" src=\"https:\/\/evolve-fitness.eu\/wp-content\/uploads\/2025\/10\/EV-PR-PR-020-1.png\" alt=\"\" class=\"wp-image-211413\"\/><\/figure>\n<\/div>\n<\/div>\n\n\n\n<div class=\"wp-block-columns alignwide mobile-reverse is-layout-flex wp-container-core-columns-is-layout-ca64bf2d wp-block-columns-is-layout-flex\" style=\"margin-bottom:var(--wp--preset--spacing--side-padding)\">\n<div class=\"wp-block-column is-vertically-aligned-center is-layout-flow wp-block-column-is-layout-flow\">\n<figure class=\"wp-block-image size-full is-style-rounded\"><img decoding=\"async\" src=\"https:\/\/evolve-fitness.eu\/wp-content\/uploads\/2025\/10\/EV-PR-PR-020-2.png\" alt=\"\" class=\"wp-image-211414\"\/><\/figure>\n<\/div>\n\n\n\n<div class=\"wp-block-column is-vertically-aligned-center is-layout-flow wp-block-column-is-layout-flow\">\n<h3 class=\"wp-block-heading\" style=\"margin-bottom:var(--wp--preset--spacing--h-3-bottom)\"><strong>Gezielte Funktionalit\u00e4t und Design<\/strong><\/h3>\n\n\n\n<p>Dieser Reformer ist komplett ausgestattet mit <strong>Schulterst\u00fctzen, Tragegurten, Griffen, einem Sprungbrett und einer Fu\u00dfplattform<\/strong>, die eine breite Palette von \u00dcbungen von der Rehabilitation bis zum fortgeschrittenen Training unterst\u00fctzen.<\/p>\n\n\n\n<p>Die <strong>platzsparende, aufrechte Aufbewahrungsm\u00f6glichkeit<\/strong>, der <strong>robuste Rahmen<\/strong> und die <strong>einfache Wartung<\/strong> machen ihn zur idealen Wahl f\u00fcr moderne Studios und Heimtrainingszentren, die Zuverl\u00e4ssigkeit und Leistung suchen.<\/p>\n<\/div>\n<\/div>\n<\/section>\n","protected":false},"excerpt":{"rendered":"<p>Erleben Sie Pr\u00e4zision, Kontrolle und Komfort mit dem Evolve Prime Series Pilates Reformer. Er wurde f\u00fcr professionelle Studios und den Heimgebrauch entwickelt und bietet einen einstellbaren Federwiderstand, ergonomisches Design und sanfte Bewegungen f\u00fcr ein sicheres und effektives Ganzk\u00f6rpertraining. Gebaut f\u00fcr Langlebigkeit, Leistung und einfache aufrechte Lagerung.  <\/p>\n","protected":false},"featured_media":138860,"template":"","meta":{"_acf_changed":false,"inline_featured_image":false},"product_cat":[191],"product_tag":[],"class_list":{"0":"post-138691","1":"product","2":"type-product","3":"status-publish","4":"has-post-thumbnail","6":"product_cat-studio-de","8":"first","9":"instock","10":"shipping-taxable","11":"purchasable","12":"product-type-simple"},"acf":[],"_links":{"self":[{"href":"https:\/\/store.evolve-fitness.eu\/de\/wp-json\/wp\/v2\/product\/138691","targetHints":{"allow":["GET"]}}],"collection":[{"href":"https:\/\/store.evolve-fitness.eu\/de\/wp-json\/wp\/v2\/product"}],"about":[{"href":"https:\/\/store.evolve-fitness.eu\/de\/wp-json\/wp\/v2\/types\/product"}],"wp:featuredmedia":[{"embeddable":true,"href":"https:\/\/store.evolve-fitness.eu\/de\/wp-json\/wp\/v2\/media\/138860"}],"wp:attachment":[{"href":"https:\/\/store.evolve-fitness.eu\/de\/wp-json\/wp\/v2\/media?parent=138691"}],"wp:term":[{"taxonomy":"product_cat","embeddable":true,"href":"https:\/\/store.evolve-fitness.eu\/de\/wp-json\/wp\/v2\/product_cat?post=138691"},{"taxonomy":"product_tag","embeddable":true,"href":"https:\/\/store.evolve-fitness.eu\/de\/wp-json\/wp\/v2\/product_tag?post=138691"}],"curies":[{"name":"wp","href":"https:\/\/api.w.org\/{rel}","templated":true}]}}