{"id":135545,"date":"2025-09-17T12:42:32","date_gmt":"2025-09-17T12:42:32","guid":{"rendered":"https:\/\/store.evolve-fitness.eu\/?post_type=product&#038;p=135545"},"modified":"2026-01-21T11:59:14","modified_gmt":"2026-01-21T11:59:14","slug":"evolve-ultra-series-serie-selektorisiertes-doppelkabelkreuz-1","status":"publish","type":"product","link":"https:\/\/store.evolve-fitness.eu\/de\/produkt\/evolve-ultra-series-serie-selektorisiertes-doppelkabelkreuz-1\/","title":{"rendered":"Evolve Ultra Series Selektorisierte R\u00fcckenstreckmaschine"},"content":{"rendered":"\n<section class=\"wp-block-group alignfull black-content has-white-color has-darkgray-background-color has-text-color has-background is-layout-constrained wp-block-group-is-layout-constrained\" style=\"padding-top:var(--wp--preset--spacing--section-bottom);padding-bottom:var(--wp--preset--spacing--section-bottom)\">\n<section class=\"wp-block-group alignfull black-content has-white-color has-darkgray-background-color has-text-color has-background is-layout-constrained wp-block-group-is-layout-constrained\" style=\"margin-bottom:0;padding-top:var(--wp--preset--spacing--tb-padding);padding-bottom:var(--wp--preset--spacing--tb-padding)\">\n<div class=\"wp-block-columns alignwide mobile-reverse is-layout-flex wp-container-core-columns-is-layout-7a02faa9 wp-block-columns-is-layout-flex\" style=\"margin-bottom:var(--wp--preset--spacing--tb-section-padding)\">\n<div class=\"wp-block-column is-vertically-aligned-center is-layout-flow wp-block-column-is-layout-flow\">\n<h3 class=\"wp-block-heading\" style=\"margin-bottom:var(--wp--preset--spacing--h-3-bottom)\"><strong>GEZIELTER MUSKELAUFBAU<\/strong><\/h3>\n\n\n\n<p><strong><em><strong><strong><strong><strong><strong><strong><strong><em><strong><em><strong><strong>Gezielte St\u00e4rkung des unteren R\u00fcckens und der K\u00f6rpermitte<\/strong><\/strong><\/em><\/strong><\/em><\/strong><\/strong><\/strong><\/strong><\/strong><\/strong><\/strong><\/em><\/strong><\/p>\n\n\n\n<p>Die Evolve Ultra Series Selectorized Back Extension Machine wurde entwickelt, um den unteren R\u00fccken, die Ges\u00e4\u00dfmuskulatur und die K\u00f6rpermitte durch pr\u00e4zise, kontrollierte Bewegungen zu trainieren. Das selektive Gewichtssystem erm\u00f6glicht es dem Benutzer, die Wirbels\u00e4ulenaufrichter effizient zu isolieren und so die Kraft, die K\u00f6rperhaltung und das Gleichgewicht der hinteren Kette zu verbessern. <\/p>\n\n\n\n<h3 class=\"wp-block-heading\"><strong>NUTZERZENTRIERTE KONSTRUKTION<\/strong><\/h3>\n\n\n\n<p><strong><em>Gebaut f\u00fcr Ausdauer und reibungslosen Betrieb<\/em><\/strong><\/p>\n\n\n\n<p><br\/>Dieses Ger\u00e4t ist mit einem robusten, verst\u00e4rkten Stahlrahmen und hochwertigen, selektiven Komponenten ausgestattet und garantiert eine zuverl\u00e4ssige Leistung bei regelm\u00e4\u00dfiger, intensiver Nutzung. Die durchdachte ergonomische Polsterung und die stabile Positionierung gew\u00e4hrleisten Sicherheit und Komfort bei jeder Wiederholung. <\/p>\n\n\n\n<h3 class=\"wp-block-heading\"><strong>DIE ZUKUNFT DES KRAFTTRAININGS<\/strong><\/h3>\n\n\n\n<p><strong><em>H\u00f6here Standards f\u00fcr die Berufsausbildung<\/em><\/strong><\/p>\n\n\n\n<p><br\/>Die Evolve Ultra Back Extension Machine bietet eine perfekte Mischung aus Funktionalit\u00e4t, Sicherheit und Qualit\u00e4t. Es wurde f\u00fcr moderne Fitnessstudios und Profis entwickelt und bietet eine nahtlose Erfahrung, die eine langfristige Kraftentwicklung mit un\u00fcbertroffener Zuverl\u00e4ssigkeit unterst\u00fctzt. <\/p>\n<\/div>\n\n\n\n<div class=\"wp-block-column is-vertically-aligned-center is-layout-flow wp-block-column-is-layout-flow\">\n<figure class=\"wp-block-image size-large\"><img decoding=\"async\" src=\"https:\/\/evolve-fitness.eu\/wp-content\/uploads\/2025\/08\/EV-SC-UL-400-Evolve-Ultra-Series-Back-Extension-1024x1024.png\" alt=\"\" class=\"wp-image-203120\"\/><\/figure>\n<\/div>\n<\/div>\n\n\n\n<div class=\"wp-block-columns alignwide mobile-reverse is-layout-flex wp-container-core-columns-is-layout-ca64bf2d wp-block-columns-is-layout-flex\" style=\"margin-bottom:var(--wp--preset--spacing--side-padding)\">\n<div class=\"wp-block-column is-vertically-aligned-center is-layout-flow wp-block-column-is-layout-flow\"><\/div>\n<\/div>\n<\/section>\n<\/section>\n","protected":false},"excerpt":{"rendered":"<p>Das Evolve Ultra Series Selectorized Back Extension Machine (EV-SC-UL-400) wurde entwickelt, um den unteren R\u00fccken, die Ges\u00e4\u00dfmuskulatur und die K\u00f6rpermitte mit einem kontrollierten, sanften Widerstand zu st\u00e4rken. Die robuste Konstruktion, die ergonomische Unterst\u00fctzung und die einfache Gewichtseinstellung machen es zu einer zuverl\u00e4ssigen Wahl f\u00fcr professionelle Fitnessstudios und Sportler. <\/p>\n","protected":false},"featured_media":135650,"template":"","meta":{"_acf_changed":false,"inline_featured_image":false},"product_cat":[118,164,165],"product_tag":[],"class_list":{"0":"post-135545","1":"product","2":"type-product","3":"status-publish","4":"has-post-thumbnail","6":"product_cat-hauptseite","7":"product_cat-selektorisierte-maschinen","8":"product_cat-ultra-series-selektiert","10":"first","11":"instock","12":"shipping-taxable","13":"purchasable","14":"product-type-simple"},"acf":[],"_links":{"self":[{"href":"https:\/\/store.evolve-fitness.eu\/de\/wp-json\/wp\/v2\/product\/135545","targetHints":{"allow":["GET"]}}],"collection":[{"href":"https:\/\/store.evolve-fitness.eu\/de\/wp-json\/wp\/v2\/product"}],"about":[{"href":"https:\/\/store.evolve-fitness.eu\/de\/wp-json\/wp\/v2\/types\/product"}],"wp:featuredmedia":[{"embeddable":true,"href":"https:\/\/store.evolve-fitness.eu\/de\/wp-json\/wp\/v2\/media\/135650"}],"wp:attachment":[{"href":"https:\/\/store.evolve-fitness.eu\/de\/wp-json\/wp\/v2\/media?parent=135545"}],"wp:term":[{"taxonomy":"product_cat","embeddable":true,"href":"https:\/\/store.evolve-fitness.eu\/de\/wp-json\/wp\/v2\/product_cat?post=135545"},{"taxonomy":"product_tag","embeddable":true,"href":"https:\/\/store.evolve-fitness.eu\/de\/wp-json\/wp\/v2\/product_tag?post=135545"}],"curies":[{"name":"wp","href":"https:\/\/api.w.org\/{rel}","templated":true}]}}