{"id":135209,"date":"2025-09-16T10:59:08","date_gmt":"2025-09-16T10:59:08","guid":{"rendered":"https:\/\/store.evolve-fitness.eu\/?post_type=product&#038;p=135209"},"modified":"2025-12-13T13:29:04","modified_gmt":"2025-12-13T13:29:04","slug":"evolve-prime-series-smith-maschine-mit-plattenbeladung-2","status":"publish","type":"product","link":"https:\/\/store.evolve-fitness.eu\/de\/produkt\/evolve-prime-series-smith-maschine-mit-plattenbeladung-2\/","title":{"rendered":"Evolve Prime Series Smith-Maschine mit Plattenbeladung"},"content":{"rendered":"\n<section class=\"wp-block-group alignfull black-content has-white-color has-darkgray-background-color has-text-color has-background is-layout-constrained wp-block-group-is-layout-constrained\" style=\"padding-top:var(--wp--preset--spacing--section-bottom);padding-bottom:var(--wp--preset--spacing--section-bottom)\">\n<h3 class=\"wp-block-heading has-text-align-center\"><strong><strong>EVOLVE PLATE LOADED PRIME SERIES<\/strong><\/strong><\/h3>\n\n\n\n<p>Bei der Evolve Plate Loaded Prime Serie ist Exzellenz der Standard. Verbessern Sie Ihr Krafttraining mit Ger\u00e4ten, die auf Komfort, Haltbarkeit und Leistung ausgelegt sind. Entdecken Sie noch heute die gesamte Produktlinie und definieren Sie Ihre Fitness neu.  <\/p>\n\n\n\n<section class=\"wp-block-group alignfull black-content has-white-color has-darkgray-background-color has-text-color has-background is-layout-constrained wp-block-group-is-layout-constrained\" style=\"padding-top:var(--wp--preset--spacing--section-bottom);padding-bottom:var(--wp--preset--spacing--section-bottom)\">\n<div class=\"wp-block-columns alignwide mobile-reverse is-layout-flex wp-container-core-columns-is-layout-ca64bf2d wp-block-columns-is-layout-flex\" style=\"margin-bottom:var(--wp--preset--spacing--side-padding)\">\n<div class=\"wp-block-column is-vertically-aligned-center is-layout-flow wp-block-column-is-layout-flow\">\n<h3 class=\"wp-block-heading\" style=\"margin-bottom:var(--wp--preset--spacing--h-3-bottom)\"><strong><strong><strong><strong><strong><strong><strong><strong><strong>Evolve Prime Series Smith-Maschine mit Plattenbeladung<\/strong><\/strong><\/strong><\/strong><\/strong><\/strong><\/strong><\/strong><\/strong><\/h3>\n\n\n\n<p><strong><em><strong><strong><strong>Vielseitiges und sicheres Krafttraining f\u00fcr maximale Leistung<\/strong><\/strong><\/strong><\/em><\/strong><\/p>\n\n\n\n<p style=\"margin-bottom:var(--wp--preset--spacing--tb-section-padding)\">Die <strong>Evolve Prime Series Plate Loaded Smith Machine<\/strong> wurde entwickelt, um eine kontrollierte und stabile Umgebung f\u00fcr das Krafttraining zu schaffen, die es dem Benutzer erm\u00f6glicht, eine Vielzahl von \u00dcbungen mit erh\u00f6hter Sicherheit und Effizienz durchzuf\u00fchren. Mit einer glatten, gef\u00fchrten Hantelbahn, einer robusten Konstruktion und einem plattenbeladenen Widerstandssystem sorgt dieses Ger\u00e4t f\u00fcr eine korrekte Biomechanik und minimiert gleichzeitig das Verletzungsrisiko. Es ist ideal f\u00fcr Kniebeugen, Pressen, Ausfallschritte und mehr und unterst\u00fctzt die progressive \u00dcberlastung und den Muskelaufbau auf allen Fitnessniveaus.  <\/p>\n\n\n\n<h3 class=\"wp-block-heading\" style=\"margin-bottom:var(--wp--preset--spacing--h-3-bottom)\"><strong><strong><strong><strong><strong><strong><strong><strong>Maximieren Sie Ihre Kraft mit kontrollierten Bewegungen<\/strong><\/strong><\/strong><\/strong><\/strong><\/strong><\/strong><\/strong><\/h3>\n\n\n\n<p><strong><em><strong><strong><strong>Smooth Glide System f\u00fcr sicheres und effektives Training<\/strong><\/strong><\/strong><\/em><\/strong><\/p>\n\n\n\n<p>Die <strong>Evolve Prime Series Plate Loaded Smith Machine<\/strong> bietet ein nahtloses Hebeerlebnis mit ihren pr\u00e4zisionsgefertigten F\u00fchrungsschienen, die eine reibungslose und gleichm\u00e4\u00dfige Bewegung gew\u00e4hrleisten. Mehrere Sicherheitsstopps erm\u00f6glichen ein sicheres Heben ohne Helfer, was sie zu einem hervorragenden Ger\u00e4t f\u00fcr das Solotraining macht. Der robuste Rahmen erh\u00f6ht die Stabilit\u00e4t, w\u00e4hrend das Plattensystem einen individuell einstellbaren Widerstand f\u00fcr ma\u00dfgeschneiderte Trainingseinheiten bietet. Ganz gleich, ob Sie sich auf Muskelaufbau, Ausdauer oder Rehabilitation konzentrieren, dieses Smith-Ger\u00e4t ist eine zuverl\u00e4ssige und effiziente L\u00f6sung f\u00fcr Ihr Krafttraining.   <\/p>\n<\/div>\n\n\n\n<div class=\"wp-block-column is-vertically-aligned-center is-layout-flow wp-block-column-is-layout-flow\">\n<figure class=\"wp-block-image size-large\"><img loading=\"lazy\" decoding=\"async\" width=\"1024\" height=\"1024\" src=\"https:\/\/store.evolve-fitness.eu\/wp-content\/uploads\/2025\/03\/EV-PL-PR-116-Evolve-Prime-Series-Plate-Loaded-Smith-Machine-Recovered-1024x1024.png\" alt=\"\" class=\"wp-image-118178\" srcset=\"https:\/\/store.evolve-fitness.eu\/wp-content\/uploads\/2025\/03\/EV-PL-PR-116-Evolve-Prime-Series-Plate-Loaded-Smith-Machine-Recovered-1024x1024.png 1024w, https:\/\/store.evolve-fitness.eu\/wp-content\/uploads\/2025\/03\/EV-PL-PR-116-Evolve-Prime-Series-Plate-Loaded-Smith-Machine-Recovered-300x300.png 300w, https:\/\/store.evolve-fitness.eu\/wp-content\/uploads\/2025\/03\/EV-PL-PR-116-Evolve-Prime-Series-Plate-Loaded-Smith-Machine-Recovered-150x150.png 150w, https:\/\/store.evolve-fitness.eu\/wp-content\/uploads\/2025\/03\/EV-PL-PR-116-Evolve-Prime-Series-Plate-Loaded-Smith-Machine-Recovered-768x768.png 768w, https:\/\/store.evolve-fitness.eu\/wp-content\/uploads\/2025\/03\/EV-PL-PR-116-Evolve-Prime-Series-Plate-Loaded-Smith-Machine-Recovered-1536x1536.png 1536w, https:\/\/store.evolve-fitness.eu\/wp-content\/uploads\/2025\/03\/EV-PL-PR-116-Evolve-Prime-Series-Plate-Loaded-Smith-Machine-Recovered-2048x2048.png 2048w, https:\/\/store.evolve-fitness.eu\/wp-content\/uploads\/2025\/03\/EV-PL-PR-116-Evolve-Prime-Series-Plate-Loaded-Smith-Machine-Recovered-600x600.png 600w, https:\/\/store.evolve-fitness.eu\/wp-content\/uploads\/2025\/03\/EV-PL-PR-116-Evolve-Prime-Series-Plate-Loaded-Smith-Machine-Recovered-100x100.png 100w\" sizes=\"auto, (max-width: 1024px) 100vw, 1024px\" \/><\/figure>\n<\/div>\n<\/div>\n<\/section>\n<\/section>\n","protected":false},"excerpt":{"rendered":"<p>Die Evolve Prime Series Plate Loaded Smith Machine wurde entwickelt, um eine kontrollierte und stabile Umgebung f\u00fcr das Krafttraining zu schaffen, die es dem Benutzer erm\u00f6glicht, eine Vielzahl von \u00dcbungen mit erh\u00f6hter Sicherheit und Effizienz durchzuf\u00fchren. Mit einer glatten, gef\u00fchrten Hantelbahn, einer robusten Konstruktion und einem plattenbeladenen Widerstandssystem sorgt dieses Ger\u00e4t f\u00fcr eine korrekte Biomechanik und minimiert gleichzeitig das Verletzungsrisiko. Es ist ideal f\u00fcr Kniebeugen, Pressen, Ausfallschritte und mehr und unterst\u00fctzt die progressive \u00dcberlastung und den Muskelaufbau auf allen Fitnessniveaus.  <\/p>\n","protected":false},"featured_media":135245,"template":"","meta":{"_acf_changed":false,"inline_featured_image":false},"product_cat":[125,160],"product_tag":[],"class_list":{"0":"post-135209","1":"product","2":"type-product","3":"status-publish","4":"has-post-thumbnail","6":"product_cat-banke","7":"product_cat-banke-der-prime-series","9":"first","10":"instock","11":"shipping-taxable","12":"purchasable","13":"product-type-simple"},"acf":[],"_links":{"self":[{"href":"https:\/\/store.evolve-fitness.eu\/de\/wp-json\/wp\/v2\/product\/135209","targetHints":{"allow":["GET"]}}],"collection":[{"href":"https:\/\/store.evolve-fitness.eu\/de\/wp-json\/wp\/v2\/product"}],"about":[{"href":"https:\/\/store.evolve-fitness.eu\/de\/wp-json\/wp\/v2\/types\/product"}],"wp:featuredmedia":[{"embeddable":true,"href":"https:\/\/store.evolve-fitness.eu\/de\/wp-json\/wp\/v2\/media\/135245"}],"wp:attachment":[{"href":"https:\/\/store.evolve-fitness.eu\/de\/wp-json\/wp\/v2\/media?parent=135209"}],"wp:term":[{"taxonomy":"product_cat","embeddable":true,"href":"https:\/\/store.evolve-fitness.eu\/de\/wp-json\/wp\/v2\/product_cat?post=135209"},{"taxonomy":"product_tag","embeddable":true,"href":"https:\/\/store.evolve-fitness.eu\/de\/wp-json\/wp\/v2\/product_tag?post=135209"}],"curies":[{"name":"wp","href":"https:\/\/api.w.org\/{rel}","templated":true}]}}