{"id":135072,"date":"2025-09-10T11:22:30","date_gmt":"2025-09-10T11:22:30","guid":{"rendered":"https:\/\/store.evolve-fitness.eu\/?post_type=product&#038;p=135072"},"modified":"2026-04-16T12:00:37","modified_gmt":"2026-04-16T12:00:37","slug":"evolve-crossfit-schlitten-1","status":"publish","type":"product","link":"https:\/\/store.evolve-fitness.eu\/de\/produkt\/evolve-crossfit-schlitten-1\/","title":{"rendered":"Evolve Crossfit-Schlitten"},"content":{"rendered":"\n<section class=\"wp-block-group alignfull black-content has-white-color has-darkgray-background-color has-text-color has-background is-layout-constrained wp-block-group-is-layout-constrained\" style=\"padding-top:var(--wp--preset--spacing--section-bottom);padding-bottom:var(--wp--preset--spacing--section-bottom)\">\n<div class=\"wp-block-columns alignwide mobile-reverse is-layout-flex wp-container-core-columns-is-layout-ca64bf2d wp-block-columns-is-layout-flex\" style=\"margin-bottom:var(--wp--preset--spacing--side-padding)\">\n<div class=\"wp-block-column is-vertically-aligned-center is-layout-flow wp-block-column-is-layout-flow\">\n<h3 class=\"wp-block-heading\" style=\"margin-bottom:var(--wp--preset--spacing--h-3-bottom)\"><strong>Vielseitige Schulungsm\u00f6glichkeiten<\/strong><\/h3>\n\n\n\n<p><strong><em>Anpassungsf\u00e4hig f\u00fcr jeden Athleten<\/em><\/strong><\/p>\n\n\n\n<p style=\"margin-bottom:var(--wp--preset--spacing--tb-section-padding)\">Der Evolve CrossFit Sled zeichnet sich durch seine F\u00e4higkeit aus, eine breite Palette von \u00dcbungen zu erm\u00f6glichen, vom Dr\u00fccken bis zum Ziehen, was ein Ganzk\u00f6rpertraining erm\u00f6glicht. Sein Design eignet sich f\u00fcr Sportler aller Leistungsklassen, die durch verschiedene Trainingsroutinen ihre Kraft, Geschwindigkeit und Ausdauer verbessern k\u00f6nnen.<\/p>\n<\/div>\n\n\n\n<div class=\"wp-block-column is-vertically-aligned-center is-layout-flow wp-block-column-is-layout-flow\">\n<figure class=\"wp-block-video\"><video autoplay=\"\" controls=\"\" loop=\"\" muted=\"\" src=\"https:\/\/evolve-fitness.eu\/wp-content\/uploads\/2024\/01\/Evolve-Crossfit-Sled-Video.mp4\"><\/video><\/figure>\n<\/div>\n<\/div>\n\n\n\n<div class=\"wp-block-columns alignwide is-layout-flex wp-container-core-columns-is-layout-c45ee707 wp-block-columns-is-layout-flex\" style=\"margin-bottom:var(--wp--preset--spacing--side-padding);padding-top:var(--wp--preset--spacing--side-padding)\">\n<div class=\"wp-block-column is-vertically-aligned-center is-layout-flow wp-block-column-is-layout-flow\">\n<figure class=\"wp-block-image size-large\"><img decoding=\"async\" src=\"https:\/\/evolve-fitness.eu\/wp-content\/uploads\/2024\/01\/Evolve-Crossfit-Sled-C2-683x1024.jpg\" alt=\"\" class=\"wp-image-10769\"\/><\/figure>\n<\/div>\n\n\n\n<div class=\"wp-block-column is-vertically-aligned-center is-layout-flow wp-block-column-is-layout-flow\">\n<h3 class=\"wp-block-heading\" style=\"margin-bottom:var(--wp--preset--spacing--h-3-bottom)\"><strong>Kompatibilit\u00e4t der Hantelscheiben<\/strong><\/h3>\n\n\n\n<p><strong><em>Verbesserte Widerstandsoptionen<\/em><\/strong><\/p>\n\n\n\n<p>Der Evolve CrossFit Sled ist so konstruiert, dass er sich nahtlos in handels\u00fcbliche Hantelscheiben integrieren l\u00e4sst und eine einfache M\u00f6glichkeit zur Anpassung der Trainingsintensit\u00e4t bietet. Diese Kompatibilit\u00e4t gew\u00e4hrleistet, dass die Athleten den Widerstand schrittweise erh\u00f6hen k\u00f6nnen, wenn sie st\u00e4rker werden, was den Schlitten zu einem anpassungsf\u00e4higen Werkzeug f\u00fcr eine kontinuierliche Fitnessentwicklung macht.<\/p>\n<\/div>\n<\/div>\n\n\n\n<div class=\"wp-block-columns alignwide is-layout-flex wp-container-core-columns-is-layout-c45ee707 wp-block-columns-is-layout-flex\" style=\"margin-bottom:var(--wp--preset--spacing--side-padding);padding-top:var(--wp--preset--spacing--side-padding)\">\n<div class=\"wp-block-column is-vertically-aligned-center is-layout-flow wp-block-column-is-layout-flow\">\n<h3 class=\"wp-block-heading\" style=\"margin-bottom:var(--wp--preset--spacing--h-3-bottom)\">Kompaktes und benutzerfreundliches Design<\/h3>\n\n\n\n<p><strong><em>Effizienz trifft Bequemlichkeit<\/em><\/strong><\/p>\n\n\n\n<p style=\"margin-bottom:var(--wp--preset--spacing--tb-section-padding)\">Trotz seiner robusten Funktionalit\u00e4t verf\u00fcgt der Schlitten \u00fcber ein kompaktes Design, das die Lagerung und den Transport erleichtert. Dieser benutzerfreundliche Aspekt sorgt daf\u00fcr, dass Ihr Trainingsaufbau effizient und anpassungsf\u00e4hig ist und sich nahtlos in jeden Raum einf\u00fcgt.<\/p>\n<\/div>\n\n\n\n<div class=\"wp-block-column is-vertically-aligned-center is-layout-flow wp-block-column-is-layout-flow\">\n<figure class=\"wp-block-image size-large\"><img decoding=\"async\" src=\"https:\/\/evolve-fitness.eu\/wp-content\/uploads\/2024\/01\/Evolve-Crossfit-Sled-C1-683x1024.jpg\" alt=\"\" class=\"wp-image-10767\"\/><\/figure>\n<\/div>\n<\/div>\n\n\n\n<div class=\"wp-block-columns alignwide is-layout-flex wp-container-core-columns-is-layout-c45ee707 wp-block-columns-is-layout-flex\" style=\"margin-bottom:var(--wp--preset--spacing--side-padding);padding-top:var(--wp--preset--spacing--side-padding)\">\n<div class=\"wp-block-column is-vertically-aligned-center is-layout-flow wp-block-column-is-layout-flow\">\n<figure class=\"wp-block-image size-large\"><img decoding=\"async\" src=\"https:\/\/evolve-fitness.eu\/wp-content\/uploads\/2024\/01\/Evolve-Crossfit-Sled-C4-1024x683.jpg\" alt=\"\" class=\"wp-image-10773\"\/><\/figure>\n<\/div>\n\n\n\n<div class=\"wp-block-column is-vertically-aligned-center is-layout-flow wp-block-column-is-layout-flow\">\n<h3 class=\"wp-block-heading\" style=\"margin-bottom:var(--wp--preset--spacing--h-3-bottom)\"><strong><strong><strong><strong>Unerreichte Langlebigkeit<\/strong><\/strong><\/strong><\/strong><\/h3>\n\n\n\n<p><strong><em><strong>Gebaut f\u00fcr die Ewigkeit<\/strong><\/em><\/strong><\/p>\n\n\n\n<p>Dieser Schlitten wurde aus hochwertigen Materialien gefertigt und ist auf Langlebigkeit ausgelegt. Es ist widerstandsf\u00e4hig gegen die Abnutzung durch intensiven t\u00e4glichen Gebrauch, so dass es \u00fcber Jahre hinweg ein fester Bestandteil Ihres Fitness-Arsenals bleibt.<\/p>\n<\/div>\n<\/div>\n<\/section>\n\n<section class=\"wp-block-group alignfull has-lightgray-background-color has-background is-layout-constrained wp-block-group-is-layout-constrained\">\n<div class=\"wp-block-columns alignwide is-layout-flex wp-container-core-columns-is-layout-2edb0647 wp-block-columns-is-layout-flex\" style=\"margin-top:0;margin-bottom:0\">\n<div class=\"wp-block-column is-layout-flow wp-block-column-is-layout-flow\" style=\"flex-basis:33.33%\"><\/div>\n\n\n\n<div class=\"wp-block-column is-layout-flow wp-block-column-is-layout-flow\" style=\"flex-basis:66.66%\"><\/div>\n<\/div>\n<\/section>\n","protected":false},"excerpt":{"rendered":"<p>Entfesseln Sie Spitzenleistung und Vielseitigkeit in Ihrem Training mit dem Evolve CrossFit Sled, SL-010, der f\u00fcr Athleten entwickelt wurde, die das Beste verlangen. Unser Schlitten ist auf Langlebigkeit und Anpassungsf\u00e4higkeit ausgelegt und eignet sich f\u00fcr jedes Trainingsszenario &#8211; drinnen, drau\u00dfen, auf Gras oder Asphalt. Der Evolve CrossFit Sled ist ein kompaktes Kraftpaket, das sich sowohl f\u00fcr Push- als auch f\u00fcr Pull-\u00dcbungen eignet und ein hochintensives Schnelligkeitstraining und Muskelaufbau erm\u00f6glicht. Es ist mit einer Vielzahl von Aufs\u00e4tzen kompatibel und l\u00e4sst sich an Ihre Trainingsbed\u00fcrfnisse anpassen. Ganz gleich, ob Sie sich auf einen Wettkampf vorbereiten oder Ihr Fitnessprogramm verbessern wollen, der Evolve CrossFit Sled ist Ihr ultimativer Trainingspartner, der Ihnen verspricht, Ihre Grenzen zu erweitern und Ihre Kraft wie nie zuvor zu verbessern.<\/p>\n","protected":false},"featured_media":135105,"template":"","meta":{"_acf_changed":false,"inline_featured_image":false},"product_cat":[118,121,122],"product_tag":[],"class_list":{"0":"post-135072","1":"product","2":"type-product","3":"status-publish","4":"has-post-thumbnail","6":"product_cat-hauptseite","7":"product_cat-ubergreifend-funktional","8":"product_cat-funktionelle-ausstattung","10":"first","11":"instock","12":"shipping-taxable","13":"purchasable","14":"product-type-simple"},"acf":[],"_links":{"self":[{"href":"https:\/\/store.evolve-fitness.eu\/de\/wp-json\/wp\/v2\/product\/135072","targetHints":{"allow":["GET"]}}],"collection":[{"href":"https:\/\/store.evolve-fitness.eu\/de\/wp-json\/wp\/v2\/product"}],"about":[{"href":"https:\/\/store.evolve-fitness.eu\/de\/wp-json\/wp\/v2\/types\/product"}],"wp:featuredmedia":[{"embeddable":true,"href":"https:\/\/store.evolve-fitness.eu\/de\/wp-json\/wp\/v2\/media\/135105"}],"wp:attachment":[{"href":"https:\/\/store.evolve-fitness.eu\/de\/wp-json\/wp\/v2\/media?parent=135072"}],"wp:term":[{"taxonomy":"product_cat","embeddable":true,"href":"https:\/\/store.evolve-fitness.eu\/de\/wp-json\/wp\/v2\/product_cat?post=135072"},{"taxonomy":"product_tag","embeddable":true,"href":"https:\/\/store.evolve-fitness.eu\/de\/wp-json\/wp\/v2\/product_tag?post=135072"}],"curies":[{"name":"wp","href":"https:\/\/api.w.org\/{rel}","templated":true}]}}