{"id":131579,"date":"2025-06-30T13:09:59","date_gmt":"2025-06-30T13:09:59","guid":{"rendered":"https:\/\/store.evolve-fitness.eu\/?post_type=product&#038;p=131579"},"modified":"2025-11-07T10:12:11","modified_gmt":"2025-11-07T10:12:11","slug":"evolve-urethan-body-pump-set-195-kg-6","status":"publish","type":"product","link":"https:\/\/store.evolve-fitness.eu\/de\/produkt\/evolve-urethan-body-pump-set-195-kg-6\/","title":{"rendered":"Evolve Ultra Series Stangensets mit CPU Urethan-Gewichtspl\u00e4ttchen"},"content":{"rendered":"\n<section class=\"wp-block-group alignfull black-content has-white-color has-darkgray-background-color has-text-color has-background is-layout-constrained wp-block-group-is-layout-constrained\" style=\"padding-top:var(--wp--preset--spacing--section-bottom);padding-bottom:var(--wp--preset--spacing--section-bottom)\">\n<section class=\"wp-block-group alignfull black-content has-white-color has-darkgray-background-color has-text-color has-background is-layout-constrained wp-block-group-is-layout-constrained\" style=\"padding-top:var(--wp--preset--spacing--section-bottom);padding-bottom:var(--wp--preset--spacing--section-bottom)\">\n<div class=\"wp-block-columns alignwide mobile-reverse is-layout-flex wp-container-core-columns-is-layout-ca64bf2d wp-block-columns-is-layout-flex\" style=\"margin-bottom:var(--wp--preset--spacing--side-padding)\">\n<div class=\"wp-block-column is-vertically-aligned-center is-layout-flow wp-block-column-is-layout-flow\">\n<h3 class=\"wp-block-heading\" style=\"margin-bottom:var(--wp--preset--spacing--h-3-bottom)\"><strong><strong>Evolve Krafttrainingsset &#8211; Prime Series Hantelstange mit Ultra Series CPU Urethan-Hantelscheiben<\/strong><\/strong><\/h3>\n\n\n\n<p style=\"margin-bottom:var(--wp--preset--spacing--tb-section-padding)\">Erweitern Sie Ihr Trainingsarsenal mit dem Evolve Strength Training Set, das die <strong>Evolve Prime Series Olympic Man Bar (220 cm \/ 20 kg)<\/strong>, die pr\u00e4zisionsgefertigten <strong>Evolve Ultra Series CPU Urethane Gewichtsscheiben (1,25-25 kg)<\/strong> und die sicheren Evolve Olympic Bar Collars kombiniert. Dieses Set wurde f\u00fcr Athleten und Fitness-Profis entwickelt, die bei jeder Hebung au\u00dfergew\u00f6hnliche Leistung, langfristige Haltbarkeit und professionelle Fitnessstudio-Standards verlangen. <\/p>\n<\/div>\n\n\n\n<div class=\"wp-block-column is-vertically-aligned-center is-layout-flow wp-block-column-is-layout-flow\">\n<figure class=\"wp-block-image size-large is-style-rounded\"><img decoding=\"async\" src=\"https:\/\/evolve-fitness.eu\/wp-content\/uploads\/2025\/06\/A7_02417-1024x683.jpg\" alt=\"\" class=\"wp-image-198606\"\/><\/figure>\n<\/div>\n<\/div>\n\n\n\n<div class=\"wp-block-columns alignwide is-layout-flex wp-container-core-columns-is-layout-c45ee707 wp-block-columns-is-layout-flex\" style=\"margin-bottom:var(--wp--preset--spacing--side-padding);padding-top:var(--wp--preset--spacing--side-padding)\">\n<div class=\"wp-block-column is-vertically-aligned-center is-layout-flow wp-block-column-is-layout-flow\">\n<figure class=\"wp-block-video\"><video height=\"2160\" style=\"aspect-ratio: 3840 \/ 2160;\" width=\"3840\" controls=\"\" src=\"https:\/\/store.evolve-fitness.eu\/wp-content\/uploads\/2025\/05\/EV-OB-CK-201-Evolve-Cerakote-Series-Olympic-Woman-201-cm-15-kg-1.mp4\"><\/video><\/figure>\n<\/div>\n\n\n\n<div class=\"wp-block-column is-vertically-aligned-center is-layout-flow wp-block-column-is-layout-flow\">\n<h3 class=\"wp-block-heading\" style=\"margin-bottom:var(--wp--preset--spacing--h-3-bottom)\"><strong>Elite Performance &#8211; Evolve Prime Series Olympische M\u00e4nnerstange<\/strong><\/h3>\n\n\n\n<p style=\"margin-bottom:var(--wp--preset--spacing--tb-section-padding)\">Die Evolve Prime Series Olympic Man Bar ist das Herzst\u00fcck dieses Sets. Mit einer L\u00e4nge von 220 cm und einem Gewicht von 20 kg ist sie f\u00fcr das Krafttraining mit hoher Belastung konzipiert. Die aus w\u00e4rmebehandeltem legiertem Stahl gefertigte Stange bietet ein perfektes Gleichgewicht aus Zugfestigkeit und Flexibilit\u00e4t. Pr\u00e4zisionsnadellager sorgen f\u00fcr eine reibungslose Rotation der H\u00fclse, ideal f\u00fcr olympische Hebungen und dynamische Hantelbewegungen. Die fein ger\u00e4ndelte Oberfl\u00e4che bietet einen sicheren, komfortablen Griff f\u00fcr alle Arten von Training &#8211; von Kniebeugen bis zum Cleansing.    <\/p>\n<\/div>\n<\/div>\n\n\n\n<div class=\"wp-block-columns alignwide mobile-reverse is-layout-flex wp-container-core-columns-is-layout-ca64bf2d wp-block-columns-is-layout-flex\" style=\"margin-bottom:var(--wp--preset--spacing--side-padding)\">\n<div class=\"wp-block-column is-vertically-aligned-center is-layout-flow wp-block-column-is-layout-flow\">\n<h3 class=\"wp-block-heading\" style=\"margin-bottom:var(--wp--preset--spacing--h-3-bottom)\"><strong>Sicher und zuverl\u00e4ssig &#8211; Olympic Bar Collars<\/strong><\/h3>\n\n\n\n<p style=\"margin-bottom:var(--wp--preset--spacing--tb-section-padding)\">Die mitgelieferten Evolve Olympic Bar Collars wurden f\u00fcr einen schnellen und sicheren Wechsel der Hantelscheiben entwickelt. Sie wurden entwickelt, um die Hantelscheiben bei hochintensiven Hebungen fest zu fixieren und sorgen f\u00fcr eine stabile und kontrollierte Hantelaufstellung. Ihr Schnellverschluss-Mechanismus erm\u00f6glicht ein m\u00fcheloses Anbringen und Entfernen, ohne die Sicherheit oder Stabilit\u00e4t zu beeintr\u00e4chtigen.  <\/p>\n<\/div>\n\n\n\n<div class=\"wp-block-column is-vertically-aligned-center is-layout-flow wp-block-column-is-layout-flow\">\n<figure class=\"wp-block-video\"><video height=\"1080\" style=\"aspect-ratio: 1920 \/ 1080;\" width=\"1920\" controls=\"\" src=\"https:\/\/store.evolve-fitness.eu\/wp-content\/uploads\/2025\/05\/EV-OC-CC-02-1.mp4\"><\/video><\/figure>\n<\/div>\n<\/div>\n\n\n\n<div class=\"wp-block-columns alignwide is-layout-flex wp-container-core-columns-is-layout-c45ee707 wp-block-columns-is-layout-flex\" style=\"margin-bottom:var(--wp--preset--spacing--side-padding);padding-top:var(--wp--preset--spacing--side-padding)\">\n<div class=\"wp-block-column is-vertically-aligned-center is-layout-flow wp-block-column-is-layout-flow\">\n<figure class=\"wp-block-image size-large is-style-rounded\"><img decoding=\"async\" src=\"https:\/\/evolve-fitness.eu\/wp-content\/uploads\/2025\/06\/A7_02441-1024x683.jpg\" alt=\"\" class=\"wp-image-198631\"\/><\/figure>\n<\/div>\n\n\n\n<div class=\"wp-block-column is-vertically-aligned-center is-layout-flow wp-block-column-is-layout-flow\">\n<h3 class=\"wp-block-heading\" style=\"margin-bottom:var(--wp--preset--spacing--h-3-bottom)\"><strong>Pr\u00e4zision und Langlebigkeit &#8211; Ultra Series CPU Urethane Hantelscheiben<\/strong><\/h3>\n\n\n\n<p>Dieses Set enth\u00e4lt die <strong>Evolve Ultra Series CPU Urethane Hantelscheiben<\/strong>, die eine unvergleichliche Widerstandsf\u00e4higkeit gegen Abnutzung, Verblassen und St\u00f6\u00dfe bieten. Diese aus hochwertigem CPU-Urethan gefertigten Hantelscheiben in den Gr\u00f6\u00dfen 1,25-25 kg sind pr\u00e4zise kalibriert und f\u00fcr eine intensive, langfristige Nutzung ausgelegt. Jede Platte verf\u00fcgt \u00fcber ergonomische Griffe zur leichteren Handhabung, eine abriebfeste Oberfl\u00e4che zum Schutz des Hallenbodens und lasergravierte Logos und Gewichtsangaben f\u00fcr dauerhafte Klarheit.  <\/p>\n<\/div>\n<\/div>\n\n\n\n<div class=\"wp-block-columns alignwide is-layout-flex wp-container-core-columns-is-layout-c45ee707 wp-block-columns-is-layout-flex\" style=\"margin-bottom:var(--wp--preset--spacing--side-padding);padding-top:var(--wp--preset--spacing--side-padding)\">\n<div class=\"wp-block-column is-vertically-aligned-center is-layout-flow wp-block-column-is-layout-flow\">\n<h3 class=\"wp-block-heading\" style=\"margin-bottom:var(--wp--preset--spacing--h-3-bottom)\"><strong>Trainieren wie ein Profi &#8211; Gebaut f\u00fcr Fortschritt und Leistung<\/strong><\/h3>\n\n\n\n<p>Dieses Krafttrainingsset ist ideal f\u00fcr Sportler, die ein professionelles Ger\u00e4t suchen, das fortschrittliche Technik mit einer klaren, modernen \u00c4sthetik verbindet. Ob Sie nun zu Hause trainieren oder eine kommerzielle Einrichtung ausstatten, dieses Set bietet das Vertrauen, die Sicherheit und die Effizienz, die Sie f\u00fcr ein ernsthaftes Krafttraining ben\u00f6tigen. <\/p>\n<\/div>\n\n\n\n<div class=\"wp-block-column is-vertically-aligned-center is-layout-flow wp-block-column-is-layout-flow\">\n<div class=\"wp-block-columns is-layout-flex wp-container-core-columns-is-layout-9d6595d7 wp-block-columns-is-layout-flex\">\n<div class=\"wp-block-column is-layout-flow wp-block-column-is-layout-flow\">\n<figure class=\"wp-block-image size-large is-style-rounded\"><img decoding=\"async\" src=\"https:\/\/evolve-fitness.eu\/wp-content\/uploads\/2025\/06\/A7_02443-1024x683.jpg\" alt=\"\" class=\"wp-image-198681\"\/><\/figure>\n<\/div>\n<\/div>\n<\/div>\n<\/div>\n<\/section>\n<\/section>\n","protected":false},"excerpt":{"rendered":"<p>Erweitern Sie Ihr Trainingsarsenal mit dem Evolve Strength Training Set, das die Evolve Prime Series Olympic Man Bar (220 cm \/ 20 kg), die pr\u00e4zisionsgefertigten Evolve Ultra Series CPU Urethane Gewichtsscheiben (1,25-25 kg) und die sicheren Evolve Olympic Bar Collars kombiniert. Dieses Set wurde f\u00fcr Athleten und Fitness-Profis entwickelt, die bei jedem Heben au\u00dfergew\u00f6hnliche Leistung, langfristige Haltbarkeit und professionelle Fitnessstudio-Standards verlangen.<\/p>\n","protected":false},"featured_media":129673,"template":"","meta":{"_acf_changed":false,"inline_featured_image":false},"product_cat":[123,2188],"product_tag":[],"class_list":{"0":"post-131579","1":"product","2":"type-product","3":"status-publish","4":"has-post-thumbnail","6":"product_cat-freie-gewichte","7":"product_cat-bar-sets-de","9":"first","10":"outofstock","11":"shipping-taxable","12":"purchasable","13":"product-type-variable"},"acf":[],"_links":{"self":[{"href":"https:\/\/store.evolve-fitness.eu\/de\/wp-json\/wp\/v2\/product\/131579","targetHints":{"allow":["GET"]}}],"collection":[{"href":"https:\/\/store.evolve-fitness.eu\/de\/wp-json\/wp\/v2\/product"}],"about":[{"href":"https:\/\/store.evolve-fitness.eu\/de\/wp-json\/wp\/v2\/types\/product"}],"wp:featuredmedia":[{"embeddable":true,"href":"https:\/\/store.evolve-fitness.eu\/de\/wp-json\/wp\/v2\/media\/129673"}],"wp:attachment":[{"href":"https:\/\/store.evolve-fitness.eu\/de\/wp-json\/wp\/v2\/media?parent=131579"}],"wp:term":[{"taxonomy":"product_cat","embeddable":true,"href":"https:\/\/store.evolve-fitness.eu\/de\/wp-json\/wp\/v2\/product_cat?post=131579"},{"taxonomy":"product_tag","embeddable":true,"href":"https:\/\/store.evolve-fitness.eu\/de\/wp-json\/wp\/v2\/product_tag?post=131579"}],"curies":[{"name":"wp","href":"https:\/\/api.w.org\/{rel}","templated":true}]}}