{"id":130766,"date":"2025-06-19T14:53:40","date_gmt":"2025-06-19T14:53:40","guid":{"rendered":"https:\/\/store.evolve-fitness.eu\/?post_type=product&#038;p=130766"},"modified":"2025-07-23T00:54:12","modified_gmt":"2025-07-23T00:54:12","slug":"evolve-urethan-body-pump-set-195-kg-5","status":"publish","type":"product","link":"https:\/\/store.evolve-fitness.eu\/de\/produkt\/evolve-urethan-body-pump-set-195-kg-5\/","title":{"rendered":"Evolve Cerakote Langhantelsets mit Sto\u00dfstangengewichten"},"content":{"rendered":"\n<section class=\"wp-block-group alignfull black-content has-white-color has-darkgray-background-color has-text-color has-background is-layout-constrained wp-block-group-is-layout-constrained\" style=\"padding-top:var(--wp--preset--spacing--section-bottom);padding-bottom:var(--wp--preset--spacing--section-bottom)\">\n<section class=\"wp-block-group alignfull black-content has-white-color has-darkgray-background-color has-text-color has-background is-layout-constrained wp-block-group-is-layout-constrained\" style=\"padding-top:var(--wp--preset--spacing--section-bottom);padding-bottom:var(--wp--preset--spacing--section-bottom)\">\n<div class=\"wp-block-columns alignwide mobile-reverse is-layout-flex wp-container-core-columns-is-layout-ca64bf2d wp-block-columns-is-layout-flex\" style=\"margin-bottom:var(--wp--preset--spacing--side-padding)\">\n<div class=\"wp-block-column is-vertically-aligned-center is-layout-flow wp-block-column-is-layout-flow\">\n<h3 class=\"wp-block-heading\" style=\"margin-bottom:var(--wp--preset--spacing--h-3-bottom)\"><strong><strong><strong>Komplettes olympisches Langhantelset mit Cerakote-Stange, Hi-Temp-Sto\u00dfstangen und Verriegelungsmanschetten<\/strong><\/strong><\/strong><\/h3>\n\n\n\n<p style=\"margin-bottom:var(--wp--preset--spacing--tb-section-padding)\">Verbessern Sie Ihr Krafttraining mit diesem hochwertigen olympischen Langhantelset, das Haltbarkeit, Leistung und Sicherheit vereint. Dieses Set enth\u00e4lt die <strong>Evolve Cerakote Series Olympic Man Bar (220 cm, 20 kg)<\/strong>, eine Auswahl an <strong>Evolve Hi-Temp X Bumper Plates (5-25 kg)<\/strong> und ein Paar <strong>sichere Olympic Bar Collars &#8211; ideal<\/strong>f\u00fcr funktionelle Trainingsbereiche und professionelle Hebeumgebungen. <\/p>\n<\/div>\n\n\n\n<div class=\"wp-block-column is-vertically-aligned-center is-layout-flow wp-block-column-is-layout-flow\">\n<figure class=\"wp-block-image size-large is-style-rounded\"><img decoding=\"async\" src=\"https:\/\/evolve-fitness.eu\/wp-content\/uploads\/2025\/06\/A7_02372-1024x683.jpg\" alt=\"\" class=\"wp-image-200370\"\/><\/figure>\n<\/div>\n<\/div>\n\n\n\n<div class=\"wp-block-columns alignwide is-layout-flex wp-container-core-columns-is-layout-c45ee707 wp-block-columns-is-layout-flex\" style=\"margin-bottom:var(--wp--preset--spacing--side-padding);padding-top:var(--wp--preset--spacing--side-padding)\">\n<div class=\"wp-block-column is-vertically-aligned-center is-layout-flow wp-block-column-is-layout-flow\">\n<figure class=\"wp-block-video\"><video height=\"2160\" style=\"aspect-ratio: 3840 \/ 2160;\" width=\"3840\" controls=\"\" src=\"https:\/\/store.evolve-fitness.eu\/wp-content\/uploads\/2025\/05\/EV-OB-CK-201-Evolve-Cerakote-Series-Olympic-Woman-201-cm-15-kg-1.mp4\"><\/video><\/figure>\n<\/div>\n\n\n\n<div class=\"wp-block-column is-vertically-aligned-center is-layout-flow wp-block-column-is-layout-flow\">\n<h3 class=\"wp-block-heading\" style=\"margin-bottom:var(--wp--preset--spacing--h-3-bottom)\"><strong><br\/><strong>Evolve Cerakote Serie Olympic Man Bar &#8211; 220 cm \/ 20 kg<\/strong><\/strong><\/h3>\n\n\n\n<p style=\"margin-bottom:var(--wp--preset--spacing--tb-section-padding)\">Entdecken Sie die ultimative St\u00e4rke und Haltbarkeit mit der Evolve Cerakote Olympic Bar, einer erstklassigen Wahl f\u00fcr professionelles Training und Heimsportler gleicherma\u00dfen. Mit einer beeindruckenden L\u00e4nge von 220 cm und einem Gewicht von 20 kg ist diese Langhantel f\u00fcr eine maximale Belastung von 1043 kg ausgelegt und damit ideal f\u00fcr schweres Heben. Ausgestattet mit 8 Nadellagern und 2 Kupferbuchsen sorgt er f\u00fcr eine reibungslose Rotation und Stabilit\u00e4t w\u00e4hrend des Gebrauchs. Der Buchsendurchmesser von \u00d850 mm eignet sich f\u00fcr Standardgewichte, w\u00e4hrend der Durchmesser von \u00d828 mm des inneren Teils der Stange den Halt und die Kontrolle verbessert.  <\/p>\n<\/div>\n<\/div>\n\n\n\n<div class=\"wp-block-columns alignwide mobile-reverse is-layout-flex wp-container-core-columns-is-layout-ca64bf2d wp-block-columns-is-layout-flex\" style=\"margin-bottom:var(--wp--preset--spacing--side-padding)\">\n<div class=\"wp-block-column is-vertically-aligned-center is-layout-flow wp-block-column-is-layout-flow\">\n<h3 class=\"wp-block-heading\" style=\"margin-bottom:var(--wp--preset--spacing--h-3-bottom)\"><strong>Sicher und zuverl\u00e4ssig &#8211; Olympic Bar Collars<\/strong><\/h3>\n\n\n\n<p style=\"margin-bottom:var(--wp--preset--spacing--tb-section-padding)\">Die mitgelieferten Evolve Olympic Bar Collars wurden f\u00fcr einen schnellen und sicheren Wechsel der Hantelscheiben entwickelt. Sie wurden entwickelt, um die Hantelscheiben bei hochintensiven Hebungen fest zu fixieren und sorgen f\u00fcr eine stabile und kontrollierte Hantelaufstellung. Ihr Schnellverschluss-Mechanismus erm\u00f6glicht ein m\u00fcheloses Anbringen und Entfernen, ohne die Sicherheit oder Stabilit\u00e4t zu beeintr\u00e4chtigen.  <\/p>\n<\/div>\n\n\n\n<div class=\"wp-block-column is-vertically-aligned-center is-layout-flow wp-block-column-is-layout-flow\">\n<figure class=\"wp-block-video\"><video height=\"1080\" style=\"aspect-ratio: 1920 \/ 1080;\" width=\"1920\" controls=\"\" src=\"https:\/\/store.evolve-fitness.eu\/wp-content\/uploads\/2025\/05\/EV-OC-CC-02-1.mp4\"><\/video><\/figure>\n<\/div>\n<\/div>\n\n\n\n<div class=\"wp-block-columns alignwide is-layout-flex wp-container-core-columns-is-layout-c45ee707 wp-block-columns-is-layout-flex\" style=\"margin-bottom:var(--wp--preset--spacing--side-padding);padding-top:var(--wp--preset--spacing--side-padding)\">\n<div class=\"wp-block-column is-vertically-aligned-center is-layout-flow wp-block-column-is-layout-flow\">\n<figure class=\"wp-block-image size-large is-style-rounded\"><img decoding=\"async\" src=\"https:\/\/evolve-fitness.eu\/wp-content\/uploads\/2025\/06\/A7_02389-1024x683.jpg\" alt=\"\" class=\"wp-image-200395\"\/><\/figure>\n<\/div>\n\n\n\n<div class=\"wp-block-column is-vertically-aligned-center is-layout-flow wp-block-column-is-layout-flow\">\n<h3 class=\"wp-block-heading\" style=\"margin-bottom:var(--wp--preset--spacing--h-3-bottom)\"><strong>Langlebige Hi-Temp-Sto\u00dff\u00e4ngerplatten<\/strong><\/h3>\n\n\n\n<p>Dieses Set enth\u00e4lt <strong>Evolve Hi-Temp X Bumper Plates<\/strong>, die in verschiedenen Konfigurationen erh\u00e4ltlich sind (Paare von 5, 10, 15, 20 und 25 kg). Diese Platten bestehen aus hochdichtem Gummi und wurden entwickelt, um den Aufprall zu d\u00e4mpfen. Sie sind ideal, um den L\u00e4rm zu reduzieren und den Boden in intensiven Trainingsumgebungen zu sch\u00fctzen. Das leicht federnde Material sorgt f\u00fcr eine sichere und gleichm\u00e4\u00dfige Leistung.  <\/p>\n<\/div>\n<\/div>\n\n\n\n<div class=\"wp-block-columns alignwide is-layout-flex wp-container-core-columns-is-layout-c45ee707 wp-block-columns-is-layout-flex\" style=\"margin-bottom:var(--wp--preset--spacing--side-padding);padding-top:var(--wp--preset--spacing--side-padding)\">\n<div class=\"wp-block-column is-vertically-aligned-center is-layout-flow wp-block-column-is-layout-flow\">\n<h3 class=\"wp-block-heading\" style=\"margin-bottom:var(--wp--preset--spacing--h-3-bottom)\"><strong>Anpassbare Gewichtsvariationen<\/strong><\/h3>\n\n\n\n<p>Dieses Langhantel-Set ist in verschiedenen Set-Konfigurationen erh\u00e4ltlich und kann auf Ihre Trainingsziele zugeschnitten werden &#8211; ganz gleich, ob Sie ein grundlegendes Fitnessstudio zu Hause aufbauen oder eine kommerzielle Einrichtung ausstatten m\u00f6chten. W\u00e4hlen Sie die Kombination von Sto\u00dfplatten, die Ihren Bed\u00fcrfnissen entspricht, mit Gesamtgewichten von <strong>90 kg bis 170+ kg<\/strong>. <\/p>\n<\/div>\n\n\n\n<div class=\"wp-block-column is-vertically-aligned-center is-layout-flow wp-block-column-is-layout-flow\">\n<div class=\"wp-block-columns is-layout-flex wp-container-core-columns-is-layout-9d6595d7 wp-block-columns-is-layout-flex\">\n<div class=\"wp-block-column is-layout-flow wp-block-column-is-layout-flow\">\n<figure class=\"wp-block-image size-large is-style-rounded\"><img decoding=\"async\" src=\"https:\/\/evolve-fitness.eu\/wp-content\/uploads\/2025\/06\/A7_02383-1024x683.jpg\" alt=\"\" class=\"wp-image-200445\"\/><\/figure>\n<\/div>\n<\/div>\n<\/div>\n<\/div>\n<\/section>\n<\/section>\n\n<p><\/p>\n","protected":false},"excerpt":{"rendered":"<p>Verbessern Sie Ihr Krafttraining mit diesem hochwertigen olympischen Langhantelset, das Haltbarkeit, Leistung und Sicherheit vereint. Dieses Set enth\u00e4lt die Evolve Cerakote Series Olympic Man Bar (220 cm, 20 kg), eine Auswahl an Evolve Hi-Temp X Bumper Plates (5-25 kg) und ein Paar sichere Olympic Bar Collars &#8211; ideal f\u00fcr funktionelle Trainingsbereiche und professionelle Hebeumgebungen. <\/p>\n","protected":false},"featured_media":131399,"template":"","meta":{"_acf_changed":false,"inline_featured_image":false},"product_cat":[123,2188],"product_tag":[],"class_list":{"0":"post-130766","1":"product","2":"type-product","3":"status-publish","4":"has-post-thumbnail","6":"product_cat-freie-gewichte","7":"product_cat-bar-sets-de","9":"first","10":"outofstock","11":"shipping-taxable","12":"purchasable","13":"product-type-variable"},"acf":[],"_links":{"self":[{"href":"https:\/\/store.evolve-fitness.eu\/de\/wp-json\/wp\/v2\/product\/130766","targetHints":{"allow":["GET"]}}],"collection":[{"href":"https:\/\/store.evolve-fitness.eu\/de\/wp-json\/wp\/v2\/product"}],"about":[{"href":"https:\/\/store.evolve-fitness.eu\/de\/wp-json\/wp\/v2\/types\/product"}],"wp:featuredmedia":[{"embeddable":true,"href":"https:\/\/store.evolve-fitness.eu\/de\/wp-json\/wp\/v2\/media\/131399"}],"wp:attachment":[{"href":"https:\/\/store.evolve-fitness.eu\/de\/wp-json\/wp\/v2\/media?parent=130766"}],"wp:term":[{"taxonomy":"product_cat","embeddable":true,"href":"https:\/\/store.evolve-fitness.eu\/de\/wp-json\/wp\/v2\/product_cat?post=130766"},{"taxonomy":"product_tag","embeddable":true,"href":"https:\/\/store.evolve-fitness.eu\/de\/wp-json\/wp\/v2\/product_tag?post=130766"}],"curies":[{"name":"wp","href":"https:\/\/api.w.org\/{rel}","templated":true}]}}