{"id":129394,"date":"2025-05-13T13:09:48","date_gmt":"2025-05-13T13:09:48","guid":{"rendered":"https:\/\/store.evolve-fitness.eu\/?post_type=product&#038;p=129394"},"modified":"2025-07-23T01:02:09","modified_gmt":"2025-07-23T01:02:09","slug":"evolve-urethan-body-pump-set-195-kg-4","status":"publish","type":"product","link":"https:\/\/store.evolve-fitness.eu\/de\/produkt\/evolve-urethan-body-pump-set-195-kg-4\/","title":{"rendered":"Evolve Econ Series Bar Set mit TPU Urethane Gewichtsplatten"},"content":{"rendered":"\n<section class=\"wp-block-group alignfull black-content has-white-color has-darkgray-background-color has-text-color has-background is-layout-constrained wp-block-group-is-layout-constrained\" style=\"padding-top:var(--wp--preset--spacing--section-bottom);padding-bottom:var(--wp--preset--spacing--section-bottom)\">\n<section class=\"wp-block-group alignfull black-content has-white-color has-darkgray-background-color has-text-color has-background is-layout-constrained wp-block-group-is-layout-constrained\" style=\"padding-top:var(--wp--preset--spacing--section-bottom);padding-bottom:var(--wp--preset--spacing--section-bottom)\">\n<div class=\"wp-block-columns alignwide mobile-reverse is-layout-flex wp-container-core-columns-is-layout-ca64bf2d wp-block-columns-is-layout-flex\" style=\"margin-bottom:var(--wp--preset--spacing--side-padding)\">\n<div class=\"wp-block-column is-vertically-aligned-center is-layout-flow wp-block-column-is-layout-flow\">\n<h3 class=\"wp-block-heading\" style=\"margin-bottom:var(--wp--preset--spacing--h-3-bottom)\">Evolve Econ Series Hantelset mit TPU Urethan-Gewichtsplatten &#8211; Pr\u00e4zision und Haltbarkeit f\u00fcr Ihr Krafttraining<\/h3>\n\n\n\n<p style=\"margin-bottom:var(--wp--preset--spacing--tb-section-padding)\">Das <strong>Evolve Econ Series Hantelset mit TPU Urethane Hantelscheiben<\/strong> wurde f\u00fcr Sportler entwickelt, die eine langlebige, hochwertige Ausr\u00fcstung f\u00fcr ihr Fitnessstudio suchen. Dieses umfassende Set enth\u00e4lt die zuverl\u00e4ssige <strong>Evolve Econ Series Olympic Bar (220 cm \/ 20 kg)<\/strong>, sichere <strong>Evolve Olympic Bar Collars<\/strong> und belastbare <strong>TPU Urethane Hantelscheiben (1,25-25 kg)<\/strong>. Dieses Set ist ideal f\u00fcr Krafttrainingsbegeisterte und bietet die perfekte Balance zwischen Leistung, Sicherheit und Vielseitigkeit.  <\/p>\n<\/div>\n\n\n\n<div class=\"wp-block-column is-vertically-aligned-center is-layout-flow wp-block-column-is-layout-flow\">\n<figure class=\"wp-block-image size-large is-style-rounded\"><img decoding=\"async\" src=\"https:\/\/evolve-fitness.eu\/wp-content\/uploads\/2025\/05\/EV-WP-TP-1-1024x683.jpg\" alt=\"\" class=\"wp-image-197977\"\/><\/figure>\n<\/div>\n<\/div>\n\n\n\n<div class=\"wp-block-columns alignwide is-layout-flex wp-container-core-columns-is-layout-c45ee707 wp-block-columns-is-layout-flex\" style=\"margin-bottom:var(--wp--preset--spacing--side-padding);padding-top:var(--wp--preset--spacing--side-padding)\">\n<div class=\"wp-block-column is-vertically-aligned-center is-layout-flow wp-block-column-is-layout-flow\">\n<figure class=\"wp-block-video\"><video height=\"2160\" style=\"aspect-ratio: 3840 \/ 2160;\" width=\"3840\" controls=\"\" src=\"https:\/\/store.evolve-fitness.eu\/wp-content\/uploads\/2025\/05\/EV-OB-CK-201-Evolve-Cerakote-Series-Olympic-Woman-201-cm-15-kg-1.mp4\"><\/video><\/figure>\n<\/div>\n\n\n\n<div class=\"wp-block-column is-vertically-aligned-center is-layout-flow wp-block-column-is-layout-flow\">\n<h3 class=\"wp-block-heading\" style=\"margin-bottom:var(--wp--preset--spacing--h-3-bottom)\">Robust und zuverl\u00e4ssig &#8211; Econ Series Olympic Bar<\/h3>\n\n\n\n<p style=\"margin-bottom:var(--wp--preset--spacing--tb-section-padding)\">Das Herzst\u00fcck dieses Sets ist die <strong>Evolve Econ Series Olympic Bar<\/strong>, die 220 cm lang und 20 kg schwer ist. Sie ist aus robustem Stahl gefertigt und gew\u00e4hrleistet au\u00dfergew\u00f6hnliche Haltbarkeit und Stabilit\u00e4t w\u00e4hrend des Trainings. Die mitteltiefe R\u00e4ndelung bietet einen sicheren und bequemen Griff und eignet sich f\u00fcr verschiedene Hebetechniken. Diese Hantelstange ist so konzipiert, dass sie einem harten Training standh\u00e4lt und ihre Form und Funktion auch bei hoher Belastung beibeh\u00e4lt.   <\/p>\n<\/div>\n<\/div>\n\n\n\n<div class=\"wp-block-columns alignwide mobile-reverse is-layout-flex wp-container-core-columns-is-layout-ca64bf2d wp-block-columns-is-layout-flex\" style=\"margin-bottom:var(--wp--preset--spacing--side-padding)\">\n<div class=\"wp-block-column is-vertically-aligned-center is-layout-flow wp-block-column-is-layout-flow\">\n<h3 class=\"wp-block-heading\" style=\"margin-bottom:var(--wp--preset--spacing--h-3-bottom)\">Sicher und gesch\u00fctzt &#8211; Olympic Bar Collars<\/h3>\n\n\n\n<p style=\"margin-bottom:var(--wp--preset--spacing--tb-section-padding)\">Das Set enth\u00e4lt <strong>Evolve Olympic Bar Collars<\/strong>, die f\u00fcr die Sicherheit bei Ihren Hebesitzungen sorgen. Diese Manschetten sorgen f\u00fcr eine zuverl\u00e4ssige Arretierung, die jede Bewegung der Hantelscheiben w\u00e4hrend intensiver Trainingseinheiten verhindert. Sie lassen sich leicht anbringen und l\u00f6sen und sind unerl\u00e4sslich, um das Gleichgewicht und die Sicherheit Ihrer Hantelstange zu gew\u00e4hrleisten.  <\/p>\n<\/div>\n\n\n\n<div class=\"wp-block-column is-vertically-aligned-center is-layout-flow wp-block-column-is-layout-flow\">\n<figure class=\"wp-block-video\"><video height=\"1080\" style=\"aspect-ratio: 1920 \/ 1080;\" width=\"1920\" controls=\"\" src=\"https:\/\/store.evolve-fitness.eu\/wp-content\/uploads\/2025\/05\/EV-OC-CC-02-1.mp4\"><\/video><\/figure>\n<\/div>\n<\/div>\n\n\n\n<div class=\"wp-block-columns alignwide is-layout-flex wp-container-core-columns-is-layout-c45ee707 wp-block-columns-is-layout-flex\" style=\"margin-bottom:var(--wp--preset--spacing--side-padding);padding-top:var(--wp--preset--spacing--side-padding)\">\n<div class=\"wp-block-column is-vertically-aligned-center is-layout-flow wp-block-column-is-layout-flow\">\n<figure class=\"wp-block-image size-large is-style-rounded\"><img decoding=\"async\" src=\"https:\/\/evolve-fitness.eu\/wp-content\/uploads\/2025\/05\/EV-WP-TP-5-1024x683.jpg\" alt=\"\" class=\"wp-image-197952\"\/><\/figure>\n<\/div>\n\n\n\n<div class=\"wp-block-column is-vertically-aligned-center is-layout-flow wp-block-column-is-layout-flow\">\n<h3 class=\"wp-block-heading\" style=\"margin-bottom:var(--wp--preset--spacing--h-3-bottom)\">Langlebig und elegant &#8211; TPU Urethan Gewichtsplatten<\/h3>\n\n\n\n<p>Die in diesem Set enthaltenen <strong>TPU-Urethan-Hantelscheiben<\/strong> sind so konzipiert, dass sie Haltbarkeit und \u00c4sthetik vereinen. Diese Hantelscheiben sind mit Gewichten von 1,25 bis 25 kg erh\u00e4ltlich und bestehen aus hochwertigem Urethan, das besonders verschlei\u00dffest ist. Ihre abriebfeste Oberfl\u00e4che sch\u00fctzt den Boden Ihres Fitnessstudios, w\u00e4hrend die glatte Oberfl\u00e4che den professionellen Look Ihres Heimtrainingsstudios unterstreicht. Das ergonomische Design sorgt f\u00fcr eine einfache Handhabung und schnelle Gewichtsanpassung.   <\/p>\n<\/div>\n<\/div>\n\n\n\n<div class=\"wp-block-columns alignwide is-layout-flex wp-container-core-columns-is-layout-c45ee707 wp-block-columns-is-layout-flex\" style=\"margin-bottom:var(--wp--preset--spacing--side-padding);padding-top:var(--wp--preset--spacing--side-padding)\">\n<div class=\"wp-block-column is-vertically-aligned-center is-layout-flow wp-block-column-is-layout-flow\">\n<h3 class=\"wp-block-heading\" style=\"margin-bottom:var(--wp--preset--spacing--h-3-bottom)\">Trainieren Sie mit Selbstvertrauen und Stil<\/h3>\n\n\n\n<p>as <strong>Evolve Econ Series Bar Set mit TPU-Urethan-Hantelscheiben<\/strong> ist eine ausgezeichnete Wahl f\u00fcr alle, die bei ihren Krafttrainingsger\u00e4ten Wert auf Pr\u00e4zision, Sicherheit und Haltbarkeit legen. Ob Sie nun Kniebeugen, Bankdr\u00fccken oder Kreuzheben durchf\u00fchren, dieses Set garantiert eine gleichbleibende Leistung und ein professionelles Heberlebnis. <\/p>\n<\/div>\n\n\n\n<div class=\"wp-block-column is-vertically-aligned-center is-layout-flow wp-block-column-is-layout-flow\">\n<div class=\"wp-block-columns is-layout-flex wp-container-core-columns-is-layout-9d6595d7 wp-block-columns-is-layout-flex\">\n<div class=\"wp-block-column is-layout-flow wp-block-column-is-layout-flow\">\n<figure class=\"wp-block-image size-large is-style-rounded\"><img decoding=\"async\" src=\"https:\/\/evolve-fitness.eu\/wp-content\/uploads\/2025\/05\/EV-WP-TP-9-1024x683.jpg\" alt=\"\" class=\"wp-image-197927\"\/><\/figure>\n<\/div>\n<\/div>\n<\/div>\n<\/div>\n<\/section>\n<\/section>\n","protected":false},"excerpt":{"rendered":"<p>Das Evolve Econ Series Bar Set mit TPU Urethane Weight Plates wurde f\u00fcr Athleten entwickelt, die eine langlebige, qualitativ hochwertige Fitnessausr\u00fcstung suchen. Dieses umfassende Set enth\u00e4lt die zuverl\u00e4ssige Evolve Econ Series Olympic Bar (220 cm \/ 20 kg), sichere Evolve Olympic Bar Collars und belastbare TPU Urethane Hantelscheiben (1,25-25 kg). Dieses Set ist ideal f\u00fcr Liebhaber des Krafttrainings und bietet die perfekte Balance zwischen Leistung, Sicherheit und Vielseitigkeit.<\/p>\n","protected":false},"featured_media":129673,"template":"","meta":{"_acf_changed":false,"inline_featured_image":false},"product_cat":[123,2188],"product_tag":[],"class_list":{"0":"post-129394","1":"product","2":"type-product","3":"status-publish","4":"has-post-thumbnail","6":"product_cat-freie-gewichte","7":"product_cat-bar-sets-de","9":"first","10":"outofstock","11":"shipping-taxable","12":"purchasable","13":"product-type-variable"},"acf":[],"_links":{"self":[{"href":"https:\/\/store.evolve-fitness.eu\/de\/wp-json\/wp\/v2\/product\/129394","targetHints":{"allow":["GET"]}}],"collection":[{"href":"https:\/\/store.evolve-fitness.eu\/de\/wp-json\/wp\/v2\/product"}],"about":[{"href":"https:\/\/store.evolve-fitness.eu\/de\/wp-json\/wp\/v2\/types\/product"}],"wp:featuredmedia":[{"embeddable":true,"href":"https:\/\/store.evolve-fitness.eu\/de\/wp-json\/wp\/v2\/media\/129673"}],"wp:attachment":[{"href":"https:\/\/store.evolve-fitness.eu\/de\/wp-json\/wp\/v2\/media?parent=129394"}],"wp:term":[{"taxonomy":"product_cat","embeddable":true,"href":"https:\/\/store.evolve-fitness.eu\/de\/wp-json\/wp\/v2\/product_cat?post=129394"},{"taxonomy":"product_tag","embeddable":true,"href":"https:\/\/store.evolve-fitness.eu\/de\/wp-json\/wp\/v2\/product_tag?post=129394"}],"curies":[{"name":"wp","href":"https:\/\/api.w.org\/{rel}","templated":true}]}}