{"id":125372,"date":"2025-04-14T07:30:34","date_gmt":"2025-04-14T07:30:34","guid":{"rendered":"https:\/\/store.evolve-fitness.eu\/?post_type=product&#038;p=125372"},"modified":"2025-04-14T07:38:37","modified_gmt":"2025-04-14T07:38:37","slug":"evolve-tpu-10-paare-hex-hanteln-set-2-x-125-35-kg","status":"publish","type":"product","link":"https:\/\/store.evolve-fitness.eu\/de\/produkt\/evolve-tpu-10-paare-hex-hanteln-set-2-x-125-35-kg\/","title":{"rendered":"Evolve TPU 10 Paare Hex-Hanteln Set 2 x 12,5 &#8211; 35 kg"},"content":{"rendered":"\n<section class=\"wp-block-group alignfull black-content has-white-color has-darkgray-background-color has-text-color has-background is-layout-constrained wp-block-group-is-layout-constrained\" style=\"padding-top:var(--wp--preset--spacing--section-bottom);padding-bottom:var(--wp--preset--spacing--section-bottom)\">\n<div class=\"wp-block-columns alignwide is-layout-flex wp-container-core-columns-is-layout-c45ee707 wp-block-columns-is-layout-flex\" style=\"margin-bottom:var(--wp--preset--spacing--side-padding);padding-top:var(--wp--preset--spacing--side-padding)\">\n<div class=\"wp-block-column is-vertically-aligned-center is-layout-flow wp-block-column-is-layout-flow\">\n<div class=\"wp-block-columns is-layout-flex wp-container-core-columns-is-layout-9d6595d7 wp-block-columns-is-layout-flex\">\n<div class=\"wp-block-column is-layout-flow wp-block-column-is-layout-flow\">\n<figure class=\"wp-block-image size-full is-style-rounded\"><img decoding=\"async\" src=\"https:\/\/evolve-fitness.eu\/wp-content\/uploads\/2023\/11\/Evolve-hex-dumbbells-5.png\" alt=\"\" class=\"wp-image-5356\"\/><\/figure>\n<\/div>\n<\/div>\n<\/div>\n\n\n\n<div class=\"wp-block-column is-vertically-aligned-center is-layout-flow wp-block-column-is-layout-flow\">\n<h3 class=\"wp-block-heading\"><strong>Funktionelles Design f\u00fcr jedes Workout<\/strong><\/h3>\n\n\n\n<p><strong><em><strong><em>\u00dcberwinde deine Grenzen<\/em><\/strong><\/em><\/strong><\/p>\n\n\n\n<p>Unsere Hanteln wurden mit Blick auf ihre Zweckm\u00e4\u00dfigkeit entwickelt und verf\u00fcgen \u00fcber gummiummantelte K\u00f6pfe, um die Haltbarkeit zu erh\u00f6hen, Ihren Platz zu sch\u00fctzen und die Ger\u00e4uschentwicklung zu reduzieren. Die innovative Sechseckform verhindert ein Wegrollen und erleichtert eine Vielzahl von \u00dcbungen f\u00fcr diejenigen, die funktionelle oder Crossfit-Routinen m\u00f6gen. Die deutlich gepr\u00e4gten und lasergeschnittenen Gewichtsnummern machen die Auswahl einfach und sorgen f\u00fcr einen nahtlosen \u00dcbergang zwischen den Gewichten.<\/p>\n<\/div>\n<\/div>\n\n\n\n<div class=\"wp-block-columns alignwide is-layout-flex wp-container-core-columns-is-layout-c45ee707 wp-block-columns-is-layout-flex\" style=\"margin-bottom:var(--wp--preset--spacing--side-padding);padding-top:var(--wp--preset--spacing--side-padding)\">\n<div class=\"wp-block-column is-vertically-aligned-center is-layout-flow wp-block-column-is-layout-flow\">\n<h3 class=\"wp-block-heading\"><strong>Ergonomische Exzellenz<\/strong><\/h3>\n\n\n\n<p><strong><em><strong><em>Ultimative Leistung<\/em><\/strong><\/em><\/strong><\/p>\n\n\n\n<p style=\"margin-bottom:var(--wp--preset--spacing--tb-section-padding)\">Erleben Sie den Komfort unserer ergonomisch geformten Kurzhanteln. Jeder Griff ist sorgf\u00e4ltig gebogen und mit einer Hartchrombeschichtung versehen, die nicht nur einen eleganten, modernen Touch verleiht, sondern auch vor Rost sch\u00fctzt. Das R\u00e4ndelmuster sorgt f\u00fcr einen festen Griff, so dass der Benutzer mit Vertrauen und Sicherheit trainieren kann.<\/p>\n<\/div>\n\n\n\n<div class=\"wp-block-column is-vertically-aligned-center is-layout-flow wp-block-column-is-layout-flow\">\n<div class=\"wp-block-columns is-layout-flex wp-container-core-columns-is-layout-9d6595d7 wp-block-columns-is-layout-flex\">\n<div class=\"wp-block-column is-layout-flow wp-block-column-is-layout-flow\">\n<figure class=\"wp-block-image size-full is-resized is-style-rounded\"><img decoding=\"async\" src=\"https:\/\/evolve-fitness.eu\/wp-content\/uploads\/2023\/12\/A7_05929.jpg\" alt=\"\" class=\"wp-image-7933\" style=\"object-fit:cover;width:680px;height:600px\"\/><\/figure>\n<\/div>\n<\/div>\n<\/div>\n<\/div>\n\n\n\n<div class=\"wp-block-columns alignwide is-layout-flex wp-container-core-columns-is-layout-c45ee707 wp-block-columns-is-layout-flex\" style=\"margin-bottom:var(--wp--preset--spacing--side-padding);padding-top:var(--wp--preset--spacing--side-padding)\">\n<div class=\"wp-block-column is-vertically-aligned-center is-layout-flow wp-block-column-is-layout-flow\">\n<figure class=\"wp-block-image size-full is-resized is-style-rounded\"><img decoding=\"async\" src=\"https:\/\/evolve-fitness.eu\/wp-content\/uploads\/2023\/11\/Evolve-hex-dumbbells.png\" alt=\"\" class=\"wp-image-5346\" style=\"object-fit:cover;width:680px;height:600px\"\/><\/figure>\n<\/div>\n\n\n\n<div class=\"wp-block-column is-vertically-aligned-center is-layout-constrained wp-block-column-is-layout-constrained\">\n<h3 class=\"wp-block-heading\"><strong>Individualisierung zur Aufwertung Ihrer Marke<\/strong><\/h3>\n\n\n\n<p><strong><em><strong><em>Evolve Custom Fit Kurzhanteln<\/em><\/strong><\/em><\/strong><\/p>\n\n\n\n<p>Steigern Sie die Attraktivit\u00e4t Ihrer Einrichtung mit den Evolve Hexagon-Hanteln. Wir bieten nicht nur erstklassige Trainingsger\u00e4te, sondern auch Dienstleistungen zur Anpassung an die \u00c4sthetik Ihrer Marke. Integrieren Sie Ihre Markenfarben und Ihr Logo nahtlos in unser Laserschneide- und Urethan-Infusionsverfahren. Mit Evolve sind Ihre Fitnessger\u00e4te nicht nur ein Hilfsmittel f\u00fcr das Training, sondern auch ein Ausdruck Ihres Engagements f\u00fcr Qualit\u00e4t und Stil.<\/p>\n<\/div>\n<\/div>\n\n\n\n<div class=\"wp-block-columns alignwide is-layout-flex wp-container-core-columns-is-layout-c45ee707 wp-block-columns-is-layout-flex\" style=\"margin-bottom:var(--wp--preset--spacing--side-padding);padding-top:var(--wp--preset--spacing--side-padding)\">\n<div class=\"wp-block-column is-vertically-aligned-center is-layout-flow wp-block-column-is-layout-flow\">\n<h3 class=\"wp-block-heading\"><strong>Breites Spektrum an Gewichten<\/strong><\/h3>\n\n\n\n<p><strong><em><strong><em>\u00dcberwinde deine Grenzen<\/em><\/strong><\/em><\/strong><\/p>\n\n\n\n<p>Unser breit gef\u00e4chertes Gewichtssortiment, das von 1 kg bis 60 kg reicht, deckt alle Kraft- und Trainingsniveaus ab. Die paarweise oder im Set erh\u00e4ltlichen Evolve Hexagon-Hanteln eignen sich f\u00fcr das gesamte Spektrum der Benutzer, von Anf\u00e4ngern, die ihre Fitnessreise beginnen, bis hin zu erfahrenen Athleten, die an ihre Grenzen gehen wollen.<\/p>\n<\/div>\n\n\n\n<div class=\"wp-block-column is-vertically-aligned-center is-layout-flow wp-block-column-is-layout-flow\">\n<div class=\"wp-block-columns is-layout-flex wp-container-core-columns-is-layout-9d6595d7 wp-block-columns-is-layout-flex\">\n<div class=\"wp-block-column is-layout-flow wp-block-column-is-layout-flow\">\n<figure class=\"wp-block-image size-full is-style-rounded\"><img decoding=\"async\" src=\"https:\/\/evolve-fitness.eu\/wp-content\/uploads\/2023\/11\/Evolve-hex-dumbbells-4-1.png\" alt=\"\" class=\"wp-image-5354\"\/><\/figure>\n<\/div>\n<\/div>\n<\/div>\n<\/div>\n\n\n\n<div class=\"wp-block-columns alignwide is-layout-flex wp-container-core-columns-is-layout-c45ee707 wp-block-columns-is-layout-flex\" style=\"margin-bottom:var(--wp--preset--spacing--side-padding);padding-top:var(--wp--preset--spacing--side-padding)\">\n<div class=\"wp-block-column is-vertically-aligned-center is-layout-flow wp-block-column-is-layout-flow\">\n<div class=\"wp-block-columns is-layout-flex wp-container-core-columns-is-layout-9d6595d7 wp-block-columns-is-layout-flex\">\n<div class=\"wp-block-column is-layout-flow wp-block-column-is-layout-flow\">\n<figure class=\"wp-block-video\"><video autoplay=\"\" controls=\"\" loop=\"\" muted=\"\" src=\"https:\/\/evolve-fitness.eu\/wp-content\/uploads\/2023\/11\/1.mp4\"><\/video><\/figure>\n<\/div>\n<\/div>\n<\/div>\n\n\n\n<div class=\"wp-block-column is-vertically-aligned-center is-layout-flow wp-block-column-is-layout-flow\">\n<h3 class=\"wp-block-heading\"><strong>Technische Eleganz<\/strong><\/h3>\n\n\n\n<p><strong><em><strong>Dauerhafte Leistung<\/strong><\/em><\/strong><\/p>\n\n\n\n<p>Die Evolve Hexagon-Hanteln sind ein Musterbeispiel f\u00fcr technische Raffinesse und \u00e4sthetisches Design, von den gummiummantelten K\u00f6pfen bis zum konturierten, verchromten Griff. Die sechseckige Form sorgt f\u00fcr Ausgewogenheit, w\u00e4hrend die lasergeschnittenen Details unser Engagement f\u00fcr Spitzenleistungen widerspiegeln. Entwickeln Sie sich mit uns weiter und machen Sie den ersten Schritt zu einer \u00fcberragenden Ausbildungserfahrung.<\/p>\n<\/div>\n<\/div>\n<\/section>\n","protected":false},"excerpt":{"rendered":"<p>Die sechseckigen Gummihanteln von Evolve bestehen aus einer haltbaren Gummibeschichtung, die die Metalllegierung vor Besch\u00e4digung und Korrosion sch\u00fctzt. Der verchromte, ger\u00e4ndelte Griff, die gepr\u00e4gte Gewichtsanzeige, das lasergeschnittene und in Urethan eingegossene Logo und die Gewichtsanzeige sorgen f\u00fcr Funktionalit\u00e4t. Das Set enth\u00e4lt 10 Paar Kurzhanteln: 12,5 kg \/ 15 kg \/ 17,5 kg \/ 20 kg \/ 22,5 kg \/ 25 kg \/ 27,5 kg \/ 30 kg \/ 32,5 kg \/ 35 kg. Gesamtgewicht &#8211; 475 kg.  <\/p>\n","protected":false},"featured_media":94845,"template":"","meta":{"_acf_changed":false,"inline_featured_image":false},"product_cat":[2407,123,124],"product_tag":[],"class_list":{"0":"post-125372","1":"product","2":"type-product","3":"status-publish","4":"has-post-thumbnail","6":"product_cat-hyrox-getriebe","7":"product_cat-freie-gewichte","8":"product_cat-kurzhanteln","10":"first","11":"instock","12":"shipping-taxable","13":"purchasable","14":"product-type-simple"},"acf":[],"_links":{"self":[{"href":"https:\/\/store.evolve-fitness.eu\/de\/wp-json\/wp\/v2\/product\/125372","targetHints":{"allow":["GET"]}}],"collection":[{"href":"https:\/\/store.evolve-fitness.eu\/de\/wp-json\/wp\/v2\/product"}],"about":[{"href":"https:\/\/store.evolve-fitness.eu\/de\/wp-json\/wp\/v2\/types\/product"}],"wp:featuredmedia":[{"embeddable":true,"href":"https:\/\/store.evolve-fitness.eu\/de\/wp-json\/wp\/v2\/media\/94845"}],"wp:attachment":[{"href":"https:\/\/store.evolve-fitness.eu\/de\/wp-json\/wp\/v2\/media?parent=125372"}],"wp:term":[{"taxonomy":"product_cat","embeddable":true,"href":"https:\/\/store.evolve-fitness.eu\/de\/wp-json\/wp\/v2\/product_cat?post=125372"},{"taxonomy":"product_tag","embeddable":true,"href":"https:\/\/store.evolve-fitness.eu\/de\/wp-json\/wp\/v2\/product_tag?post=125372"}],"curies":[{"name":"wp","href":"https:\/\/api.w.org\/{rel}","templated":true}]}}