{"id":123094,"date":"2025-03-27T12:23:20","date_gmt":"2025-03-27T12:23:20","guid":{"rendered":"https:\/\/store.evolve-fitness.eu\/?post_type=product&#038;p=123094"},"modified":"2025-12-30T12:00:26","modified_gmt":"2025-12-30T12:00:26","slug":"evolve-gym-griffe-rack-griffe-ziehen","status":"publish","type":"product","link":"https:\/\/store.evolve-fitness.eu\/de\/produkt\/evolve-gym-griffe-rack-griffe-ziehen\/","title":{"rendered":"Evolve Gym Griffe Rack + Griffe ziehen"},"content":{"rendered":"\n<section class=\"wp-block-group alignfull black-content has-white-color has-darkgray-background-color has-text-color has-background is-layout-constrained wp-block-group-is-layout-constrained\" style=\"padding-top:var(--wp--preset--spacing--section-bottom);padding-bottom:var(--wp--preset--spacing--section-bottom)\">\n<div class=\"wp-block-columns alignwide mobile-reverse is-layout-flex wp-container-core-columns-is-layout-ca64bf2d wp-block-columns-is-layout-flex\" style=\"margin-bottom:var(--wp--preset--spacing--side-padding)\">\n<div class=\"wp-block-column is-vertically-aligned-center is-layout-flow wp-block-column-is-layout-flow\">\n<h3 class=\"wp-block-heading\" style=\"margin-bottom:var(--wp--preset--spacing--h-3-bottom)\">Organisieren Sie mit Leichtigkeit, trainieren Sie mit Zuversicht<\/h3>\n\n\n\n<p><strong><em><strong>Kompaktes Rack trifft auf ultimativen Komfort<\/strong><\/em><\/strong><\/p>\n\n\n\n<p>Das Evolve Neopren-Ziehgriff-Set sorgt nicht nur f\u00fcr einen sauberen und organisierten Trainingsbereich, sondern steigert auch Ihr Trainingserlebnis durch hochwertige, ergonomische Neoprengriffe. Die Griffe sind so konzipiert, dass sie Ihre Oberk\u00f6rpermuskeln ansprechen und Ihre Arme, Schultern, Ihren R\u00fccken und Ihre Brust bei verschiedenen Zugbewegungen effektiv trainieren. Diese Griffe sind ideal f\u00fcr Kabelger\u00e4te oder Widerstandstrainingsger\u00e4te und bieten au\u00dfergew\u00f6hnliche Vielseitigkeit, Haltbarkeit und Komfort. Ganz gleich, ob Sie ein Fitness-Enthusiast oder ein professioneller Trainer sind, wenn Sie diese Neopren-Ziehgriffe in Ihr Trainingsprogramm integrieren, werden Sie eine ausgewogene Kraft des Oberk\u00f6rpers, eine verbesserte Ausdauer und eine optimale Gesamtkondition erreichen.   <\/p>\n<\/div>\n\n\n\n<div class=\"wp-block-column is-vertically-aligned-center is-layout-flow wp-block-column-is-layout-flow\">\n<figure class=\"wp-block-video\"><video controls=\"\" src=\"https:\/\/evolve-fitness.eu\/wp-content\/uploads\/2025\/03\/VIDEO-EV-GH-PR-100-Evolve-Prime-Series-Neoprene-Gym-Handle-Set-1.mp4\"><\/video><\/figure>\n<\/div>\n<\/div>\n\n\n\n<div class=\"wp-block-columns is-layout-flex wp-container-core-columns-is-layout-9d6595d7 wp-block-columns-is-layout-flex\">\n<div class=\"wp-block-column is-layout-flow wp-block-column-is-layout-flow\">\n<div class=\"wp-block-columns is-layout-flex wp-container-core-columns-is-layout-9d6595d7 wp-block-columns-is-layout-flex\">\n<div class=\"wp-block-column is-layout-flow wp-block-column-is-layout-flow\">\n<figure class=\"wp-block-image size-large is-style-rounded\"><img decoding=\"async\" src=\"https:\/\/evolve-fitness.eu\/wp-content\/uploads\/2025\/03\/EV-GH-PR-100-Evolve-Prime-Series-Neoprene-Gym-Handle-Set-10-3-1024x683.jpg\" alt=\"\" class=\"wp-image-189545\"\/><\/figure>\n<\/div>\n\n\n\n<div class=\"wp-block-column is-layout-flow wp-block-column-is-layout-flow\">\n<h3 class=\"wp-block-heading\" style=\"margin-bottom:var(--wp--preset--spacing--h-3-bottom)\">Verbessern Sie die Organisation Ihres Fitnessstudios<\/h3>\n\n\n\n<p>Verbessern Sie die Organisation Ihres Fitnessstudios mit dem Evolve Neoprene Pull Handle Set: Rack + Pull Handles &#8211; ein vielseitiges, zuverl\u00e4ssiges System, das Ihren Trainingsraum maximiert. In der robusten Ablage k\u00f6nnen Sie die bequemen, mit Neopren \u00fcberzogenen Griffe bequem aufbewahren. Sie sind leicht zug\u00e4nglich, haben eine lange Lebensdauer und sehen in jeder Fitnessumgebung professionell aus. Dieses Set eignet sich sowohl f\u00fcr kommerzielle Einrichtungen als auch f\u00fcr Fitnessstudios zu Hause und sorgt f\u00fcr ein reibungsloses Training, erh\u00f6hte Sicherheit und \u00fcberragenden Komfort f\u00fcr Sportler aller Leistungsstufen.  <\/p>\n<\/div>\n<\/div>\n<\/div>\n<\/div>\n<\/section>\n","protected":false},"excerpt":{"rendered":"<p>Das Evolve Neopren-Zuggriff-Set: Rack + Pull Handles ist eine praktische, robuste und vielseitige Aufbewahrungsl\u00f6sung, mit der Sie Ihren Trainingsbereich optimieren k\u00f6nnen. (EV-RS-GH-020SET) Die aus hochwertigem Neopren gefertigten Zuggriffe bieten au\u00dfergew\u00f6hnlichen Komfort, Sicherheit und eine hervorragende Griffkontrolle und eignen sich daher f\u00fcr Benutzer aller Fitnessstufen. Ob Sie nun zu Hause oder in einem kommerziellen Fitnessstudio trainieren, dieses Set wertet Ihren Trainingsbereich auf, indem es die wichtigsten Ger\u00e4te ordentlich ordnet und einen schnellen Zugriff auf Ihr Zubeh\u00f6r erm\u00f6glicht.<\/p>\n","protected":false},"featured_media":123127,"template":"","meta":{"_acf_changed":false,"inline_featured_image":false},"product_cat":[148],"product_tag":[],"class_list":{"0":"post-123094","1":"product","2":"type-product","3":"status-publish","4":"has-post-thumbnail","6":"product_cat-zubehor-de","8":"first","9":"instock","10":"shipping-taxable","11":"purchasable","12":"product-type-simple"},"acf":[],"_links":{"self":[{"href":"https:\/\/store.evolve-fitness.eu\/de\/wp-json\/wp\/v2\/product\/123094","targetHints":{"allow":["GET"]}}],"collection":[{"href":"https:\/\/store.evolve-fitness.eu\/de\/wp-json\/wp\/v2\/product"}],"about":[{"href":"https:\/\/store.evolve-fitness.eu\/de\/wp-json\/wp\/v2\/types\/product"}],"wp:featuredmedia":[{"embeddable":true,"href":"https:\/\/store.evolve-fitness.eu\/de\/wp-json\/wp\/v2\/media\/123127"}],"wp:attachment":[{"href":"https:\/\/store.evolve-fitness.eu\/de\/wp-json\/wp\/v2\/media?parent=123094"}],"wp:term":[{"taxonomy":"product_cat","embeddable":true,"href":"https:\/\/store.evolve-fitness.eu\/de\/wp-json\/wp\/v2\/product_cat?post=123094"},{"taxonomy":"product_tag","embeddable":true,"href":"https:\/\/store.evolve-fitness.eu\/de\/wp-json\/wp\/v2\/product_tag?post=123094"}],"curies":[{"name":"wp","href":"https:\/\/api.w.org\/{rel}","templated":true}]}}