{"id":119973,"date":"2025-03-20T12:33:27","date_gmt":"2025-03-20T12:33:27","guid":{"rendered":"https:\/\/store.evolve-fitness.eu\/?post_type=product&#038;p=119973"},"modified":"2026-03-30T12:00:54","modified_gmt":"2026-03-30T12:00:54","slug":"evolve-in-ground-basketballkorb","status":"publish","type":"product","link":"https:\/\/store.evolve-fitness.eu\/de\/produkt\/evolve-in-ground-basketballkorb\/","title":{"rendered":"Evolve Basketball-St\u00e4nder f\u00fcr den Boden"},"content":{"rendered":"\n<section class=\"wp-block-group alignfull black-content has-white-color has-darkgray-background-color has-text-color has-background is-layout-constrained wp-block-group-is-layout-constrained\" style=\"padding-top:var(--wp--preset--spacing--section-bottom);padding-bottom:var(--wp--preset--spacing--section-bottom)\">\n<div class=\"wp-block-columns alignwide mobile-reverse is-layout-flex wp-container-core-columns-is-layout-ca64bf2d wp-block-columns-is-layout-flex\" style=\"margin-bottom:var(--wp--preset--spacing--side-padding)\">\n<div class=\"wp-block-column is-vertically-aligned-center is-layout-flow wp-block-column-is-layout-flow\">\n<h3 class=\"wp-block-heading\" style=\"margin-bottom:var(--wp--preset--spacing--h-3-bottom)\"><strong><strong>Professionelles Basketball-System f\u00fcr den Wettkampfsport<\/strong><\/strong><\/h3>\n\n\n\n<p style=\"margin-bottom:var(--wp--preset--spacing--tb-section-padding)\">Der <strong>EV-BS-IG-140 von EVOLVE<\/strong> ist ein hochwertiger <strong>Basketballst\u00e4nder f\u00fcr den Boden <\/strong>, der f\u00fcr ernsthafte Spieler entwickelt wurde, die <strong>Stabilit\u00e4t, Haltbarkeit und Leistung auf professionellem Niveau<\/strong> verlangen. Mit einer <strong>R\u00fcckwand aus geh\u00e4rtetem Glas<\/strong>, einem <strong>robusten Stahlrahmen<\/strong> und einem <strong>h\u00f6henverstellbaren System<\/strong> ist dieser St\u00e4nder ideal f\u00fcr den Einsatz in der Freizeit und im Wettkampf auf Heimpl\u00e4tzen, in Schulen und Sportzentren. <\/p>\n<\/div>\n\n\n\n<div class=\"wp-block-column is-vertically-aligned-center is-layout-flow wp-block-column-is-layout-flow\">\n<figure class=\"wp-block-video\"><video height=\"2160\" style=\"aspect-ratio: 3840 \/ 2160;\" width=\"3840\" controls=\"\" src=\"https:\/\/store.evolve-fitness.eu\/wp-content\/uploads\/2025\/03\/Evolve-krepsinio-stovas.mp4\"><\/video><\/figure>\n<\/div>\n<\/div>\n\n\n\n<div class=\"wp-block-columns alignwide is-layout-flex wp-container-core-columns-is-layout-c45ee707 wp-block-columns-is-layout-flex\" style=\"margin-bottom:var(--wp--preset--spacing--side-padding);padding-top:var(--wp--preset--spacing--side-padding)\">\n<div class=\"wp-block-column is-vertically-aligned-center is-layout-flow wp-block-column-is-layout-flow\">\n<div class=\"wp-block-columns is-layout-flex wp-container-core-columns-is-layout-9d6595d7 wp-block-columns-is-layout-flex\">\n<div class=\"wp-block-column is-layout-flow wp-block-column-is-layout-flow\">\n<figure class=\"wp-block-image size-full is-resized is-style-rounded\"><img loading=\"lazy\" decoding=\"async\" width=\"800\" height=\"800\" src=\"https:\/\/store.evolve-fitness.eu\/wp-content\/uploads\/2025\/03\/evolve-ev-bs-ig-140.jpg\" alt=\"\" class=\"wp-image-119997\" style=\"aspect-ratio:1.1333333333333333;object-fit:cover;width:757px;height:auto\" srcset=\"https:\/\/store.evolve-fitness.eu\/wp-content\/uploads\/2025\/03\/evolve-ev-bs-ig-140.jpg 800w, https:\/\/store.evolve-fitness.eu\/wp-content\/uploads\/2025\/03\/evolve-ev-bs-ig-140-300x300.jpg 300w, https:\/\/store.evolve-fitness.eu\/wp-content\/uploads\/2025\/03\/evolve-ev-bs-ig-140-150x150.jpg 150w, https:\/\/store.evolve-fitness.eu\/wp-content\/uploads\/2025\/03\/evolve-ev-bs-ig-140-768x768.jpg 768w, https:\/\/store.evolve-fitness.eu\/wp-content\/uploads\/2025\/03\/evolve-ev-bs-ig-140-600x600.jpg 600w, https:\/\/store.evolve-fitness.eu\/wp-content\/uploads\/2025\/03\/evolve-ev-bs-ig-140-100x100.jpg 100w\" sizes=\"auto, (max-width: 800px) 100vw, 800px\" \/><\/figure>\n<\/div>\n<\/div>\n<\/div>\n\n\n\n<div class=\"wp-block-column is-vertically-aligned-center is-layout-flow wp-block-column-is-layout-flow\">\n<h3 class=\"wp-block-heading\" style=\"margin-bottom:var(--wp--preset--spacing--h-3-bottom)\">Enthusiasten jeden Alters<\/h3>\n\n\n\n<p>Ob f\u00fcr Freizeitspiele, pers\u00f6nliches Training oder freundschaftliche Wettk\u00e4mpfe &#8211; eine ausgezeichnete Wahl f\u00fcr Basketballfans jeden Alters.<\/p>\n<\/div>\n<\/div>\n\n\n\n<div class=\"wp-block-columns alignwide mobile-reverse is-layout-flex wp-container-core-columns-is-layout-ca64bf2d wp-block-columns-is-layout-flex\" style=\"margin-bottom:var(--wp--preset--spacing--side-padding)\">\n<div class=\"wp-block-column is-vertically-aligned-center is-layout-flow wp-block-column-is-layout-flow\">\n<h3 class=\"wp-block-heading\" style=\"margin-bottom:var(--wp--preset--spacing--h-3-bottom)\"><strong>R\u00fcckwand aus geh\u00e4rtetem Glas mit verst\u00e4rktem Rahmen<\/strong><\/h3>\n\n\n\n<p style=\"margin-bottom:var(--wp--preset--spacing--tb-section-padding)\"><strong>R\u00fcckwand Gr\u00f6\u00dfe:136 x 80 cm Material:8 mm dickes geh\u00e4rtetes Glas<\/strong> &#8211; bietet ein professionelles Rebound-Erlebnis im Vergleich zu d\u00fcnneren Polycarbonat-Alternativen. <strong>Sch\u00fctzender Rahmen:<\/strong> Hergestellt aus <strong>geschwei\u00dftem Metall und beschichtet mit eloxierten Aluminiumprofilen<\/strong> f\u00fcr verbesserte Haltbarkeit gegen Witterungseinfl\u00fcsse. <strong>Verst\u00e4rkung aus hochdichtem Thermoplast:<\/strong> Verst\u00e4rkt die Struktur, minimiert Vibrationen und verbessert den Ballabsprung.<\/p>\n\n\n\n<p style=\"margin-bottom:var(--wp--preset--spacing--tb-section-padding)\"><\/p>\n<\/div>\n\n\n\n<div class=\"wp-block-column is-vertically-aligned-center is-layout-flow wp-block-column-is-layout-flow\">\n<figure class=\"wp-block-image size-large is-style-rounded\"><img loading=\"lazy\" decoding=\"async\" width=\"1024\" height=\"576\" src=\"https:\/\/store.evolve-fitness.eu\/wp-content\/uploads\/2025\/03\/vlcsnap-2023-06-22-17h40m07s325-1-1024x576.png\" alt=\"\" class=\"wp-image-119597\" srcset=\"https:\/\/store.evolve-fitness.eu\/wp-content\/uploads\/2025\/03\/vlcsnap-2023-06-22-17h40m07s325-1-1024x576.png 1024w, https:\/\/store.evolve-fitness.eu\/wp-content\/uploads\/2025\/03\/vlcsnap-2023-06-22-17h40m07s325-1-300x169.png 300w, https:\/\/store.evolve-fitness.eu\/wp-content\/uploads\/2025\/03\/vlcsnap-2023-06-22-17h40m07s325-1-768x432.png 768w, https:\/\/store.evolve-fitness.eu\/wp-content\/uploads\/2025\/03\/vlcsnap-2023-06-22-17h40m07s325-1-1536x864.png 1536w, https:\/\/store.evolve-fitness.eu\/wp-content\/uploads\/2025\/03\/vlcsnap-2023-06-22-17h40m07s325-1-2048x1152.png 2048w, https:\/\/store.evolve-fitness.eu\/wp-content\/uploads\/2025\/03\/vlcsnap-2023-06-22-17h40m07s325-1-600x338.png 600w\" sizes=\"auto, (max-width: 1024px) 100vw, 1024px\" \/><\/figure>\n<\/div>\n<\/div>\n\n\n\n<div class=\"wp-block-columns alignwide is-layout-flex wp-container-core-columns-is-layout-c45ee707 wp-block-columns-is-layout-flex\" style=\"margin-bottom:var(--wp--preset--spacing--side-padding);padding-top:var(--wp--preset--spacing--side-padding)\">\n<div class=\"wp-block-column is-vertically-aligned-center is-layout-flow wp-block-column-is-layout-flow\">\n<div class=\"wp-block-columns is-layout-flex wp-container-core-columns-is-layout-9d6595d7 wp-block-columns-is-layout-flex\">\n<div class=\"wp-block-column is-layout-flow wp-block-column-is-layout-flow\">\n<figure class=\"wp-block-image size-full is-resized is-style-rounded\"><img loading=\"lazy\" decoding=\"async\" width=\"3840\" height=\"2160\" src=\"https:\/\/store.evolve-fitness.eu\/wp-content\/uploads\/2025\/03\/Basketball-stand-15.png\" alt=\"\" class=\"wp-image-119622\" style=\"aspect-ratio:1.1333333333333333;object-fit:cover;width:757px;height:auto\" srcset=\"https:\/\/store.evolve-fitness.eu\/wp-content\/uploads\/2025\/03\/Basketball-stand-15.png 3840w, https:\/\/store.evolve-fitness.eu\/wp-content\/uploads\/2025\/03\/Basketball-stand-15-300x169.png 300w, https:\/\/store.evolve-fitness.eu\/wp-content\/uploads\/2025\/03\/Basketball-stand-15-1024x576.png 1024w, https:\/\/store.evolve-fitness.eu\/wp-content\/uploads\/2025\/03\/Basketball-stand-15-768x432.png 768w, https:\/\/store.evolve-fitness.eu\/wp-content\/uploads\/2025\/03\/Basketball-stand-15-1536x864.png 1536w, https:\/\/store.evolve-fitness.eu\/wp-content\/uploads\/2025\/03\/Basketball-stand-15-2048x1152.png 2048w, https:\/\/store.evolve-fitness.eu\/wp-content\/uploads\/2025\/03\/Basketball-stand-15-600x338.png 600w\" sizes=\"auto, (max-width: 3840px) 100vw, 3840px\" \/><\/figure>\n<\/div>\n<\/div>\n<\/div>\n\n\n\n<div class=\"wp-block-column is-vertically-aligned-center is-layout-flow wp-block-column-is-layout-flow\">\n<h3 class=\"wp-block-heading\" style=\"margin-bottom:var(--wp--preset--spacing--h-3-bottom)\">Professionelle Felge mit Federmechanismus<\/h3>\n\n\n\n<p><strong>Felgendurchmesser:<\/strong><strong>45 cm<\/strong> (Standardgr\u00f6\u00dfe). <strong>Feder-Mechanismus:<\/strong> D\u00e4mpft den Aufprall und erm\u00f6glicht so Dunking und hochintensives Spiel. <strong>Abgedeckte Federn:<\/strong> Schutz vor Korrosion und \u00e4u\u00dferen Sch\u00e4den.<\/p>\n<\/div>\n<\/div>\n\n\n\n<div class=\"wp-block-columns alignwide mobile-reverse is-layout-flex wp-container-core-columns-is-layout-ca64bf2d wp-block-columns-is-layout-flex\" style=\"margin-bottom:var(--wp--preset--spacing--side-padding)\">\n<div class=\"wp-block-column is-vertically-aligned-center is-layout-flow wp-block-column-is-layout-flow\">\n<h3 class=\"wp-block-heading\" style=\"margin-bottom:var(--wp--preset--spacing--h-3-bottom)\"><strong>Robuste Bodeninstallation<\/strong><\/h3>\n\n\n\n<p style=\"margin-bottom:var(--wp--preset--spacing--tb-section-padding)\">Im Gegensatz zu tragbaren Systemen bietet dieser <strong>in den Boden eingelassene Basketballkorb<\/strong> dank eines <strong>sicheren Verankerungssystems<\/strong> <strong>au\u00dfergew\u00f6hnliche Stabilit\u00e4t<\/strong>. <strong>Das feste Stangendesign<\/strong> sorgt f\u00fcr ein professionelles Spielerlebnis mit minimalen Bewegungen w\u00e4hrend des Spiels.<\/p>\n\n\n\n<p style=\"margin-bottom:var(--wp--preset--spacing--tb-section-padding)\"><\/p>\n\n\n\n<p style=\"margin-bottom:var(--wp--preset--spacing--tb-section-padding)\"><\/p>\n\n\n\n<p style=\"margin-bottom:var(--wp--preset--spacing--tb-section-padding)\"><\/p>\n\n\n\n<p style=\"margin-bottom:var(--wp--preset--spacing--tb-section-padding)\"><\/p>\n<\/div>\n\n\n\n<div class=\"wp-block-column is-vertically-aligned-center is-layout-flow wp-block-column-is-layout-flow\">\n<figure class=\"wp-block-image size-full is-style-rounded\"><img loading=\"lazy\" decoding=\"async\" width=\"800\" height=\"800\" src=\"https:\/\/store.evolve-fitness.eu\/wp-content\/uploads\/2025\/03\/evolve-ev-bs-ig-140-1.jpg\" alt=\"\" class=\"wp-image-120022\" srcset=\"https:\/\/store.evolve-fitness.eu\/wp-content\/uploads\/2025\/03\/evolve-ev-bs-ig-140-1.jpg 800w, https:\/\/store.evolve-fitness.eu\/wp-content\/uploads\/2025\/03\/evolve-ev-bs-ig-140-1-300x300.jpg 300w, https:\/\/store.evolve-fitness.eu\/wp-content\/uploads\/2025\/03\/evolve-ev-bs-ig-140-1-150x150.jpg 150w, https:\/\/store.evolve-fitness.eu\/wp-content\/uploads\/2025\/03\/evolve-ev-bs-ig-140-1-768x768.jpg 768w, https:\/\/store.evolve-fitness.eu\/wp-content\/uploads\/2025\/03\/evolve-ev-bs-ig-140-1-600x600.jpg 600w, https:\/\/store.evolve-fitness.eu\/wp-content\/uploads\/2025\/03\/evolve-ev-bs-ig-140-1-100x100.jpg 100w\" sizes=\"auto, (max-width: 800px) 100vw, 800px\" \/><\/figure>\n<\/div>\n<\/div>\n\n\n\n<div class=\"wp-block-columns alignwide is-layout-flex wp-container-core-columns-is-layout-c45ee707 wp-block-columns-is-layout-flex\" style=\"margin-bottom:var(--wp--preset--spacing--side-padding);padding-top:var(--wp--preset--spacing--side-padding)\">\n<div class=\"wp-block-column is-vertically-aligned-center is-layout-flow wp-block-column-is-layout-flow\">\n<div class=\"wp-block-columns is-layout-flex wp-container-core-columns-is-layout-9d6595d7 wp-block-columns-is-layout-flex\">\n<div class=\"wp-block-column is-layout-flow wp-block-column-is-layout-flow\">\n<figure class=\"wp-block-image size-full is-resized is-style-rounded\"><img loading=\"lazy\" decoding=\"async\" width=\"3840\" height=\"2160\" src=\"https:\/\/store.evolve-fitness.eu\/wp-content\/uploads\/2025\/03\/Basketball-stand-13.png\" alt=\"\" class=\"wp-image-119672\" style=\"aspect-ratio:1.1333333333333333;object-fit:cover;width:757px;height:auto\" srcset=\"https:\/\/store.evolve-fitness.eu\/wp-content\/uploads\/2025\/03\/Basketball-stand-13.png 3840w, https:\/\/store.evolve-fitness.eu\/wp-content\/uploads\/2025\/03\/Basketball-stand-13-300x169.png 300w, https:\/\/store.evolve-fitness.eu\/wp-content\/uploads\/2025\/03\/Basketball-stand-13-1024x576.png 1024w, https:\/\/store.evolve-fitness.eu\/wp-content\/uploads\/2025\/03\/Basketball-stand-13-768x432.png 768w, https:\/\/store.evolve-fitness.eu\/wp-content\/uploads\/2025\/03\/Basketball-stand-13-1536x864.png 1536w, https:\/\/store.evolve-fitness.eu\/wp-content\/uploads\/2025\/03\/Basketball-stand-13-2048x1152.png 2048w, https:\/\/store.evolve-fitness.eu\/wp-content\/uploads\/2025\/03\/Basketball-stand-13-600x338.png 600w\" sizes=\"auto, (max-width: 3840px) 100vw, 3840px\" \/><\/figure>\n<\/div>\n<\/div>\n<\/div>\n\n\n\n<div class=\"wp-block-column is-vertically-aligned-center is-layout-flow wp-block-column-is-layout-flow\">\n<h3 class=\"wp-block-heading\" style=\"margin-bottom:var(--wp--preset--spacing--h-3-bottom)\">Professionelle Felge mit Federmechanismus<\/h3>\n\n\n\n<p><strong>Felgendurchmesser:45 cm<\/strong> (Standardgr\u00f6\u00dfe). <strong>Federmechanismus:<\/strong> D\u00e4mpft den Aufprall und erm\u00f6glicht so <strong>Dunks und aggressives Spiel<\/strong>. <strong>Abgedeckte Federn:<\/strong> Schutz vor <strong>Korrosion<\/strong> und <strong>\u00e4u\u00dferen Sch\u00e4den<\/strong>. <strong>Strapazierf\u00e4hige Nylonkonstruktion<\/strong>, die den Bedingungen im Freien standh\u00e4lt. <strong>Das r\u00f6hrenf\u00f6rmige Befestigungssystem<\/strong> sorgt f\u00fcr \u00fcberragende Haltbarkeit und Sicherheit der Spieler.<\/p>\n<\/div>\n<\/div>\n\n\n\n<div class=\"wp-block-columns alignwide mobile-reverse is-layout-flex wp-container-core-columns-is-layout-ca64bf2d wp-block-columns-is-layout-flex\" style=\"margin-bottom:var(--wp--preset--spacing--side-padding)\">\n<div class=\"wp-block-column is-vertically-aligned-center is-layout-flow wp-block-column-is-layout-flow\">\n<h3 class=\"wp-block-heading\" style=\"margin-bottom:var(--wp--preset--spacing--h-3-bottom)\"><strong>Elektrophorese-beschichteter Stahlrahmen f\u00fcr maximale Langlebigkeit<\/strong><\/h3>\n\n\n\n<p><\/p>\n\n\n\n<p style=\"margin-bottom:var(--wp--preset--spacing--tb-section-padding)\"><strong>Rost- und UV-Schutz:<\/strong> Die fortschrittliche <strong>Elektrophorese-Beschichtung<\/strong> verbindet die Farbmolek\u00fcle direkt mit dem Stahl und ist dadurch wesentlich <strong>haltbarer als eine herk\u00f6mmliche Pulverbeschichtung<\/strong>. <strong>Sto\u00dfd\u00e4mpfende Polsterung:<\/strong> Der Stahlrahmen ist zus\u00e4tzlich <strong>mit einer Polsterung gesch\u00fctzt<\/strong>, die mechanische Sch\u00e4den reduziert und die Sicherheit beim Spielen erh\u00f6ht.<\/p>\n\n\n\n<p style=\"margin-bottom:var(--wp--preset--spacing--tb-section-padding)\"><\/p>\n\n\n\n<p style=\"margin-bottom:var(--wp--preset--spacing--tb-section-padding)\"><\/p>\n\n\n\n<p style=\"margin-bottom:var(--wp--preset--spacing--tb-section-padding)\"><\/p>\n\n\n\n<p style=\"margin-bottom:var(--wp--preset--spacing--tb-section-padding)\"><\/p>\n<\/div>\n\n\n\n<div class=\"wp-block-column is-vertically-aligned-center is-layout-flow wp-block-column-is-layout-flow\">\n<figure class=\"wp-block-image size-large is-style-rounded\"><img loading=\"lazy\" decoding=\"async\" width=\"1024\" height=\"842\" src=\"https:\/\/store.evolve-fitness.eu\/wp-content\/uploads\/2025\/03\/vlcsnap-2023-06-22-17h45m54s417-1024x842.png\" alt=\"\" class=\"wp-image-119697\" srcset=\"https:\/\/store.evolve-fitness.eu\/wp-content\/uploads\/2025\/03\/vlcsnap-2023-06-22-17h45m54s417-1024x842.png 1024w, https:\/\/store.evolve-fitness.eu\/wp-content\/uploads\/2025\/03\/vlcsnap-2023-06-22-17h45m54s417-300x247.png 300w, https:\/\/store.evolve-fitness.eu\/wp-content\/uploads\/2025\/03\/vlcsnap-2023-06-22-17h45m54s417-768x631.png 768w, https:\/\/store.evolve-fitness.eu\/wp-content\/uploads\/2025\/03\/vlcsnap-2023-06-22-17h45m54s417-1536x1262.png 1536w, https:\/\/store.evolve-fitness.eu\/wp-content\/uploads\/2025\/03\/vlcsnap-2023-06-22-17h45m54s417-2048x1683.png 2048w, https:\/\/store.evolve-fitness.eu\/wp-content\/uploads\/2025\/03\/vlcsnap-2023-06-22-17h45m54s417-600x493.png 600w\" sizes=\"auto, (max-width: 1024px) 100vw, 1024px\" \/><\/figure>\n<\/div>\n<\/div>\n<\/section>\n","protected":false},"excerpt":{"rendered":"<p>Der Evolve Boden-Basketballkorb EV-BD-PT-140-B ist ein hochwertiger Boden-Basketballkorb, der f\u00fcr Spieler entwickelt wurde, die Wert auf Stabilit\u00e4t, Haltbarkeit und professionelle Leistung legen. Dieser Korb ist mit einer R\u00fcckwand aus geh\u00e4rtetem Glas, einem robusten Stahlrahmen und einem h\u00f6henverstellbaren System ausgestattet und eignet sich sowohl f\u00fcr den Freizeit- als auch f\u00fcr den Wettkampfbereich in Heimen, Schulen und Sportzentren. <\/p>\n","protected":false},"featured_media":120056,"template":"","meta":{"_acf_changed":false,"inline_featured_image":false},"product_cat":[2254],"product_tag":[],"class_list":{"0":"post-119973","1":"product","2":"type-product","3":"status-publish","4":"has-post-thumbnail","6":"product_cat-basketball-equipment","8":"first","9":"outofstock","10":"sale","11":"shipping-taxable","12":"purchasable","13":"product-type-simple"},"acf":[],"_links":{"self":[{"href":"https:\/\/store.evolve-fitness.eu\/de\/wp-json\/wp\/v2\/product\/119973","targetHints":{"allow":["GET"]}}],"collection":[{"href":"https:\/\/store.evolve-fitness.eu\/de\/wp-json\/wp\/v2\/product"}],"about":[{"href":"https:\/\/store.evolve-fitness.eu\/de\/wp-json\/wp\/v2\/types\/product"}],"wp:featuredmedia":[{"embeddable":true,"href":"https:\/\/store.evolve-fitness.eu\/de\/wp-json\/wp\/v2\/media\/120056"}],"wp:attachment":[{"href":"https:\/\/store.evolve-fitness.eu\/de\/wp-json\/wp\/v2\/media?parent=119973"}],"wp:term":[{"taxonomy":"product_cat","embeddable":true,"href":"https:\/\/store.evolve-fitness.eu\/de\/wp-json\/wp\/v2\/product_cat?post=119973"},{"taxonomy":"product_tag","embeddable":true,"href":"https:\/\/store.evolve-fitness.eu\/de\/wp-json\/wp\/v2\/product_tag?post=119973"}],"curies":[{"name":"wp","href":"https:\/\/api.w.org\/{rel}","templated":true}]}}