{"id":118943,"date":"2025-03-19T13:52:58","date_gmt":"2025-03-19T13:52:58","guid":{"rendered":"https:\/\/store.evolve-fitness.eu\/?post_type=product&#038;p=118943"},"modified":"2026-02-04T12:00:27","modified_gmt":"2026-02-04T12:00:27","slug":"evolve-kampfseil-38-cm-x-15-m","status":"publish","type":"product","link":"https:\/\/store.evolve-fitness.eu\/de\/produkt\/evolve-kampfseil-38-cm-x-15-m\/","title":{"rendered":"Evolve Kampfseil 3,8 cm x 15 m"},"content":{"rendered":"\n<section class=\"wp-block-group alignfull black-content has-white-color has-darkgray-background-color has-text-color has-background is-layout-constrained wp-block-group-is-layout-constrained\" style=\"padding-top:var(--wp--preset--spacing--section-bottom);padding-bottom:var(--wp--preset--spacing--section-bottom)\">\n<div class=\"wp-block-columns alignwide mobile-reverse is-layout-flex wp-container-core-columns-is-layout-ca64bf2d wp-block-columns-is-layout-flex\" style=\"margin-bottom:var(--wp--preset--spacing--side-padding)\">\n<div class=\"wp-block-column is-vertically-aligned-center is-layout-flow wp-block-column-is-layout-flow\">\n<h3 class=\"wp-block-heading\" style=\"margin-bottom:var(--wp--preset--spacing--h-3-bottom)\">Entfesseln Sie explosive Kraft<\/h3>\n\n\n\n<p><strong><em><strong>Hochintensives Konditionstraining mit jedem Schwung<\/strong><\/em><\/strong><\/p>\n\n\n\n<p>Das Evolve EV-RP-BR-385 Battle Rope ist die ultimative L\u00f6sung f\u00fcr Sportler, die explosive Kraft, muskul\u00e4re Ausdauer und Koordination trainieren m\u00f6chten. Mit seiner robusten, hochwertigen Konstruktion widersteht dieses Battle Rope rigoroser, wiederholter Nutzung und bietet konsistente Leistung und un\u00fcbertroffene Haltbarkeit. Es wurde speziell f\u00fcr dynamische Ganzk\u00f6rperbewegungen wie Wellen, Slams und Spiralen entwickelt und aktiviert mehrere Muskelgruppen gleichzeitig, indem es Arme, Schultern, Rumpf, R\u00fccken und Unterk\u00f6rper anspricht. Das EV-RP-BR-385 Battle Rope ist ideal f\u00fcr CrossFit-Training, hochintensive Intervalltrainings und funktionelle Fitness-Zirkel. Es hilft Ihnen, Ihre Kraft schnell zu steigern, die Kalorienverbrennung zu beschleunigen und Ihre allgemeine Kondition und sportliche Leistung deutlich zu verbessern.   <\/p>\n<\/div>\n\n\n\n<div class=\"wp-block-column is-vertically-aligned-center is-layout-flow wp-block-column-is-layout-flow\">\n<figure class=\"wp-block-image size-large\"><img loading=\"lazy\" decoding=\"async\" width=\"1024\" height=\"683\" src=\"https:\/\/store.evolve-fitness.eu\/wp-content\/uploads\/2025\/03\/EV-RP-BR-385-Evolve-Battle-Rope-3.8-cm-x-15-m-15-1024x683.jpg\" alt=\"\" class=\"wp-image-122724\" srcset=\"https:\/\/store.evolve-fitness.eu\/wp-content\/uploads\/2025\/03\/EV-RP-BR-385-Evolve-Battle-Rope-3.8-cm-x-15-m-15-1024x683.jpg 1024w, https:\/\/store.evolve-fitness.eu\/wp-content\/uploads\/2025\/03\/EV-RP-BR-385-Evolve-Battle-Rope-3.8-cm-x-15-m-15-300x200.jpg 300w, https:\/\/store.evolve-fitness.eu\/wp-content\/uploads\/2025\/03\/EV-RP-BR-385-Evolve-Battle-Rope-3.8-cm-x-15-m-15-768x512.jpg 768w, https:\/\/store.evolve-fitness.eu\/wp-content\/uploads\/2025\/03\/EV-RP-BR-385-Evolve-Battle-Rope-3.8-cm-x-15-m-15-1536x1024.jpg 1536w, https:\/\/store.evolve-fitness.eu\/wp-content\/uploads\/2025\/03\/EV-RP-BR-385-Evolve-Battle-Rope-3.8-cm-x-15-m-15-2048x1365.jpg 2048w, https:\/\/store.evolve-fitness.eu\/wp-content\/uploads\/2025\/03\/EV-RP-BR-385-Evolve-Battle-Rope-3.8-cm-x-15-m-15-600x400.jpg 600w\" sizes=\"auto, (max-width: 1024px) 100vw, 1024px\" \/><\/figure>\n<\/div>\n<\/div>\n<\/section>\n\n<p><\/p>\n","protected":false},"excerpt":{"rendered":"<p>Bringen Sie Ihr Training auf die n\u00e4chste Stufe mit dem Evolve EV-RP-BR-385 Battle Rope, das f\u00fcr hochintensive Trainingseinheiten entwickelt wurde, die Kraft, Ausdauer und Koordination f\u00f6rdern. Dieses strapazierf\u00e4hige Seil eignet sich perfekt f\u00fcr funktionelles Training und hilft Ihnen, explosive Kraft zu entwickeln, w\u00e4hrend Sie mehrere Muskelgruppen beanspruchen. <\/p>\n<p>\n","protected":false},"featured_media":147055,"template":"","meta":{"_acf_changed":false,"inline_featured_image":false},"product_cat":[122,191],"product_tag":[],"class_list":{"0":"post-118943","1":"product","2":"type-product","3":"status-publish","4":"has-post-thumbnail","6":"product_cat-funktionelle-ausstattung","7":"product_cat-studio-de","9":"first","10":"instock","11":"shipping-taxable","12":"purchasable","13":"product-type-simple"},"acf":[],"_links":{"self":[{"href":"https:\/\/store.evolve-fitness.eu\/de\/wp-json\/wp\/v2\/product\/118943","targetHints":{"allow":["GET"]}}],"collection":[{"href":"https:\/\/store.evolve-fitness.eu\/de\/wp-json\/wp\/v2\/product"}],"about":[{"href":"https:\/\/store.evolve-fitness.eu\/de\/wp-json\/wp\/v2\/types\/product"}],"wp:featuredmedia":[{"embeddable":true,"href":"https:\/\/store.evolve-fitness.eu\/de\/wp-json\/wp\/v2\/media\/147055"}],"wp:attachment":[{"href":"https:\/\/store.evolve-fitness.eu\/de\/wp-json\/wp\/v2\/media?parent=118943"}],"wp:term":[{"taxonomy":"product_cat","embeddable":true,"href":"https:\/\/store.evolve-fitness.eu\/de\/wp-json\/wp\/v2\/product_cat?post=118943"},{"taxonomy":"product_tag","embeddable":true,"href":"https:\/\/store.evolve-fitness.eu\/de\/wp-json\/wp\/v2\/product_tag?post=118943"}],"curies":[{"name":"wp","href":"https:\/\/api.w.org\/{rel}","templated":true}]}}