{"id":118893,"date":"2025-03-19T13:46:36","date_gmt":"2025-03-19T13:46:36","guid":{"rendered":"https:\/\/store.evolve-fitness.eu\/?post_type=product&#038;p=118893"},"modified":"2026-05-11T12:00:58","modified_gmt":"2026-05-11T12:00:58","slug":"evolve-mini-band-set-3-in-1","status":"publish","type":"product","link":"https:\/\/store.evolve-fitness.eu\/de\/produkt\/evolve-mini-band-set-3-in-1\/","title":{"rendered":"Evolve Mini Band Set 3 in 1"},"content":{"rendered":"\n<p><\/p>\n\n<p><\/p>\n","protected":false},"excerpt":{"rendered":"<p>Verbessern Sie Ihr Training mit den Evolve EV-BD-FB-300 Resistance Bands, die f\u00fcr Krafttraining, Rehabilitation und Flexibilit\u00e4ts\u00fcbungen entwickelt wurden. Diese B\u00e4nder aus hochwertigem, strapazierf\u00e4higem Latex bieten einen gleichm\u00e4\u00dfigen Widerstand f\u00fcr verschiedene Fitnessniveaus und helfen Ihnen, Muskeln aufzubauen, die Beweglichkeit zu verbessern und die Ausdauer zu steigern. <\/p>\n<p>\n","protected":false},"featured_media":123630,"template":"","meta":{"_acf_changed":false,"inline_featured_image":false},"product_cat":[122,2407,191],"product_tag":[],"class_list":{"0":"post-118893","1":"product","2":"type-product","3":"status-publish","4":"has-post-thumbnail","6":"product_cat-funktionelle-ausstattung","7":"product_cat-hyrox-getriebe","8":"product_cat-studio-de","10":"first","11":"instock","12":"taxable","13":"shipping-taxable","14":"purchasable","15":"product-type-simple"},"acf":[],"_links":{"self":[{"href":"https:\/\/store.evolve-fitness.eu\/de\/wp-json\/wp\/v2\/product\/118893","targetHints":{"allow":["GET"]}}],"collection":[{"href":"https:\/\/store.evolve-fitness.eu\/de\/wp-json\/wp\/v2\/product"}],"about":[{"href":"https:\/\/store.evolve-fitness.eu\/de\/wp-json\/wp\/v2\/types\/product"}],"wp:featuredmedia":[{"embeddable":true,"href":"https:\/\/store.evolve-fitness.eu\/de\/wp-json\/wp\/v2\/media\/123630"}],"wp:attachment":[{"href":"https:\/\/store.evolve-fitness.eu\/de\/wp-json\/wp\/v2\/media?parent=118893"}],"wp:term":[{"taxonomy":"product_cat","embeddable":true,"href":"https:\/\/store.evolve-fitness.eu\/de\/wp-json\/wp\/v2\/product_cat?post=118893"},{"taxonomy":"product_tag","embeddable":true,"href":"https:\/\/store.evolve-fitness.eu\/de\/wp-json\/wp\/v2\/product_tag?post=118893"}],"curies":[{"name":"wp","href":"https:\/\/api.w.org\/{rel}","templated":true}]}}