{"id":118339,"date":"2025-03-17T12:14:37","date_gmt":"2025-03-17T12:14:37","guid":{"rendered":"https:\/\/store.evolve-fitness.eu\/?post_type=product&#038;p=118339"},"modified":"2025-10-28T19:29:03","modified_gmt":"2025-10-28T17:29:03","slug":"evolve-econ-serie-sissy-kniebeuge-1","status":"publish","type":"product","link":"https:\/\/store.evolve-fitness.eu\/de\/produkt\/evolve-econ-serie-sissy-kniebeuge-1\/","title":{"rendered":"Evolve Econ Serie Sissy Kniebeugenbank (EC-038)"},"content":{"rendered":"\n<section class=\"wp-block-group alignfull black-content has-white-color has-darkgray-background-color has-text-color has-background is-layout-constrained wp-block-group-is-layout-constrained\" style=\"padding-top:var(--wp--preset--spacing--section-bottom);padding-bottom:var(--wp--preset--spacing--section-bottom)\">\n<h3 class=\"wp-block-heading has-text-align-center\" style=\"margin-bottom:var(--wp--preset--spacing--tb-section-padding)\"><strong>\n  <strong>\n    <strong>EVOLVE <\/strong>\n  <\/strong>\n<\/strong>Econ Serie B\u00e4nke<\/h3>\n\n\n\n<div class=\"wp-block-columns alignwide mobile-reverse is-layout-flex wp-container-core-columns-is-layout-ca64bf2d wp-block-columns-is-layout-flex\" style=\"margin-bottom:var(--wp--preset--spacing--side-padding)\">\n<div class=\"wp-block-column is-vertically-aligned-center is-layout-flow wp-block-column-is-layout-flow\">\n<h3 class=\"wp-block-heading\" style=\"margin-bottom:var(--wp--preset--spacing--h-3-bottom)\"><strong><strong><strong><strong><strong><strong>Hochwertige Qualit\u00e4t<\/strong><\/strong><\/strong><\/strong><\/strong><\/strong><\/h3>\n\n\n\n<p><strong><em><strong><strong><strong><strong>Langlebiges Design<\/strong><\/strong><\/strong><\/strong><\/em><\/strong><\/p>\n\n\n\n<p style=\"margin-bottom:var(--wp--preset--spacing--tb-section-padding)\">Unsere Fitnessb\u00e4nke sind mit einem soliden Metallrahmen aus geschwei\u00dften Rundrohren f\u00fcr eine lange Lebensdauer ausgelegt. Die fortschrittliche elektrostatische Spr\u00fchtechnologie f\u00fcr duroplastische Pulver verleiht der Oberfl\u00e4che nicht nur ein glattes Aussehen, sondern bietet auch einen hervorragenden Rostschutz. Ganz gleich, ob Sie zu Hause oder in einem professionellen Fitnessstudio trainieren, unsere Evolve-B\u00e4nke sind auf Ihre Bed\u00fcrfnisse abgestimmt. Sie eignen sich auch hervorragend f\u00fcr kommerzielle Fitnesseinrichtungen in Milit\u00e4rst\u00fctzpunkten, Hotels, Herbergen und Rehabilitationszentren.<\/p>\n\n\n\n<h3 class=\"wp-block-heading\" style=\"margin-bottom:var(--wp--preset--spacing--h-3-bottom)\"><strong><strong><strong><strong><strong><strong><strong><strong>Verstellbare Bank f\u00fcr die Brustpresse<\/strong><\/strong><\/strong><\/strong><\/strong><\/strong><\/strong><\/strong><\/h3>\n\n\n\n<p><strong><em><strong><strong><strong><strong><strong>Passen Sie Ihr Oberk\u00f6rper-Workout an<\/strong><\/strong><\/strong><\/strong><\/strong><\/em><\/strong><\/p>\n\n\n\n<p>Diese Bank wurde f\u00fcr das Training der Brust-, Schulter- und Trizepsmuskulatur entwickelt und l\u00e4sst sich in der Neigung, in der flachen und in der absteigenden Position einstellen. Sie eignet sich ideal f\u00fcr eine Reihe von \u00dcbungen wie Brustdr\u00fccken, Schulterdr\u00fccken und mehr. Das ergonomische Design sorgt f\u00fcr maximalen Komfort und Effektivit\u00e4t. Mit ihrer robusten Konstruktion und ihrer kompakten Stellfl\u00e4che ist diese Bank die perfekte Erg\u00e4nzung f\u00fcr jeden Fitnessraum und liefert Ergebnisse ohne Kompromisse.  <\/p>\n<\/div>\n\n\n\n<div class=\"wp-block-column is-vertically-aligned-center is-layout-flow wp-block-column-is-layout-flow\">\n<figure class=\"wp-block-image size-full is-style-rounded\"><img decoding=\"async\" src=\"https:\/\/evolve-fitness.eu\/wp-content\/uploads\/2025\/01\/EV-BN-EC-086-Evolve-Econ-Series-Adjustable-Chest-Press-Bench.png\" alt=\"EV-BN-EC-086\" class=\"wp-image-172329\" style=\"object-fit:cover\"\/><\/figure>\n<\/div>\n<\/div>\n<\/section>\n","protected":false},"excerpt":{"rendered":"<p>Die Evolve Econ Series Sissy Squat Bench ist ein kompaktes und dennoch leistungsstarkes Trainingsger\u00e4t f\u00fcr den unteren K\u00f6rperbereich, das die Entwicklung der Quadrizeps f\u00f6rdert, die Rumpfstabilit\u00e4t st\u00e4rkt und die funktionellen Bewegungen verbessert. Dieses Ger\u00e4t ist ideal f\u00fcr den Aufbau explosiver Beinkraft und eignet sich perfekt f\u00fcr Sportler, Fitnessbegeisterte und Rehabilitationstraining. Ganz gleich, ob Sie die Sissy Squat f\u00fcr Kniebeugen mit dem eigenen K\u00f6rpergewicht oder mit Gewichten verwenden, die Sissy Squat isoliert effektiv den Quadrizeps und ist damit ein Muss f\u00fcr jeden, der sein Beintraining verfeinern m\u00f6chte.  <\/p>\n","protected":false},"featured_media":130741,"template":"","meta":{"_acf_changed":false,"inline_featured_image":false},"product_cat":[125,126],"product_tag":[],"class_list":{"0":"post-118339","1":"product","2":"type-product","3":"status-publish","4":"has-post-thumbnail","6":"product_cat-banke","7":"product_cat-banke-der-serie-econ","9":"first","10":"outofstock","11":"shipping-taxable","12":"purchasable","13":"product-type-simple"},"acf":[],"_links":{"self":[{"href":"https:\/\/store.evolve-fitness.eu\/de\/wp-json\/wp\/v2\/product\/118339","targetHints":{"allow":["GET"]}}],"collection":[{"href":"https:\/\/store.evolve-fitness.eu\/de\/wp-json\/wp\/v2\/product"}],"about":[{"href":"https:\/\/store.evolve-fitness.eu\/de\/wp-json\/wp\/v2\/types\/product"}],"wp:featuredmedia":[{"embeddable":true,"href":"https:\/\/store.evolve-fitness.eu\/de\/wp-json\/wp\/v2\/media\/130741"}],"wp:attachment":[{"href":"https:\/\/store.evolve-fitness.eu\/de\/wp-json\/wp\/v2\/media?parent=118339"}],"wp:term":[{"taxonomy":"product_cat","embeddable":true,"href":"https:\/\/store.evolve-fitness.eu\/de\/wp-json\/wp\/v2\/product_cat?post=118339"},{"taxonomy":"product_tag","embeddable":true,"href":"https:\/\/store.evolve-fitness.eu\/de\/wp-json\/wp\/v2\/product_tag?post=118339"}],"curies":[{"name":"wp","href":"https:\/\/api.w.org\/{rel}","templated":true}]}}