{"id":115761,"date":"2025-03-10T08:29:17","date_gmt":"2025-03-10T08:29:17","guid":{"rendered":"https:\/\/store.evolve-fitness.eu\/?post_type=product&#038;p=115761"},"modified":"2026-05-08T12:01:32","modified_gmt":"2026-05-08T12:01:32","slug":"evolve-prime-series-plate-loaded-high-incline-chest-press-1","status":"publish","type":"product","link":"https:\/\/store.evolve-fitness.eu\/de\/produkt\/evolve-prime-series-plate-loaded-high-incline-chest-press-1\/","title":{"rendered":"Evolve Prime Series Plate Loaded High Incline Chest Press (PR-010)"},"content":{"rendered":"\n<section class=\"wp-block-group alignfull black-content has-white-color has-darkgray-background-color has-text-color has-background is-layout-constrained wp-block-group-is-layout-constrained\" style=\"padding-top:var(--wp--preset--spacing--section-bottom);padding-bottom:var(--wp--preset--spacing--section-bottom)\">\n<h3 class=\"wp-block-heading has-text-align-center\"><strong><strong>EVOLVE PLATE LOADED PRIME SERIES<\/strong><\/strong><\/h3>\n\n\n\n<p>Bei der Evolve Plate Loaded Prime Serie ist Exzellenz der Standard. Verbessern Sie Ihr Krafttraining mit Ger\u00e4ten, die auf Komfort, Haltbarkeit und Leistung ausgelegt sind. Entdecken Sie noch heute die gesamte Produktlinie und definieren Sie Ihre Fitness neu.  <\/p>\n\n\n\n<section class=\"wp-block-group alignfull black-content has-white-color has-darkgray-background-color has-text-color has-background is-layout-constrained wp-block-group-is-layout-constrained\" style=\"padding-top:var(--wp--preset--spacing--section-bottom);padding-bottom:var(--wp--preset--spacing--section-bottom)\">\n<div class=\"wp-block-columns alignwide mobile-reverse is-layout-flex wp-container-core-columns-is-layout-ca64bf2d wp-block-columns-is-layout-flex\" style=\"margin-bottom:var(--wp--preset--spacing--side-padding)\">\n<div class=\"wp-block-column is-vertically-aligned-center is-layout-flow wp-block-column-is-layout-flow\">\n<h3 class=\"wp-block-heading\" style=\"margin-bottom:var(--wp--preset--spacing--h-3-bottom)\"><strong><strong><strong><strong><strong><strong><strong>Evolve Prime Series Plate Loaded High Incline Chest Press<\/strong><\/strong><\/strong><\/strong><\/strong><\/strong><\/strong><\/h3>\n\n\n\n<p><em><strong><em><strong><strong><strong>Verbessern Sie die Entwicklung des oberen Brustkorbs mit optimaler Biomechanik<\/strong><\/strong><\/strong><\/em><\/strong><\/em><\/p>\n\n\n\n<p style=\"margin-bottom:var(--wp--preset--spacing--tb-section-padding)\">Die <strong>Evolve Prime Series Plate Loaded High Incline Chest Press<\/strong> wurde entwickelt, um die obere Brust, die Schultern und den Trizeps mit Pr\u00e4zision zu trainieren. Dieses Ger\u00e4t wurde mit einer abgewinkelten Pressbewegung entwickelt, die die nat\u00fcrliche Biomechanik des Schr\u00e4gbankdr\u00fcckens nachahmt und gleichzeitig die Stabilit\u00e4t und Sicherheit einer gef\u00fchrten Bahn bietet. Das mit Platten best\u00fcckte Widerstandssystem erm\u00f6glicht eine progressive \u00dcberlastung und ist damit ideal f\u00fcr Benutzer aller Fitnessstufen. Mit seinem ergonomischen Sitz und den verstellbaren Griffpositionen sorgt dieses Ger\u00e4t f\u00fcr maximalen Komfort und Effizienz, so dass Sie mit Zuversicht an Ihre Grenzen gehen k\u00f6nnen.   <\/p>\n\n\n\n<h3 class=\"wp-block-heading\" style=\"margin-bottom:var(--wp--preset--spacing--h-3-bottom)\"><strong><strong><strong><strong><strong><strong>Maximieren Sie die Kraft des Oberk\u00f6rpers<\/strong><\/strong><\/strong><\/strong><\/strong><\/strong><\/h3>\n\n\n\n<p><strong><em><strong><strong><strong>Sanfte und kontrollierte Bewegungen f\u00fcr eine hervorragende Muskelaktivierung<\/strong><\/strong><\/strong><\/em><\/strong><\/p>\n\n\n\n<p>Die <strong>Evolve Prime Series Plate Loaded High Incline Chest Press<\/strong> wurde f\u00fcr Sportler und Fitness-Enthusiasten entwickelt, die ihre obere Brust st\u00e4rken und definieren m\u00f6chten. Die unabh\u00e4ngige Armbewegung f\u00f6rdert eine ausgewogene Muskelentwicklung, w\u00e4hrend der optimierte Presswinkel die Belastung f\u00fcr die Schultern reduziert. Der strapazierf\u00e4hige Rahmen und der sanfte Widerstandsmechanismus garantieren Langlebigkeit und Leistung in jedem Fitnessstudio. Ganz gleich, ob Ihr Ziel Muskelhypertrophie, Kraftaufbau oder ein allgemeines Training des Oberk\u00f6rpers ist, dieses Ger\u00e4t bietet Ihnen ein effektives und kontrolliertes Trainingserlebnis.   <\/p>\n<\/div>\n\n\n\n<div class=\"wp-block-column is-vertically-aligned-center is-layout-flow wp-block-column-is-layout-flow\">\n<figure class=\"wp-block-image size-large\"><img loading=\"lazy\" decoding=\"async\" width=\"1024\" height=\"1024\" src=\"https:\/\/store.evolve-fitness.eu\/wp-content\/uploads\/2025\/03\/EV-PL-PR-010-Evolve-Prime-Series-Plate-Loaded-High-Incline-Chest-Press-Recovered-1024x1024.png\" alt=\"\" class=\"wp-image-115785\" srcset=\"https:\/\/store.evolve-fitness.eu\/wp-content\/uploads\/2025\/03\/EV-PL-PR-010-Evolve-Prime-Series-Plate-Loaded-High-Incline-Chest-Press-Recovered-1024x1024.png 1024w, https:\/\/store.evolve-fitness.eu\/wp-content\/uploads\/2025\/03\/EV-PL-PR-010-Evolve-Prime-Series-Plate-Loaded-High-Incline-Chest-Press-Recovered-300x300.png 300w, https:\/\/store.evolve-fitness.eu\/wp-content\/uploads\/2025\/03\/EV-PL-PR-010-Evolve-Prime-Series-Plate-Loaded-High-Incline-Chest-Press-Recovered-150x150.png 150w, https:\/\/store.evolve-fitness.eu\/wp-content\/uploads\/2025\/03\/EV-PL-PR-010-Evolve-Prime-Series-Plate-Loaded-High-Incline-Chest-Press-Recovered-768x768.png 768w, https:\/\/store.evolve-fitness.eu\/wp-content\/uploads\/2025\/03\/EV-PL-PR-010-Evolve-Prime-Series-Plate-Loaded-High-Incline-Chest-Press-Recovered-1536x1536.png 1536w, https:\/\/store.evolve-fitness.eu\/wp-content\/uploads\/2025\/03\/EV-PL-PR-010-Evolve-Prime-Series-Plate-Loaded-High-Incline-Chest-Press-Recovered-2048x2048.png 2048w, https:\/\/store.evolve-fitness.eu\/wp-content\/uploads\/2025\/03\/EV-PL-PR-010-Evolve-Prime-Series-Plate-Loaded-High-Incline-Chest-Press-Recovered-600x600.png 600w, https:\/\/store.evolve-fitness.eu\/wp-content\/uploads\/2025\/03\/EV-PL-PR-010-Evolve-Prime-Series-Plate-Loaded-High-Incline-Chest-Press-Recovered-100x100.png 100w\" sizes=\"auto, (max-width: 1024px) 100vw, 1024px\" \/><\/figure>\n<\/div>\n<\/div>\n<\/section>\n<\/section>\n","protected":false},"excerpt":{"rendered":"<p>Die Evolve Prime Series Plate-Loaded High Incline Chest Press (EV-PL-PR-010) wurde speziell f\u00fcr das Training der oberen Brust, der Schultern und des Trizeps entwickelt und bietet eine kraftvolle und kontrollierte Pressbewegung. Dank des hohen Neigungswinkels betont dieses Ger\u00e4t den klavikul\u00e4ren Teil der Brustmuskeln und f\u00f6rdert so die Entwicklung des Oberk\u00f6rpers. Das Ger\u00e4t wurde f\u00fcr reibungslose Bewegungen und eine ergonomische Positionierung entwickelt und gew\u00e4hrleistet eine optimale Biomechanik, so dass Sie sicher und effektiv trainieren k\u00f6nnen. Ganz gleich, ob Ihr Ziel der Aufbau von Muskelmasse, die Steigerung der Kraft oder die Verbesserung der Pressleistung ist, dieses mit Platten best\u00fcckte Ger\u00e4t ist eine wichtige Erg\u00e4nzung f\u00fcr jedes fortgeschrittene Training.   <\/p>\n","protected":false},"featured_media":115794,"template":"","meta":{"_acf_changed":false,"inline_featured_image":false},"product_cat":[134,225],"product_tag":[],"class_list":{"0":"post-115761","1":"product","2":"type-product","3":"status-publish","4":"has-post-thumbnail","6":"product_cat-maschinen-mit-plattenbeladung","7":"product_cat-prime-series-plattenbeladen","9":"first","10":"outofstock","11":"taxable","12":"shipping-taxable","13":"purchasable","14":"product-type-simple"},"acf":[],"_links":{"self":[{"href":"https:\/\/store.evolve-fitness.eu\/de\/wp-json\/wp\/v2\/product\/115761","targetHints":{"allow":["GET"]}}],"collection":[{"href":"https:\/\/store.evolve-fitness.eu\/de\/wp-json\/wp\/v2\/product"}],"about":[{"href":"https:\/\/store.evolve-fitness.eu\/de\/wp-json\/wp\/v2\/types\/product"}],"wp:featuredmedia":[{"embeddable":true,"href":"https:\/\/store.evolve-fitness.eu\/de\/wp-json\/wp\/v2\/media\/115794"}],"wp:attachment":[{"href":"https:\/\/store.evolve-fitness.eu\/de\/wp-json\/wp\/v2\/media?parent=115761"}],"wp:term":[{"taxonomy":"product_cat","embeddable":true,"href":"https:\/\/store.evolve-fitness.eu\/de\/wp-json\/wp\/v2\/product_cat?post=115761"},{"taxonomy":"product_tag","embeddable":true,"href":"https:\/\/store.evolve-fitness.eu\/de\/wp-json\/wp\/v2\/product_tag?post=115761"}],"curies":[{"name":"wp","href":"https:\/\/api.w.org\/{rel}","templated":true}]}}