{"id":106233,"date":"2025-02-10T14:22:06","date_gmt":"2025-02-10T14:22:06","guid":{"rendered":"https:\/\/store.evolve-fitness.eu\/?post_type=product&#038;p=106233"},"modified":"2025-03-27T08:34:48","modified_gmt":"2025-03-27T08:34:48","slug":"evolve-prime-series-plate-loaded-chest-press-lat-pull-down-1","status":"publish","type":"product","link":"https:\/\/store.evolve-fitness.eu\/de\/produkt\/evolve-prime-series-plate-loaded-chest-press-lat-pull-down-1\/","title":{"rendered":"Evolve Prime Series Plate Loaded Chest Press &amp; Lat Pull Down"},"content":{"rendered":"\n<section class=\"wp-block-group alignfull black-content has-white-color has-darkgray-background-color has-text-color has-background is-layout-constrained wp-block-group-is-layout-constrained\" style=\"padding-top:var(--wp--preset--spacing--section-bottom);padding-bottom:var(--wp--preset--spacing--section-bottom)\">\n<h3 class=\"wp-block-heading has-text-align-center\"><strong><strong>EVOLVE PLATE LOADED PRIME SERIES<\/strong><\/strong><\/h3>\n\n\n\n<p>Bei der Evolve Plate Loaded Prime Serie ist Exzellenz der Standard. Verbessern Sie Ihr Krafttraining mit Ger\u00e4ten, die auf Komfort, Haltbarkeit und Leistung ausgelegt sind. Entdecken Sie noch heute die gesamte Produktlinie und definieren Sie Ihre Fitness neu.  <\/p>\n\n\n\n<section class=\"wp-block-group alignfull black-content has-white-color has-darkgray-background-color has-text-color has-background is-layout-constrained wp-block-group-is-layout-constrained\" style=\"padding-top:var(--wp--preset--spacing--section-bottom);padding-bottom:var(--wp--preset--spacing--section-bottom)\">\n<div class=\"wp-block-columns alignwide mobile-reverse is-layout-flex wp-container-core-columns-is-layout-ca64bf2d wp-block-columns-is-layout-flex\" style=\"margin-bottom:var(--wp--preset--spacing--side-padding)\">\n<div class=\"wp-block-column is-vertically-aligned-center is-layout-flow wp-block-column-is-layout-flow\">\n<h3 class=\"wp-block-heading\" style=\"margin-bottom:var(--wp--preset--spacing--h-3-bottom)\"><strong><strong><strong>Vielseitige Doppelfunktionalit\u00e4t<\/strong><\/strong><\/strong><\/h3>\n\n\n\n<p><strong><strong><strong><em>F\u00fcr die Kraft des Oberk\u00f6rpers<\/em><\/strong><\/strong><\/strong><\/p>\n\n\n\n<p style=\"margin-bottom:var(--wp--preset--spacing--tb-section-padding)\">Die Evolve Prime Series Plate Loaded Chest Press &amp; Lat Pull Down wurde entwickelt, um ein umfassendes Training des Oberk\u00f6rpers zu erm\u00f6glichen, indem zwei wichtige Bewegungen in einem Ger\u00e4t kombiniert werden. Die Brustpresse trainiert Ihre Brustmuskeln und gew\u00e4hrleistet gleichzeitig die Sicherheit der Gelenke durch den sanften, plattenbeladenen Widerstand, der je nach Kraftniveau des Benutzers eingestellt werden kann. Das Latziehen hingegen bietet ein komplettes R\u00fcckentraining.  <\/p>\n\n\n\n<h3 class=\"wp-block-heading\" style=\"margin-bottom:var(--wp--preset--spacing--h-3-bottom)\"><strong><strong><strong><strong><strong>Feinmechanik<\/strong><\/strong><\/strong><\/strong><\/strong><\/h3>\n\n\n\n<p><strong><strong><strong><strong><strong><em>F\u00fcr optimalen Muskeleinsatz<\/em><\/strong><\/strong><\/strong><\/strong><\/strong><\/p>\n\n\n\n<p>Die Evolve Prime Series Chest Press &amp; Lat Pull Down ist mit ergonomisch geformten Griffen und verstellbaren Einstellungen ausgestattet, um die Anforderungen von Profis und Heimtrainern gleicherma\u00dfen zu erf\u00fcllen. Dies gew\u00e4hrleistet eine korrekte Haltung und Ausrichtung und hilft dem Benutzer, die Muskelaktivierung zu maximieren und gleichzeitig die Belastung der Gelenke zu minimieren. Das mit Platten best\u00fcckte System erm\u00f6glicht eine progressive \u00dcberlastung, die f\u00fcr den Aufbau von Kraft und Muskeldefinition entscheidend ist. Das aus hochwertigen, handels\u00fcblichen Materialien gefertigte Ger\u00e4t garantiert Stabilit\u00e4t und lang anhaltende Leistung und ist damit eine wertvolle Investition f\u00fcr alle, die ihr Krafttraining f\u00fcr den Oberk\u00f6rper verbessern m\u00f6chten.   <\/p>\n<\/div>\n\n\n\n<div class=\"wp-block-column is-vertically-aligned-center is-layout-flow wp-block-column-is-layout-flow\">\n<figure class=\"wp-block-image size-full is-resized is-style-rounded\"><img decoding=\"async\" src=\"https:\/\/evolve-fitness.eu\/wp-content\/uploads\/2024\/10\/EV-PL-PR-011-Evolve-Prime-Series-Plate-Loaded-Chest-Press-Lat-Pull-Down.jpg\" alt=\"EV-PL-PR-011\" class=\"wp-image-157083\" style=\"width:643px;height:706px\"\/><\/figure>\n<\/div>\n<\/div>\n<\/section>\n<\/section>\n","protected":false},"excerpt":{"rendered":"<p>Das Evolve Prime Series Plate Loaded Chest Press &amp; Lat Pull Down ist ein Ger\u00e4t mit zwei Funktionen, das f\u00fcr das Krafttraining des Oberk\u00f6rpers entwickelt wurde. Es kombiniert eine Brustpresse f\u00fcr die Entwicklung der Brustmuskeln mit einem Latzug f\u00fcr die R\u00fcckenmuskulatur. Das Ger\u00e4t verf\u00fcgt \u00fcber einen einstellbaren Widerstand, ergonomische Griffe und Einstellungen f\u00fcr die richtige Ausrichtung, die eine optimale Muskelbeanspruchung und eine geringere Belastung der Gelenke gew\u00e4hrleisten. Das Ger\u00e4t ist aus robusten, handels\u00fcblichen Materialien gefertigt und bietet Stabilit\u00e4t und Langlebigkeit sowohl f\u00fcr den Einsatz zu Hause als auch im Fitnessstudio.   <\/p>\n","protected":false},"featured_media":109898,"template":"","meta":{"_acf_changed":false,"inline_featured_image":false},"product_cat":[134,225],"product_tag":[],"class_list":{"0":"post-106233","1":"product","2":"type-product","3":"status-publish","4":"has-post-thumbnail","6":"product_cat-maschinen-mit-plattenbeladung","7":"product_cat-prime-series-plattenbeladen","9":"first","10":"outofstock","11":"taxable","12":"shipping-taxable","13":"purchasable","14":"product-type-simple"},"acf":[],"_links":{"self":[{"href":"https:\/\/store.evolve-fitness.eu\/de\/wp-json\/wp\/v2\/product\/106233","targetHints":{"allow":["GET"]}}],"collection":[{"href":"https:\/\/store.evolve-fitness.eu\/de\/wp-json\/wp\/v2\/product"}],"about":[{"href":"https:\/\/store.evolve-fitness.eu\/de\/wp-json\/wp\/v2\/types\/product"}],"wp:featuredmedia":[{"embeddable":true,"href":"https:\/\/store.evolve-fitness.eu\/de\/wp-json\/wp\/v2\/media\/109898"}],"wp:attachment":[{"href":"https:\/\/store.evolve-fitness.eu\/de\/wp-json\/wp\/v2\/media?parent=106233"}],"wp:term":[{"taxonomy":"product_cat","embeddable":true,"href":"https:\/\/store.evolve-fitness.eu\/de\/wp-json\/wp\/v2\/product_cat?post=106233"},{"taxonomy":"product_tag","embeddable":true,"href":"https:\/\/store.evolve-fitness.eu\/de\/wp-json\/wp\/v2\/product_tag?post=106233"}],"curies":[{"name":"wp","href":"https:\/\/api.w.org\/{rel}","templated":true}]}}