{"id":105204,"date":"2025-02-04T13:36:50","date_gmt":"2025-02-04T13:36:50","guid":{"rendered":"https:\/\/store.evolve-fitness.eu\/?post_type=product&#038;p=105204"},"modified":"2026-03-24T11:59:21","modified_gmt":"2026-03-24T11:59:21","slug":"evolve-kunstleder-boxsack-150-cm","status":"publish","type":"product","link":"https:\/\/store.evolve-fitness.eu\/de\/produkt\/evolve-kunstleder-boxsack-150-cm\/","title":{"rendered":"Evolve Kunstleder Boxsack 150 CM"},"content":{"rendered":"\n<section class=\"wp-block-group alignfull has-lightgray-background-color has-background is-layout-constrained wp-block-group-is-layout-constrained\">\n<div class=\"wp-block-columns alignwide is-layout-flex wp-container-core-columns-is-layout-2edb0647 wp-block-columns-is-layout-flex\" style=\"margin-top:0;margin-bottom:0\">\n<div class=\"wp-block-column is-layout-flow wp-block-column-is-layout-flow\" style=\"flex-basis:33.33%\"><\/div>\n\n\n\n<div class=\"wp-block-column is-layout-flow wp-block-column-is-layout-flow\" style=\"flex-basis:66.66%\"><\/div>\n<\/div>\n<\/section>\n\n<p><\/p>\n","protected":false},"excerpt":{"rendered":"<p>Die innere Schicht des Boxsacks besteht aus PVC-beschichtetem Canvas-Gewebe und die \u00e4u\u00dfere Schicht aus sehr dickem Kunstleder, das mit einer dicken Schicht aus PU-Polyurethan verst\u00e4rkt ist. Die drei Schichten bilden eine sehr dicke Wand, so dass der Boxsack immer glatt und geschmeidig bleibt. Alle N\u00e4hte des Boxsacks sind mehrfach gen\u00e4ht, damit er nicht rei\u00dft. Der 150 cm lange Boxsack ist ideal f\u00fcr Schl\u00e4ge und Tritte, w\u00e4hrend der Durchmesser von 40 cm perfekt f\u00fcr einen echten Kampfsportler ist.<\/p>\n","protected":false},"featured_media":105237,"template":"","meta":{"_acf_changed":false,"inline_featured_image":false},"product_cat":[118,121,122],"product_tag":[],"class_list":{"0":"post-105204","1":"product","2":"type-product","3":"status-publish","4":"has-post-thumbnail","6":"product_cat-hauptseite","7":"product_cat-ubergreifend-funktional","8":"product_cat-funktionelle-ausstattung","10":"first","11":"instock","12":"shipping-taxable","13":"purchasable","14":"product-type-simple"},"acf":[],"_links":{"self":[{"href":"https:\/\/store.evolve-fitness.eu\/de\/wp-json\/wp\/v2\/product\/105204","targetHints":{"allow":["GET"]}}],"collection":[{"href":"https:\/\/store.evolve-fitness.eu\/de\/wp-json\/wp\/v2\/product"}],"about":[{"href":"https:\/\/store.evolve-fitness.eu\/de\/wp-json\/wp\/v2\/types\/product"}],"wp:featuredmedia":[{"embeddable":true,"href":"https:\/\/store.evolve-fitness.eu\/de\/wp-json\/wp\/v2\/media\/105237"}],"wp:attachment":[{"href":"https:\/\/store.evolve-fitness.eu\/de\/wp-json\/wp\/v2\/media?parent=105204"}],"wp:term":[{"taxonomy":"product_cat","embeddable":true,"href":"https:\/\/store.evolve-fitness.eu\/de\/wp-json\/wp\/v2\/product_cat?post=105204"},{"taxonomy":"product_tag","embeddable":true,"href":"https:\/\/store.evolve-fitness.eu\/de\/wp-json\/wp\/v2\/product_tag?post=105204"}],"curies":[{"name":"wp","href":"https:\/\/api.w.org\/{rel}","templated":true}]}}