{"id":104860,"date":"2025-02-04T13:19:26","date_gmt":"2025-02-04T13:19:26","guid":{"rendered":"https:\/\/store.evolve-fitness.eu\/?post_type=product&#038;p=104860"},"modified":"2025-11-07T10:51:12","modified_gmt":"2025-11-07T10:51:12","slug":"evolve-kunstleder-boxsack-100-cm-180-cm","status":"publish","type":"product","link":"https:\/\/store.evolve-fitness.eu\/de\/produkt\/evolve-kunstleder-boxsack-100-cm-180-cm\/","title":{"rendered":"Evolve Kunstleder Boxsack 100 cm \/ 180 cm"},"content":{"rendered":"\n<section class=\"wp-block-group alignfull has-lightgray-background-color has-background is-layout-constrained wp-block-group-is-layout-constrained\">\n<div class=\"wp-block-columns alignwide is-layout-flex wp-container-core-columns-is-layout-2edb0647 wp-block-columns-is-layout-flex\" style=\"margin-top:0;margin-bottom:0\">\n<div class=\"wp-block-column is-layout-flow wp-block-column-is-layout-flow\" style=\"flex-basis:33.33%\"><\/div>\n\n\n\n<div class=\"wp-block-column is-layout-flow wp-block-column-is-layout-flow\" style=\"flex-basis:66.66%\"><\/div>\n<\/div>\n<\/section>\n","protected":false},"excerpt":{"rendered":"<p>Die innere Schicht des Sacks besteht aus PVC-beschichtetem, gewebtem Segeltuch und die \u00e4u\u00dfere Schicht aus sehr dickem Kunstleder. Dadurch entsteht eine sehr dicke Wand, so dass der Boxsack auch nach sehr langem Gebrauch immer ein glattes Aussehen beh\u00e4lt. Es gibt vier extra verst\u00e4rkte Riemen mit Ringen an der Seite zum Aufh\u00e4ngen des Boxsacks. Alle N\u00e4hte des Boxsacks sind mehrfach gen\u00e4ht, damit er nicht rei\u00dft.<\/p>\n","protected":false},"featured_media":105187,"template":"","meta":{"_acf_changed":false,"inline_featured_image":false},"product_cat":[121,122],"product_tag":[],"class_list":{"0":"post-104860","1":"product","2":"type-product","3":"status-publish","4":"has-post-thumbnail","6":"product_cat-ubergreifend-funktional","7":"product_cat-funktionelle-ausstattung","9":"first","10":"instock","11":"shipping-taxable","12":"purchasable","13":"product-type-variable"},"acf":[],"_links":{"self":[{"href":"https:\/\/store.evolve-fitness.eu\/de\/wp-json\/wp\/v2\/product\/104860","targetHints":{"allow":["GET"]}}],"collection":[{"href":"https:\/\/store.evolve-fitness.eu\/de\/wp-json\/wp\/v2\/product"}],"about":[{"href":"https:\/\/store.evolve-fitness.eu\/de\/wp-json\/wp\/v2\/types\/product"}],"wp:featuredmedia":[{"embeddable":true,"href":"https:\/\/store.evolve-fitness.eu\/de\/wp-json\/wp\/v2\/media\/105187"}],"wp:attachment":[{"href":"https:\/\/store.evolve-fitness.eu\/de\/wp-json\/wp\/v2\/media?parent=104860"}],"wp:term":[{"taxonomy":"product_cat","embeddable":true,"href":"https:\/\/store.evolve-fitness.eu\/de\/wp-json\/wp\/v2\/product_cat?post=104860"},{"taxonomy":"product_tag","embeddable":true,"href":"https:\/\/store.evolve-fitness.eu\/de\/wp-json\/wp\/v2\/product_tag?post=104860"}],"curies":[{"name":"wp","href":"https:\/\/api.w.org\/{rel}","templated":true}]}}