{"id":103861,"date":"2025-01-21T13:32:11","date_gmt":"2025-01-21T13:32:11","guid":{"rendered":"https:\/\/store.evolve-fitness.eu\/?post_type=product&#038;p=103861"},"modified":"2026-04-01T12:01:25","modified_gmt":"2026-04-01T12:01:25","slug":"evolve-knochelriemen-befestigung","status":"publish","type":"product","link":"https:\/\/store.evolve-fitness.eu\/de\/produkt\/evolve-knochelriemen-befestigung\/","title":{"rendered":"Evolve Kn\u00f6chelriemen-Befestigung"},"content":{"rendered":"\n<section class=\"wp-block-group alignfull black-content has-white-color has-darkgray-background-color has-text-color has-background is-layout-constrained wp-block-group-is-layout-constrained\" style=\"padding-top:var(--wp--preset--spacing--section-bottom);padding-bottom:var(--wp--preset--spacing--section-bottom)\">\n<h3 class=\"wp-block-heading has-text-align-center\" style=\"margin-bottom:var(--wp--preset--spacing--tb-section-padding)\">Technische KARTE<\/h3>\n\n\n\n<div class=\"wp-block-columns alignwide mobile-reverse is-layout-flex wp-container-core-columns-is-layout-ca64bf2d wp-block-columns-is-layout-flex\" style=\"margin-bottom:var(--wp--preset--spacing--side-padding)\">\n<div class=\"wp-block-column is-layout-flow wp-block-column-is-layout-flow\">\n<figure class=\"wp-block-image aligncenter size-large is-style-rounded\"><img decoding=\"async\" src=\"https:\/\/evolve-fitness.eu\/wp-content\/uploads\/2025\/01\/EV-AC-GH-250-6-2-1024x683.jpg\" alt=\"\" class=\"wp-image-174480\"\/><\/figure>\n<\/div>\n<\/div>\n<\/section>\n\n<p><\/p>\n","protected":false},"excerpt":{"rendered":"<p>Das Evolve Ankle Strap Attachment (EV-AC-GH-250) ist ein kompaktes und dennoch hocheffektives Ger\u00e4t, das Ihr Training an der Kabelmaschine verbessert. Dieser vielseitige Aufsatz, der auf Komfort und Langlebigkeit ausgelegt ist, erm\u00f6glicht gezielte \u00dcbungen f\u00fcr den unteren K\u00f6rperbereich und ist damit ideal f\u00fcr die Formung und St\u00e4rkung der Bein- und Ges\u00e4\u00dfmuskeln. Er eignet sich f\u00fcr Benutzer aller Fitnessniveaus und ist ein unverzichtbares Zubeh\u00f6r f\u00fcr Ihr funktionelles Trainingssystem.<\/p>\n","protected":false},"featured_media":103894,"template":"","meta":{"_acf_changed":false,"inline_featured_image":false},"product_cat":[164,148],"product_tag":[],"class_list":{"0":"post-103861","1":"product","2":"type-product","3":"status-publish","4":"has-post-thumbnail","6":"product_cat-selektorisierte-maschinen","7":"product_cat-zubehor-de","9":"first","10":"instock","11":"shipping-taxable","12":"purchasable","13":"product-type-simple"},"acf":[],"_links":{"self":[{"href":"https:\/\/store.evolve-fitness.eu\/de\/wp-json\/wp\/v2\/product\/103861","targetHints":{"allow":["GET"]}}],"collection":[{"href":"https:\/\/store.evolve-fitness.eu\/de\/wp-json\/wp\/v2\/product"}],"about":[{"href":"https:\/\/store.evolve-fitness.eu\/de\/wp-json\/wp\/v2\/types\/product"}],"wp:featuredmedia":[{"embeddable":true,"href":"https:\/\/store.evolve-fitness.eu\/de\/wp-json\/wp\/v2\/media\/103894"}],"wp:attachment":[{"href":"https:\/\/store.evolve-fitness.eu\/de\/wp-json\/wp\/v2\/media?parent=103861"}],"wp:term":[{"taxonomy":"product_cat","embeddable":true,"href":"https:\/\/store.evolve-fitness.eu\/de\/wp-json\/wp\/v2\/product_cat?post=103861"},{"taxonomy":"product_tag","embeddable":true,"href":"https:\/\/store.evolve-fitness.eu\/de\/wp-json\/wp\/v2\/product_tag?post=103861"}],"curies":[{"name":"wp","href":"https:\/\/api.w.org\/{rel}","templated":true}]}}