{"id":102879,"date":"2025-01-21T12:33:39","date_gmt":"2025-01-21T12:33:39","guid":{"rendered":"https:\/\/store.evolve-fitness.eu\/?post_type=product&#038;p=102879"},"modified":"2026-04-01T12:01:40","modified_gmt":"2026-04-01T12:01:40","slug":"evolve-powerlifting-stahlplatte-025-kg-25-kg","status":"publish","type":"product","link":"https:\/\/store.evolve-fitness.eu\/de\/produkt\/evolve-powerlifting-stahlplatte-025-kg-25-kg\/","title":{"rendered":"Evolve Powerlifting Stahlplatte 0,25 kg &#8211; 25 kg"},"content":{"rendered":"\n<section class=\"wp-block-group alignfull black-content has-white-color has-darkgray-background-color has-text-color has-background is-layout-constrained wp-block-group-is-layout-constrained\" style=\"padding-top:var(--wp--preset--spacing--section-bottom);padding-bottom:var(--wp--preset--spacing--section-bottom)\">\n<h3 class=\"wp-block-heading has-text-align-center\" style=\"margin-bottom:var(--wp--preset--spacing--tb-section-padding)\">Technische KARTE<\/h3>\n\n\n\n<div class=\"wp-block-columns alignwide mobile-reverse is-layout-flex wp-container-core-columns-is-layout-ca64bf2d wp-block-columns-is-layout-flex\" style=\"margin-bottom:var(--wp--preset--spacing--side-padding)\">\n<div class=\"wp-block-column is-layout-flow wp-block-column-is-layout-flow\">\n<figure class=\"wp-block-image aligncenter size-large is-style-rounded\"><img decoding=\"async\" src=\"https:\/\/evolve-fitness.eu\/wp-content\/uploads\/2025\/01\/EV-WP-SP_card-1024x683.jpg\" alt=\"Evolve Powerlifting Stahlplatte\" class=\"wp-image-174097\"\/><\/figure>\n<\/div>\n<\/div>\n\n\n\n<div class=\"wp-block-columns alignwide mobile-reverse is-layout-flex wp-container-core-columns-is-layout-ca64bf2d wp-block-columns-is-layout-flex\" style=\"margin-bottom:var(--wp--preset--spacing--side-padding)\">\n<div class=\"wp-block-column is-vertically-aligned-center is-layout-flow wp-block-column-is-layout-flow\">\n<h3 class=\"wp-block-heading\" style=\"margin-bottom:var(--wp--preset--spacing--h-3-bottom)\"><strong><strong><strong><strong><strong><strong>Hochwertige Stahlkonstruktion<\/strong><\/strong><\/strong><\/strong><\/strong><\/strong><\/h3>\n\n\n\n<p><strong><em><strong><strong><strong><strong>Langlebig und verl\u00e4sslich f\u00fcr maximale Leistung<\/strong><\/strong><\/strong><\/strong><\/em><\/strong><\/p>\n\n\n\n<p style=\"margin-bottom:var(--wp--preset--spacing--tb-section-padding)\">Die Evolve Powerlifting Stahlplatte ist aus hochwertigem Stahl geschmiedet und garantiert au\u00dfergew\u00f6hnliche Haltbarkeit und Langlebigkeit. Dieses robuste Material ist so konzipiert, dass es den Anforderungen intensiver Kraftdreikampf-Sessions standh\u00e4lt und bei jedem Heben ein gleichbleibendes Gef\u00fchl und eine gleichbleibende Leistung bietet. <\/p>\n\n\n\n<h3 class=\"wp-block-heading\" style=\"margin-bottom:var(--wp--preset--spacing--h-3-bottom)\"><strong><strong><strong><strong><strong><strong><strong><strong>Schlankes und funktionelles Design<\/strong><\/strong><\/strong><\/strong><\/strong><\/strong><\/strong><\/strong><\/h3>\n\n\n\n<p><strong><em><strong><strong><strong><strong><strong>Ein professionelles Aussehen mit praktischem Nutzen<\/strong><\/strong><\/strong><\/strong><\/strong><\/em><\/strong><\/p>\n\n\n\n<p>Mit ihrem kompakten und minimalistischen Design bieten diese Platten eine elegante, professionelle \u00c4sthetik, die sich f\u00fcr jede Fitnessstudioumgebung eignet. Die polierte Stahloberfl\u00e4che ist sowohl stilvoll als auch korrosionsbest\u00e4ndig und beh\u00e4lt so ihre optische Attraktivit\u00e4t und Funktionalit\u00e4t \u00fcber die Zeit. <\/p>\n<\/div>\n\n\n\n<div class=\"wp-block-column is-vertically-aligned-center is-layout-flow wp-block-column-is-layout-flow\">\n<figure class=\"wp-block-image size-full is-style-rounded\"><img decoding=\"async\" src=\"https:\/\/evolve-fitness.eu\/wp-content\/uploads\/2025\/01\/EV-WP-SP.png\" alt=\"\" class=\"wp-image-173356\" style=\"object-fit:cover\"\/><\/figure>\n<\/div>\n<\/div>\n\n\n\n<div class=\"wp-block-columns alignwide mobile-reverse is-layout-flex wp-container-core-columns-is-layout-ca64bf2d wp-block-columns-is-layout-flex\" style=\"margin-bottom:var(--wp--preset--spacing--side-padding)\">\n<div class=\"wp-block-column is-vertically-aligned-center is-layout-flow wp-block-column-is-layout-flow\">\n<figure class=\"wp-block-image size-full is-style-rounded\"><img decoding=\"async\" src=\"https:\/\/evolve-fitness.eu\/wp-content\/uploads\/2025\/01\/EV-WP-SP-1.jpg\" alt=\"Evolve Powerlifting Stahlplatte\" class=\"wp-image-173888\" style=\"object-fit:cover\"\/><\/figure>\n<\/div>\n\n\n\n<div class=\"wp-block-column is-vertically-aligned-center is-layout-flow wp-block-column-is-layout-flow\">\n<h3 class=\"wp-block-heading\" style=\"margin-bottom:var(--wp--preset--spacing--h-3-bottom)\"><strong><strong><strong><strong><strong><strong><strong>Perfekt f\u00fcr Powerlifting-Anwendungen<\/strong><\/strong><\/strong><\/strong><\/strong><\/strong><\/strong><\/h3>\n\n\n\n<p><strong><em><strong><strong><strong><strong><strong>Ma\u00dfgeschneidert f\u00fcr ernsthafte Hebesitzungen<\/strong><\/strong><\/strong><\/strong><\/strong><\/em><\/strong><\/p>\n\n\n\n<p style=\"margin-bottom:var(--wp--preset--spacing--tb-section-padding)\">Diese Platte wurde sorgf\u00e4ltig f\u00fcr Powerlifting-\u00dcbungen, einschlie\u00dflich Kniebeugen, Kreuzheben und Bankdr\u00fccken, entwickelt. Die kalibrierte Gewichtsgenauigkeit sorgt f\u00fcr Pr\u00e4zision bei den Hebungen und hilft, Kraftziele effektiv und sicher zu erreichen. <\/p>\n\n\n\n<h3 class=\"wp-block-heading\" style=\"margin-bottom:var(--wp--preset--spacing--h-3-bottom)\"><strong><strong><strong><strong><strong><strong><strong><strong><strong>Platzsparende Vorteile<\/strong><\/strong><\/strong><\/strong><\/strong><\/strong><\/strong><\/strong><\/strong><\/h3>\n\n\n\n<p><strong><em><strong><strong><strong><strong><strong><strong>Effiziente Nutzung des Platzes im Fitnessstudio und der Powerbars<\/strong><\/strong><\/strong><\/strong><\/strong><\/strong><\/em><\/strong><\/p>\n\n\n\n<p>Das d\u00fcnne Profil dieser Stahlplatten erm\u00f6glicht eine maximale Belastbarkeit der Powerlifting-Stangen und ist somit perfekt f\u00fcr schwere Heber. Ihr kompaktes Design minimiert au\u00dferdem den Platzbedarf und sorgt daf\u00fcr, dass Ihr Fitnessstudio organisiert und \u00fcbersichtlich bleibt. <\/p>\n<\/div>\n<\/div>\n<\/section>\n","protected":false},"excerpt":{"rendered":"<p>Die Evolve Powerlifting Steel Plates (EV-WP-SP) sind pr\u00e4zisionsgefertigt, um den Anforderungen eines ernsthaften Krafttrainings gerecht zu werden. Diese Platten mit einem Gewicht von 0,25 kg bis 25 kg sind aus hochwertigem Stahl gefertigt und garantieren Langlebigkeit und Pr\u00e4zision. Sie passen auf Standard-Langhanteln und haben ein schlankes, kompaktes Design, das die Masse minimiert und gleichzeitig die Gewichtsdichte maximiert. Diese Platten eignen sich perfekt f\u00fcr progressives Training und schweres Heben und sind ideal f\u00fcr Athleten aller Niveaus, die nach Spitzenleistungen streben.<\/p>\n","protected":false},"featured_media":103594,"template":"","meta":{"_acf_changed":false,"inline_featured_image":false},"product_cat":[118,123,186],"product_tag":[],"class_list":{"0":"post-102879","1":"product","2":"type-product","3":"status-publish","4":"has-post-thumbnail","6":"product_cat-hauptseite","7":"product_cat-freie-gewichte","8":"product_cat-hantelscheiben","10":"first","11":"instock","12":"shipping-taxable","13":"purchasable","14":"product-type-variable"},"acf":[],"_links":{"self":[{"href":"https:\/\/store.evolve-fitness.eu\/de\/wp-json\/wp\/v2\/product\/102879","targetHints":{"allow":["GET"]}}],"collection":[{"href":"https:\/\/store.evolve-fitness.eu\/de\/wp-json\/wp\/v2\/product"}],"about":[{"href":"https:\/\/store.evolve-fitness.eu\/de\/wp-json\/wp\/v2\/types\/product"}],"wp:featuredmedia":[{"embeddable":true,"href":"https:\/\/store.evolve-fitness.eu\/de\/wp-json\/wp\/v2\/media\/103594"}],"wp:attachment":[{"href":"https:\/\/store.evolve-fitness.eu\/de\/wp-json\/wp\/v2\/media?parent=102879"}],"wp:term":[{"taxonomy":"product_cat","embeddable":true,"href":"https:\/\/store.evolve-fitness.eu\/de\/wp-json\/wp\/v2\/product_cat?post=102879"},{"taxonomy":"product_tag","embeddable":true,"href":"https:\/\/store.evolve-fitness.eu\/de\/wp-json\/wp\/v2\/product_tag?post=102879"}],"curies":[{"name":"wp","href":"https:\/\/api.w.org\/{rel}","templated":true}]}}