{"id":102535,"date":"2025-01-07T15:36:43","date_gmt":"2025-01-07T15:36:43","guid":{"rendered":"https:\/\/store.evolve-fitness.eu\/?post_type=product&#038;p=102535"},"modified":"2026-02-10T12:02:19","modified_gmt":"2026-02-10T12:02:19","slug":"evolve-ultra-serie-1-stack-multigym","status":"publish","type":"product","link":"https:\/\/store.evolve-fitness.eu\/de\/produkt\/evolve-ultra-serie-1-stack-multigym\/","title":{"rendered":"Evolve Ultra Serie 1 Stack Multigym"},"content":{"rendered":"\n<section class=\"wp-block-group alignfull black-content has-white-color has-darkgray-background-color has-text-color has-background is-layout-constrained wp-block-group-is-layout-constrained\" style=\"padding-top:var(--wp--preset--spacing--section-bottom);padding-bottom:var(--wp--preset--spacing--section-bottom)\">\n<div class=\"wp-block-columns alignwide is-layout-flex wp-container-core-columns-is-layout-c45ee707 wp-block-columns-is-layout-flex\" style=\"margin-bottom:var(--wp--preset--spacing--side-padding);padding-top:var(--wp--preset--spacing--side-padding)\">\n<div class=\"wp-block-column is-vertically-aligned-center is-layout-flow wp-block-column-is-layout-flow\">\n<h3 class=\"wp-block-heading\"><strong>DOPPELT PULVERBESCHICHTET<\/strong><\/h3>\n\n\n\n<p><strong><em><strong><em>Elektrostatisch pulverbeschichtet<\/em><\/strong><\/em><\/strong><\/p>\n\n\n\n<p style=\"margin-bottom:var(--wp--preset--spacing--tb-section-padding)\">Die Evolve Ultra Series Kraftmaschinen mit einem elektrostatisch pulverbeschichteten, perlschwarzen, matten Rahmen sind ein Beispiel f\u00fcr Form und Funktion. Seine \u00c4sthetik wird durch die matte schwarze Oberfl\u00e4che unterstrichen, w\u00e4hrend seine praktischen Eigenschaften wie Reibungswiderstand, Korrosionsschutz und Kratzfestigkeit sicherstellen, dass er ein zuverl\u00e4ssiger und langlebiger Fitnessbegleiter ist.<\/p>\n\n\n\n<h3 class=\"wp-block-heading\" style=\"margin-bottom:var(--wp--preset--spacing--h-3-bottom)\">IHREN RAUM BEWAHREN<\/h3>\n\n\n\n<p><strong><em><strong><em>Gummipads f\u00fcr Bodenschutz<\/em><\/strong><\/em><\/strong><\/p>\n\n\n\n<p>Sorgen Sie mit Rubber Pads f\u00fcr eine saubere und besch\u00e4digungsfreie Trainingsumgebung. Fitnessstudiobesitzer wissen, wie wichtig es ist, den Boden ihres Studios zu erhalten. Unsere gummibeschichteten F\u00fc\u00dfe sch\u00fctzen Ihren Bodenbelag vor Kratzern und potenziellen Sch\u00e4den und machen die Ultra-Serie zur ersten Wahl f\u00fcr Fitnessstudiobesitzer, die ihren Raum sch\u00fctzen m\u00f6chten.<\/p>\n<\/div>\n\n\n\n<div class=\"wp-block-column is-vertically-aligned-center is-layout-flow wp-block-column-is-layout-flow\">\n<figure class=\"wp-block-image size-large\"><img decoding=\"async\" src=\"https:\/\/evolve-fitness.eu\/wp-content\/uploads\/2023\/08\/EV-SC-UL-240-14-683x1024.jpg\" alt=\"\" class=\"wp-image-167371\"\/><\/figure>\n<\/div>\n<\/div>\n\n\n\n<div class=\"wp-block-columns alignwide are-vertically-aligned-center mobile-reverse is-layout-flex wp-container-core-columns-is-layout-e8158c2f wp-block-columns-is-layout-flex\" style=\"padding-top:var(--wp--preset--spacing--side-padding)\">\n<div class=\"wp-block-column is-vertically-aligned-center is-layout-flow wp-block-column-is-layout-flow\">\n<figure class=\"wp-block-image size-large\"><img decoding=\"async\" src=\"https:\/\/evolve-fitness.eu\/wp-content\/uploads\/2023\/08\/ev-sc-ul-240-1-1024x683.jpg\" alt=\"\" class=\"wp-image-167346\"\/><\/figure>\n<\/div>\n\n\n\n<div class=\"wp-block-column is-vertically-aligned-center is-layout-flow wp-block-column-is-layout-flow\">\n<h3 class=\"wp-block-heading\" style=\"margin-bottom:var(--wp--preset--spacing--h-3-bottom)\"><strong>Optimale Griffe<\/strong><\/h3>\n\n\n\n<p><strong><em><strong><em>Das Fitnesserlebnis verbessern<\/em><\/strong><\/em><\/strong><\/p>\n\n\n\n<p style=\"margin-bottom:var(--wp--preset--spacing--tb-section-padding)\">Die Gewinnung und Bindung von Kunden ist f\u00fcr Fitnessstudiobesitzer und Leiter von Fitnesseinrichtungen von entscheidender Bedeutung. Die Evolve Ultra Serie bietet optimale Handgriffe, die sorgf\u00e4ltig f\u00fcr Komfort und Sicherheit entwickelt wurden. Verbessern Sie das Trainingserlebnis Ihrer Kunden und sorgen Sie daf\u00fcr, dass sie engagiert und motiviert bleiben, um ihre Fitnessziele in Ihrer Einrichtung zu erreichen.<\/p>\n\n\n\n<h3 class=\"wp-block-heading\" style=\"margin-bottom:var(--wp--preset--spacing--h-3-bottom)\">Sicherheit trifft auf Stil<\/h3>\n\n\n\n<p><strong><em>Vollst\u00e4ndig abgedeckte Gewichtsstapelabdeckung<\/em><\/strong><\/p>\n\n\n\n<p>F\u00fcr Fitnessstudiobesitzer und -unternehmer sind Sicherheit und \u00c4sthetik von gr\u00f6\u00dfter Bedeutung. Die Evolve Ultra Series verf\u00fcgt \u00fcber eine vollst\u00e4ndig abgedeckte Gewichtsstapelabdeckung, die Sicherheit und Stil nahtlos miteinander verbindet. Durch die Verbesserung der Sicherheit und die Vermeidung von Unf\u00e4llen bei gleichzeitiger Reinhaltung des Fitnessraums ist diese Abdeckhaube eine unverzichtbare Erg\u00e4nzung f\u00fcr jede Fitnesseinrichtung. Erh\u00f6hen Sie die visuelle Attraktivit\u00e4t Ihres Fitnessstudios und achten Sie gleichzeitig auf die Sicherheit Ihrer Kunden bei jeder Trainingseinheit.<\/p>\n<\/div>\n<\/div>\n<\/section>\n","protected":false},"excerpt":{"rendered":"<p>Die Evolve Ultra Series 1 Stack Multigym (EV-SC-UL-012) ist eine vielseitige und kompakte Fitnessl\u00f6sung, die ein Ganzk\u00f6rpertraining bequem von zu Hause aus oder im Fitnessstudio erm\u00f6glicht. Diese auf Langlebigkeit und Benutzerfreundlichkeit ausgelegte Kraftstation richtet sich an Fitnessbegeisterte aller Niveaus und bietet eine Vielzahl von \u00dcbungen, die die wichtigsten Muskelgruppen effizient ansprechen. <\/p>\n","protected":false},"featured_media":102564,"template":"","meta":{"_acf_changed":false,"inline_featured_image":false},"product_cat":[118,164,165],"product_tag":[],"class_list":{"0":"post-102535","1":"product","2":"type-product","3":"status-publish","4":"has-post-thumbnail","6":"product_cat-hauptseite","7":"product_cat-selektorisierte-maschinen","8":"product_cat-ultra-series-selektiert","10":"first","11":"instock","12":"shipping-taxable","13":"purchasable","14":"product-type-simple"},"acf":[],"_links":{"self":[{"href":"https:\/\/store.evolve-fitness.eu\/de\/wp-json\/wp\/v2\/product\/102535","targetHints":{"allow":["GET"]}}],"collection":[{"href":"https:\/\/store.evolve-fitness.eu\/de\/wp-json\/wp\/v2\/product"}],"about":[{"href":"https:\/\/store.evolve-fitness.eu\/de\/wp-json\/wp\/v2\/types\/product"}],"wp:featuredmedia":[{"embeddable":true,"href":"https:\/\/store.evolve-fitness.eu\/de\/wp-json\/wp\/v2\/media\/102564"}],"wp:attachment":[{"href":"https:\/\/store.evolve-fitness.eu\/de\/wp-json\/wp\/v2\/media?parent=102535"}],"wp:term":[{"taxonomy":"product_cat","embeddable":true,"href":"https:\/\/store.evolve-fitness.eu\/de\/wp-json\/wp\/v2\/product_cat?post=102535"},{"taxonomy":"product_tag","embeddable":true,"href":"https:\/\/store.evolve-fitness.eu\/de\/wp-json\/wp\/v2\/product_tag?post=102535"}],"curies":[{"name":"wp","href":"https:\/\/api.w.org\/{rel}","templated":true}]}}