{"id":102384,"date":"2025-01-07T14:59:36","date_gmt":"2025-01-07T14:59:36","guid":{"rendered":"https:\/\/store.evolve-fitness.eu\/?post_type=product&#038;p=102384"},"modified":"2025-12-30T12:00:25","modified_gmt":"2025-12-30T12:00:25","slug":"evolve-ultra-series-serie-selektorisiertes-doppelkabelkreuz","status":"publish","type":"product","link":"https:\/\/store.evolve-fitness.eu\/de\/produkt\/evolve-ultra-series-serie-selektorisiertes-doppelkabelkreuz\/","title":{"rendered":"Evolve Ultra Series Serie Selektorisiertes Doppelkabelkreuz"},"content":{"rendered":"\n<section class=\"wp-block-group alignfull black-content has-white-color has-darkgray-background-color has-text-color has-background is-layout-constrained wp-block-group-is-layout-constrained\" style=\"padding-top:var(--wp--preset--spacing--section-bottom);padding-bottom:var(--wp--preset--spacing--section-bottom)\">\n<section class=\"wp-block-group alignfull black-content has-white-color has-darkgray-background-color has-text-color has-background is-layout-constrained wp-block-group-is-layout-constrained\" style=\"margin-bottom:0;padding-top:var(--wp--preset--spacing--tb-padding);padding-bottom:var(--wp--preset--spacing--tb-padding)\">\n<div class=\"wp-block-columns alignwide mobile-reverse is-layout-flex wp-container-core-columns-is-layout-7a02faa9 wp-block-columns-is-layout-flex\" style=\"margin-bottom:var(--wp--preset--spacing--tb-section-padding)\">\n<div class=\"wp-block-column is-vertically-aligned-center is-layout-flow wp-block-column-is-layout-flow\">\n<h3 class=\"wp-block-heading\" style=\"margin-bottom:var(--wp--preset--spacing--h-3-bottom)\"><strong><strong><strong><strong><strong><strong><strong><strong><strong>Umfassendes Ganzk\u00f6rpertraining<\/strong><\/strong><\/strong><\/strong><\/strong><\/strong><\/strong><\/strong><\/strong><\/h3>\n\n\n\n<p><strong><em><strong><strong><strong><strong><strong><strong>Anpassbare Widerstandsf\u00e4higkeit und Vielseitigkeit<\/strong><\/strong><\/strong><\/strong><\/strong><\/strong><\/em><\/strong><\/p>\n\n\n\n<p>Das <strong>Evolve Ultra Series Selectorized Dual Cable Cross<\/strong> wurde entwickelt, um ein dynamisches und vielseitiges Training zu erm\u00f6glichen. Mit seinen verstellbaren Umlenkrollen und dem anpassbaren Widerstand erm\u00f6glicht dieses Ger\u00e4t eine Vielzahl von Bewegungen, die mehrere Muskelgruppen ansprechen, darunter Brust, R\u00fccken, Schultern, Arme und Rumpf. Das Design mit zwei Kabeln gew\u00e4hrleistet einen vollen Bewegungsumfang und f\u00f6rdert die funktionelle Kraft und Muskelkoordination. Dieses Ger\u00e4t eignet sich sowohl f\u00fcr isolierte \u00dcbungen als auch f\u00fcr zusammengesetzte Bewegungen und ist ein Muss f\u00fcr den Aufbau von Kraft, die Verbesserung der Stabilit\u00e4t und die Steigerung der allgemeinen Fitnessleistung.   <\/p>\n<\/div>\n\n\n\n<div class=\"wp-block-column is-vertically-aligned-center is-layout-flow wp-block-column-is-layout-flow\">\n<figure class=\"wp-block-image size-full\"><img decoding=\"async\" src=\"https:\/\/evolve-fitness.eu\/wp-content\/uploads\/2025\/01\/EV-SC-UL-460-Evolve-Ultra-Series-Series-Selectorized-Dual-Cable-Cross.png\" alt=\"EV-SC-UL-460\" class=\"wp-image-170862\"\/><\/figure>\n<\/div>\n<\/div>\n\n\n\n<div class=\"wp-block-columns alignwide mobile-reverse is-layout-flex wp-container-core-columns-is-layout-ca64bf2d wp-block-columns-is-layout-flex\" style=\"margin-bottom:var(--wp--preset--spacing--side-padding)\">\n<div class=\"wp-block-column is-vertically-aligned-center is-layout-flow wp-block-column-is-layout-flow\"><\/div>\n<\/div>\n<\/section>\n<\/section>\n","protected":false},"excerpt":{"rendered":"<p>Das Evolve Ultra Series Selectorized Dual Cable Cross (EV-SC-UL-460) ist ein vielseitiges und unverzichtbares Ger\u00e4t f\u00fcr jedes Fitnessstudio oder jeden Fitnessbegeisterten. Das aus hochwertigen Materialien gefertigte und f\u00fcr einen reibungslosen Betrieb konzipierte Ger\u00e4t erm\u00f6glicht eine breite Palette von \u00dcbungen und ist damit perfekt f\u00fcr Krafttraining, funktionelle Fitness und Rehabilitation geeignet. Egal ob Sie Anf\u00e4nger oder fortgeschrittener Sportler sind, das Dual Cable Cross wurde entwickelt, um Ihr Training durch Flexibilit\u00e4t, Pr\u00e4zision und Langlebigkeit zu verbessern.  <\/p>\n","protected":false},"featured_media":102413,"template":"","meta":{"_acf_changed":false,"inline_featured_image":false},"product_cat":[118,164,165],"product_tag":[],"class_list":{"0":"post-102384","1":"product","2":"type-product","3":"status-publish","4":"has-post-thumbnail","6":"product_cat-hauptseite","7":"product_cat-selektorisierte-maschinen","8":"product_cat-ultra-series-selektiert","10":"first","11":"outofstock","12":"shipping-taxable","13":"purchasable","14":"product-type-simple"},"acf":[],"_links":{"self":[{"href":"https:\/\/store.evolve-fitness.eu\/de\/wp-json\/wp\/v2\/product\/102384","targetHints":{"allow":["GET"]}}],"collection":[{"href":"https:\/\/store.evolve-fitness.eu\/de\/wp-json\/wp\/v2\/product"}],"about":[{"href":"https:\/\/store.evolve-fitness.eu\/de\/wp-json\/wp\/v2\/types\/product"}],"wp:featuredmedia":[{"embeddable":true,"href":"https:\/\/store.evolve-fitness.eu\/de\/wp-json\/wp\/v2\/media\/102413"}],"wp:attachment":[{"href":"https:\/\/store.evolve-fitness.eu\/de\/wp-json\/wp\/v2\/media?parent=102384"}],"wp:term":[{"taxonomy":"product_cat","embeddable":true,"href":"https:\/\/store.evolve-fitness.eu\/de\/wp-json\/wp\/v2\/product_cat?post=102384"},{"taxonomy":"product_tag","embeddable":true,"href":"https:\/\/store.evolve-fitness.eu\/de\/wp-json\/wp\/v2\/product_tag?post=102384"}],"curies":[{"name":"wp","href":"https:\/\/api.w.org\/{rel}","templated":true}]}}