{"id":102359,"date":"2025-01-07T14:35:40","date_gmt":"2025-01-07T14:35:40","guid":{"rendered":"https:\/\/store.evolve-fitness.eu\/?post_type=product&#038;p=102359"},"modified":"2025-11-03T11:33:10","modified_gmt":"2025-11-03T11:33:10","slug":"evolve-ultra-series-selektorisierte-bauchmuskelmaschine","status":"publish","type":"product","link":"https:\/\/store.evolve-fitness.eu\/de\/produkt\/evolve-ultra-series-selektorisierte-bauchmuskelmaschine\/","title":{"rendered":"Evolve Ultra Series Bauchmuskeltrainingsger\u00e4t (UL-350) mit Auswahlm\u00f6glichkeit"},"content":{"rendered":"\n<section class=\"wp-block-group alignfull black-content has-white-color has-darkgray-background-color has-text-color has-background is-layout-constrained wp-block-group-is-layout-constrained\" style=\"padding-top:var(--wp--preset--spacing--section-bottom);padding-bottom:var(--wp--preset--spacing--section-bottom)\">\n<section class=\"wp-block-group alignfull black-content has-white-color has-darkgray-background-color has-text-color has-background is-layout-constrained wp-block-group-is-layout-constrained\" style=\"margin-bottom:0;padding-top:var(--wp--preset--spacing--tb-padding);padding-bottom:var(--wp--preset--spacing--tb-padding)\">\n<div class=\"wp-block-columns alignwide mobile-reverse is-layout-flex wp-container-core-columns-is-layout-7a02faa9 wp-block-columns-is-layout-flex\" style=\"margin-bottom:var(--wp--preset--spacing--tb-section-padding)\">\n<div class=\"wp-block-column is-vertically-aligned-center is-layout-flow wp-block-column-is-layout-flow\">\n<h3 class=\"wp-block-heading\" style=\"margin-bottom:var(--wp--preset--spacing--h-3-bottom)\"><strong><strong><strong><strong><strong><strong><strong><strong><strong>Isolierung der Kernmuskulatur<\/strong><\/strong><\/strong><\/strong><\/strong><\/strong><\/strong><\/strong><\/strong><\/h3>\n\n\n\n<p><strong><em><strong><strong><strong><strong><strong><strong>Effektive Bauchmuskelkraft und -stabilit\u00e4t<\/strong><\/strong><\/strong><\/strong><\/strong><\/strong><\/em><\/strong><\/p>\n\n\n\n<p>Das <strong>Evolve Ultra Series Selectorized Bauchmuskeltrainingsger\u00e4t<\/strong> wurde speziell f\u00fcr die gezielte Aktivierung der Kernmuskulatur, einschlie\u00dflich des geraden Bauchmuskels und der schr\u00e4gen Bauchmuskeln, entwickelt. Das einstellbare Widerstandssystem erm\u00f6glicht eine progressive \u00dcberlastung, so dass es f\u00fcr Benutzer aller Fitnessstufen geeignet ist. Das ergonomische Design unterst\u00fctzt eine korrekte Form und reduziert das Risiko von \u00dcberlastungen, so dass ein sicheres und effizientes Training gew\u00e4hrleistet ist. Dieses Ger\u00e4t ist ideal f\u00fcr den Aufbau der Rumpfkraft, die Erh\u00f6hung der Stabilit\u00e4t und die Verbesserung der Haltung und ist ein wertvolles Hilfsmittel f\u00fcr einen starken und gut definierten Mittelteil.   <\/p>\n<\/div>\n\n\n\n<div class=\"wp-block-column is-vertically-aligned-center is-layout-flow wp-block-column-is-layout-flow\">\n<figure class=\"wp-block-image size-full\"><img decoding=\"async\" src=\"https:\/\/evolve-fitness.eu\/wp-content\/uploads\/2025\/01\/EV-SC-UL-350-Evolve-Ultra-Series-Selectorized-Abdominal-Machine.png\" alt=\"EV-SC-UL-350\" class=\"wp-image-170837\"\/><\/figure>\n<\/div>\n<\/div>\n<\/section>\n<\/section>\n","protected":false},"excerpt":{"rendered":"<p>Das Evolve Ultra Series Selectorized Abdominal Machine (EV-SC-UL-350) ist ein unverzichtbares Ger\u00e4t f\u00fcr alle, die ihre K\u00f6rpermitte st\u00e4rken und formen m\u00f6chten. Dieses hochwertige Ger\u00e4t wurde im Hinblick auf Benutzerkomfort und Effizienz entwickelt und bietet einen einstellbaren Widerstand und eine ergonomische Unterst\u00fctzung, um ein effektives und sicheres Training zu gew\u00e4hrleisten. Egal, ob Sie Anf\u00e4nger oder erfahrener Fitness-Enthusiast sind, das Bauchmuskeltrainingsger\u00e4t ist perfekt f\u00fcr die Isolierung und den Einsatz der Rumpfmuskulatur geeignet und hilft Ihnen, Ihre Fitnessziele mit Pr\u00e4zision und Leichtigkeit zu erreichen.  <\/p>\n","protected":false},"featured_media":102309,"template":"","meta":{"_acf_changed":false,"inline_featured_image":false},"product_cat":[118,164,165],"product_tag":[],"class_list":{"0":"post-102359","1":"product","2":"type-product","3":"status-publish","4":"has-post-thumbnail","6":"product_cat-hauptseite","7":"product_cat-selektorisierte-maschinen","8":"product_cat-ultra-series-selektiert","10":"first","11":"instock","12":"shipping-taxable","13":"purchasable","14":"product-type-simple"},"acf":[],"_links":{"self":[{"href":"https:\/\/store.evolve-fitness.eu\/de\/wp-json\/wp\/v2\/product\/102359","targetHints":{"allow":["GET"]}}],"collection":[{"href":"https:\/\/store.evolve-fitness.eu\/de\/wp-json\/wp\/v2\/product"}],"about":[{"href":"https:\/\/store.evolve-fitness.eu\/de\/wp-json\/wp\/v2\/types\/product"}],"wp:featuredmedia":[{"embeddable":true,"href":"https:\/\/store.evolve-fitness.eu\/de\/wp-json\/wp\/v2\/media\/102309"}],"wp:attachment":[{"href":"https:\/\/store.evolve-fitness.eu\/de\/wp-json\/wp\/v2\/media?parent=102359"}],"wp:term":[{"taxonomy":"product_cat","embeddable":true,"href":"https:\/\/store.evolve-fitness.eu\/de\/wp-json\/wp\/v2\/product_cat?post=102359"},{"taxonomy":"product_tag","embeddable":true,"href":"https:\/\/store.evolve-fitness.eu\/de\/wp-json\/wp\/v2\/product_tag?post=102359"}],"curies":[{"name":"wp","href":"https:\/\/api.w.org\/{rel}","templated":true}]}}