{"id":102280,"date":"2025-01-07T13:40:04","date_gmt":"2025-01-07T13:40:04","guid":{"rendered":"https:\/\/store.evolve-fitness.eu\/?post_type=product&#038;p=102280"},"modified":"2025-09-25T12:49:45","modified_gmt":"2025-09-25T12:49:45","slug":"evolve-ultra-series-selektorisierter-heckkick","status":"publish","type":"product","link":"https:\/\/store.evolve-fitness.eu\/de\/produkt\/evolve-ultra-series-selektorisierter-heckkick\/","title":{"rendered":"Evolve Ultra Series Selektorisierter Heckkick"},"content":{"rendered":"\n<section class=\"wp-block-group alignfull black-content has-white-color has-darkgray-background-color has-text-color has-background is-layout-constrained wp-block-group-is-layout-constrained\" style=\"padding-top:var(--wp--preset--spacing--section-bottom);padding-bottom:var(--wp--preset--spacing--section-bottom)\">\n<section class=\"wp-block-group alignfull black-content has-white-color has-darkgray-background-color has-text-color has-background is-layout-constrained wp-block-group-is-layout-constrained\" style=\"margin-bottom:0;padding-top:var(--wp--preset--spacing--tb-padding);padding-bottom:var(--wp--preset--spacing--tb-padding)\">\n<div class=\"wp-block-columns alignwide mobile-reverse is-layout-flex wp-container-core-columns-is-layout-7a02faa9 wp-block-columns-is-layout-flex\" style=\"margin-bottom:var(--wp--preset--spacing--tb-section-padding)\">\n<div class=\"wp-block-column is-vertically-aligned-center is-layout-flow wp-block-column-is-layout-flow\">\n<h3 class=\"wp-block-heading\" style=\"margin-bottom:var(--wp--preset--spacing--h-3-bottom)\"><strong><strong><strong><strong><strong><strong><strong><strong><strong>Gezieltes Unterk\u00f6rpertraining<\/strong><\/strong><\/strong><\/strong><\/strong><\/strong><\/strong><\/strong><\/strong><\/h3>\n\n\n\n<p><strong><em><strong><strong><strong><strong><strong><strong>Ges\u00e4\u00df und Oberschenkelmuskulatur st\u00e4rken und formen<\/strong><\/strong><\/strong><\/strong><\/strong><\/strong><\/em><\/strong><\/p>\n\n\n\n<p>Der <strong>Evolve Ultra Series Selectorized Rear Kick<\/strong> wurde f\u00fcr die gezielte Aktivierung der Ges\u00e4\u00df- und Oberschenkelmuskulatur entwickelt und hilft Ihnen, Kraft, Tonus und Balance im Unterk\u00f6rper zu erreichen. Der einstellbare Widerstand erm\u00f6glicht eine progressive \u00dcberlastung und sorgt so f\u00fcr eine kontinuierliche Verbesserung Ihres Fitnessniveaus. Das ergonomische Design des Ger\u00e4ts gew\u00e4hrleistet eine korrekte Ausrichtung und minimiert die Belastung, was ein sicheres und effektives Training erm\u00f6glicht. Ob zur Steigerung der sportlichen Leistung oder zur Verbesserung des Muskeltonus, das Rear Kick Ger\u00e4t bietet ein effizientes und konzentriertes Training f\u00fcr den unteren K\u00f6rperbereich.   <\/p>\n<\/div>\n\n\n\n<div class=\"wp-block-column is-vertically-aligned-center is-layout-flow wp-block-column-is-layout-flow\">\n<figure class=\"wp-block-image size-full\"><img decoding=\"async\" src=\"https:\/\/evolve-fitness.eu\/wp-content\/uploads\/2025\/01\/EV-SC-UL-320-Evolve-Ultra-Series-Selectorized-Rear-Kick.png\" alt=\"EV-SC-UL-320\" class=\"wp-image-170812\"\/><\/figure>\n<\/div>\n<\/div>\n<\/section>\n<\/section>\n","protected":false},"excerpt":{"rendered":"<p>Der Evolve Ultra Series Selectorized Rear Kick (EV-SC-UL-320) ist ein unverzichtbares Ger\u00e4t f\u00fcr alle, die ihren Unterk\u00f6rper st\u00e4rken und straffen m\u00f6chten. Dieses Ger\u00e4t wurde mit Blick auf Pr\u00e4zisionstechnik und Benutzerkomfort entwickelt und bietet sanfte, kontrollierte Bewegungen f\u00fcr ein effektives Training der Ges\u00e4\u00df- und Kniesehnenmuskulatur. Dank des einstellbaren Widerstands und der ergonomischen Unterst\u00fctzung eignet sich das Rear Kick-Ger\u00e4t perfekt f\u00fcr Benutzer aller Fitnessniveaus und ist somit eine unverzichtbare Erg\u00e4nzung f\u00fcr jedes Fitnessstudio oder jeden Heimtrainingsraum.  <\/p>\n","protected":false},"featured_media":102335,"template":"","meta":{"_acf_changed":false,"inline_featured_image":false},"product_cat":[118,164,165],"product_tag":[],"class_list":{"0":"post-102280","1":"product","2":"type-product","3":"status-publish","4":"has-post-thumbnail","6":"product_cat-hauptseite","7":"product_cat-selektorisierte-maschinen","8":"product_cat-ultra-series-selektiert","10":"first","11":"instock","12":"shipping-taxable","13":"purchasable","14":"product-type-simple"},"acf":[],"_links":{"self":[{"href":"https:\/\/store.evolve-fitness.eu\/de\/wp-json\/wp\/v2\/product\/102280","targetHints":{"allow":["GET"]}}],"collection":[{"href":"https:\/\/store.evolve-fitness.eu\/de\/wp-json\/wp\/v2\/product"}],"about":[{"href":"https:\/\/store.evolve-fitness.eu\/de\/wp-json\/wp\/v2\/types\/product"}],"wp:featuredmedia":[{"embeddable":true,"href":"https:\/\/store.evolve-fitness.eu\/de\/wp-json\/wp\/v2\/media\/102335"}],"wp:attachment":[{"href":"https:\/\/store.evolve-fitness.eu\/de\/wp-json\/wp\/v2\/media?parent=102280"}],"wp:term":[{"taxonomy":"product_cat","embeddable":true,"href":"https:\/\/store.evolve-fitness.eu\/de\/wp-json\/wp\/v2\/product_cat?post=102280"},{"taxonomy":"product_tag","embeddable":true,"href":"https:\/\/store.evolve-fitness.eu\/de\/wp-json\/wp\/v2\/product_tag?post=102280"}],"curies":[{"name":"wp","href":"https:\/\/api.w.org\/{rel}","templated":true}]}}