{"id":102076,"date":"2025-01-07T13:14:34","date_gmt":"2025-01-07T13:14:34","guid":{"rendered":"https:\/\/store.evolve-fitness.eu\/?post_type=product&#038;p=102076"},"modified":"2025-09-25T12:48:57","modified_gmt":"2025-09-25T12:48:57","slug":"evolve-ultra-series-plate-loaded-pec-fly-1","status":"publish","type":"product","link":"https:\/\/store.evolve-fitness.eu\/de\/produkt\/evolve-ultra-series-plate-loaded-pec-fly-1\/","title":{"rendered":"Evolve Ultra Series Plate Loaded Pec Fly"},"content":{"rendered":"\n<section class=\"wp-block-group alignfull black-content has-white-color has-darkgray-background-color has-text-color has-background is-layout-constrained wp-block-group-is-layout-constrained\" style=\"padding-top:var(--wp--preset--spacing--section-bottom);padding-bottom:var(--wp--preset--spacing--section-bottom)\">\n<section class=\"wp-block-group alignfull black-content has-white-color has-darkgray-background-color has-text-color has-background is-layout-constrained wp-block-group-is-layout-constrained\" style=\"margin-bottom:0;padding-top:var(--wp--preset--spacing--tb-padding);padding-bottom:var(--wp--preset--spacing--tb-padding)\">\n<div class=\"wp-block-columns alignwide mobile-reverse is-layout-flex wp-container-core-columns-is-layout-7a02faa9 wp-block-columns-is-layout-flex\" style=\"margin-bottom:var(--wp--preset--spacing--tb-section-padding)\">\n<div class=\"wp-block-column is-vertically-aligned-center is-layout-flow wp-block-column-is-layout-flow\">\n<h3 class=\"wp-block-heading\" style=\"margin-bottom:var(--wp--preset--spacing--h-3-bottom)\"><strong><strong><strong><strong><strong><strong><strong><strong><strong>Pr\u00e4zisions-Brustkorb-Isolierung<\/strong><\/strong><\/strong><\/strong><\/strong><\/strong><\/strong><\/strong><\/strong><\/h3>\n\n\n\n<p><strong><em><strong><strong><strong><strong><strong><strong>Verbesserte Kraft und Muskeldefinition<\/strong><\/strong><\/strong><\/strong><\/strong><\/strong><\/em><\/strong><\/p>\n\n\n\n<p>Die <strong>Evolve Ultra Series Plate-Loaded Pec Fly<\/strong> wurde von Experten entwickelt, um die Brustmuskeln gezielt zu aktivieren und so die Entwicklung der Brust zu f\u00f6rdern. Indem es die Arme durch eine kontrollierte Bogenbewegung f\u00fchrt, isoliert dieses Ger\u00e4t die inneren und \u00e4u\u00dferen Brustmuskeln f\u00fcr ein ausgewogenes Wachstum und eine verbesserte Definition. Die sekund\u00e4re Einbeziehung der Schultern und Oberarme sorgt f\u00fcr ein abgerundetes Training des Oberk\u00f6rpers. Dank des ergonomischen Designs und der verstellbaren Einstellungen k\u00f6nnen Benutzer aller Fitnessniveaus eine korrekte Form und Ausrichtung erreichen und so die Effektivit\u00e4t jeder Wiederholung maximieren. Ob f\u00fcr den Aufbau von Kraft oder die Verbesserung des Muskeltonus, der Pec Fly ist ein unverzichtbares Werkzeug, um einen wohlgeformten Oberk\u00f6rper zu erreichen.    <\/p>\n<\/div>\n\n\n\n<div class=\"wp-block-column is-vertically-aligned-center is-layout-flow wp-block-column-is-layout-flow\">\n<figure class=\"wp-block-image size-full\"><img decoding=\"async\" src=\"https:\/\/evolve-fitness.eu\/wp-content\/uploads\/2025\/01\/EV-PL-UL-490-Evolve-Ultra-Series-Plate-Loaded-Pec-Fly.png\" alt=\"EV-PL-UL-490\" class=\"wp-image-170653\"\/><\/figure>\n<\/div>\n<\/div>\n\n\n\n<div class=\"wp-block-columns alignwide mobile-reverse is-layout-flex wp-container-core-columns-is-layout-ca64bf2d wp-block-columns-is-layout-flex\" style=\"margin-bottom:var(--wp--preset--spacing--side-padding)\">\n<div class=\"wp-block-column is-vertically-aligned-center is-layout-flow wp-block-column-is-layout-flow\"><\/div>\n<\/div>\n<\/section>\n<\/section>\n","protected":false},"excerpt":{"rendered":"<p>Die Evolve Ultra Series Plate-Loaded Pec Fly (EV-PL-UL-490) ist eine erstklassige Erg\u00e4nzung f\u00fcr jeden Fitnessbegeisterten oder Fitnessstudiobesitzer. Dieses pr\u00e4zise konstruierte und langlebige Ger\u00e4t bietet Ihnen ein au\u00dfergew\u00f6hnliches Krafttrainingserlebnis. Ganz gleich, ob Sie ein erfahrener Heber sind oder gerade erst mit Ihrer Fitnessreise beginnen, der Pec Fly wurde entwickelt, um Ihnen zu helfen, die Brustmuskeln mit Leichtigkeit und Effizienz zu isolieren und zu entwickeln, was ihn zu einem unverzichtbaren Hilfsmittel macht, um Ihre Fitnessziele f\u00fcr den Oberk\u00f6rper zu erreichen.  <\/p>\n","protected":false},"featured_media":102109,"template":"","meta":{"_acf_changed":false,"inline_featured_image":false},"product_cat":[118,134,135],"product_tag":[],"class_list":{"0":"post-102076","1":"product","2":"type-product","3":"status-publish","4":"has-post-thumbnail","6":"product_cat-hauptseite","7":"product_cat-maschinen-mit-plattenbeladung","8":"product_cat-ultra-series-platte-belastet","10":"first","11":"instock","12":"shipping-taxable","13":"purchasable","14":"product-type-simple"},"acf":[],"_links":{"self":[{"href":"https:\/\/store.evolve-fitness.eu\/de\/wp-json\/wp\/v2\/product\/102076","targetHints":{"allow":["GET"]}}],"collection":[{"href":"https:\/\/store.evolve-fitness.eu\/de\/wp-json\/wp\/v2\/product"}],"about":[{"href":"https:\/\/store.evolve-fitness.eu\/de\/wp-json\/wp\/v2\/types\/product"}],"wp:featuredmedia":[{"embeddable":true,"href":"https:\/\/store.evolve-fitness.eu\/de\/wp-json\/wp\/v2\/media\/102109"}],"wp:attachment":[{"href":"https:\/\/store.evolve-fitness.eu\/de\/wp-json\/wp\/v2\/media?parent=102076"}],"wp:term":[{"taxonomy":"product_cat","embeddable":true,"href":"https:\/\/store.evolve-fitness.eu\/de\/wp-json\/wp\/v2\/product_cat?post=102076"},{"taxonomy":"product_tag","embeddable":true,"href":"https:\/\/store.evolve-fitness.eu\/de\/wp-json\/wp\/v2\/product_tag?post=102076"}],"curies":[{"name":"wp","href":"https:\/\/api.w.org\/{rel}","templated":true}]}}