{"id":102025,"date":"2025-01-07T13:07:05","date_gmt":"2025-01-07T13:07:05","guid":{"rendered":"https:\/\/store.evolve-fitness.eu\/?post_type=product&#038;p=102025"},"modified":"2025-09-25T12:48:33","modified_gmt":"2025-09-25T12:48:33","slug":"evolve-ultra-series-plate-loaded-iso-lateral-bench-press-1","status":"publish","type":"product","link":"https:\/\/store.evolve-fitness.eu\/de\/produkt\/evolve-ultra-series-plate-loaded-iso-lateral-bench-press-1\/","title":{"rendered":"Evolve Ultra Series Plate Loaded Iso-Lateral Bench Press"},"content":{"rendered":"\n<p><\/p>\n\n<section class=\"wp-block-group alignfull black-content has-white-color has-darkgray-background-color has-text-color has-background is-layout-constrained wp-block-group-is-layout-constrained\" style=\"padding-top:var(--wp--preset--spacing--section-bottom);padding-bottom:var(--wp--preset--spacing--section-bottom)\">\n<h1 class=\"wp-block-heading has-text-align-center\" style=\"padding-top:var(--wp--preset--spacing--section-title-bottom);padding-bottom:var(--wp--preset--spacing--section-title-bottom)\"><strong><strong><strong>EVOLVE PLATE LOADED ULTRA SERIES<\/strong><\/strong><\/strong> Iso-Laterales Bankdr\u00fccken<\/h1>\n\n\n\n<section class=\"wp-block-group alignfull black-content has-white-color has-darkgray-background-color has-text-color has-background is-layout-constrained wp-block-group-is-layout-constrained\" style=\"margin-bottom:0;padding-top:var(--wp--preset--spacing--tb-padding);padding-bottom:var(--wp--preset--spacing--tb-padding)\">\n<div class=\"wp-block-columns alignwide mobile-reverse is-layout-flex wp-container-core-columns-is-layout-035fa626 wp-block-columns-is-layout-flex\" style=\"margin-bottom:var(--wp--preset--spacing--side-padding);padding-top:var(--wp--preset--spacing--tb-padding);padding-bottom:var(--wp--preset--spacing--tb-padding)\">\n<div class=\"wp-block-column is-vertically-aligned-center is-layout-flow wp-block-column-is-layout-flow\">\n<figure class=\"wp-block-image size-full is-resized is-style-rounded\"><img loading=\"lazy\" decoding=\"async\" width=\"810\" height=\"810\" src=\"https:\/\/store.evolve-fitness.eu\/wp-content\/uploads\/2024\/05\/Dizainas-be-pavadinimo-98.png\" alt=\"\" class=\"wp-image-63283\" style=\"aspect-ratio:1.1333333333333333;object-fit:cover;width:860px;height:auto\" srcset=\"https:\/\/store.evolve-fitness.eu\/wp-content\/uploads\/2024\/05\/Dizainas-be-pavadinimo-98.png 810w, https:\/\/store.evolve-fitness.eu\/wp-content\/uploads\/2024\/05\/Dizainas-be-pavadinimo-98-300x300.png 300w, https:\/\/store.evolve-fitness.eu\/wp-content\/uploads\/2024\/05\/Dizainas-be-pavadinimo-98-150x150.png 150w, https:\/\/store.evolve-fitness.eu\/wp-content\/uploads\/2024\/05\/Dizainas-be-pavadinimo-98-768x768.png 768w, https:\/\/store.evolve-fitness.eu\/wp-content\/uploads\/2024\/05\/Dizainas-be-pavadinimo-98-600x600.png 600w, https:\/\/store.evolve-fitness.eu\/wp-content\/uploads\/2024\/05\/Dizainas-be-pavadinimo-98-100x100.png 100w\" sizes=\"auto, (max-width: 810px) 100vw, 810px\" \/><\/figure>\n<\/div>\n\n\n\n<div class=\"wp-block-column is-vertically-aligned-center is-layout-flow wp-block-column-is-layout-flow\">\n<h3 class=\"wp-block-heading\" style=\"margin-bottom:var(--wp--preset--spacing--h-3-bottom)\"><strong><strong><strong><strong><strong><strong>GEZIELTER EINSATZ DER MUSKELN<\/strong><\/strong><\/strong><\/strong><\/strong><\/strong><\/h3>\n\n\n\n<p><strong><em><strong><strong><strong><strong><strong><strong><strong><strong><strong><em><strong>Unilaterale Armbewegung (bei einigen Ger\u00e4ten verf\u00fcgbar)<\/strong><\/em><\/strong><\/strong><\/strong><\/strong><\/strong><\/strong><\/strong><\/strong><\/strong><\/em><\/strong><\/p>\n\n\n\n<p style=\"margin-bottom:var(--wp--preset--spacing--tb-section-padding)\">Das Evolve Ultra Series Plate-Loaded Iso-Lateral Bench Press bietet ein umfassendes Training f\u00fcr den Oberk\u00f6rper, indem es mehrere Muskelgruppen gleichzeitig anspricht. Mit seinem innovativen Design zielt es effektiv auf die Brust, die Schultern und den Trizeps ab und f\u00f6rdert eine ausgewogene Entwicklung und Kraft. Die iso-laterale Bewegung erm\u00f6glicht eine unabh\u00e4ngige Armbewegung, die sicherstellt, dass jede Seite des K\u00f6rpers gleichm\u00e4\u00dfig beansprucht wird. Dieses Ger\u00e4t bietet einen einstellbaren Widerstand, der sich an unterschiedliche Fitnessniveaus und Trainingsziele anpasst, und eignet sich daher f\u00fcr Anf\u00e4nger und fortgeschrittene Sportler gleicherma\u00dfen. Durch die F\u00f6rderung einer korrekten Form und Technik tr\u00e4gt das iso-laterale Bankdr\u00fccken zur Verbesserung von Kraft, Stabilit\u00e4t und der gesamten Oberk\u00f6rperfunktion bei. Das ergonomische Design minimiert die Belastung der Gelenke und sorgt f\u00fcr ein sicheres und effizientes Trainingserlebnis. Ganz gleich, ob Sie Muskelmasse aufbauen, Ihre Kraft steigern oder Ihre Ausdauer verbessern m\u00f6chten. Das Iso-Lateral Bench Press bietet eine effektive und vielseitige L\u00f6sung, um Ihre Fitnessziele zu erreichen. <\/p>\n\n\n\n<h3 class=\"wp-block-heading\" style=\"margin-bottom:var(--wp--preset--spacing--h-3-bottom)\"><strong><strong><strong><strong><strong><strong><strong><strong><strong><br\/>EINSTELLBARER WIDERSTAND<\/strong><\/strong><\/strong><\/strong><\/strong><\/strong><\/strong><\/strong><\/strong><\/h3>\n\n\n\n<p><strong><em><strong><strong><strong><strong><strong><strong><em><strong>Anpassbare Gewichtsstapel<\/strong><\/em><\/strong><\/strong><\/strong><\/strong><\/strong><\/strong><\/em><\/strong><\/p>\n\n\n\n<p style=\"margin-bottom:var(--wp--preset--spacing--tb-section-padding)\">Der Benutzer kann den Widerstand durch Hinzuf\u00fcgen oder Entfernen von Gewichtsplatten leicht anpassen und so ein ma\u00dfgeschneidertes Training durchf\u00fchren, das auf die individuelle Wadenst\u00e4rke und -entwicklung abgestimmt ist. Egal, ob Sie Ihre Wadenausdauer oder Ihre Kraft verbessern wollen, der einstellbare Widerstand bietet Ihnen die M\u00f6glichkeit, sich an verschiedene Trainingsziele anzupassen.<\/p>\n<\/div>\n<\/div>\n\n\n\n<div class=\"wp-block-columns alignwide mobile-reverse is-layout-flex wp-container-core-columns-is-layout-7a02faa9 wp-block-columns-is-layout-flex\" style=\"margin-bottom:var(--wp--preset--spacing--tb-section-padding)\">\n<div class=\"wp-block-column is-vertically-aligned-center is-layout-flow wp-block-column-is-layout-flow\">\n<h3 class=\"wp-block-heading\" style=\"margin-bottom:var(--wp--preset--spacing--h-3-bottom)\"><strong><strong><strong><strong><strong><strong><strong><strong><strong>KOMFORTABLES DESIGN<\/strong><\/strong><\/strong><\/strong><\/strong><\/strong><\/strong><\/strong><\/strong><\/h3>\n\n\n\n<p><strong><em><strong><strong><strong><strong><strong><strong><em><strong>Ergonomische Polsterung und Griffe<\/strong><\/em><\/strong><\/strong><\/strong><\/strong><\/strong><\/strong><\/em><\/strong><\/p>\n\n\n\n<p style=\"margin-bottom:var(--wp--preset--spacing--tb-section-padding)\">Entwickelt mit Blick auf den Benutzerkomfort. Die Seated Calf Raise Maschine verf\u00fcgt \u00fcber ergonomische Polster und Griffe, die die richtige Positionierung der Beine und die Unterst\u00fctzung w\u00e4hrend der \u00dcbungen f\u00f6rdern. <\/p>\n\n\n\n<h3 class=\"wp-block-heading\"><strong><strong>KOMPAKTE STANDFL\u00c4CHE<\/strong><\/strong><\/h3>\n\n\n\n<p><strong><em><strong><strong><em><strong>Platzsparendes Design<\/strong><\/em><\/strong><\/strong><\/em><\/strong><\/p>\n\n\n\n<p>Trotz ihrer Funktionalit\u00e4t ist die Standing Leg Curl Maschine sehr kompakt und eignet sich daher auch f\u00fcr Personen mit begrenztem Trainingsraum. Sein stromlinienf\u00f6rmiges Design maximiert die Raumeffizienz, ohne die Funktionalit\u00e4t zu beeintr\u00e4chtigen, und gew\u00e4hrleistet einen optimierten Trainingsbereich f\u00fcr ein effektives Hamstring-Training.<\/p>\n<\/div>\n\n\n\n<div class=\"wp-block-column is-vertically-aligned-center is-layout-flow wp-block-column-is-layout-flow\">\n<figure class=\"wp-block-image size-full is-resized is-style-rounded\"><img loading=\"lazy\" decoding=\"async\" width=\"810\" height=\"810\" src=\"https:\/\/store.evolve-fitness.eu\/wp-content\/uploads\/2024\/05\/Dizainas-be-pavadinimo-99.png\" alt=\"\" class=\"wp-image-63308\" style=\"aspect-ratio:1.1333333333333333;object-fit:cover;width:899px;height:auto\" srcset=\"https:\/\/store.evolve-fitness.eu\/wp-content\/uploads\/2024\/05\/Dizainas-be-pavadinimo-99.png 810w, https:\/\/store.evolve-fitness.eu\/wp-content\/uploads\/2024\/05\/Dizainas-be-pavadinimo-99-300x300.png 300w, https:\/\/store.evolve-fitness.eu\/wp-content\/uploads\/2024\/05\/Dizainas-be-pavadinimo-99-150x150.png 150w, https:\/\/store.evolve-fitness.eu\/wp-content\/uploads\/2024\/05\/Dizainas-be-pavadinimo-99-768x768.png 768w, https:\/\/store.evolve-fitness.eu\/wp-content\/uploads\/2024\/05\/Dizainas-be-pavadinimo-99-600x600.png 600w, https:\/\/store.evolve-fitness.eu\/wp-content\/uploads\/2024\/05\/Dizainas-be-pavadinimo-99-100x100.png 100w\" sizes=\"auto, (max-width: 810px) 100vw, 810px\" \/><\/figure>\n<\/div>\n<\/div>\n\n\n\n<div class=\"wp-block-columns alignwide mobile-reverse is-layout-flex wp-container-core-columns-is-layout-7a02faa9 wp-block-columns-is-layout-flex\" style=\"margin-bottom:var(--wp--preset--spacing--tb-section-padding)\">\n<div class=\"wp-block-column is-vertically-aligned-center is-layout-flow wp-block-column-is-layout-flow\">\n<figure class=\"wp-block-image alignleft size-full is-resized is-style-rounded\"><img loading=\"lazy\" decoding=\"async\" width=\"810\" height=\"810\" src=\"https:\/\/store.evolve-fitness.eu\/wp-content\/uploads\/2024\/05\/Dizainas-be-pavadinimo-100.png\" alt=\"\" class=\"wp-image-63333\" style=\"aspect-ratio:1.1333333333333333;object-fit:cover;width:829px;height:auto\" srcset=\"https:\/\/store.evolve-fitness.eu\/wp-content\/uploads\/2024\/05\/Dizainas-be-pavadinimo-100.png 810w, https:\/\/store.evolve-fitness.eu\/wp-content\/uploads\/2024\/05\/Dizainas-be-pavadinimo-100-300x300.png 300w, https:\/\/store.evolve-fitness.eu\/wp-content\/uploads\/2024\/05\/Dizainas-be-pavadinimo-100-150x150.png 150w, https:\/\/store.evolve-fitness.eu\/wp-content\/uploads\/2024\/05\/Dizainas-be-pavadinimo-100-768x768.png 768w, https:\/\/store.evolve-fitness.eu\/wp-content\/uploads\/2024\/05\/Dizainas-be-pavadinimo-100-600x600.png 600w, https:\/\/store.evolve-fitness.eu\/wp-content\/uploads\/2024\/05\/Dizainas-be-pavadinimo-100-100x100.png 100w\" sizes=\"auto, (max-width: 810px) 100vw, 810px\" \/><\/figure>\n<\/div>\n\n\n\n<div class=\"wp-block-column is-vertically-aligned-center is-layout-flow wp-block-column-is-layout-flow\">\n<h3 class=\"wp-block-heading\" style=\"margin-bottom:var(--wp--preset--spacing--h-3-bottom)\"><strong><strong><strong><strong><strong><strong><strong><strong>LASTING FINISH<\/strong><\/strong><\/strong><\/strong><\/strong><\/strong><\/strong><\/strong><\/h3>\n\n\n\n<p><strong><em><strong><strong><strong><strong><strong><em><strong>Elektrostatisches Spritzen von duroplastischen Pulvern<\/strong><\/em><\/strong><\/strong><\/strong><\/strong><\/strong><\/em><\/strong><\/p>\n\n\n\n<p style=\"margin-bottom:var(--wp--preset--spacing--tb-section-padding)\">Unsere Maschinen verf\u00fcgen \u00fcber eine elektrostatische Duroplast-Pulver-Spr\u00fchtechnologie, die eine dauerhafte Oberfl\u00e4che gew\u00e4hrleistet. Diese fortschrittliche Beschichtung bewahrt das optische Erscheinungsbild des Ger\u00e4ts im Laufe der Zeit.<\/p>\n<\/div>\n<\/div>\n\n\n\n<div class=\"wp-block-columns alignwide mobile-reverse is-layout-flex wp-container-core-columns-is-layout-ca64bf2d wp-block-columns-is-layout-flex\" style=\"margin-bottom:var(--wp--preset--spacing--side-padding)\">\n<div class=\"wp-block-column is-vertically-aligned-center is-layout-flow wp-block-column-is-layout-flow\"><\/div>\n<\/div>\n<\/section>\n<\/section>\n","protected":false},"excerpt":{"rendered":"<p>Erleben Sie das ultimative Krafttraining mit dem Evolve Ultra Series Plate V-Squat, UL-380, einem Fitnessger\u00e4t der Spitzenklasse, das sowohl auf Haltbarkeit als auch auf Leistung ausgelegt ist. Dieses Ger\u00e4t verf\u00fcgt \u00fcber organisierte Hantelscheibenablagen, die ein optimales Trainingserlebnis gew\u00e4hrleisten. Die Schrauben und Muttern aus rostfreiem Stahl versprechen kompromisslose Haltbarkeit, w\u00e4hrend die strapazierf\u00e4hige PU-Lederpolsterung Komfort mit luxuri\u00f6sem Aussehen verbindet. Die Sicherheit steht an erster Stelle, denn die rutschfesten Griffe bieten einen sicheren Halt und sorgen f\u00fcr mehr Sicherheit beim Training. Sch\u00fctzen Sie Ihren Turnhallenboden mit den mitgelieferten strapazierf\u00e4higen Bodensch\u00fctzern, und genie\u00dfen Sie das dauerhafte Finish unserer Ger\u00e4te dank der elektrostatischen Spr\u00fchtechnologie mit duroplastischem Pulver. Der 206 kg schwere UL-380 verf\u00fcgt \u00fcber eine 2-Jahres-Garantie und technische Merkmale wie verstellbare Sitzpositionen, die ihn zu einer perfekten Wahl f\u00fcr ein erstklassiges Trainingserlebnis machen. Erg\u00e4nzen Sie Ihr Fitnessstudio noch heute mit diesem robusten und effizienten Ger\u00e4t und verbessern Sie Ihr Fitnessprogramm.<\/p>\n","protected":false},"featured_media":63292,"template":"","meta":{"_acf_changed":false,"inline_featured_image":false},"product_cat":[118,134,135],"product_tag":[],"class_list":{"0":"post-102025","1":"product","2":"type-product","3":"status-publish","4":"has-post-thumbnail","6":"product_cat-hauptseite","7":"product_cat-maschinen-mit-plattenbeladung","8":"product_cat-ultra-series-platte-belastet","10":"first","11":"outofstock","12":"shipping-taxable","13":"purchasable","14":"product-type-simple"},"acf":[],"_links":{"self":[{"href":"https:\/\/store.evolve-fitness.eu\/de\/wp-json\/wp\/v2\/product\/102025","targetHints":{"allow":["GET"]}}],"collection":[{"href":"https:\/\/store.evolve-fitness.eu\/de\/wp-json\/wp\/v2\/product"}],"about":[{"href":"https:\/\/store.evolve-fitness.eu\/de\/wp-json\/wp\/v2\/types\/product"}],"wp:featuredmedia":[{"embeddable":true,"href":"https:\/\/store.evolve-fitness.eu\/de\/wp-json\/wp\/v2\/media\/63292"}],"wp:attachment":[{"href":"https:\/\/store.evolve-fitness.eu\/de\/wp-json\/wp\/v2\/media?parent=102025"}],"wp:term":[{"taxonomy":"product_cat","embeddable":true,"href":"https:\/\/store.evolve-fitness.eu\/de\/wp-json\/wp\/v2\/product_cat?post=102025"},{"taxonomy":"product_tag","embeddable":true,"href":"https:\/\/store.evolve-fitness.eu\/de\/wp-json\/wp\/v2\/product_tag?post=102025"}],"curies":[{"name":"wp","href":"https:\/\/api.w.org\/{rel}","templated":true}]}}