{"id":101759,"date":"2024-12-13T12:59:40","date_gmt":"2024-12-13T12:59:40","guid":{"rendered":"https:\/\/store.evolve-fitness.eu\/?post_type=product&#038;p=101759"},"modified":"2026-03-13T12:01:43","modified_gmt":"2026-03-13T12:01:43","slug":"evolve-yoga-gurtel","status":"publish","type":"product","link":"https:\/\/store.evolve-fitness.eu\/de\/produkt\/evolve-yoga-gurtel\/","title":{"rendered":"Evolve Yoga G\u00fcrtel"},"content":{"rendered":"\n<p><\/p>\n\n\n\n<p><\/p>\n","protected":false},"excerpt":{"rendered":"<p>Der Evolve Yoga-G\u00fcrtel ist ein unverzichtbares Zubeh\u00f6r zur Verbesserung von Flexibilit\u00e4t, Ausrichtung und Technik. Dieser haltbare und verstellbare G\u00fcrtel wurde f\u00fcr Yogis aller Niveaus entwickelt und hilft Ihnen, Dehnungen sicher zu vertiefen, herausfordernde Posen zu halten und Ihre Haltung zu verfeinern. Ganz gleich, ob Sie an der Verbesserung Ihrer Flexibilit\u00e4t arbeiten oder zus\u00e4tzliche Unterst\u00fctzung bei bestimmten Asanas ben\u00f6tigen, der Evolve Yoga Belt ist ein zuverl\u00e4ssiges und vielseitiges Hilfsmittel zur Verbesserung Ihrer Praxis.    <\/p>\n<p>\n","protected":false},"featured_media":123655,"template":"","meta":{"_acf_changed":false,"inline_featured_image":false},"product_cat":[191],"product_tag":[],"class_list":{"0":"post-101759","1":"product","2":"type-product","3":"status-publish","4":"has-post-thumbnail","6":"product_cat-studio-de","8":"first","9":"instock","10":"shipping-taxable","11":"purchasable","12":"product-type-simple"},"acf":[],"_links":{"self":[{"href":"https:\/\/store.evolve-fitness.eu\/de\/wp-json\/wp\/v2\/product\/101759","targetHints":{"allow":["GET"]}}],"collection":[{"href":"https:\/\/store.evolve-fitness.eu\/de\/wp-json\/wp\/v2\/product"}],"about":[{"href":"https:\/\/store.evolve-fitness.eu\/de\/wp-json\/wp\/v2\/types\/product"}],"wp:featuredmedia":[{"embeddable":true,"href":"https:\/\/store.evolve-fitness.eu\/de\/wp-json\/wp\/v2\/media\/123655"}],"wp:attachment":[{"href":"https:\/\/store.evolve-fitness.eu\/de\/wp-json\/wp\/v2\/media?parent=101759"}],"wp:term":[{"taxonomy":"product_cat","embeddable":true,"href":"https:\/\/store.evolve-fitness.eu\/de\/wp-json\/wp\/v2\/product_cat?post=101759"},{"taxonomy":"product_tag","embeddable":true,"href":"https:\/\/store.evolve-fitness.eu\/de\/wp-json\/wp\/v2\/product_tag?post=101759"}],"curies":[{"name":"wp","href":"https:\/\/api.w.org\/{rel}","templated":true}]}}