{"id":101363,"date":"2024-12-13T11:40:24","date_gmt":"2024-12-13T11:40:24","guid":{"rendered":"https:\/\/store.evolve-fitness.eu\/?post_type=product&#038;p=101363"},"modified":"2026-04-16T12:00:28","modified_gmt":"2026-04-16T12:00:28","slug":"evolve-prime-series-neopren-gymnastikgriff-set","status":"publish","type":"product","link":"https:\/\/store.evolve-fitness.eu\/de\/produkt\/evolve-prime-series-neopren-gymnastikgriff-set\/","title":{"rendered":"Evolve Prime Series Neopren-Gymnastikgriff-Set"},"content":{"rendered":"\n<section class=\"wp-block-group alignfull black-content has-white-color has-darkgray-background-color has-text-color has-background is-layout-constrained wp-block-group-is-layout-constrained\" style=\"padding-top:var(--wp--preset--spacing--section-bottom);padding-bottom:var(--wp--preset--spacing--section-bottom)\">\n<div class=\"wp-block-columns alignwide mobile-reverse is-layout-flex wp-container-core-columns-is-layout-ca64bf2d wp-block-columns-is-layout-flex\" style=\"margin-bottom:var(--wp--preset--spacing--side-padding)\">\n<div class=\"wp-block-column is-vertically-aligned-center is-layout-flow wp-block-column-is-layout-flow\">\n<h3 class=\"wp-block-heading\" style=\"margin-bottom:var(--wp--preset--spacing--h-3-bottom)\">Premium-Griff f\u00fcr kraftvolle Ergebnisse<\/h3>\n\n\n\n<p>Bringen Sie Ihr Training auf die n\u00e4chste Stufe mit dem <strong>Evolve Prime Series Neoprene Gym Handle Set<\/strong> &#8211; die ultimative Mischung aus Funktion, Komfort und Haltbarkeit. Ganz gleich, ob Sie im Fitnessstudio an der Kabelmaschine trainieren oder zu Hause mit dem Widerstandsband \u00fcben, diese Griffe geben Ihnen den n\u00f6tigen Vorsprung. Die weiche und dennoch robuste Neoprenbeschichtung bietet selbst bei schwei\u00dftreibenden Trainingseinheiten einen rutschfesten Griff, der die Belastung der H\u00e4nde minimiert und die Leistung maximiert.  <\/p>\n<\/div>\n\n\n\n<div class=\"wp-block-column is-vertically-aligned-center is-layout-flow wp-block-column-is-layout-flow\">\n<figure class=\"wp-block-video\"><video controls=\"\" src=\"https:\/\/evolve-fitness.eu\/wp-content\/uploads\/2024\/12\/VIDEO-EV-GH-PR-100-Evolve-Prime-Series-Neoprene-Gym-Handle-Set-2.mp4\"><\/video><\/figure>\n<\/div>\n<\/div>\n\n\n\n<div class=\"wp-block-columns is-layout-flex wp-container-core-columns-is-layout-9d6595d7 wp-block-columns-is-layout-flex\">\n<div class=\"wp-block-column is-layout-flow wp-block-column-is-layout-flow\">\n<div class=\"wp-block-columns is-layout-flex wp-container-core-columns-is-layout-9d6595d7 wp-block-columns-is-layout-flex\">\n<div class=\"wp-block-column is-layout-flow wp-block-column-is-layout-flow\">\n<figure class=\"wp-block-image size-large is-style-rounded\"><img decoding=\"async\" src=\"https:\/\/evolve-fitness.eu\/wp-content\/uploads\/2025\/03\/EV-GH-PR-100-Evolve-Prime-Series-Neoprene-Gym-Handle-Set-10-3-1024x683.jpg\" alt=\"\" class=\"wp-image-189545\"\/><\/figure>\n<\/div>\n\n\n\n<div class=\"wp-block-column is-layout-flow wp-block-column-is-layout-flow\">\n<h3 class=\"wp-block-heading\" style=\"margin-bottom:var(--wp--preset--spacing--h-3-bottom)\"><strong>Gebaut f\u00fcr jedes Trainingsszenario<\/strong><\/h3>\n\n\n\n<p>Dieses Griffset ist mit einer Vielzahl von Fitnessger\u00e4ten kompatibel und l\u00e4sst sich leicht an Kabelger\u00e4ten, Widerstandsb\u00e4ndern und Flaschenzugsystemen befestigen. Es ist die perfekte Erg\u00e4nzung f\u00fcr Rudern, Curls, Pressen und Flys. Die Griffe sind mit verst\u00e4rkten N\u00e4hten und hochbelastbaren D-Ringen ausgestattet und halten intensives Training aus, w\u00e4hrend sie gleichzeitig f\u00fcr eine reibungslose, gleichm\u00e4\u00dfige Bewegung sorgen.  <\/p>\n<\/div>\n<\/div>\n<\/div>\n<\/div>\n<\/section>\n","protected":false},"excerpt":{"rendered":"<p>Verbessern Sie Ihr Training mit dem Evolve Prime Series Neopren Gym Handle Set, dem ultimativen Zubeh\u00f6r f\u00fcr Krafttraining und Widerstands\u00fcbungen. Diese hochwertigen Neoprengriffe wurden mit Blick auf Komfort und Leistung entwickelt. Sie bieten einen sicheren Griff und verringern die Erm\u00fcdung der H\u00e4nde, so dass Sie sich auf das Erreichen Ihrer Fitnessziele konzentrieren k\u00f6nnen. Dieses strapazierf\u00e4hige Griffset eignet sich perfekt f\u00fcr Kabelger\u00e4te, Widerstandsb\u00e4nder oder Heimtrainingsger\u00e4te und gew\u00e4hrleistet maximale Vielseitigkeit und Haltbarkeit f\u00fcr eine Vielzahl von \u00dcbungen.<\/p>\n","protected":false},"featured_media":101740,"template":"","meta":{"_acf_changed":false,"inline_featured_image":false},"product_cat":[118,148],"product_tag":[],"class_list":{"0":"post-101363","1":"product","2":"type-product","3":"status-publish","4":"has-post-thumbnail","6":"product_cat-hauptseite","7":"product_cat-zubehor-de","9":"first","10":"instock","11":"shipping-taxable","12":"purchasable","13":"product-type-simple"},"acf":[],"_links":{"self":[{"href":"https:\/\/store.evolve-fitness.eu\/de\/wp-json\/wp\/v2\/product\/101363","targetHints":{"allow":["GET"]}}],"collection":[{"href":"https:\/\/store.evolve-fitness.eu\/de\/wp-json\/wp\/v2\/product"}],"about":[{"href":"https:\/\/store.evolve-fitness.eu\/de\/wp-json\/wp\/v2\/types\/product"}],"wp:featuredmedia":[{"embeddable":true,"href":"https:\/\/store.evolve-fitness.eu\/de\/wp-json\/wp\/v2\/media\/101740"}],"wp:attachment":[{"href":"https:\/\/store.evolve-fitness.eu\/de\/wp-json\/wp\/v2\/media?parent=101363"}],"wp:term":[{"taxonomy":"product_cat","embeddable":true,"href":"https:\/\/store.evolve-fitness.eu\/de\/wp-json\/wp\/v2\/product_cat?post=101363"},{"taxonomy":"product_tag","embeddable":true,"href":"https:\/\/store.evolve-fitness.eu\/de\/wp-json\/wp\/v2\/product_tag?post=101363"}],"curies":[{"name":"wp","href":"https:\/\/api.w.org\/{rel}","templated":true}]}}