{"id":100459,"date":"2024-12-13T07:10:55","date_gmt":"2024-12-13T07:10:55","guid":{"rendered":"https:\/\/store.evolve-fitness.eu\/?post_type=product&#038;p=100459"},"modified":"2026-03-13T12:01:41","modified_gmt":"2026-03-13T12:01:41","slug":"evolve-yoga-block-1","status":"publish","type":"product","link":"https:\/\/store.evolve-fitness.eu\/de\/produkt\/evolve-yoga-block-1\/","title":{"rendered":"Evolve Yoga Block"},"content":{"rendered":"\n<p> <mark style=\"background-color:rgba(0, 0, 0, 0);color:#ffffff\" class=\"has-inline-color\">ASD<\/mark><\/p>\n\n<p><\/p>\n","protected":false},"excerpt":{"rendered":"<p>Verbessern Sie Ihre Yogapraxis mit dem Evolve Yoga Block, einem unverzichtbaren Zubeh\u00f6r f\u00fcr Yogis aller Stufen. Dieser leichte und dennoch strapazierf\u00e4hige Block wurde f\u00fcr Stabilit\u00e4t und Unterst\u00fctzung entwickelt und hilft Ihnen, eine korrekte Ausrichtung zu erreichen, Dehnungen zu vertiefen und Vertrauen in Ihre Posen aufzubauen. Ganz gleich, ob Sie eine anspruchsvolle K\u00f6rperhaltung perfektionieren oder zus\u00e4tzliche Unterst\u00fctzung bei Ruhepositionen ben\u00f6tigen, der Evolve Yoga Block ist Ihr zuverl\u00e4ssiges Werkzeug. Seine rutschfeste Oberfl\u00e4che und sein robustes Design sorgen f\u00fcr Komfort und Sicherheit.     <\/p>\n<p>\n","protected":false},"featured_media":100492,"template":"","meta":{"_acf_changed":false,"inline_featured_image":false},"product_cat":[191],"product_tag":[],"class_list":{"0":"post-100459","1":"product","2":"type-product","3":"status-publish","4":"has-post-thumbnail","6":"product_cat-studio-de","8":"first","9":"instock","10":"shipping-taxable","11":"purchasable","12":"product-type-simple"},"acf":[],"_links":{"self":[{"href":"https:\/\/store.evolve-fitness.eu\/de\/wp-json\/wp\/v2\/product\/100459","targetHints":{"allow":["GET"]}}],"collection":[{"href":"https:\/\/store.evolve-fitness.eu\/de\/wp-json\/wp\/v2\/product"}],"about":[{"href":"https:\/\/store.evolve-fitness.eu\/de\/wp-json\/wp\/v2\/types\/product"}],"wp:featuredmedia":[{"embeddable":true,"href":"https:\/\/store.evolve-fitness.eu\/de\/wp-json\/wp\/v2\/media\/100492"}],"wp:attachment":[{"href":"https:\/\/store.evolve-fitness.eu\/de\/wp-json\/wp\/v2\/media?parent=100459"}],"wp:term":[{"taxonomy":"product_cat","embeddable":true,"href":"https:\/\/store.evolve-fitness.eu\/de\/wp-json\/wp\/v2\/product_cat?post=100459"},{"taxonomy":"product_tag","embeddable":true,"href":"https:\/\/store.evolve-fitness.eu\/de\/wp-json\/wp\/v2\/product_tag?post=100459"}],"curies":[{"name":"wp","href":"https:\/\/api.w.org\/{rel}","templated":true}]}}