{"id":99321,"date":"2024-09-05T07:55:41","date_gmt":"2024-09-05T07:55:41","guid":{"rendered":"https:\/\/store.evolve-fitness.eu\/?post_type=product&#038;p=99321"},"modified":"2025-03-27T08:04:24","modified_gmt":"2025-03-27T08:04:24","slug":"evolve-vertical-bars-rack","status":"publish","type":"product","link":"https:\/\/store.evolve-fitness.eu\/da\/vare\/evolve-vertical-bars-rack\/","title":{"rendered":"Evolve Vertical Bars Rack"},"content":{"rendered":"","protected":false},"excerpt":{"rendered":"<p>Hold din tr\u00e6ningsplads organiseret og effektiv med Evolve Vertical Bars Rack &#8211; den perfekte l\u00f8sning til opbevaring af din samling af v\u00e6gtst\u00e6nger. Dette slanke og robuste stativ er designet med holdbarhed og funktionalitet i tankerne og kan holde flere v\u00e6gtst\u00e6nger sikkert, s\u00e5 du sparer plads og samtidig opretholder et professionelt og ryddeligt tr\u00e6ningsomr\u00e5de. Evolve Vertical Bars Rack er ideelt til hjemmetr\u00e6ningscentre, studier eller kommercielle faciliteter og sikrer nem adgang til dit udstyr, s\u00e5 du kan fokusere p\u00e5 din tr\u00e6ning uden rod.  <\/p>\n","protected":false},"featured_media":101188,"template":"","meta":{"_acf_changed":false,"inline_featured_image":false},"product_cat":[353,977,978],"product_tag":[],"class_list":{"0":"post-99321","1":"product","2":"type-product","3":"status-publish","4":"has-post-thumbnail","6":"product_cat-forside","7":"product_cat-frie-vaegte","8":"product_cat-reoler-og-opbevaringslosninger","10":"first","11":"instock","12":"shipping-taxable","13":"purchasable","14":"product-type-simple"},"acf":[],"_links":{"self":[{"href":"https:\/\/store.evolve-fitness.eu\/da\/wp-json\/wp\/v2\/product\/99321","targetHints":{"allow":["GET"]}}],"collection":[{"href":"https:\/\/store.evolve-fitness.eu\/da\/wp-json\/wp\/v2\/product"}],"about":[{"href":"https:\/\/store.evolve-fitness.eu\/da\/wp-json\/wp\/v2\/types\/product"}],"wp:featuredmedia":[{"embeddable":true,"href":"https:\/\/store.evolve-fitness.eu\/da\/wp-json\/wp\/v2\/media\/101188"}],"wp:attachment":[{"href":"https:\/\/store.evolve-fitness.eu\/da\/wp-json\/wp\/v2\/media?parent=99321"}],"wp:term":[{"taxonomy":"product_cat","embeddable":true,"href":"https:\/\/store.evolve-fitness.eu\/da\/wp-json\/wp\/v2\/product_cat?post=99321"},{"taxonomy":"product_tag","embeddable":true,"href":"https:\/\/store.evolve-fitness.eu\/da\/wp-json\/wp\/v2\/product_tag?post=99321"}],"curies":[{"name":"wp","href":"https:\/\/api.w.org\/{rel}","templated":true}]}}