{"id":96430,"date":"2024-08-01T06:30:50","date_gmt":"2024-08-01T06:30:50","guid":{"rendered":"https:\/\/store.evolve-fitness.eu\/?post_type=product&#038;p=96430"},"modified":"2026-03-17T12:00:55","modified_gmt":"2026-03-17T12:00:55","slug":"evolve-stativ-til-vaegbolde-og-powerbags","status":"publish","type":"product","link":"https:\/\/store.evolve-fitness.eu\/da\/vare\/evolve-stativ-til-vaegbolde-og-powerbags\/","title":{"rendered":"Evolve-stativ til v\u00e6gbolde og powerbags"},"content":{"rendered":"\n<section class=\"wp-block-group alignfull has-lightgray-background-color has-background is-layout-constrained wp-block-group-is-layout-constrained\">\n<div class=\"wp-block-columns alignwide is-layout-flex wp-container-core-columns-is-layout-2edb0647 wp-block-columns-is-layout-flex\" style=\"margin-top:0;margin-bottom:0\">\n<div class=\"wp-block-column is-layout-flow wp-block-column-is-layout-flow\" style=\"flex-basis:33.33%\"><\/div>\n\n\n\n<div class=\"wp-block-column is-layout-flow wp-block-column-is-layout-flow\" style=\"flex-basis:66.66%\"><\/div>\n<\/div>\n<\/section>\n","protected":false},"excerpt":{"rendered":"<p>L\u00f8ft dit fitnesscenters organisering og tilg\u00e6ngelighed med Evolve Wall Balls and Powerbags Rack, en elegant og robust opbevaringsl\u00f8sning designet til det moderne fitnesscenter. Dette stativ er lavet af eksperter til at opbevare og udstille en r\u00e6kke v\u00e6gkugler og powerbags, s\u00e5 de er let tilg\u00e6ngelige og effektivt organiseret. Evolve Rack er ideel til b\u00e5de kommercielle fitnesscentre og hjemmetr\u00e6ningsomr\u00e5der og sikrer, at dit tr\u00e6ningsrum forbliver ryddeligt og sikkert. Den robuste konstruktion og det gennemt\u00e6nkte design giver plads til flere st\u00f8rrelser og v\u00e6gte og viser Evolves engagement i holdbarhed og funktionalitet. Stativets kompakte fodaftryk maksimerer gulvpladsen og forbedrer samtidig det \u00e6stetiske udtryk i dit fitnesscenter. Ved at integrere Evolve Wall Balls and Powerbags Rack i dit fitnessmilj\u00f8 investerer du ikke kun i overlegen udstyrsorganisation, men fremmer ogs\u00e5 en mere produktiv og str\u00f8mlinet tr\u00e6ningsoplevelse.  <\/p>\n","protected":false},"featured_media":96223,"template":"","meta":{"_acf_changed":false,"inline_featured_image":false},"product_cat":[585,2149,588],"product_tag":[],"class_list":{"0":"post-96430","1":"product","2":"type-product","3":"status-publish","4":"has-post-thumbnail","6":"product_cat-tvaergaende-og-funktionel","7":"product_cat-opbevaring-da","8":"product_cat-funktionelt-udstyr","10":"first","11":"instock","12":"shipping-taxable","13":"purchasable","14":"product-type-simple"},"acf":[],"_links":{"self":[{"href":"https:\/\/store.evolve-fitness.eu\/da\/wp-json\/wp\/v2\/product\/96430","targetHints":{"allow":["GET"]}}],"collection":[{"href":"https:\/\/store.evolve-fitness.eu\/da\/wp-json\/wp\/v2\/product"}],"about":[{"href":"https:\/\/store.evolve-fitness.eu\/da\/wp-json\/wp\/v2\/types\/product"}],"wp:featuredmedia":[{"embeddable":true,"href":"https:\/\/store.evolve-fitness.eu\/da\/wp-json\/wp\/v2\/media\/96223"}],"wp:attachment":[{"href":"https:\/\/store.evolve-fitness.eu\/da\/wp-json\/wp\/v2\/media?parent=96430"}],"wp:term":[{"taxonomy":"product_cat","embeddable":true,"href":"https:\/\/store.evolve-fitness.eu\/da\/wp-json\/wp\/v2\/product_cat?post=96430"},{"taxonomy":"product_tag","embeddable":true,"href":"https:\/\/store.evolve-fitness.eu\/da\/wp-json\/wp\/v2\/product_tag?post=96430"}],"curies":[{"name":"wp","href":"https:\/\/api.w.org\/{rel}","templated":true}]}}