{"id":96181,"date":"2024-07-31T14:43:55","date_gmt":"2024-07-31T14:43:55","guid":{"rendered":"https:\/\/store.evolve-fitness.eu\/?post_type=product&#038;p=96181"},"modified":"2026-03-17T12:00:54","modified_gmt":"2026-03-17T12:00:54","slug":"udvikle-hastighedsstiger","status":"publish","type":"product","link":"https:\/\/store.evolve-fitness.eu\/da\/vare\/udvikle-hastighedsstiger\/","title":{"rendered":"Udvikle hastighedsstiger"},"content":{"rendered":"\n<p> <mark style=\"background-color:rgba(0, 0, 0, 0);color:#ffffff\" class=\"has-inline-color\">ASD<\/mark><\/p>\n\n<p><\/p>\n","protected":false},"excerpt":{"rendered":"<p>L\u00f8ft din tr\u00e6ning med Evolve Speed Ladder, det ultimative v\u00e6rkt\u00f8j til atleter, fitnessentusiaster og alle, der \u00f8nsker at \u00f8ge deres smidighed, hastighed og koordination. Denne alsidige tr\u00e6ningsstige er designet til b\u00e5de indend\u00f8rs og udend\u00f8rs brug og er perfekt til opvarmning, forbedring af fodarbejdet eller mestring af eksplosive bev\u00e6gelser. Evolve Speed Ladder er let, holdbar og nem at s\u00e6tte op, hvilket g\u00f8r den til en uundv\u00e6rlig tilf\u00f8jelse til din tr\u00e6ningsrutine.  <\/p>\n<p>\n","protected":false},"featured_media":100362,"template":"","meta":{"_acf_changed":false,"inline_featured_image":false},"product_cat":[2411,588,459],"product_tag":[],"class_list":{"0":"post-96181","1":"product","2":"type-product","3":"status-publish","4":"has-post-thumbnail","6":"product_cat-hyrox-gear","7":"product_cat-funktionelt-udstyr","8":"product_cat-studio-da","10":"first","11":"outofstock","12":"shipping-taxable","13":"purchasable","14":"product-type-simple"},"acf":[],"_links":{"self":[{"href":"https:\/\/store.evolve-fitness.eu\/da\/wp-json\/wp\/v2\/product\/96181","targetHints":{"allow":["GET"]}}],"collection":[{"href":"https:\/\/store.evolve-fitness.eu\/da\/wp-json\/wp\/v2\/product"}],"about":[{"href":"https:\/\/store.evolve-fitness.eu\/da\/wp-json\/wp\/v2\/types\/product"}],"wp:featuredmedia":[{"embeddable":true,"href":"https:\/\/store.evolve-fitness.eu\/da\/wp-json\/wp\/v2\/media\/100362"}],"wp:attachment":[{"href":"https:\/\/store.evolve-fitness.eu\/da\/wp-json\/wp\/v2\/media?parent=96181"}],"wp:term":[{"taxonomy":"product_cat","embeddable":true,"href":"https:\/\/store.evolve-fitness.eu\/da\/wp-json\/wp\/v2\/product_cat?post=96181"},{"taxonomy":"product_tag","embeddable":true,"href":"https:\/\/store.evolve-fitness.eu\/da\/wp-json\/wp\/v2\/product_tag?post=96181"}],"curies":[{"name":"wp","href":"https:\/\/api.w.org\/{rel}","templated":true}]}}