{"id":92297,"date":"2024-07-16T08:35:13","date_gmt":"2024-07-16T08:35:13","guid":{"rendered":"https:\/\/store.evolve-fitness.eu\/?post_type=product&#038;p=92297"},"modified":"2026-03-18T12:00:36","modified_gmt":"2026-03-18T12:00:36","slug":"evolve-olympic-swiss-bar-220-cm-1","status":"publish","type":"product","link":"https:\/\/store.evolve-fitness.eu\/da\/vare\/evolve-olympic-swiss-bar-220-cm-1\/","title":{"rendered":"Evolve Olympic Swiss Bar &#8211; 220 cm"},"content":{"rendered":"","protected":false},"excerpt":{"rendered":"<p>Evolve Olympic Swiss Bar, der m\u00e5ler imponerende 220 cm i l\u00e6ngden, er et f\u00f8rsteklasses valg for b\u00e5de fitnessentusiaster og professionelle atleter. Denne robuste v\u00e6gtstang vejer 26 kg og er bygget til at modst\u00e5 en maksimal belastning p\u00e5 454 kg, hvilket g\u00f8r den ideel til tunge l\u00f8ft og styrketr\u00e6ning. H\u00e5ndtagets diameter p\u00e5 \u00d830 mm sikrer et behageligt og sikkert greb, mens v\u00e6gtskivens diameter p\u00e5 \u00d851 mm passer til standard olympiske v\u00e6gtskiver. Med 1 \u00e5rs garanti er denne stang ikke kun en holdbar investering i din fitnessrejse, men ogs\u00e5 et p\u00e5lideligt v\u00e6rkt\u00f8j til at forbedre tr\u00e6ningens alsidighed og effektivitet. Evolve Olympic Swiss Bar er perfekt til en r\u00e6kke \u00f8velser og er et must-have for dem, der \u00f8nsker at forbedre deres styrketr\u00e6ningsprogram.<\/p>\n","protected":false},"featured_media":92320,"template":"","meta":{"_acf_changed":false,"inline_featured_image":false},"product_cat":[2411,977,1019],"product_tag":[],"class_list":{"0":"post-92297","1":"product","2":"type-product","3":"status-publish","4":"has-post-thumbnail","6":"product_cat-hyrox-gear","7":"product_cat-frie-vaegte","8":"product_cat-barer-og-tilbehor","10":"first","11":"instock","12":"shipping-taxable","13":"purchasable","14":"product-type-simple"},"acf":[],"_links":{"self":[{"href":"https:\/\/store.evolve-fitness.eu\/da\/wp-json\/wp\/v2\/product\/92297","targetHints":{"allow":["GET"]}}],"collection":[{"href":"https:\/\/store.evolve-fitness.eu\/da\/wp-json\/wp\/v2\/product"}],"about":[{"href":"https:\/\/store.evolve-fitness.eu\/da\/wp-json\/wp\/v2\/types\/product"}],"wp:featuredmedia":[{"embeddable":true,"href":"https:\/\/store.evolve-fitness.eu\/da\/wp-json\/wp\/v2\/media\/92320"}],"wp:attachment":[{"href":"https:\/\/store.evolve-fitness.eu\/da\/wp-json\/wp\/v2\/media?parent=92297"}],"wp:term":[{"taxonomy":"product_cat","embeddable":true,"href":"https:\/\/store.evolve-fitness.eu\/da\/wp-json\/wp\/v2\/product_cat?post=92297"},{"taxonomy":"product_tag","embeddable":true,"href":"https:\/\/store.evolve-fitness.eu\/da\/wp-json\/wp\/v2\/product_tag?post=92297"}],"curies":[{"name":"wp","href":"https:\/\/api.w.org\/{rel}","templated":true}]}}