{"id":92247,"date":"2024-07-16T08:30:35","date_gmt":"2024-07-16T08:30:35","guid":{"rendered":"https:\/\/store.evolve-fitness.eu\/?post_type=product&#038;p=92247"},"modified":"2026-03-18T12:00:36","modified_gmt":"2026-03-18T12:00:36","slug":"evolve-aben-hex-bar","status":"publish","type":"product","link":"https:\/\/store.evolve-fitness.eu\/da\/vare\/evolve-aben-hex-bar\/","title":{"rendered":"Evolve \u00e5ben hex-bar"},"content":{"rendered":"","protected":false},"excerpt":{"rendered":"<p>Oplev det banebrydende design og den exceptionelle funktionalitet i Evolve Olympic Open Hex Fingerboard, en 19 kg, 50 mm innovation inden for styrketr\u00e6ningsudstyr. Denne unikke v\u00e6gtstang med produktkoden EV-OB-HB-215 revolutionerer den traditionelle d\u00f8dl\u00f8ft\u00f8velse med sin \u00e5bne, sekskantede form, der fremmer optimal v\u00e6gtfordeling og brugersikkerhed. EVOLVE Olympic Open Hex Barbell er ideel til b\u00e5de begyndere og professionelle og forbedrer din tr\u00e6ning ved at reducere belastningen p\u00e5 rygs\u00f8jlen, hvilket mindsker risikoen for skader og giver mulighed for mere intense tr\u00e6ningspas. Det \u00e5bne design g\u00f8r det nemt at komme ind og ud og sikrer korrekt positionering for brugerne, is\u00e6r dem, der \u00f8nsker at minimere modtrykket. Denne holdbare v\u00e6gtstang er fremstillet af h\u00f8jkvalitetsst\u00e5l og er perfekt til b\u00e5de hjemmegym og professionelle fitnesscentre. Med 2 \u00e5rs garanti og strenge kvalitetsstandarder er EVOLVE Olympic Open Hex Barbell et must-have for enhver fitnessentusiast, der \u00f8nsker at forbedre sin tr\u00e6ningsrutine.<\/p>\n","protected":false},"featured_media":92270,"template":"","meta":{"_acf_changed":false,"inline_featured_image":false},"product_cat":[2411,977,1019],"product_tag":[],"class_list":{"0":"post-92247","1":"product","2":"type-product","3":"status-publish","4":"has-post-thumbnail","6":"product_cat-hyrox-gear","7":"product_cat-frie-vaegte","8":"product_cat-barer-og-tilbehor","10":"first","11":"instock","12":"shipping-taxable","13":"purchasable","14":"product-type-simple"},"acf":[],"_links":{"self":[{"href":"https:\/\/store.evolve-fitness.eu\/da\/wp-json\/wp\/v2\/product\/92247","targetHints":{"allow":["GET"]}}],"collection":[{"href":"https:\/\/store.evolve-fitness.eu\/da\/wp-json\/wp\/v2\/product"}],"about":[{"href":"https:\/\/store.evolve-fitness.eu\/da\/wp-json\/wp\/v2\/types\/product"}],"wp:featuredmedia":[{"embeddable":true,"href":"https:\/\/store.evolve-fitness.eu\/da\/wp-json\/wp\/v2\/media\/92270"}],"wp:attachment":[{"href":"https:\/\/store.evolve-fitness.eu\/da\/wp-json\/wp\/v2\/media?parent=92247"}],"wp:term":[{"taxonomy":"product_cat","embeddable":true,"href":"https:\/\/store.evolve-fitness.eu\/da\/wp-json\/wp\/v2\/product_cat?post=92247"},{"taxonomy":"product_tag","embeddable":true,"href":"https:\/\/store.evolve-fitness.eu\/da\/wp-json\/wp\/v2\/product_tag?post=92247"}],"curies":[{"name":"wp","href":"https:\/\/api.w.org\/{rel}","templated":true}]}}