{"id":92093,"date":"2024-07-15T14:52:30","date_gmt":"2024-07-15T14:52:30","guid":{"rendered":"https:\/\/store.evolve-fitness.eu\/?post_type=product&#038;p=92093"},"modified":"2025-03-27T07:38:51","modified_gmt":"2025-03-27T07:38:51","slug":"evolve-gym-boldstativ-1","status":"publish","type":"product","link":"https:\/\/store.evolve-fitness.eu\/da\/vare\/evolve-gym-boldstativ-1\/","title":{"rendered":"Evolve Gym boldstativ"},"content":{"rendered":"\n<p> <mark style=\"background-color:rgba(0, 0, 0, 0);color:#ffffff\" class=\"has-inline-color\">ASD<\/mark><\/p>\n\n<p><\/p>\n","protected":false},"excerpt":{"rendered":"<p>Organiser dit fitnessrum med uovertruffen effektivitet ved hj\u00e6lp af Evolve Gym Ball Rack, GB-030. Dette slanke og robuste boldstativ er en uundv\u00e6rlig tilf\u00f8jelse til ethvert fitnesscenter eller hjemmetr\u00e6ningsomr\u00e5de og tilbyder en praktisk og elegant l\u00f8sning til opbevaring af stabilitetsbolde. Den robuste konstruktion sikrer holdbarhed og p\u00e5lidelighed, mens det pladsbesparende design maksimerer gulvpladsen, s\u00e5 dit tr\u00e6ningsomr\u00e5de forbliver p\u00e6nt og tilg\u00e6ngeligt. Evolve Gym Ball Rack er ideel til fitnesscentre i alle st\u00f8rrelser og har plads til flere bolde, s\u00e5 den passer perfekt til milj\u00f8er, hvor funktionalitet og organisering er afg\u00f8rende. L\u00f8ft stemningen og effektiviteten i dit tr\u00e6ningscenter med dette f\u00f8rsteklasses stativ til tr\u00e6ningsbolde, og str\u00f8mlin den m\u00e5de, du opbevarer og f\u00e5r adgang til dit tr\u00e6ningsudstyr p\u00e5.  <\/p>\n<p>\n","protected":false},"featured_media":92116,"template":"","meta":{"_acf_changed":false,"inline_featured_image":false},"product_cat":[459],"product_tag":[],"class_list":{"0":"post-92093","1":"product","2":"type-product","3":"status-publish","4":"has-post-thumbnail","6":"product_cat-studio-da","8":"first","9":"instock","10":"shipping-taxable","11":"purchasable","12":"product-type-simple"},"acf":[],"_links":{"self":[{"href":"https:\/\/store.evolve-fitness.eu\/da\/wp-json\/wp\/v2\/product\/92093","targetHints":{"allow":["GET"]}}],"collection":[{"href":"https:\/\/store.evolve-fitness.eu\/da\/wp-json\/wp\/v2\/product"}],"about":[{"href":"https:\/\/store.evolve-fitness.eu\/da\/wp-json\/wp\/v2\/types\/product"}],"wp:featuredmedia":[{"embeddable":true,"href":"https:\/\/store.evolve-fitness.eu\/da\/wp-json\/wp\/v2\/media\/92116"}],"wp:attachment":[{"href":"https:\/\/store.evolve-fitness.eu\/da\/wp-json\/wp\/v2\/media?parent=92093"}],"wp:term":[{"taxonomy":"product_cat","embeddable":true,"href":"https:\/\/store.evolve-fitness.eu\/da\/wp-json\/wp\/v2\/product_cat?post=92093"},{"taxonomy":"product_tag","embeddable":true,"href":"https:\/\/store.evolve-fitness.eu\/da\/wp-json\/wp\/v2\/product_tag?post=92093"}],"curies":[{"name":"wp","href":"https:\/\/api.w.org\/{rel}","templated":true}]}}