{"id":90259,"date":"2024-07-10T13:58:50","date_gmt":"2024-07-10T13:58:50","guid":{"rendered":"https:\/\/store.evolve-fitness.eu\/?post_type=product&#038;p=90259"},"modified":"2026-04-10T12:00:27","modified_gmt":"2026-04-10T12:00:27","slug":"evolve-handvaegt-i-vinyl","status":"publish","type":"product","link":"https:\/\/store.evolve-fitness.eu\/da\/vare\/evolve-handvaegt-i-vinyl\/","title":{"rendered":"Evolve h\u00e5ndv\u00e6gt i vinyl"},"content":{"rendered":"\n<p> <mark style=\"background-color:rgba(0, 0, 0, 0);color:#ffffff\" class=\"has-inline-color\">ASD<\/mark><\/p>\n\n<p><\/p>\n\n<section class=\"wp-block-group alignfull black-content has-white-color has-darkgray-background-color has-text-color has-background is-layout-constrained wp-block-group-is-layout-constrained\" style=\"padding-top:var(--wp--preset--spacing--section-bottom);padding-bottom:var(--wp--preset--spacing--section-bottom)\">\n<section class=\"wp-block-group alignfull black-content has-white-color has-darkgray-background-color has-text-color has-background is-layout-constrained wp-block-group-is-layout-constrained\" style=\"padding-top:var(--wp--preset--spacing--section-bottom);padding-bottom:var(--wp--preset--spacing--section-bottom)\">\n<div class=\"wp-block-columns alignwide mobile-reverse is-layout-flex wp-container-core-columns-is-layout-ca64bf2d wp-block-columns-is-layout-flex\" style=\"margin-bottom:var(--wp--preset--spacing--side-padding)\">\n<div class=\"wp-block-column is-vertically-aligned-center is-layout-flow wp-block-column-is-layout-flow\">\n<h3 class=\"wp-block-heading\" style=\"margin-bottom:var(--wp--preset--spacing--h-3-bottom)\"><strong>Kommerciel kvalitet  <\/strong><\/h3>\n\n\n\n<p><em><strong><strong><strong>Til daglig brug<\/strong><\/strong><\/strong><\/em><\/p>\n\n\n\n<p>Evolve Vinyl Dumbbells er konstrueret til at v\u00e6re modstandsdygtige og blive brugt ofte. Den robuste vinylbel\u00e6gning sikrer ikke kun et behageligt greb, men g\u00f8r ogs\u00e5 reng\u00f8ringen til en leg. Dette beskyttende lag beskytter dit fitnessudstyr mod slitage og g\u00f8r dem til en langtidsholdbar tilf\u00f8jelse til ethvert fitnesscenter.<\/p>\n<\/div>\n\n\n\n<div class=\"wp-block-column is-vertically-aligned-center is-layout-flow wp-block-column-is-layout-flow\">\n<figure class=\"wp-block-video\"><video autoplay=\"\" controls=\"\" loop=\"\" muted=\"\" src=\"https:\/\/evolve-fitness.eu\/wp-content\/uploads\/2023\/12\/1-1.mp4\"><\/video><\/figure>\n<\/div>\n<\/div>\n\n\n\n<div class=\"wp-block-columns alignwide is-layout-flex wp-container-core-columns-is-layout-c45ee707 wp-block-columns-is-layout-flex\" style=\"margin-bottom:var(--wp--preset--spacing--side-padding);padding-top:var(--wp--preset--spacing--side-padding)\">\n<div class=\"wp-block-column is-vertically-aligned-center is-layout-flow wp-block-column-is-layout-flow\">\n<figure class=\"wp-block-image size-large\"><img decoding=\"async\" src=\"https:\/\/evolve-fitness.eu\/wp-content\/uploads\/2023\/12\/A7_05379-1024x683.jpg\" alt=\"\" class=\"wp-image-7849\"\/><\/figure>\n<\/div>\n\n\n\n<div class=\"wp-block-column is-vertically-aligned-center is-layout-constrained wp-block-column-is-layout-constrained\">\n<h3 class=\"wp-block-heading\" style=\"margin-bottom:var(--wp--preset--spacing--h-3-bottom)\">Innovativt sekskantet antirulledesign<\/h3>\n\n\n\n<p><strong><em><strong><em>Sikkerhed og bekvemmelighed<\/em><\/strong><\/em><\/strong><\/p>\n\n\n\n<p>Sikkerhed og bekvemmelighed er i h\u00f8js\u00e6det med de unikke sekskantformede hoveder. Dette innovative design forhindrer h\u00e5ndv\u00e6gtene i at rulle v\u00e6k, hvilket sikrer et stabilt og sikkert tr\u00e6ningsmilj\u00f8. Uanset om du er midt i en intens tr\u00e6ning eller opbevarer dine v\u00e6gte, giver anti-roll-funktionen et ekstra lag af sikkerhed.<\/p>\n<\/div>\n<\/div>\n\n\n\n<div class=\"wp-block-columns alignwide is-layout-flex wp-container-core-columns-is-layout-c45ee707 wp-block-columns-is-layout-flex\" style=\"margin-bottom:var(--wp--preset--spacing--side-padding);padding-top:var(--wp--preset--spacing--side-padding)\">\n<div class=\"wp-block-column is-vertically-aligned-center is-layout-flow wp-block-column-is-layout-flow\">\n<h3 class=\"wp-block-heading\" style=\"margin-bottom:var(--wp--preset--spacing--h-3-bottom)\">Alsidige v\u00e6gtmuligheder  <\/h3>\n\n\n\n<p><strong><em><strong><em>Til alle fitnessniveauer<\/em><\/strong><\/em><\/strong><\/p>\n\n\n\n<p>Med v\u00e6gte fra 1 kg til 5 kg henvender Evolve Vinyl Dumbbells sig til alle fitnessniveauer. Begyndere kan starte med lettere v\u00e6gte, mens mere avancerede brugere kan udfordre sig selv med tungere v\u00e6gte. Variationen giver mulighed for en fuldt tilpasselig tr\u00e6ning, der kan tilpasses til din skiftende fitnessrejse.<\/p>\n<\/div>\n\n\n\n<div class=\"wp-block-column is-vertically-aligned-center is-layout-flow wp-block-column-is-layout-flow\">\n<div class=\"wp-block-columns is-layout-flex wp-container-core-columns-is-layout-9d6595d7 wp-block-columns-is-layout-flex\">\n<div class=\"wp-block-column is-layout-flow wp-block-column-is-layout-flow\">\n<figure class=\"wp-block-video\"><video autoplay=\"\" controls=\"\" loop=\"\" muted=\"\" src=\"https:\/\/evolve-fitness.eu\/wp-content\/uploads\/2023\/12\/2-1.mp4\"><\/video><\/figure>\n<\/div>\n<\/div>\n<\/div>\n<\/div>\n\n\n\n<div class=\"wp-block-columns alignwide is-layout-flex wp-container-core-columns-is-layout-c45ee707 wp-block-columns-is-layout-flex\" style=\"margin-bottom:var(--wp--preset--spacing--side-padding);padding-top:var(--wp--preset--spacing--side-padding)\">\n<div class=\"wp-block-column is-vertically-aligned-center is-layout-flow wp-block-column-is-layout-flow\">\n<div class=\"wp-block-columns is-layout-flex wp-container-core-columns-is-layout-9d6595d7 wp-block-columns-is-layout-flex\">\n<div class=\"wp-block-column is-layout-flow wp-block-column-is-layout-flow\">\n<figure class=\"wp-block-image size-full is-resized is-style-rounded\"><img decoding=\"async\" src=\"https:\/\/evolve-fitness.eu\/wp-content\/uploads\/2023\/11\/Vinyl-Dumbbells.webp\" alt=\"\" class=\"wp-image-7856\" style=\"object-fit:cover;width:680px;height:600px\"\/><\/figure>\n<\/div>\n<\/div>\n<\/div>\n\n\n\n<div class=\"wp-block-column is-vertically-aligned-center is-layout-flow wp-block-column-is-layout-flow\">\n<h3 class=\"wp-block-heading\" style=\"margin-bottom:var(--wp--preset--spacing--h-3-bottom)\">Hvorfor v\u00e6lge Evolve Vinyl h\u00e5ndv\u00e6gte?<\/h3>\n\n\n\n<ul class=\"wp-block-list\">\n<li><strong>Holdbar vinylbel\u00e6gning<\/strong>: Sikrer lang levetid og et behageligt greb.<\/li>\n\n\n\n<li><strong>Anti-rulle-design<\/strong>: \u00d8ger sikkerheden og bekvemmeligheden under tr\u00e6ningen.<\/li>\n\n\n\n<li><strong>Kommerciel kvalitet<\/strong>: Velegnet til b\u00e5de hjemmet og professionelle fitnesscentre.<\/li>\n\n\n\n<li><strong>Flere v\u00e6gtindstillinger<\/strong>: Passer til alle niveauer af fitnessentusiaster.<\/li>\n\n\n\n<li><strong>Let at reng\u00f8re<\/strong>: Lav vedligeholdelse og hygiejnisk.<\/li>\n<\/ul>\n<\/div>\n<\/div>\n\n\n\n<h5 class=\"wp-block-heading has-text-align-center\">Gennemse vores udvalg, og find dit perfekte par Evolve Vinyl h\u00e5ndv\u00e6gte i dag!<\/h5>\n<\/section>\n<\/section>\n","protected":false},"excerpt":{"rendered":"<p>Evolve Vinyl Dumbbells 2 x 1-5 kg er det perfekte valg til alle, der \u00f8nsker at forbedre deres fitnessrutine med p\u00e5lideligt, sikkert og alsidigt udstyr. Oplev forskellen i din tr\u00e6ning med disse f\u00f8rsteklasses h\u00e5ndv\u00e6gte. K\u00f8b nu, og tag det f\u00f8rste skridt mod et mere effektivt og behageligt tr\u00e6ningsregime.  <\/p>\n<p>\n","protected":false},"featured_media":92066,"template":"","meta":{"_acf_changed":false,"inline_featured_image":false},"product_cat":[1314,459],"product_tag":[],"class_list":{"0":"post-90259","1":"product","2":"type-product","3":"status-publish","4":"has-post-thumbnail","6":"product_cat-handvaegte","7":"product_cat-studio-da","9":"first","10":"instock","11":"shipping-taxable","12":"purchasable","13":"product-type-variable"},"acf":[],"_links":{"self":[{"href":"https:\/\/store.evolve-fitness.eu\/da\/wp-json\/wp\/v2\/product\/90259","targetHints":{"allow":["GET"]}}],"collection":[{"href":"https:\/\/store.evolve-fitness.eu\/da\/wp-json\/wp\/v2\/product"}],"about":[{"href":"https:\/\/store.evolve-fitness.eu\/da\/wp-json\/wp\/v2\/types\/product"}],"wp:featuredmedia":[{"embeddable":true,"href":"https:\/\/store.evolve-fitness.eu\/da\/wp-json\/wp\/v2\/media\/92066"}],"wp:attachment":[{"href":"https:\/\/store.evolve-fitness.eu\/da\/wp-json\/wp\/v2\/media?parent=90259"}],"wp:term":[{"taxonomy":"product_cat","embeddable":true,"href":"https:\/\/store.evolve-fitness.eu\/da\/wp-json\/wp\/v2\/product_cat?post=90259"},{"taxonomy":"product_tag","embeddable":true,"href":"https:\/\/store.evolve-fitness.eu\/da\/wp-json\/wp\/v2\/product_tag?post=90259"}],"curies":[{"name":"wp","href":"https:\/\/api.w.org\/{rel}","templated":true}]}}