{"id":89854,"date":"2024-07-10T13:10:43","date_gmt":"2024-07-10T13:10:43","guid":{"rendered":"https:\/\/store.evolve-fitness.eu\/?post_type=product&#038;p=89854"},"modified":"2026-04-11T12:00:52","modified_gmt":"2026-04-11T12:00:52","slug":"evolve-aerobic-step-4","status":"publish","type":"product","link":"https:\/\/store.evolve-fitness.eu\/da\/vare\/evolve-aerobic-step-4\/","title":{"rendered":"Evolve Aerobic Step"},"content":{"rendered":"\n<p> <mark style=\"background-color:rgba(0, 0, 0, 0);color:#ffffff\" class=\"has-inline-color\">ASD<\/mark><\/p>\n\n<p><\/p>\n\n<section class=\"wp-block-group alignfull black-content has-white-color has-darkgray-background-color has-text-color has-background is-layout-constrained wp-block-group-is-layout-constrained\" style=\"padding-top:var(--wp--preset--spacing--section-bottom);padding-bottom:var(--wp--preset--spacing--section-bottom)\">\n<div class=\"wp-block-columns alignwide mobile-reverse is-layout-flex wp-container-core-columns-is-layout-ca64bf2d wp-block-columns-is-layout-flex\" style=\"margin-bottom:var(--wp--preset--spacing--side-padding)\">\n<div class=\"wp-block-column is-vertically-aligned-center is-layout-flow wp-block-column-is-layout-flow\">\n<h3 class=\"wp-block-heading\" style=\"margin-bottom:var(--wp--preset--spacing--h-3-bottom)\"><strong>Evolve Aerobic Step<\/strong><\/h3>\n\n\n\n<p><strong><em>Alsidigt v\u00e6rkt\u00f8j til cardio- og styrketr\u00e6ning<\/em><\/strong><\/p>\n\n\n\n<p style=\"margin-bottom:var(--wp--preset--spacing--tb-section-padding)\">Evolve Aerobic Step er et vigtigt fitnessredskab, der er designet til at forbedre dine konditions- og styrketr\u00e6ningsrutiner. Den er perfekt til step-aerobic og hj\u00e6lper med at forbedre hjerte-kar-sundheden, tone musklerne og \u00f8ge udholdenheden. Den er ogs\u00e5 god til styrke\u00f8velser som step-ups og incline push-ups, der tr\u00e6ner ben og overkrop.<\/p>\n<\/div>\n\n\n\n<div class=\"wp-block-column is-vertically-aligned-center is-layout-flow wp-block-column-is-layout-flow\">\n<figure class=\"wp-block-image size-large\"><img loading=\"lazy\" decoding=\"async\" width=\"1024\" height=\"683\" src=\"https:\/\/store.evolve-fitness.eu\/wp-content\/uploads\/2024\/07\/A7_05605-1-1024x683.png\" alt=\"\" class=\"wp-image-138710\" srcset=\"https:\/\/store.evolve-fitness.eu\/wp-content\/uploads\/2024\/07\/A7_05605-1-1024x683.png 1024w, https:\/\/store.evolve-fitness.eu\/wp-content\/uploads\/2024\/07\/A7_05605-1-300x200.png 300w, https:\/\/store.evolve-fitness.eu\/wp-content\/uploads\/2024\/07\/A7_05605-1-768x512.png 768w, https:\/\/store.evolve-fitness.eu\/wp-content\/uploads\/2024\/07\/A7_05605-1-1536x1024.png 1536w, https:\/\/store.evolve-fitness.eu\/wp-content\/uploads\/2024\/07\/A7_05605-1-2048x1365.png 2048w, https:\/\/store.evolve-fitness.eu\/wp-content\/uploads\/2024\/07\/A7_05605-1-600x400.png 600w\" sizes=\"auto, (max-width: 1024px) 100vw, 1024px\" \/><\/figure>\n<\/div>\n<\/div>\n<\/section>\n","protected":false},"excerpt":{"rendered":"<p>Vi pr\u00e6senterer Evolve Aerobic Step &#8211; din ultimative fitness-ledsager. Med tre justerbare h\u00f8jder (15 cm, 20 cm og 25 cm) passer dette step til forskellige tr\u00e6ningsintensiteter. Den skridsikre, strukturerede overflade garanterer stabilitet og sikkerhed under tr\u00e6ningen. Uanset om du stiller op i et kommercielt fitnesscenter eller derhjemme, er det kompakte design pladsbesparende. Desuden er den nem at reng\u00f8re, selv efter h\u00f8jintensive tr\u00e6ningspas. L\u00f8ft din fitnessrutine med Evolve Aerobic Step.<\/p>\n<p>\n","protected":false},"featured_media":138920,"template":"","meta":{"_acf_changed":false,"inline_featured_image":false},"product_cat":[459],"product_tag":[],"class_list":{"0":"post-89854","1":"product","2":"type-product","3":"status-publish","4":"has-post-thumbnail","6":"product_cat-studio-da","8":"first","9":"instock","10":"sale","11":"shipping-taxable","12":"purchasable","13":"product-type-simple"},"acf":[],"_links":{"self":[{"href":"https:\/\/store.evolve-fitness.eu\/da\/wp-json\/wp\/v2\/product\/89854","targetHints":{"allow":["GET"]}}],"collection":[{"href":"https:\/\/store.evolve-fitness.eu\/da\/wp-json\/wp\/v2\/product"}],"about":[{"href":"https:\/\/store.evolve-fitness.eu\/da\/wp-json\/wp\/v2\/types\/product"}],"wp:featuredmedia":[{"embeddable":true,"href":"https:\/\/store.evolve-fitness.eu\/da\/wp-json\/wp\/v2\/media\/138920"}],"wp:attachment":[{"href":"https:\/\/store.evolve-fitness.eu\/da\/wp-json\/wp\/v2\/media?parent=89854"}],"wp:term":[{"taxonomy":"product_cat","embeddable":true,"href":"https:\/\/store.evolve-fitness.eu\/da\/wp-json\/wp\/v2\/product_cat?post=89854"},{"taxonomy":"product_tag","embeddable":true,"href":"https:\/\/store.evolve-fitness.eu\/da\/wp-json\/wp\/v2\/product_tag?post=89854"}],"curies":[{"name":"wp","href":"https:\/\/api.w.org\/{rel}","templated":true}]}}