{"id":76110,"date":"2024-06-06T06:00:45","date_gmt":"2024-06-06T06:00:45","guid":{"rendered":"https:\/\/store.evolve-fitness.eu\/?post_type=product&#038;p=76110"},"modified":"2025-09-25T13:41:40","modified_gmt":"2025-09-25T13:41:40","slug":"evolve-ultra-series-lat-pull-down-2","status":"publish","type":"product","link":"https:\/\/store.evolve-fitness.eu\/da\/vare\/evolve-ultra-series-lat-pull-down-2\/","title":{"rendered":"Evolve Ultra Series Lat Pull Down"},"content":{"rendered":"\n<section class=\"wp-block-group alignfull black-content has-white-color has-darkgray-background-color has-text-color has-background is-layout-constrained wp-block-group-is-layout-constrained\" style=\"padding-top:var(--wp--preset--spacing--section-bottom);padding-bottom:var(--wp--preset--spacing--section-bottom)\">\n<section class=\"wp-block-group alignfull black-content has-white-color has-darkgray-background-color has-text-color has-background is-layout-constrained wp-block-group-is-layout-constrained\" style=\"padding-top:var(--wp--preset--spacing--section-bottom);padding-bottom:var(--wp--preset--spacing--section-bottom)\">\n<div class=\"wp-block-columns alignwide mobile-reverse is-layout-flex wp-container-core-columns-is-layout-ca64bf2d wp-block-columns-is-layout-flex\" style=\"margin-bottom:var(--wp--preset--spacing--side-padding)\">\n<div class=\"wp-block-column is-vertically-aligned-center is-layout-flow wp-block-column-is-layout-flow\">\n<h3 class=\"wp-block-heading\" style=\"margin-bottom:var(--wp--preset--spacing--h-3-bottom)\"><strong>\u00d8VERSTE V\u00c6GTSKIVE<\/strong><\/h3>\n\n\n\n<p><strong><em><strong><em>Forl\u00e6nger den maksimale modstand<\/em><\/strong><\/em><\/strong><\/p>\n\n\n\n<p>Evolve Ultra Series Selectorized Shoulder Press har to ekstra 2,5 kg topv\u00e6gtskiver, som tjener et dobbelt form\u00e5l med at forbedre tr\u00e6ningsmaskinens ydeevne. For det f\u00f8rste udvider den den maksimale modstand, som maskinen kan yde, s\u00e5 brugerne kan udfordre sig selv endnu mere i deres tr\u00e6ning.<br\/>Derudover giver disse ekstra v\u00e6gtskiver en unik fordel ved at give brugerne mulighed for at foretage mindre, mere pr\u00e6cise trin i deres modstandsjusteringer, idet hver skive giver en stigning p\u00e5 2,5 kg. Denne pr\u00e6cision i valg af modstand g\u00f8r det muligt for enkeltpersoner at finjustere deres tr\u00e6ning til at opfylde deres specifikke behov og m\u00e5l, hvilket sikrer, at hver tr\u00e6ningssession er skr\u00e6ddersyet til at optimere resultaterne.<\/p>\n<\/div>\n\n\n\n<div class=\"wp-block-column is-vertically-aligned-center is-layout-flow wp-block-column-is-layout-flow\">\n<figure class=\"wp-block-image size-full is-resized\"><img loading=\"lazy\" decoding=\"async\" width=\"600\" height=\"609\" src=\"https:\/\/store.evolve-fitness.eu\/wp-content\/uploads\/2024\/06\/plate-600x609-1.webp\" alt=\"\" class=\"wp-image-76131\" style=\"width:857px;height:auto\" srcset=\"https:\/\/store.evolve-fitness.eu\/wp-content\/uploads\/2024\/06\/plate-600x609-1.webp 600w, https:\/\/store.evolve-fitness.eu\/wp-content\/uploads\/2024\/06\/plate-600x609-1-296x300.webp 296w\" sizes=\"auto, (max-width: 600px) 100vw, 600px\" \/><\/figure>\n<\/div>\n<\/div>\n\n\n\n<div class=\"wp-block-columns alignwide mobile-reverse is-layout-flex wp-container-core-columns-is-layout-ca64bf2d wp-block-columns-is-layout-flex\" style=\"margin-bottom:var(--wp--preset--spacing--side-padding)\">\n<div class=\"wp-block-column is-vertically-aligned-center is-layout-flow wp-block-column-is-layout-flow\">\n<figure class=\"wp-block-video\"><video height=\"1080\" style=\"aspect-ratio: 1920 \/ 1080;\" width=\"1920\" controls=\"\" src=\"https:\/\/store.evolve-fitness.eu\/wp-content\/uploads\/2024\/06\/UL-040-Weight-Stack.mp4\"><\/video><\/figure>\n<\/div>\n\n\n\n<div class=\"wp-block-column is-vertically-aligned-center is-layout-flow wp-block-column-is-layout-flow\">\n<h3 class=\"wp-block-heading\" style=\"margin-bottom:var(--wp--preset--spacing--h-3-bottom)\"><strong>V\u00c6GTSTABEL<\/strong><\/h3>\n\n\n\n<p><strong><em><strong><em>Tilpas og tilf\u00f8j<\/em><\/strong><\/em><\/strong><\/p>\n\n\n\n<p>Evolve Ultra Series Selectorized Shoulder Press er udstyret med et modstandsniveau p\u00e5 85 kg, men du har ogs\u00e5 mulighed for at tilpasse og tilf\u00f8je det til 122,5 kg for at f\u00e5 en endnu mere udfordrende tr\u00e6ningsoplevelse. Den har en fuldt indkapslet v\u00e6gtstabel, som sikrer, at dine \u00f8velser er sikre.<\/p>\n<\/div>\n<\/div>\n\n\n\n<div class=\"wp-block-columns alignwide mobile-reverse is-layout-flex wp-container-core-columns-is-layout-ca64bf2d wp-block-columns-is-layout-flex\" style=\"margin-bottom:var(--wp--preset--spacing--side-padding)\">\n<div class=\"wp-block-column is-vertically-aligned-center is-layout-flow wp-block-column-is-layout-flow\">\n<h3 class=\"wp-block-heading\" style=\"margin-bottom:var(--wp--preset--spacing--h-3-bottom)\"><strong>KABEL<\/strong><\/h3>\n\n\n\n<p><strong><em><strong><em>Overlegen kvalitet<\/em><\/strong><\/em><\/strong><\/p>\n\n\n\n<p>Evolve Ultra Series-maskiner bruger kabler af overlegen kvalitet, der er seks hovedstrenge, og hver streng best\u00e5r af 19 tr\u00e5de, der er snoet sammen, Polyamid 12 (PA12)-materiale og en diameter p\u00e5 5 mm. Disse kabler er konstrueret til styrke og holdbarhed med en brudstyrke p\u00e5 9000 kN, hvilket g\u00f8r dem til det foretrukne valg til anvendelser, hvor der er brug for exceptionel p\u00e5lidelighed, holdbarhed og ydeevne.N\u00e5r du skifter fra en \u00f8velse til en anden, hvad enten det er bicepscurls, brystpres, lat pulldowns eller enhver anden styrkeopbyggende aktivitet, sikrer Evolve Ultra-seriens kablers exceptionelle ydeevne, at dine bev\u00e6gelser er j\u00e6vne, og modstanden er ensartet, hvilket fremmer en tr\u00e6ningsoplevelse, der er b\u00e5de effektiv og forn\u00f8jelig.<\/p>\n<\/div>\n\n\n\n<div class=\"wp-block-column is-vertically-aligned-center is-layout-flow wp-block-column-is-layout-flow\">\n<figure class=\"wp-block-video\"><video height=\"720\" style=\"aspect-ratio: 1280 \/ 720;\" width=\"1280\" controls=\"\" src=\"https:\/\/store.evolve-fitness.eu\/wp-content\/uploads\/2024\/06\/Evolve-cable.mp4\"><\/video><\/figure>\n<\/div>\n<\/div>\n\n\n\n<div class=\"wp-block-columns alignwide mobile-reverse is-layout-flex wp-container-core-columns-is-layout-ca64bf2d wp-block-columns-is-layout-flex\" style=\"margin-bottom:var(--wp--preset--spacing--side-padding)\">\n<div class=\"wp-block-column is-vertically-aligned-center is-layout-flow wp-block-column-is-layout-flow\">\n<figure class=\"wp-block-video\"><video height=\"720\" style=\"aspect-ratio: 1280 \/ 720;\" width=\"1280\" controls=\"\" src=\"https:\/\/store.evolve-fitness.eu\/wp-content\/uploads\/2024\/06\/Evolve-Double-powder-coated-Frame.mp4\"><\/video><\/figure>\n<\/div>\n\n\n\n<div class=\"wp-block-column is-vertically-aligned-center is-layout-flow wp-block-column-is-layout-flow\">\n<h3 class=\"wp-block-heading\" style=\"margin-bottom:var(--wp--preset--spacing--h-3-bottom)\"><strong>DOBBELT PULVERLAKERET<\/strong><\/h3>\n\n\n\n<p><strong><em><strong><em>Elektrostatisk pulverlakeret<\/em><\/strong><\/em><\/strong><\/p>\n\n\n\n<p style=\"margin-bottom:var(--wp--preset--spacing--tb-section-padding)\">Evolve Ultra Series-styrkemaskinerne med et elektrostatisk pulverlakeret perlesort, mat stel er et eksempel p\u00e5 b\u00e5de form og funktion. Dens \u00e6stetiske appel forst\u00e6rkes af den sorte, matte finish, mens dens praktiske egenskaber, herunder friktionsmodstand, korrosionsbeskyttelse og modstandsdygtighed over for ridser, sikrer, at den er en p\u00e5lidelig og langtidsholdbar fitness-ledsager.<\/p>\n\n\n\n<p><strong><em>Kraftige gulvbeskyttere af st\u00f8bt gummi<\/em><\/strong><\/p>\n\n\n\n<p>De robuste gummif\u00f8dder p\u00e5 Evolve Ultra Series fungerer som beskyttende skjolde for at forhindre potentielle skader p\u00e5 dine gulve. Disse kraftige gummif\u00f8dder er designet til at beskytte dine gulvoverflader mod enhver skade, der kan opst\u00e5 under brug. Desuden giver disse gummif\u00f8dder ikke kun beskyttelse, men bidrager ogs\u00e5 til stabiliteten.<\/p>\n<\/div>\n<\/div>\n<\/section>\n<\/section>\n","protected":false},"excerpt":{"rendered":"<p>L\u00f8ft din brysttr\u00e6ning med Evolve Ultra Series Selectorized Chest Press, UL-010. Den er designet til komfort og ydeevne og har formst\u00f8bte s\u00e6der, uafh\u00e6ngig armbev\u00e6gelse og en overd\u00e6kket v\u00e6gtstangsafsk\u00e6rmning. Med en elegant, mat finish, optimale h\u00e5ndgreb og ubesv\u00e6ret s\u00e6dejustering er UL-010 det ypperste inden for innovation til dit fitnesscenter.<\/p>\n","protected":false},"featured_media":81244,"template":"","meta":{"_acf_changed":false,"inline_featured_image":false},"product_cat":[353,1107,1285],"product_tag":[],"class_list":{"0":"post-76110","1":"product","2":"type-product","3":"status-publish","4":"has-post-thumbnail","6":"product_cat-forside","7":"product_cat-selekterede-maskiner","8":"product_cat-ultra-series-maskiner-med-valgfri-funktion","10":"first","11":"instock","12":"shipping-taxable","13":"purchasable","14":"product-type-simple"},"acf":[],"_links":{"self":[{"href":"https:\/\/store.evolve-fitness.eu\/da\/wp-json\/wp\/v2\/product\/76110","targetHints":{"allow":["GET"]}}],"collection":[{"href":"https:\/\/store.evolve-fitness.eu\/da\/wp-json\/wp\/v2\/product"}],"about":[{"href":"https:\/\/store.evolve-fitness.eu\/da\/wp-json\/wp\/v2\/types\/product"}],"wp:featuredmedia":[{"embeddable":true,"href":"https:\/\/store.evolve-fitness.eu\/da\/wp-json\/wp\/v2\/media\/81244"}],"wp:attachment":[{"href":"https:\/\/store.evolve-fitness.eu\/da\/wp-json\/wp\/v2\/media?parent=76110"}],"wp:term":[{"taxonomy":"product_cat","embeddable":true,"href":"https:\/\/store.evolve-fitness.eu\/da\/wp-json\/wp\/v2\/product_cat?post=76110"},{"taxonomy":"product_tag","embeddable":true,"href":"https:\/\/store.evolve-fitness.eu\/da\/wp-json\/wp\/v2\/product_tag?post=76110"}],"curies":[{"name":"wp","href":"https:\/\/api.w.org\/{rel}","templated":true}]}}