{"id":59817,"date":"2024-02-23T07:35:02","date_gmt":"2024-02-23T07:35:02","guid":{"rendered":"https:\/\/store.evolve-fitness.eu\/product\/evolve-tpu-urethane-haandvaegte-saet-375-60-kg\/"},"modified":"2025-01-27T07:46:55","modified_gmt":"2025-01-27T07:46:55","slug":"evolve-tpu-urethane-haandvaegte-saet-375-60-kg","status":"publish","type":"product","link":"https:\/\/store.evolve-fitness.eu\/da\/vare\/evolve-tpu-urethane-haandvaegte-saet-375-60-kg\/","title":{"rendered":"Evolve TPU Urethane h\u00e5ndv\u00e6gte s\u00e6t 37,5 &#8211; 60 kg"},"content":{"rendered":"\n<section class=\"wp-block-group alignfull black-content has-white-color has-darkgray-background-color has-text-color has-background is-layout-constrained wp-block-group-is-layout-constrained\" style=\"padding-top:var(--wp--preset--spacing--section-bottom);padding-bottom:var(--wp--preset--spacing--section-bottom)\">\n<div class=\"wp-block-columns alignwide mobile-reverse is-layout-flex wp-container-core-columns-is-layout-ca64bf2d wp-block-columns-is-layout-flex\" style=\"margin-bottom:var(--wp--preset--spacing--side-padding)\">\n<div class=\"wp-block-column is-vertically-aligned-center is-layout-flow wp-block-column-is-layout-flow\">\n<h3 class=\"wp-block-heading\" style=\"margin-bottom:var(--wp--preset--spacing--h-3-bottom)\"><strong>Hvorfor urethan er det bedste<\/strong><\/h3>\n\n\n\n<p><em><strong>Det p\u00e5lidelige valg for ejere af fitnesscentre<\/strong><\/em><\/p>\n\n\n\n<p style=\"margin-bottom:var(--wp--preset--spacing--tb-section-padding)\">Som ejer af et fitnesscenter, der s\u00f8ger p\u00e5lideligt og langtidsholdbart udstyr, er Evolve Urethane h\u00e5ndv\u00e6gte din ultimative l\u00f8sning. Disse h\u00e5ndv\u00e6gte er fremstillet af f\u00f8rsteklasses urethanmateriale og har en uovertruffen holdbarhed, hvilket g\u00f8r dem ideelle til kravene i kommercielle fitnesscentre. Sig farvel til bekymringer om ridser, sk\u00e5r eller afskalning &#8211; disse h\u00e5ndv\u00e6gte bevarer deres uber\u00f8rte udseende i \u00e5revis og tilbyder en omkostningseffektiv l\u00f8sning, der eliminerer behovet for hyppige udskiftninger.<\/p>\n<\/div>\n\n\n\n<div class=\"wp-block-column is-vertically-aligned-center is-layout-flow wp-block-column-is-layout-flow\">\n<figure class=\"wp-block-image alignright size-full is-style-rounded\"><img decoding=\"async\" src=\"https:\/\/evolve-fitness.eu\/wp-content\/uploads\/2023\/08\/8k-Render.png\" alt=\"\" class=\"wp-image-762\"\/><\/figure>\n<\/div>\n<\/div>\n\n\n\n<div class=\"wp-block-columns alignwide is-layout-flex wp-container-core-columns-is-layout-c45ee707 wp-block-columns-is-layout-flex\" style=\"margin-bottom:var(--wp--preset--spacing--side-padding);padding-top:var(--wp--preset--spacing--side-padding)\">\n<div class=\"wp-block-column is-vertically-aligned-center is-layout-flow wp-block-column-is-layout-flow\">\n<figure class=\"wp-block-video\"><video autoplay=\"\" controls=\"\" loop=\"\" muted=\"\" src=\"https:\/\/evolve-fitness.eu\/wp-content\/uploads\/2023\/08\/tvarkyta.mp4\"><\/video><\/figure>\n<\/div>\n\n\n\n<div class=\"wp-block-column is-vertically-aligned-center is-layout-constrained wp-block-column-is-layout-constrained\">\n<h3 class=\"wp-block-heading\" style=\"margin-bottom:var(--wp--preset--spacing--h-3-bottom)\">Kan tilpasses og er stilfuld<\/h3>\n\n\n\n<p><strong><em><strong><em>L\u00f8ft dit fitnesscenters branding<\/em><\/strong><\/em><\/strong><\/p>\n\n\n\n<p style=\"margin-bottom:var(--wp--preset--spacing--tb-section-padding)\">Ud over exceptionel holdbarhed giver Evolve Urethane h\u00e5ndv\u00e6gte tilpasningsmuligheder, der l\u00f8fter dit fitnesscenters branding og \u00e6stetik. Tilf\u00f8j dit logo, og v\u00e6lg tilpassede farver for at skabe en unik tr\u00e6ningsoplevelse, der adskiller dit fitnesscenter fra konkurrenterne og efterlader et varigt indtryk p\u00e5 dine medlemmer.<\/p>\n<\/div>\n<\/div>\n\n\n\n<div class=\"wp-block-columns alignwide is-layout-flex wp-container-core-columns-is-layout-c45ee707 wp-block-columns-is-layout-flex\" style=\"margin-bottom:var(--wp--preset--spacing--side-padding);padding-top:var(--wp--preset--spacing--side-padding)\">\n<div class=\"wp-block-column is-vertically-aligned-center is-layout-flow wp-block-column-is-layout-flow\">\n<h3 class=\"wp-block-heading\" style=\"margin-bottom:var(--wp--preset--spacing--h-3-bottom)\">Lasersk\u00e5rne og urethan-infunderede logoer<\/h3>\n\n\n\n<p><strong><em>L\u00f8ft \u00e6stetikken uden at g\u00e5 p\u00e5 kompromis med ydeevnen<\/em><\/strong><\/p>\n\n\n\n<p style=\"margin-bottom:var(--wp--preset--spacing--tb-section-padding)\">Med lasersk\u00e5rne logoer og holdbare v\u00e6gtangivelser i urethan har Evolve Urethane Dumbbells et stilfuldt og samtidig funktionelt design. Med disse letl\u00e6selige markeringer kan du nemt skifte mellem v\u00e6gte under tr\u00e6ningen og sikre en problemfri tr\u00e6ningsoplevelse for dine v\u00e6rdsatte fitnessmedlemmer.<\/p>\n<\/div>\n\n\n\n<div class=\"wp-block-column is-vertically-aligned-center is-layout-flow wp-block-column-is-layout-flow\">\n<div class=\"wp-block-columns is-layout-flex wp-container-core-columns-is-layout-9d6595d7 wp-block-columns-is-layout-flex\">\n<div class=\"wp-block-column is-layout-flow wp-block-column-is-layout-flow\">\n<figure class=\"wp-block-image size-large is-style-rounded\"><img decoding=\"async\" src=\"https:\/\/evolve-fitness.eu\/wp-content\/uploads\/2023\/08\/PXL_20230804_081843655.MP_-795x1024.jpg\" alt=\"\" class=\"wp-image-771\"\/><\/figure>\n<\/div>\n<\/div>\n<\/div>\n<\/div>\n\n\n\n<div class=\"wp-block-columns alignwide is-layout-flex wp-container-core-columns-is-layout-c45ee707 wp-block-columns-is-layout-flex\" style=\"margin-bottom:var(--wp--preset--spacing--side-padding);padding-top:var(--wp--preset--spacing--side-padding)\">\n<div class=\"wp-block-column is-vertically-aligned-center is-layout-flow wp-block-column-is-layout-flow\">\n<figure class=\"wp-block-image size-large\"><img loading=\"lazy\" decoding=\"async\" width=\"1024\" height=\"683\" src=\"https:\/\/store.evolve-fitness.eu\/wp-content\/uploads\/2024\/01\/A7_06107-1024x683.jpg\" alt=\"\" class=\"wp-image-5380\" srcset=\"https:\/\/store.evolve-fitness.eu\/wp-content\/uploads\/2024\/01\/A7_06107-1024x683.jpg 1024w, https:\/\/store.evolve-fitness.eu\/wp-content\/uploads\/2024\/01\/A7_06107-300x200.jpg 300w, https:\/\/store.evolve-fitness.eu\/wp-content\/uploads\/2024\/01\/A7_06107-768x512.jpg 768w, https:\/\/store.evolve-fitness.eu\/wp-content\/uploads\/2024\/01\/A7_06107-1536x1024.jpg 1536w, https:\/\/store.evolve-fitness.eu\/wp-content\/uploads\/2024\/01\/A7_06107-600x400.jpg 600w, https:\/\/store.evolve-fitness.eu\/wp-content\/uploads\/2024\/01\/A7_06107.jpg 1920w\" sizes=\"auto, (max-width: 1024px) 100vw, 1024px\" \/><\/figure>\n<\/div>\n\n\n\n<div class=\"wp-block-column is-vertically-aligned-center is-layout-flow wp-block-column-is-layout-flow\">\n<h3 class=\"wp-block-heading\" style=\"margin-bottom:var(--wp--preset--spacing--h-3-bottom)\">H\u00e5rdt forkromede riflede h\u00e5ndtag<\/h3>\n\n\n\n<p><strong><em>Et greb, der holder<\/em><\/strong><\/p>\n\n\n\n<p>Evolve Urethane Dumbbells har h\u00e5rdt forkromede riflede h\u00e5ndtag, der giver et sikkert og varigt greb for fitnessmedlemmer. Riflingen sikrer et fast greb selv under de mest kr\u00e6vende \u00f8velser, mens forkromningen b\u00e5de giver en elegant finish og en enest\u00e5ende holdbarhed. Med mindre tr\u00e6thed i h\u00e6nder og h\u00e5ndled kan dine medlemmer fokusere p\u00e5 at optimere deres tr\u00e6ning.<\/p>\n<\/div>\n<\/div>\n\n\n\n<div class=\"wp-block-columns alignwide is-layout-flex wp-container-core-columns-is-layout-c45ee707 wp-block-columns-is-layout-flex\" style=\"margin-bottom:var(--wp--preset--spacing--side-padding);padding-top:var(--wp--preset--spacing--side-padding)\">\n<div class=\"wp-block-column is-vertically-aligned-center is-layout-flow wp-block-column-is-layout-flow\">\n<h3 class=\"wp-block-heading\" style=\"margin-bottom:var(--wp--preset--spacing--h-3-bottom)\">Bredt udvalg af v\u00e6gte<\/h3>\n\n\n\n<p><strong><em>Kan tilpasses til alle fitnessniveauer<\/em><\/strong><\/p>\n\n\n\n<p style=\"margin-bottom:var(--wp--preset--spacing--tb-section-padding)\">Evolve Urethane Dumbbells, der sp\u00e6nder fra 2 kg til 60 kg, henvender sig til alle fitnessniveauer og im\u00f8dekommer forskellige tr\u00e6ningsbehov. Disse h\u00e5ndv\u00e6gte f\u00e5s i intervaller p\u00e5 2 kg eller 2,5 kg og giver pr\u00e6cise og gradvise v\u00e6gtstigninger, der sikrer en problemfri progression for dine medlemmers fitnessrejser.<\/p>\n<\/div>\n\n\n\n<div class=\"wp-block-column is-vertically-aligned-center is-layout-flow wp-block-column-is-layout-flow\">\n<div class=\"wp-block-columns is-layout-flex wp-container-core-columns-is-layout-9d6595d7 wp-block-columns-is-layout-flex\">\n<div class=\"wp-block-column is-layout-flow wp-block-column-is-layout-flow\">\n<figure class=\"wp-block-image size-full is-style-rounded\"><img decoding=\"async\" src=\"https:\/\/evolve-fitness.eu\/wp-content\/uploads\/2023\/08\/TPU-dumbbells-23-2.jpg\" alt=\"\" class=\"wp-image-773\"\/><\/figure>\n<\/div>\n<\/div>\n<\/div>\n<\/div>\n\n\n\n<div class=\"wp-block-columns alignwide is-layout-flex wp-container-core-columns-is-layout-c45ee707 wp-block-columns-is-layout-flex\" style=\"margin-bottom:var(--wp--preset--spacing--side-padding);padding-top:var(--wp--preset--spacing--side-padding)\">\n<div class=\"wp-block-column is-vertically-aligned-center is-layout-flow wp-block-column-is-layout-flow\">\n<figure class=\"wp-block-video\"><video autoplay=\"\" controls=\"\" loop=\"\" muted=\"\" src=\"https:\/\/evolve-fitness.eu\/wp-content\/uploads\/2023\/12\/1-7.mp4\"><\/video><\/figure>\n<\/div>\n\n\n\n<div class=\"wp-block-column is-vertically-aligned-center is-layout-flow wp-block-column-is-layout-flow\">\n<h3 class=\"wp-block-heading\" style=\"margin-bottom:var(--wp--preset--spacing--h-3-bottom)\">Pr\u00e6cisionsst\u00f8bt<\/h3>\n\n\n\n<p><strong><em>Konsekvent ydeevne<\/em><\/strong><\/p>\n\n\n\n<p>Hos Evolve prioriterer vi pr\u00e6cisionsst\u00f8bning for at garantere ensartet v\u00e6gt og urokkelig ydeevne for hver h\u00e5ndv\u00e6gt. I mods\u00e6tning til standardh\u00e5ndv\u00e6gte med uensartet v\u00e6gt er Evolves h\u00e5ndv\u00e6gte omhyggeligt udformet efter n\u00f8jagtige specifikationer, hvilket giver en ensartet v\u00e6gt og fornemmelse for forbedret tr\u00e6ningsn\u00f8jagtighed.<\/p>\n<\/div>\n<\/div>\n\n\n\n<div class=\"wp-block-columns alignwide is-layout-flex wp-container-core-columns-is-layout-c45ee707 wp-block-columns-is-layout-flex\" style=\"margin-bottom:var(--wp--preset--spacing--side-padding);padding-top:var(--wp--preset--spacing--side-padding)\">\n<div class=\"wp-block-column is-vertically-aligned-center is-layout-flow wp-block-column-is-layout-flow\">\n<h3 class=\"wp-block-heading\" style=\"margin-bottom:var(--wp--preset--spacing--h-3-bottom)\">Sikkerhed f\u00f8rst<\/h3>\n\n\n\n<p><strong><em>En p\u00e5lidelig og sikker tr\u00e6ningsoplevelse<\/em><\/strong><\/p>\n\n\n\n<p style=\"margin-bottom:var(--wp--preset--spacing--tb-section-padding)\">Tr\u00e6ningsg\u00e6ngernes sikkerhed er af st\u00f8rste vigtighed, og Evolve Urethane h\u00e5ndv\u00e6gte giver ro i sindet. Disse h\u00e5ndv\u00e6gte er fremstillet af ugiftigt og lugtfrit urethanmateriale af h\u00f8j kvalitet og sikrer et sikkert og sundt tr\u00e6ningsmilj\u00f8. Den robuste konstruktion minimerer risikoen for brud eller sk\u00e5r, hvilket reducerer sandsynligheden for skader under intense tr\u00e6ningspas.<\/p>\n<\/div>\n\n\n\n<div class=\"wp-block-column is-vertically-aligned-center is-layout-flow wp-block-column-is-layout-flow\">\n<div class=\"wp-block-columns is-layout-flex wp-container-core-columns-is-layout-9d6595d7 wp-block-columns-is-layout-flex\">\n<div class=\"wp-block-column is-layout-flow wp-block-column-is-layout-flow\">\n<figure class=\"wp-block-image size-full is-style-rounded\"><img decoding=\"async\" src=\"https:\/\/evolve-fitness.eu\/wp-content\/uploads\/2023\/08\/TPU-dumbbells-17-1.jpg\" alt=\"\" class=\"wp-image-744\"\/><\/figure>\n<\/div>\n<\/div>\n<\/div>\n<\/div>\n\n\n\n<div class=\"wp-block-columns alignwide is-layout-flex wp-container-core-columns-is-layout-c45ee707 wp-block-columns-is-layout-flex\" style=\"margin-bottom:var(--wp--preset--spacing--side-padding);padding-top:var(--wp--preset--spacing--side-padding)\">\n<div class=\"wp-block-column is-vertically-aligned-center is-layout-flow wp-block-column-is-layout-flow\">\n<figure class=\"wp-block-image size-large\"><img decoding=\"async\" src=\"https:\/\/evolve-fitness.eu\/wp-content\/uploads\/2023\/08\/Dumbell-Handle-Dimenions-1-1024x703.jpg\" alt=\"EV-DS-TP-12,5-35\" class=\"wp-image-10507\"\/><\/figure>\n<\/div>\n\n\n\n<div class=\"wp-block-column is-vertically-aligned-center is-layout-flow wp-block-column-is-layout-flow\">\n<h3 class=\"wp-block-heading\" style=\"margin-bottom:var(--wp--preset--spacing--h-3-bottom)\">Pr\u00e6cisionsst\u00f8bt<\/h3>\n\n\n\n<p><strong><em>Konsekvent ydeevne<\/em><\/strong><\/p>\n\n\n\n<p>Hos Evolve prioriterer vi pr\u00e6cisionsst\u00f8bning for at garantere ensartet v\u00e6gt og urokkelig ydeevne for hver h\u00e5ndv\u00e6gt. I mods\u00e6tning til standardh\u00e5ndv\u00e6gte med uensartet v\u00e6gt er Evolves h\u00e5ndv\u00e6gte omhyggeligt udformet efter n\u00f8jagtige specifikationer, hvilket giver en ensartet v\u00e6gt og fornemmelse for forbedret tr\u00e6ningsn\u00f8jagtighed. Evolve TPU Urethane Dumbbell Set, der sp\u00e6nder fra 2 kg til 60 kg, har TPU-materiale af h\u00f8j kvalitet for holdbarhed og h\u00e5rdt forkromede riflede h\u00e5ndtag, der m\u00e5ler 146 mm, for et sikkert greb. Den tilbyder tilpasningsmuligheder, herunder lasersk\u00e5rne logoer og farver til branding af fitnesscentre. Disse h\u00e5ndv\u00e6gte er designet til konstant ydeevne og sikkerhed og henvender sig til alle fitnessniveauer og er ideelle til b\u00e5de kommerciel tr\u00e6ning og hjemmetr\u00e6ning.<\/p>\n<\/div>\n<\/div>\n\n\n\n<div class=\"wp-block-columns alignwide is-layout-flex wp-container-core-columns-is-layout-c45ee707 wp-block-columns-is-layout-flex\" style=\"margin-bottom:var(--wp--preset--spacing--side-padding);padding-top:var(--wp--preset--spacing--side-padding)\">\n<div class=\"wp-block-column is-vertically-aligned-center is-layout-flow wp-block-column-is-layout-flow\">\n<div class=\"wp-block-columns is-layout-flex wp-container-core-columns-is-layout-9d6595d7 wp-block-columns-is-layout-flex\">\n<div class=\"wp-block-column is-layout-flow wp-block-column-is-layout-flow\"><\/div>\n<\/div>\n<\/div>\n<\/div>\n<\/section>\n","protected":false},"excerpt":{"rendered":"<p>Oplev det ypperste inden for styrke og lang levetid med Evolve TPU-h\u00e5ndv\u00e6gte, der er fremstillet af TPU-materiale af h\u00f8j kvalitet. Disse h\u00e5ndv\u00e6gte har en uovertruffen holdbarhed, hvilket g\u00f8r dem til et p\u00e5lideligt valg til varig pr\u00e6station. Evolve TPU-h\u00e5ndv\u00e6gte er ideelle til b\u00e5de kommercielle fitnesscentre og hjemmetr\u00e6ning og giver et sikkert og behageligt greb, der sikrer en sikker og effektiv fitnessoplevelse. Med deres slanke design og pr\u00e6cise kalibrering henvender disse h\u00e5ndv\u00e6gte sig til fitnessentusiaster p\u00e5 alle niveauer og tilbyder en bred vifte af v\u00e6gtindstillinger. S\u00e6lges i s\u00e6t. 2 x 37,5 kg \/ 40 kg \/ 42,5 kg \/ 45 kg \/ 47,5 kg \/ 50 kg \/ 52,5 kg \/ 55 kg \/ 57,5 kg \/ 60 kg.<\/p>\n","protected":false},"featured_media":93566,"template":"","meta":{"_acf_changed":false,"inline_featured_image":false},"product_cat":[353,977,1314],"product_tag":[],"class_list":{"0":"post-59817","1":"product","2":"type-product","3":"status-publish","4":"has-post-thumbnail","6":"product_cat-forside","7":"product_cat-frie-vaegte","8":"product_cat-handvaegte","10":"first","11":"instock","12":"shipping-taxable","13":"purchasable","14":"product-type-simple"},"acf":[],"_links":{"self":[{"href":"https:\/\/store.evolve-fitness.eu\/da\/wp-json\/wp\/v2\/product\/59817","targetHints":{"allow":["GET"]}}],"collection":[{"href":"https:\/\/store.evolve-fitness.eu\/da\/wp-json\/wp\/v2\/product"}],"about":[{"href":"https:\/\/store.evolve-fitness.eu\/da\/wp-json\/wp\/v2\/types\/product"}],"wp:featuredmedia":[{"embeddable":true,"href":"https:\/\/store.evolve-fitness.eu\/da\/wp-json\/wp\/v2\/media\/93566"}],"wp:attachment":[{"href":"https:\/\/store.evolve-fitness.eu\/da\/wp-json\/wp\/v2\/media?parent=59817"}],"wp:term":[{"taxonomy":"product_cat","embeddable":true,"href":"https:\/\/store.evolve-fitness.eu\/da\/wp-json\/wp\/v2\/product_cat?post=59817"},{"taxonomy":"product_tag","embeddable":true,"href":"https:\/\/store.evolve-fitness.eu\/da\/wp-json\/wp\/v2\/product_tag?post=59817"}],"curies":[{"name":"wp","href":"https:\/\/api.w.org\/{rel}","templated":true}]}}