{"id":58711,"date":"2024-02-01T07:30:55","date_gmt":"2024-02-01T07:30:55","guid":{"rendered":"https:\/\/store.evolve-fitness.eu\/product\/evolve-justerbar-baenk-i-econ-serien-2\/"},"modified":"2026-04-28T12:01:04","modified_gmt":"2026-04-28T12:01:04","slug":"evolve-justerbar-baenk-i-econ-serien-2","status":"publish","type":"product","link":"https:\/\/store.evolve-fitness.eu\/da\/vare\/evolve-justerbar-baenk-i-econ-serien-2\/","title":{"rendered":"Evolve justerbar b\u00e6nk i Econ-serien"},"content":{"rendered":"\n<section class=\"wp-block-group alignfull black-content has-white-color has-darkgray-background-color has-text-color has-background is-layout-constrained wp-block-group-is-layout-constrained\" style=\"padding-top:var(--wp--preset--spacing--section-bottom);padding-bottom:var(--wp--preset--spacing--section-bottom)\">\n<div class=\"wp-block-columns alignwide mobile-reverse is-layout-flex wp-container-core-columns-is-layout-ca64bf2d wp-block-columns-is-layout-flex\" style=\"margin-bottom:var(--wp--preset--spacing--side-padding)\">\n<div class=\"wp-block-column is-vertically-aligned-center is-layout-flow wp-block-column-is-layout-flow\">\n<h3 class=\"wp-block-heading\" style=\"margin-bottom:var(--wp--preset--spacing--h-3-bottom)\">Justerbare indstillinger<\/h3>\n\n\n\n<p><strong><em><strong>Fleksibilitet til enhver tr\u00e6ning<\/strong><\/em><\/strong><\/p>\n\n\n\n<p style=\"margin-bottom:var(--wp--preset--spacing--tb-section-padding)\">Denne b\u00e6nk har flere rygl\u00e6ns- og s\u00e6depositioner, hvilket giver alsidighed til en lang r\u00e6kke \u00f8velser, s\u00e5 brugerne kan m\u00e5lrette specifikke muskelgrupper effektivt.<\/p>\n<\/div>\n\n\n\n<div class=\"wp-block-column is-vertically-aligned-center is-layout-flow wp-block-column-is-layout-flow\">\n<figure class=\"wp-block-video\"><video height=\"1200\" style=\"aspect-ratio: 1600 \/ 1200;\" width=\"1600\" autoplay=\"\" controls=\"\" loop=\"\" muted=\"\" src=\"https:\/\/evolve-fitness.eu\/wp-content\/uploads\/2024\/01\/Evolve-Econ-Series-Adjustable-Bench-EC-100-V1.mp4\"><\/video><\/figure>\n<\/div>\n<\/div>\n\n\n\n<div class=\"wp-block-columns alignwide is-layout-flex wp-container-core-columns-is-layout-c45ee707 wp-block-columns-is-layout-flex\" style=\"margin-bottom:var(--wp--preset--spacing--side-padding);padding-top:var(--wp--preset--spacing--side-padding)\">\n<div class=\"wp-block-column is-vertically-aligned-center is-layout-flow wp-block-column-is-layout-flow\">\n<figure class=\"wp-block-image size-large\"><img decoding=\"async\" src=\"https:\/\/evolve-fitness.eu\/wp-content\/uploads\/2024\/01\/Evolve-Econ-Series-Adjustable-Bench-EC-100-C3-1024x683.jpg\" alt=\"\" class=\"wp-image-10822\"\/><\/figure>\n<\/div>\n\n\n\n<div class=\"wp-block-column is-vertically-aligned-center is-layout-flow wp-block-column-is-layout-flow\">\n<h3 class=\"wp-block-heading\" style=\"margin-bottom:var(--wp--preset--spacing--h-3-bottom)\"><strong>Holdbare rammer<\/strong><\/h3>\n\n\n\n<p><strong><em> <strong>Stabilitet m\u00f8der styrke<\/strong><\/em><\/strong><\/p>\n\n\n\n<p>Den er konstrueret af robuste materialer, der sikrer varig holdbarhed og stabilitet og hj\u00e6lper brugerne gennem intense og varierede tr\u00e6ningsrutiner.<\/p>\n<\/div>\n<\/div>\n\n\n\n<div class=\"wp-block-columns alignwide is-layout-flex wp-container-core-columns-is-layout-c45ee707 wp-block-columns-is-layout-flex\" style=\"margin-bottom:var(--wp--preset--spacing--side-padding);padding-top:var(--wp--preset--spacing--side-padding)\">\n<div class=\"wp-block-column is-vertically-aligned-center is-layout-flow wp-block-column-is-layout-flow\">\n<h3 class=\"wp-block-heading\" style=\"margin-bottom:var(--wp--preset--spacing--h-3-bottom)\"><strong>Forbedret komfort<\/strong><\/h3>\n\n\n\n<p><strong><em>Ergonomisk design for optimal st\u00f8tte<\/em><\/strong><\/p>\n\n\n\n<p style=\"margin-bottom:var(--wp--preset--spacing--tb-section-padding)\">Evolve Econ Series Adjustable Bench er et alsidigt stykke fitnessudstyr designet til en bred vifte af \u00f8velser, velegnet til b\u00e5de hjemmet og kommercielle fitnesscentre. Justeringsmulighederne g\u00f8r det muligt at lave b\u00e6nk\u00f8velser med h\u00e6ldning, fald og flad b\u00e6nk, hvilket g\u00f8r den perfekt til tr\u00e6ning af hele kroppen. Den kan bruges til styrketr\u00e6ning, m\u00e5lrettet muskler som bryst, skuldre, ryg og core, og underst\u00f8tter en r\u00e6kke tr\u00e6ningsprogrammer fra b\u00e6nkpres til h\u00e5ndv\u00e6gts\u00f8velser, der forbedrer b\u00e5de over- og underkroppens styrke.<\/p>\n<\/div>\n\n\n\n<div class=\"wp-block-column is-vertically-aligned-center is-layout-flow wp-block-column-is-layout-flow\">\n<figure class=\"wp-block-image size-large\"><img decoding=\"async\" src=\"https:\/\/evolve-fitness.eu\/wp-content\/uploads\/2024\/01\/Evolve-Econ-Series-Adjustable-Bench-EC-100-C2-1024x683.jpg\" alt=\"\" class=\"wp-image-10824\"\/><\/figure>\n<\/div>\n<\/div>\n\n\n\n<div class=\"wp-block-columns alignwide is-layout-flex wp-container-core-columns-is-layout-c45ee707 wp-block-columns-is-layout-flex\" style=\"margin-bottom:var(--wp--preset--spacing--side-padding);padding-top:var(--wp--preset--spacing--side-padding)\">\n<div class=\"wp-block-column is-vertically-aligned-center is-layout-flow wp-block-column-is-layout-flow\">\n<figure class=\"wp-block-image size-large\"><img decoding=\"async\" src=\"https:\/\/evolve-fitness.eu\/wp-content\/uploads\/2024\/01\/Evolve-Econ-Series-Adjustable-Bench-EC-100-C5-1024x683.jpg\" alt=\"\" class=\"wp-image-10826\"\/><\/figure>\n<\/div>\n\n\n\n<div class=\"wp-block-column is-vertically-aligned-center is-layout-flow wp-block-column-is-layout-flow\">\n<h3 class=\"wp-block-heading\" style=\"margin-bottom:var(--wp--preset--spacing--h-3-bottom)\"><strong><strong><strong><strong>Nem vedligeholdelse<\/strong><\/strong><\/strong><\/strong><\/h3>\n\n\n\n<p><strong><em><strong><strong>Enkelhed og lethed<\/strong><\/strong><\/em><\/strong><\/p>\n\n\n\n<p>Evolve Econ Series Adjustable Bench har en justeringshjulmekanisme, der er designet til j\u00e6vne og nemme overgange mellem forskellige vinkler og positioner. Det giver brugerne mulighed for hurtigt at skifte fra flad til stigende eller faldende indstilling, s\u00e5 en bred vifte af \u00f8velser kan m\u00e5lrettes forskellige muskelgrupper effektivt og virkningsfuldt. B\u00e6nkens materialer og design g\u00f8r den nem at reng\u00f8re og kr\u00e6ver ikke meget vedligeholdelse, s\u00e5 den forbliver i god stand over tid.<\/p>\n<\/div>\n<\/div>\n\n\n\n<div class=\"wp-block-columns alignwide is-layout-flex wp-container-core-columns-is-layout-c45ee707 wp-block-columns-is-layout-flex\" style=\"margin-bottom:var(--wp--preset--spacing--side-padding);padding-top:var(--wp--preset--spacing--side-padding)\">\n<div class=\"wp-block-column is-vertically-aligned-center is-layout-flow wp-block-column-is-layout-flow\">\n<h3 class=\"wp-block-heading\" style=\"margin-bottom:var(--wp--preset--spacing--h-3-bottom)\"><strong><strong><strong><strong>Pladsbesparende funktion<\/strong><\/strong><\/strong><\/strong><\/h3>\n\n\n\n<p><strong><em><strong>Ideel til begr\u00e6nset plads<\/strong><\/em><\/strong><\/p>\n\n\n\n<p>Evolve Econ Series Adjustable Bench er udstyret med transporthjul, som g\u00f8r den mere transportabel og praktisk. Hjulene g\u00f8r det nemt at flytte b\u00e6nken rundt i tr\u00e6ningslokalet, s\u00e5 den kan flyttes eller opbevares efter behov, uden at det kr\u00e6ver tunge l\u00f8ft eller en stor fysisk indsats. Denne funktion er is\u00e6r fordelagtig i rum med flere anvendelsesmuligheder eller i hjemmetr\u00e6ningscentre, hvor udstyret skal flyttes ofte for at give plads til forskellige aktiviteter eller for at frig\u00f8re plads. Designet giver mulighed for nem justering og opbevaring, hvilket g\u00f8r den perfekt til hjemmetr\u00e6ning eller andre steder, hvor effektivitet er afg\u00f8rende.<\/p>\n<\/div>\n\n\n\n<div class=\"wp-block-column is-vertically-aligned-center is-layout-flow wp-block-column-is-layout-flow\">\n<figure class=\"wp-block-video\"><video height=\"1200\" style=\"aspect-ratio: 1600 \/ 1200;\" width=\"1600\" autoplay=\"\" controls=\"\" loop=\"\" muted=\"\" src=\"https:\/\/evolve-fitness.eu\/wp-content\/uploads\/2024\/01\/Evolve-Econ-Series-Adjustable-Bench-EC-100-V3.mp4\"><\/video><\/figure>\n<\/div>\n<\/div>\n<\/section>\n","protected":false},"excerpt":{"rendered":"<p>Evolve Econ Series Adjustable Bench, EC-100 kombinerer alsidighed og holdbarhed og tilbyder en r\u00e6kke h\u00e6ldnings- og h\u00e6ldningsindstillinger for at forbedre din tr\u00e6ningsvariation. Den robuste konstruktion sikrer stabilitet under intense \u00f8velser, mens de justerbare funktioner g\u00f8r det muligt at arbejde m\u00e5lrettet med musklerne. Denne b\u00e6nk er ideel til b\u00e5de hjemmebrug og kommerciel brug og er en v\u00e6rdifuld tilf\u00f8jelse til enhver fitnessrutine og henvender sig til atleter p\u00e5 alle niveauer, der \u00f8nsker at maksimere deres tr\u00e6ningseffektivitet.<\/p>\n","protected":false},"featured_media":58713,"template":"","meta":{"_acf_changed":false,"inline_featured_image":false},"product_cat":[353,1230,1324],"product_tag":[],"class_list":{"0":"post-58711","1":"product","2":"type-product","3":"status-publish","4":"has-post-thumbnail","6":"product_cat-forside","7":"product_cat-baenke","8":"product_cat-baenke-i-econ-serien","10":"first","11":"instock","12":"shipping-taxable","13":"purchasable","14":"product-type-simple"},"acf":[],"_links":{"self":[{"href":"https:\/\/store.evolve-fitness.eu\/da\/wp-json\/wp\/v2\/product\/58711","targetHints":{"allow":["GET"]}}],"collection":[{"href":"https:\/\/store.evolve-fitness.eu\/da\/wp-json\/wp\/v2\/product"}],"about":[{"href":"https:\/\/store.evolve-fitness.eu\/da\/wp-json\/wp\/v2\/types\/product"}],"wp:featuredmedia":[{"embeddable":true,"href":"https:\/\/store.evolve-fitness.eu\/da\/wp-json\/wp\/v2\/media\/58713"}],"wp:attachment":[{"href":"https:\/\/store.evolve-fitness.eu\/da\/wp-json\/wp\/v2\/media?parent=58711"}],"wp:term":[{"taxonomy":"product_cat","embeddable":true,"href":"https:\/\/store.evolve-fitness.eu\/da\/wp-json\/wp\/v2\/product_cat?post=58711"},{"taxonomy":"product_tag","embeddable":true,"href":"https:\/\/store.evolve-fitness.eu\/da\/wp-json\/wp\/v2\/product_tag?post=58711"}],"curies":[{"name":"wp","href":"https:\/\/api.w.org\/{rel}","templated":true}]}}