{"id":57982,"date":"2024-01-30T15:23:34","date_gmt":"2024-01-30T15:23:34","guid":{"rendered":"https:\/\/store.evolve-fitness.eu\/product\/evolve-ultra-series-pladebelastet-raekke\/"},"modified":"2024-05-30T13:32:40","modified_gmt":"2024-05-30T13:32:40","slug":"evolve-ultra-series-pladebelastet-raekke","status":"publish","type":"product","link":"https:\/\/store.evolve-fitness.eu\/da\/vare\/evolve-ultra-series-pladebelastet-raekke\/","title":{"rendered":"Evolve Ultra Series pladebelastet r\u00e6kke"},"content":{"rendered":"\n<p> <\/p>\n\n<section class=\"wp-block-group alignfull black-content has-white-color has-darkgray-background-color has-text-color has-background is-layout-constrained wp-block-group-is-layout-constrained\" style=\"padding-top:var(--wp--preset--spacing--section-bottom);padding-bottom:var(--wp--preset--spacing--section-bottom)\">\n<h3 class=\"wp-block-heading has-text-align-center\"><strong><strong><strong>EVOLVE PLADEBELASTET ULTRA-SERIE<\/strong><\/strong><\/strong><\/h3>\n\n\n\n<p>Evolve Plate Loaded Ultra Series er indbegrebet af ekspertise og tilbyder f\u00f8rsteklasses kvalitet til den bedst mulige pris. L\u00f8ft din styrketr\u00e6ning med udstyr, der kombinerer luksus, ydeevne og overkommelige priser. Udforsk den komplette serie i dag, og oplev fitness som aldrig f\u00f8r.<\/p>\n\n\n\n<section class=\"wp-block-group alignfull black-content has-white-color has-darkgray-background-color has-text-color has-background is-layout-constrained wp-block-group-is-layout-constrained\" style=\"padding-top:var(--wp--preset--spacing--section-bottom);padding-bottom:var(--wp--preset--spacing--section-bottom)\">\n<div class=\"wp-block-columns alignwide mobile-reverse is-layout-flex wp-container-core-columns-is-layout-ca64bf2d wp-block-columns-is-layout-flex\" style=\"margin-bottom:var(--wp--preset--spacing--side-padding)\">\n<div class=\"wp-block-column is-vertically-aligned-center is-layout-flow wp-block-column-is-layout-flow\">\n<h3 class=\"wp-block-heading\" style=\"margin-bottom:var(--wp--preset--spacing--h-3-bottom)\"><strong><strong><strong><strong><strong>Tyk polstring<\/strong><\/strong><\/strong><\/strong><\/strong><\/h3>\n\n\n\n<p><strong><em><strong><strong><strong>H\u00f8jeste komfort og holdbarhed<\/strong><\/strong><\/strong><\/em><\/strong><\/p>\n\n\n\n<p style=\"margin-bottom:var(--wp--preset--spacing--tb-section-padding)\">Vores tykke polstring giver uovertruffen komfort under din tr\u00e6ning og sikrer samtidig varig holdbarhed. Denne funktion g\u00f8r dine tr\u00e6ningspas til en forn\u00f8jelse at holde ud.<\/p>\n\n\n\n<h3 class=\"wp-block-heading\" style=\"margin-bottom:var(--wp--preset--spacing--h-3-bottom)\"><strong><strong><strong><strong><strong><strong><strong>M\u00e5lrettet muskelinddragelse<\/strong><\/strong><\/strong><\/strong><\/strong><\/strong><\/strong><\/h3>\n\n\n\n<p><strong><em><strong><strong><strong><strong><strong>Unilateral armbev\u00e6gelse (tilg\u00e6ngelig p\u00e5 nogle maskiner)<\/strong><\/strong><\/strong><\/strong><\/strong><\/em><\/strong><\/p>\n\n\n\n<p>For dem, der s\u00f8ger alsidighed, tilbyder udvalgte maskiner i Ultra-serien <strong>unilateral armbev\u00e6gelse<\/strong>. Det giver dig mulighed for at ramme specifikke muskelgrupper effektivt, s\u00e5 du kan skr\u00e6ddersy dit fitnessprogram.<\/p>\n<\/div>\n\n\n\n<div class=\"wp-block-column is-vertically-aligned-center is-layout-flow wp-block-column-is-layout-flow\">\n<figure class=\"wp-block-video\"><video autoplay=\"\" controls=\"\" loop=\"\" muted=\"\" src=\"https:\/\/evolve-fitness.eu\/wp-content\/uploads\/2023\/12\/1-21.mp4\"><\/video><\/figure>\n<\/div>\n<\/div>\n\n\n\n<div class=\"wp-block-columns alignwide mobile-reverse is-layout-flex wp-container-core-columns-is-layout-ca64bf2d wp-block-columns-is-layout-flex\" style=\"margin-bottom:var(--wp--preset--spacing--side-padding)\">\n<div class=\"wp-block-column is-vertically-aligned-center is-layout-flow wp-block-column-is-layout-flow\">\n<figure class=\"wp-block-video\"><video height=\"2052\" style=\"aspect-ratio: 2052 \/ 2052;\" width=\"2052\" autoplay=\"\" controls=\"\" loop=\"\" muted=\"\" src=\"https:\/\/evolve-fitness.eu\/wp-content\/uploads\/2023\/12\/2-14.mp4\"><\/video><\/figure>\n<\/div>\n\n\n\n<div class=\"wp-block-column is-vertically-aligned-center is-layout-flow wp-block-column-is-layout-flow\">\n<h3 class=\"wp-block-heading\" style=\"margin-bottom:var(--wp--preset--spacing--h-3-bottom)\"><strong><strong><strong><strong>Justerbar siddeposition<\/strong><\/strong><\/strong><\/strong><\/h3>\n\n\n\n<p><strong><strong>Nem tilpasning i levende gul<\/strong><\/strong><\/p>\n\n\n\n<p style=\"margin-bottom:var(--wp--preset--spacing--tb-section-padding)\">Vores maskiner har en <strong>justerbar siddestilling<\/strong> med justeringsknapper og h\u00e5ndtag i lys, let synlig gul. Det brugervenlige design g\u00f8r det nemt at tilpasse tr\u00e6ningen, s\u00e5 den passer til dine pr\u00e6ferencer.<\/p>\n\n\n\n<h3 class=\"wp-block-heading\" style=\"margin-bottom:var(--wp--preset--spacing--h-3-bottom)\"><strong><strong><strong><strong><strong><strong><strong><strong>Kompromisl\u00f8s holdbarhed<\/strong><\/strong><\/strong><\/strong><\/strong><\/strong><\/strong><\/strong><\/h3>\n\n\n\n<p><strong><em><strong><strong><strong><strong><strong>Bolte og m\u00f8trikker i rustfrit st\u00e5l<\/strong><\/strong><\/strong><\/strong><\/strong><\/em><\/strong><\/p>\n\n\n\n<p>Alle detaljer t\u00e6ller i Ultra-serien. Derfor er alle bolte og m\u00f8trikker lavet af <strong>rustfrit st\u00e5l<\/strong> for at sikre kompromisl\u00f8s holdbarhed og lang levetid.<\/p>\n<\/div>\n<\/div>\n\n\n\n<div class=\"wp-block-columns alignwide mobile-reverse is-layout-flex wp-container-core-columns-is-layout-ca64bf2d wp-block-columns-is-layout-flex\" style=\"margin-bottom:var(--wp--preset--spacing--side-padding)\">\n<div class=\"wp-block-column is-vertically-aligned-center is-layout-flow wp-block-column-is-layout-flow\">\n<h3 class=\"wp-block-heading\" style=\"margin-bottom:var(--wp--preset--spacing--h-3-bottom)\"><strong><strong><strong><strong>Skridsikre h\u00e5ndtag<\/strong><\/strong><\/strong><\/strong><\/h3>\n\n\n\n<p><strong><em><strong><strong><strong><strong><strong><strong><strong>Sikkert greb for tryghed og selvtillid<\/strong><\/strong><\/strong><\/strong><\/strong><\/strong><\/strong><\/em><\/strong><\/p>\n\n\n\n<p style=\"margin-bottom:var(--wp--preset--spacing--tb-section-padding)\">Udvalgte b\u00e6nke i Econ-serien har en <strong>justerbar siddestilling<\/strong>, s\u00e5 du kan tilpasse din tr\u00e6ning og opn\u00e5 maksimal komfort og tr\u00e6ningsvariation.<\/p>\n\n\n\n<h3 class=\"wp-block-heading\" style=\"margin-bottom:var(--wp--preset--spacing--h-3-bottom)\"><strong><strong><strong><strong><strong><strong><strong>Holdbare gulvbeskyttere<\/strong><\/strong><\/strong><\/strong><\/strong><\/strong><\/strong><\/h3>\n\n\n\n<p><strong><em><strong><strong><strong><strong>Bevar dit gulv i fitnesscentret<\/strong><\/strong><\/strong><\/strong><\/em><\/strong><\/p>\n\n\n\n<p>Vores udstyr er udstyret med <strong>slidst\u00e6rke gulvbeskyttere<\/strong>, der beskytter dit tr\u00e6ningscenter mod skader og ridser, selv under intens tr\u00e6ning.<\/p>\n\n\n\n<h3 class=\"wp-block-heading\" style=\"margin-bottom:var(--wp--preset--spacing--h-3-bottom)\"><strong><strong><strong><strong><strong>Organiseret og effektiv<\/strong><\/strong><\/strong><\/strong><\/strong><\/h3>\n\n\n\n<p><strong><em><strong><strong><strong><strong><strong><strong><strong><strong>Pinde til opbevaring af v\u00e6gtskiver<\/strong><\/strong><\/strong><\/strong><\/strong><\/strong><\/strong><\/strong><\/em><\/strong><\/p>\n\n\n\n<p style=\"margin-bottom:var(--wp--preset--spacing--tb-section-padding)\">Bliv organiseret og effektiv med <strong>Pegs til opbevaring af v\u00e6gtskiver<\/strong>. Hold dine plader inden for r\u00e6kkevidde, og effektiviser dine tr\u00e6ningssessioner.<\/p>\n<\/div>\n\n\n\n<div class=\"wp-block-column is-vertically-aligned-center is-layout-flow wp-block-column-is-layout-flow\">\n<figure class=\"wp-block-image size-large\"><img decoding=\"async\" src=\"https:\/\/evolve-fitness.eu\/wp-content\/uploads\/2023\/09\/A7_06595-1024x683.jpg\" alt=\"\" class=\"wp-image-8344\"\/><\/figure>\n<\/div>\n<\/div>\n\n\n\n<div class=\"wp-block-columns alignwide mobile-reverse is-layout-flex wp-container-core-columns-is-layout-ca64bf2d wp-block-columns-is-layout-flex\" style=\"margin-bottom:var(--wp--preset--spacing--side-padding)\">\n<div class=\"wp-block-column is-vertically-aligned-center is-layout-flow wp-block-column-is-layout-flow\">\n<figure class=\"wp-block-video\"><video autoplay=\"\" controls=\"\" loop=\"\" muted=\"\" src=\"https:\/\/evolve-fitness.eu\/wp-content\/uploads\/2023\/12\/3-5.mp4\"><\/video><\/figure>\n<\/div>\n\n\n\n<div class=\"wp-block-column is-vertically-aligned-center is-layout-flow wp-block-column-is-layout-flow\">\n<h3 class=\"wp-block-heading\" style=\"margin-bottom:var(--wp--preset--spacing--h-3-bottom)\"><strong><strong><strong><strong><strong><strong><strong>Holdbare gulvbeskyttere<\/strong><\/strong><\/strong><\/strong><\/strong><\/strong><\/strong><\/h3>\n\n\n\n<p><strong><em><strong><strong><strong><strong>Bevar dit gulv i fitnesscentret<\/strong><\/strong><\/strong><\/strong><\/em><\/strong><\/p>\n\n\n\n<p>Vores udstyr er udstyret med <strong>slidst\u00e6rke gulvbeskyttere<\/strong>, der beskytter dit tr\u00e6ningscenter mod skader og ridser, selv under intens tr\u00e6ning.<\/p>\n\n\n\n<h3 class=\"wp-block-heading\" style=\"margin-bottom:var(--wp--preset--spacing--h-3-bottom)\"><strong><strong><strong><strong><strong><strong><strong><strong><strong>Holdbar finish<\/strong><\/strong><\/strong><\/strong><\/strong><\/strong><\/strong><\/strong><\/strong><\/h3>\n\n\n\n<p><strong><em><strong><strong><strong><strong><strong><strong>Elektrostatisk spr\u00f8jteteknologi til termoh\u00e6rdende pulver<\/strong><\/strong><\/strong><\/strong><\/strong><\/strong><\/em><\/strong><\/p>\n\n\n\n<p>Vores maskiner har <strong>elektrostatisk spr\u00f8jteteknologi med termoh\u00e6rdende pulver<\/strong>, der sikrer en holdbar finish. Denne avancerede bel\u00e6gning bevarer udstyrets visuelle tiltr\u00e6kningskraft over tid.<\/p>\n<\/div>\n<\/div>\n<\/section>\n<\/section>\n","protected":false},"excerpt":{"rendered":"<p>Evolve Ultra Series Plate Loaded Row UL-050 er det perfekte valg til kommercielle fitnesscentre, der s\u00f8ger udstyr til tr\u00e6ning af rygmuskler i topkvalitet. Med en holdbar st\u00e5lramme, skridsikre h\u00e5ndtag og integreret opbevaring af v\u00e6gtskiver giver den en sikker og effektiv tr\u00e6ningsoplevelse. Tilpas rammens og polstringens farver, s\u00e5 de passer til dit fitnesscenters brand, og nyd det ergonomiske design og den 2-\u00e5rige garanti. L\u00f8ft dit tr\u00e6ningscenter med Evolve Ultra Series romaskine.<\/p>\n","protected":false},"featured_media":60806,"template":"","meta":{"_acf_changed":false,"inline_featured_image":false},"product_cat":[353,748,749],"product_tag":[],"class_list":{"0":"post-57982","1":"product","2":"type-product","3":"status-publish","4":"has-post-thumbnail","6":"product_cat-forside","7":"product_cat-pladebelastede-maskiner","8":"product_cat-ultra-series-pladebelastet","10":"first","11":"instock","12":"shipping-taxable","13":"purchasable","14":"product-type-simple"},"acf":[],"_links":{"self":[{"href":"https:\/\/store.evolve-fitness.eu\/da\/wp-json\/wp\/v2\/product\/57982","targetHints":{"allow":["GET"]}}],"collection":[{"href":"https:\/\/store.evolve-fitness.eu\/da\/wp-json\/wp\/v2\/product"}],"about":[{"href":"https:\/\/store.evolve-fitness.eu\/da\/wp-json\/wp\/v2\/types\/product"}],"wp:featuredmedia":[{"embeddable":true,"href":"https:\/\/store.evolve-fitness.eu\/da\/wp-json\/wp\/v2\/media\/60806"}],"wp:attachment":[{"href":"https:\/\/store.evolve-fitness.eu\/da\/wp-json\/wp\/v2\/media?parent=57982"}],"wp:term":[{"taxonomy":"product_cat","embeddable":true,"href":"https:\/\/store.evolve-fitness.eu\/da\/wp-json\/wp\/v2\/product_cat?post=57982"},{"taxonomy":"product_tag","embeddable":true,"href":"https:\/\/store.evolve-fitness.eu\/da\/wp-json\/wp\/v2\/product_tag?post=57982"}],"curies":[{"name":"wp","href":"https:\/\/api.w.org\/{rel}","templated":true}]}}