{"id":55705,"date":"2024-01-26T14:24:13","date_gmt":"2024-01-26T14:24:13","guid":{"rendered":"https:\/\/store.evolve-fitness.eu\/product\/evolve-dobbeltvaegs-kuglemaal\/"},"modified":"2024-08-06T12:59:42","modified_gmt":"2024-08-06T12:59:42","slug":"evolve-dobbeltvaegs-kuglemaal","status":"publish","type":"product","link":"https:\/\/store.evolve-fitness.eu\/da\/vare\/evolve-dobbeltvaegs-kuglemaal\/","title":{"rendered":"Evolve dobbeltv\u00e6gs kuglem\u00e5l"},"content":{"rendered":"","protected":false},"excerpt":{"rendered":"<p>L\u00f8ft dit styrketr\u00e6ningsprogram med Evolve WB3 Double Target, der er specielt designet til intensiveret medicinboldtr\u00e6ning. Denne alsidige maskine tilf\u00f8jer et dynamisk element til din tr\u00e6ningsrutine og giver en udfordrende platform til m\u00e5lrettet styrketr\u00e6ning. De dobbelte m\u00e5l \u00f8ger pr\u00e6cisionen i boldst\u00f8dene, hvilket g\u00f8r den ideel til b\u00e5de individuel tr\u00e6ning og gruppetr\u00e6ning. Evolve WB3 er fremstillet med henblik p\u00e5 holdbarhed og ydeevne og er et p\u00e5lideligt og effektivt redskab til kraftfulde \u00f8velser. S\u00e6t skub i din tr\u00e6ningsrejse med denne avancerede maskine med dobbelt m\u00e5l, og oplev fordelene ved fokuseret og effektiv styrketr\u00e6ning som aldrig f\u00f8r.  <\/p>\n","protected":false},"featured_media":55711,"template":"","meta":{"_acf_changed":false,"inline_featured_image":false},"product_cat":[585,653,659],"product_tag":[],"class_list":{"0":"post-55705","1":"product","2":"type-product","3":"status-publish","4":"has-post-thumbnail","6":"product_cat-tvaergaende-og-funktionel","7":"product_cat-komponenter-til-riggen","8":"product_cat-tilbehor","10":"first","11":"instock","12":"shipping-taxable","13":"purchasable","14":"product-type-simple"},"acf":[],"_links":{"self":[{"href":"https:\/\/store.evolve-fitness.eu\/da\/wp-json\/wp\/v2\/product\/55705","targetHints":{"allow":["GET"]}}],"collection":[{"href":"https:\/\/store.evolve-fitness.eu\/da\/wp-json\/wp\/v2\/product"}],"about":[{"href":"https:\/\/store.evolve-fitness.eu\/da\/wp-json\/wp\/v2\/types\/product"}],"wp:featuredmedia":[{"embeddable":true,"href":"https:\/\/store.evolve-fitness.eu\/da\/wp-json\/wp\/v2\/media\/55711"}],"wp:attachment":[{"href":"https:\/\/store.evolve-fitness.eu\/da\/wp-json\/wp\/v2\/media?parent=55705"}],"wp:term":[{"taxonomy":"product_cat","embeddable":true,"href":"https:\/\/store.evolve-fitness.eu\/da\/wp-json\/wp\/v2\/product_cat?post=55705"},{"taxonomy":"product_tag","embeddable":true,"href":"https:\/\/store.evolve-fitness.eu\/da\/wp-json\/wp\/v2\/product_tag?post=55705"}],"curies":[{"name":"wp","href":"https:\/\/api.w.org\/{rel}","templated":true}]}}