{"id":55548,"date":"2024-01-26T14:10:01","date_gmt":"2024-01-26T14:10:01","guid":{"rendered":"https:\/\/store.evolve-fitness.eu\/product\/evolve-holder-til-kettlebells-og-medicinbolde\/"},"modified":"2024-08-06T13:03:15","modified_gmt":"2024-08-06T13:03:15","slug":"evolve-holder-til-kettlebells-og-medicinbolde","status":"publish","type":"product","link":"https:\/\/store.evolve-fitness.eu\/da\/vare\/evolve-holder-til-kettlebells-og-medicinbolde\/","title":{"rendered":"Evolve holder til kettlebells og medicinbolde"},"content":{"rendered":"","protected":false},"excerpt":{"rendered":"<p>Organiser din tr\u00e6ningsplads effektivt med Evolve-holderen til kettlebells og medicinbolde. Denne robuste opbevaringsl\u00f8sning holder dit tr\u00e6ningsomr\u00e5de fri for rod og dine kettlebells og medicinbolde let tilg\u00e6ngelige. Denne holder er designet med holdbarhed for \u00f8je og er en elegant tilf\u00f8jelse til dit tr\u00e6ningscenter. Det pladsbesparende design giver dig mulighed for at optimere dit fitnessmilj\u00f8 og fremme et str\u00f8mlinet og effektivt tr\u00e6ningsrum. L\u00f8ft din fitnessrutine med Evolve Kettlebell and Medicine Ball Holder, et must-have tilbeh\u00f8r til et velorganiseret og funktionelt fitnesscenter.  <\/p>\n","protected":false},"featured_media":55549,"template":"","meta":{"_acf_changed":false,"inline_featured_image":false},"product_cat":[353,585,653,659],"product_tag":[],"class_list":{"0":"post-55548","1":"product","2":"type-product","3":"status-publish","4":"has-post-thumbnail","6":"product_cat-forside","7":"product_cat-tvaergaende-og-funktionel","8":"product_cat-komponenter-til-riggen","9":"product_cat-tilbehor","11":"first","12":"instock","13":"shipping-taxable","14":"purchasable","15":"product-type-simple"},"acf":[],"_links":{"self":[{"href":"https:\/\/store.evolve-fitness.eu\/da\/wp-json\/wp\/v2\/product\/55548","targetHints":{"allow":["GET"]}}],"collection":[{"href":"https:\/\/store.evolve-fitness.eu\/da\/wp-json\/wp\/v2\/product"}],"about":[{"href":"https:\/\/store.evolve-fitness.eu\/da\/wp-json\/wp\/v2\/types\/product"}],"wp:featuredmedia":[{"embeddable":true,"href":"https:\/\/store.evolve-fitness.eu\/da\/wp-json\/wp\/v2\/media\/55549"}],"wp:attachment":[{"href":"https:\/\/store.evolve-fitness.eu\/da\/wp-json\/wp\/v2\/media?parent=55548"}],"wp:term":[{"taxonomy":"product_cat","embeddable":true,"href":"https:\/\/store.evolve-fitness.eu\/da\/wp-json\/wp\/v2\/product_cat?post=55548"},{"taxonomy":"product_tag","embeddable":true,"href":"https:\/\/store.evolve-fitness.eu\/da\/wp-json\/wp\/v2\/product_tag?post=55548"}],"curies":[{"name":"wp","href":"https:\/\/api.w.org\/{rel}","templated":true}]}}