{"id":55444,"date":"2024-01-26T14:10:01","date_gmt":"2024-01-26T14:10:01","guid":{"rendered":"https:\/\/store.evolve-fitness.eu\/product\/evolve-logoplade-i-rustfrit-staal\/"},"modified":"2024-01-26T14:10:01","modified_gmt":"2024-01-26T14:10:01","slug":"evolve-logoplade-i-rustfrit-staal","status":"publish","type":"product","link":"https:\/\/store.evolve-fitness.eu\/da\/vare\/evolve-logoplade-i-rustfrit-staal\/","title":{"rendered":"Evolve-logoplade i rustfrit st\u00e5l"},"content":{"rendered":"","protected":false},"excerpt":{"rendered":"<p>G\u00f8r dit fitnessrum mere \u00e6stetisk med Evolve-logoskiltet i rustfrit st\u00e5l, som er problemfrit at montere p\u00e5 stativet. Denne logoplade er fremstillet med henblik p\u00e5 holdbarhed og stil og tilf\u00f8jer et strejf af raffinement til dit tr\u00e6ningsmilj\u00f8. Konstruktionen i rustfrit st\u00e5l sikrer lang levetid og et slankt, moderne look, der g\u00f8r den til et oplagt indslag i ethvert fitnesscenter. Vis dit engagement i kvalitet og innovation med Evolve-logopladen i rustfrit st\u00e5l, et statement-stykke, der passer perfekt ind i dit udstyr.<\/p>\n","protected":false},"featured_media":55449,"template":"","meta":{"_acf_changed":false,"inline_featured_image":false},"product_cat":[353,585,653,659],"product_tag":[],"class_list":{"0":"post-55444","1":"product","2":"type-product","3":"status-publish","4":"has-post-thumbnail","6":"product_cat-forside","7":"product_cat-tvaergaende-og-funktionel","8":"product_cat-komponenter-til-riggen","9":"product_cat-tilbehor","11":"first","12":"instock","13":"shipping-taxable","14":"purchasable","15":"product-type-simple"},"acf":[],"_links":{"self":[{"href":"https:\/\/store.evolve-fitness.eu\/da\/wp-json\/wp\/v2\/product\/55444","targetHints":{"allow":["GET"]}}],"collection":[{"href":"https:\/\/store.evolve-fitness.eu\/da\/wp-json\/wp\/v2\/product"}],"about":[{"href":"https:\/\/store.evolve-fitness.eu\/da\/wp-json\/wp\/v2\/types\/product"}],"wp:featuredmedia":[{"embeddable":true,"href":"https:\/\/store.evolve-fitness.eu\/da\/wp-json\/wp\/v2\/media\/55449"}],"wp:attachment":[{"href":"https:\/\/store.evolve-fitness.eu\/da\/wp-json\/wp\/v2\/media?parent=55444"}],"wp:term":[{"taxonomy":"product_cat","embeddable":true,"href":"https:\/\/store.evolve-fitness.eu\/da\/wp-json\/wp\/v2\/product_cat?post=55444"},{"taxonomy":"product_tag","embeddable":true,"href":"https:\/\/store.evolve-fitness.eu\/da\/wp-json\/wp\/v2\/product_tag?post=55444"}],"curies":[{"name":"wp","href":"https:\/\/api.w.org\/{rel}","templated":true}]}}