{"id":55004,"date":"2024-01-26T06:27:35","date_gmt":"2024-01-26T06:27:35","guid":{"rendered":"https:\/\/store.evolve-fitness.eu\/product\/evolve-vandret-stativ-til-kofangerplader\/"},"modified":"2026-04-02T12:00:38","modified_gmt":"2026-04-02T12:00:38","slug":"evolve-vandret-stativ-til-kofangerplader","status":"publish","type":"product","link":"https:\/\/store.evolve-fitness.eu\/da\/vare\/evolve-vandret-stativ-til-kofangerplader\/","title":{"rendered":"Evolve vandret stativ til kofangerplader"},"content":{"rendered":"\n<section class=\"wp-block-group alignfull black-content has-white-color has-darkgray-background-color has-text-color has-background is-layout-constrained wp-block-group-is-layout-constrained\" style=\"padding-top:var(--wp--preset--spacing--section-bottom);padding-bottom:var(--wp--preset--spacing--section-bottom)\">\n<div class=\"wp-block-columns alignwide mobile-reverse is-layout-flex wp-container-core-columns-is-layout-ca64bf2d wp-block-columns-is-layout-flex\" style=\"margin-bottom:var(--wp--preset--spacing--side-padding)\">\n<div class=\"wp-block-column is-vertically-aligned-center is-layout-flow wp-block-column-is-layout-flow\">\n<h3 class=\"wp-block-heading\" style=\"margin-bottom:var(--wp--preset--spacing--h-3-bottom)\"><strong><strong><strong><strong><strong><strong>Mobil og praktisk opbevaring<\/strong><\/strong><\/strong><\/strong><\/strong><\/strong><\/h3>\n\n\n\n<p>Evolve Horizontal Bumper Plate Rack er udstyret med transporthjul og et skridsikkert h\u00e5ndtag, s\u00e5 det er en leg at flytte v\u00e6gtskiver rundt i dit rum. Uanset om du omorganiserer dit fitnesscenter eller blot flytter udstyr til en bestemt tr\u00e6ning, giver dette stativ uovertruffen mobilitet.<\/p>\n\n\n\n<h3 class=\"wp-block-heading\" style=\"margin-bottom:var(--wp--preset--spacing--h-3-bottom)\"><strong><strong><strong><strong><strong>Holdbart design for lang levetid<\/strong><\/strong><\/strong><\/strong><\/strong><\/h3>\n\n\n\n<p>Stativets pulverlakerede ramme giver ikke kun et elegant, professionelt look, men sikrer ogs\u00e5 modstandsdygtighed over for rust og slid. Det betyder, at din investering forbliver i topform, selv i de h\u00e5rdeste tr\u00e6ningsmilj\u00f8er.<\/p>\n<\/div>\n\n\n\n<div class=\"wp-block-column is-vertically-aligned-center is-layout-flow wp-block-column-is-layout-flow\">\n<figure class=\"wp-block-image alignright size-full is-resized is-style-rounded\"><img decoding=\"async\" src=\"https:\/\/evolve-fitness.eu\/wp-content\/uploads\/2023\/11\/Evolve-Horizontal-Bumper-Plate-Rack-1.1.png\" alt=\"\" class=\"wp-image-5966\" style=\"object-fit:cover;width:680px;height:600px\"\/><\/figure>\n<\/div>\n<\/div>\n\n\n\n<div class=\"wp-block-columns alignwide is-layout-flex wp-container-core-columns-is-layout-c45ee707 wp-block-columns-is-layout-flex\" style=\"margin-bottom:var(--wp--preset--spacing--side-padding);padding-top:var(--wp--preset--spacing--side-padding)\">\n<div class=\"wp-block-column is-vertically-aligned-center is-layout-flow wp-block-column-is-layout-flow\">\n<figure class=\"wp-block-image size-full is-resized is-style-rounded\"><img decoding=\"async\" src=\"https:\/\/evolve-fitness.eu\/wp-content\/uploads\/2023\/11\/Evolve-Horizontal-Bumper-Plate-Rack.png\" alt=\"\" class=\"wp-image-5962\" style=\"object-fit:cover;width:680px;height:600px\"\/><\/figure>\n<\/div>\n\n\n\n<div class=\"wp-block-column is-vertically-aligned-center is-layout-constrained wp-block-column-is-layout-constrained\">\n<h3 class=\"wp-block-heading\" style=\"margin-bottom:var(--wp--preset--spacing--h-3-bottom)\"><strong><strong><strong><strong><strong><strong>Effektiv organisering for nem adgang<\/strong><\/strong><\/strong><\/strong><\/strong><\/strong><\/h3>\n\n\n\n<p>Stativets st\u00e6rke ramme kan rumme flere v\u00e6gtskiver, hvilket g\u00f8r det til en effektiv opbevaringsl\u00f8sning. Ved at holde dine plader p\u00e6nt stablet og sorteret, bliver det lettere for brugerne at finde og v\u00e6lge de v\u00e6gte, de har brug for, hvilket str\u00f8mliner deres tr\u00e6ningsoplevelse.<\/p>\n\n\n\n<h3 class=\"wp-block-heading\" style=\"margin-bottom:var(--wp--preset--spacing--h-3-bottom)\"><strong><strong><strong><strong><strong><strong>Beskyttelseselementer for sikkerhed og stabilitet<\/strong><\/strong><\/strong><\/strong><\/strong><\/strong><\/h3>\n\n\n\n<p>Med en beskyttende PVC-fodbel\u00e6gning st\u00e5r Evolve Horizontal Bumper Plate Rack sikkert p\u00e5 plads og sikrer sikkerhed og stabilitet under brug. Denne funktion hj\u00e6lper med at beskytte dine gulve mod ridser og skader, s\u00e5 dit fitnessrum forbliver i perfekt stand.<\/p>\n<\/div>\n<\/div>\n\n\n\n<div class=\"wp-block-columns alignwide is-layout-flex wp-container-core-columns-is-layout-c45ee707 wp-block-columns-is-layout-flex\" style=\"margin-bottom:var(--wp--preset--spacing--side-padding);padding-top:var(--wp--preset--spacing--side-padding)\">\n<div class=\"wp-block-column is-vertically-aligned-center is-layout-constrained wp-block-column-is-layout-constrained\">\n<h3 class=\"wp-block-heading\" style=\"margin-bottom:var(--wp--preset--spacing--h-3-bottom)\"><strong><strong><strong><strong><strong><strong><strong>De vigtigste fordele ved at v\u00e6lge Evolve Rack<\/strong><\/strong><\/strong><\/strong><\/strong><\/strong><\/strong><\/h3>\n\n\n\n<ul class=\"wp-block-list\">\n<li><strong>Pulverlakeret ramme<\/strong>: Giver holdbarhed og rustbestandighed.<\/li>\n\n\n\n<li><strong>Transporthjul<\/strong>: G\u00f8r det nemt at flytte rundt i dit rum.<\/li>\n\n\n\n<li><strong>Skridsikkert h\u00e5ndtag<\/strong>: Sikrer et fast greb, n\u00e5r stativet flyttes.<\/li>\n\n\n\n<li><strong>Beskyttende PVC-bel\u00e6gning p\u00e5 f\u00f8dderne<\/strong>: Bevarer gulvets integritet og \u00f8ger stabiliteten.<\/li>\n<\/ul>\n<\/div>\n\n\n\n<div class=\"wp-block-column is-vertically-aligned-center is-layout-flow wp-block-column-is-layout-flow\">\n<figure class=\"wp-block-image size-full is-resized is-style-rounded\"><img decoding=\"async\" src=\"https:\/\/evolve-fitness.eu\/wp-content\/uploads\/2023\/11\/Evolve-Horizontal-Bumper-Plate-Rack-1.0.png\" alt=\"\" class=\"wp-image-5968\" style=\"object-fit:cover;width:680px;height:600px\"\/><\/figure>\n<\/div>\n<\/div>\n\n\n\n<p class=\"has-text-align-center has-medium-2-font-size\" style=\"padding-top:var(--wp--preset--spacing--tb-padding);padding-bottom:var(--wp--preset--spacing--tb-padding)\">T<strong>Evolve Horizontal Bumper Plate Rack er en uundv\u00e6rlig tilf\u00f8jelse til ethvert fitnesscenter, da det er en praktisk l\u00f8sning til opbevaring og transport af v\u00e6gtskiver. Dens robuste konstruktion kombineret med praktiske funktioner g\u00f8r den til en investering, der forbedrer funktionaliteten og organiseringen af dit tr\u00e6ningsrum.<\/strong><\/p>\n<\/section>\n","protected":false},"excerpt":{"rendered":"<p>Evolve Horizontal Bumper Plate Rack er en enest\u00e5ende opbevaringsl\u00f8sning til motionscentre, garager og fitnesscentre, designet til at holde v\u00e6gtskiver organiseret og let tilg\u00e6ngelige. Dette holdbare stativ har en pulverlakeret ramme, der er rustbestandig, transporthjul og et skridsikkert h\u00e5ndtag til ubesv\u00e6ret mobilitet. Det effektive design, komplet med beskyttende PVC-fodbel\u00e6gning, sikrer sikkerhed, stabilitet og pladsoptimering, hvilket g\u00f8r det til et ideelt valg til at opretholde et ordentligt og professionelt tr\u00e6ningsmilj\u00f8. Dette stativ er ikke kun en praktisk tilf\u00f8jelse til ethvert fitnessrum, men forbedrer ogs\u00e5 brugeroplevelsen ved at holde udstyret p\u00e6nt organiseret og let tilg\u00e6ngeligt.<\/p>\n","protected":false},"featured_media":55019,"template":"","meta":{"_acf_changed":false,"inline_featured_image":false},"product_cat":[353,977,978],"product_tag":[],"class_list":{"0":"post-55004","1":"product","2":"type-product","3":"status-publish","4":"has-post-thumbnail","6":"product_cat-forside","7":"product_cat-frie-vaegte","8":"product_cat-reoler-og-opbevaringslosninger","10":"first","11":"instock","12":"shipping-taxable","13":"purchasable","14":"product-type-simple"},"acf":[],"_links":{"self":[{"href":"https:\/\/store.evolve-fitness.eu\/da\/wp-json\/wp\/v2\/product\/55004","targetHints":{"allow":["GET"]}}],"collection":[{"href":"https:\/\/store.evolve-fitness.eu\/da\/wp-json\/wp\/v2\/product"}],"about":[{"href":"https:\/\/store.evolve-fitness.eu\/da\/wp-json\/wp\/v2\/types\/product"}],"wp:featuredmedia":[{"embeddable":true,"href":"https:\/\/store.evolve-fitness.eu\/da\/wp-json\/wp\/v2\/media\/55019"}],"wp:attachment":[{"href":"https:\/\/store.evolve-fitness.eu\/da\/wp-json\/wp\/v2\/media?parent=55004"}],"wp:term":[{"taxonomy":"product_cat","embeddable":true,"href":"https:\/\/store.evolve-fitness.eu\/da\/wp-json\/wp\/v2\/product_cat?post=55004"},{"taxonomy":"product_tag","embeddable":true,"href":"https:\/\/store.evolve-fitness.eu\/da\/wp-json\/wp\/v2\/product_tag?post=55004"}],"curies":[{"name":"wp","href":"https:\/\/api.w.org\/{rel}","templated":true}]}}