{"id":54838,"date":"2024-01-25T13:50:49","date_gmt":"2024-01-25T13:50:49","guid":{"rendered":"https:\/\/store.evolve-fitness.eu\/product\/evolve-speed-rope-300-cm\/"},"modified":"2026-04-10T12:00:22","modified_gmt":"2026-04-10T12:00:22","slug":"evolve-speed-rope-300-cm","status":"publish","type":"product","link":"https:\/\/store.evolve-fitness.eu\/da\/vare\/evolve-speed-rope-300-cm\/","title":{"rendered":"Evolve Speed Rope &#8211; 300 cm"},"content":{"rendered":"\n<section class=\"wp-block-group alignfull has-lightgray-background-color has-background is-layout-constrained wp-block-group-is-layout-constrained\">\n<div class=\"wp-block-columns alignwide is-layout-flex wp-container-core-columns-is-layout-2edb0647 wp-block-columns-is-layout-flex\" style=\"margin-top:0;margin-bottom:0\">\n<div class=\"wp-block-column is-layout-flow wp-block-column-is-layout-flow\" style=\"flex-basis:33.33%\"><\/div>\n\n\n\n<div class=\"wp-block-column is-layout-flow wp-block-column-is-layout-flow\" style=\"flex-basis:66.66%\"><\/div>\n<\/div>\n<\/section>\n","protected":false},"excerpt":{"rendered":"<p>Evolve Speed Rope, der m\u00e5ler 300 cm, er designet til at forbedre kardiovaskul\u00e6r fitness og koordination. Dette speed rope er velegnet til forskellige niveauer af f\u00e6rdigheder og kondition, fra begyndere til avancerede atleter. Det er et effektivt redskab til en bred vifte af tr\u00e6ningsformer, herunder h\u00f8jintensiv intervaltr\u00e6ning og konditions\u00f8velser.<\/p>\n","protected":false},"featured_media":54847,"template":"","meta":{"_acf_changed":false,"inline_featured_image":false},"product_cat":[585,588],"product_tag":[],"class_list":{"0":"post-54838","1":"product","2":"type-product","3":"status-publish","4":"has-post-thumbnail","6":"product_cat-tvaergaende-og-funktionel","7":"product_cat-funktionelt-udstyr","9":"first","10":"instock","11":"shipping-taxable","12":"purchasable","13":"product-type-simple"},"acf":[],"_links":{"self":[{"href":"https:\/\/store.evolve-fitness.eu\/da\/wp-json\/wp\/v2\/product\/54838","targetHints":{"allow":["GET"]}}],"collection":[{"href":"https:\/\/store.evolve-fitness.eu\/da\/wp-json\/wp\/v2\/product"}],"about":[{"href":"https:\/\/store.evolve-fitness.eu\/da\/wp-json\/wp\/v2\/types\/product"}],"wp:featuredmedia":[{"embeddable":true,"href":"https:\/\/store.evolve-fitness.eu\/da\/wp-json\/wp\/v2\/media\/54847"}],"wp:attachment":[{"href":"https:\/\/store.evolve-fitness.eu\/da\/wp-json\/wp\/v2\/media?parent=54838"}],"wp:term":[{"taxonomy":"product_cat","embeddable":true,"href":"https:\/\/store.evolve-fitness.eu\/da\/wp-json\/wp\/v2\/product_cat?post=54838"},{"taxonomy":"product_tag","embeddable":true,"href":"https:\/\/store.evolve-fitness.eu\/da\/wp-json\/wp\/v2\/product_tag?post=54838"}],"curies":[{"name":"wp","href":"https:\/\/api.w.org\/{rel}","templated":true}]}}