{"id":54679,"date":"2024-01-25T13:50:43","date_gmt":"2024-01-25T13:50:43","guid":{"rendered":"https:\/\/store.evolve-fitness.eu\/product\/evolve-vaegtstang-jack\/"},"modified":"2024-07-16T11:33:20","modified_gmt":"2024-07-16T11:33:20","slug":"evolve-vaegtstang-jack","status":"publish","type":"product","link":"https:\/\/store.evolve-fitness.eu\/da\/vare\/evolve-vaegtstang-jack\/","title":{"rendered":"Evolve v\u00e6gtstang Jack"},"content":{"rendered":"","protected":false},"excerpt":{"rendered":"<p>Evolve Barbell Jack er et specialiseret stykke fitnessudstyr. Den er designet til at hj\u00e6lpe med at l\u00f8fte og skifte v\u00e6gt p\u00e5 v\u00e6gtst\u00e6nger, hvilket \u00f8ger effektiviteten og sikkerheden ved v\u00e6gtl\u00f8ftningssessioner.<\/p>\n","protected":false},"featured_media":92880,"template":"","meta":{"_acf_changed":false,"inline_featured_image":false},"product_cat":[353,977,1019],"product_tag":[],"class_list":{"0":"post-54679","1":"product","2":"type-product","3":"status-publish","4":"has-post-thumbnail","6":"product_cat-forside","7":"product_cat-frie-vaegte","8":"product_cat-barer-og-tilbehor","10":"first","11":"outofstock","12":"shipping-taxable","13":"purchasable","14":"product-type-simple"},"acf":[],"_links":{"self":[{"href":"https:\/\/store.evolve-fitness.eu\/da\/wp-json\/wp\/v2\/product\/54679","targetHints":{"allow":["GET"]}}],"collection":[{"href":"https:\/\/store.evolve-fitness.eu\/da\/wp-json\/wp\/v2\/product"}],"about":[{"href":"https:\/\/store.evolve-fitness.eu\/da\/wp-json\/wp\/v2\/types\/product"}],"wp:featuredmedia":[{"embeddable":true,"href":"https:\/\/store.evolve-fitness.eu\/da\/wp-json\/wp\/v2\/media\/92880"}],"wp:attachment":[{"href":"https:\/\/store.evolve-fitness.eu\/da\/wp-json\/wp\/v2\/media?parent=54679"}],"wp:term":[{"taxonomy":"product_cat","embeddable":true,"href":"https:\/\/store.evolve-fitness.eu\/da\/wp-json\/wp\/v2\/product_cat?post=54679"},{"taxonomy":"product_tag","embeddable":true,"href":"https:\/\/store.evolve-fitness.eu\/da\/wp-json\/wp\/v2\/product_tag?post=54679"}],"curies":[{"name":"wp","href":"https:\/\/api.w.org\/{rel}","templated":true}]}}