{"id":51154,"date":"2024-01-25T14:04:02","date_gmt":"2024-01-25T14:04:02","guid":{"rendered":"https:\/\/store.evolve-fitness.eu\/product\/evolve-home-ophaengsbaelter\/"},"modified":"2025-03-26T14:58:42","modified_gmt":"2025-03-26T14:58:42","slug":"evolve-home-ophaengsbaelter","status":"publish","type":"product","link":"https:\/\/store.evolve-fitness.eu\/da\/vare\/evolve-home-ophaengsbaelter\/","title":{"rendered":"Evolve Home-oph\u00e6ngsb\u00e6lter"},"content":{"rendered":"\n<section class=\"wp-block-group alignfull has-lightgray-background-color has-background is-layout-constrained wp-block-group-is-layout-constrained\">\n<div class=\"wp-block-columns alignwide is-layout-flex wp-container-core-columns-is-layout-2edb0647 wp-block-columns-is-layout-flex\" style=\"margin-top:0;margin-bottom:0\">\n<div class=\"wp-block-column is-layout-flow wp-block-column-is-layout-flow\" style=\"flex-basis:33.33%\"><\/div>\n\n\n\n<div class=\"wp-block-column is-layout-flow wp-block-column-is-layout-flow\" style=\"flex-basis:66.66%\"><\/div>\n<\/div>\n<\/section>\n","protected":false},"excerpt":{"rendered":"<p>Tr\u00e6n hvor som helst, n\u00e5r som helst med de stilfulde og alsidige Evolve-funktionsremme. Fremstillet af slidst\u00e6rkt stof med skridsikre, men alligevel elastiske belagte gummih\u00e5ndtag og justerbare l\u00f8kker til benene, sikrer disse funktioner lang levetid og komfort under tr\u00e6ningen. Med s\u00e6rlige fastg\u00f8relsesanordninger kan disse stropper h\u00e6nges p\u00e5 en bj\u00e6lke, et v\u00e6gbeslag eller en d\u00f8r. Det praktiske, b\u00e6rbare design omfatter en taske, der kan rumme hele s\u00e6ttet. Evolve TRX-tr\u00e6neren er et hjemmevenligt alternativ med et enkelt, men elegant design, der giver mulighed for muskeltr\u00e6ning af hele kroppen. Evolve TRX-remme er fremstillet af materialer af h\u00f8j kvalitet, der sikrer nem vedligeholdelse og reng\u00f8ring.<\/p>\n","protected":false},"featured_media":51155,"template":"","meta":{"_acf_changed":false,"inline_featured_image":false},"product_cat":[2411,585,588],"product_tag":[],"class_list":{"0":"post-51154","1":"product","2":"type-product","3":"status-publish","4":"has-post-thumbnail","6":"product_cat-hyrox-gear","7":"product_cat-tvaergaende-og-funktionel","8":"product_cat-funktionelt-udstyr","10":"first","11":"instock","12":"shipping-taxable","13":"purchasable","14":"product-type-simple"},"acf":[],"_links":{"self":[{"href":"https:\/\/store.evolve-fitness.eu\/da\/wp-json\/wp\/v2\/product\/51154","targetHints":{"allow":["GET"]}}],"collection":[{"href":"https:\/\/store.evolve-fitness.eu\/da\/wp-json\/wp\/v2\/product"}],"about":[{"href":"https:\/\/store.evolve-fitness.eu\/da\/wp-json\/wp\/v2\/types\/product"}],"wp:featuredmedia":[{"embeddable":true,"href":"https:\/\/store.evolve-fitness.eu\/da\/wp-json\/wp\/v2\/media\/51155"}],"wp:attachment":[{"href":"https:\/\/store.evolve-fitness.eu\/da\/wp-json\/wp\/v2\/media?parent=51154"}],"wp:term":[{"taxonomy":"product_cat","embeddable":true,"href":"https:\/\/store.evolve-fitness.eu\/da\/wp-json\/wp\/v2\/product_cat?post=51154"},{"taxonomy":"product_tag","embeddable":true,"href":"https:\/\/store.evolve-fitness.eu\/da\/wp-json\/wp\/v2\/product_tag?post=51154"}],"curies":[{"name":"wp","href":"https:\/\/api.w.org\/{rel}","templated":true}]}}