{"id":49790,"date":"2024-01-18T14:00:24","date_gmt":"2024-01-18T14:00:24","guid":{"rendered":"https:\/\/store.evolve-fitness.eu\/product\/evolve-hexagon-haandvaegte-25-kg-60-kg\/"},"modified":"2026-04-09T12:01:10","modified_gmt":"2026-04-09T12:01:10","slug":"evolve-hexagon-haandvaegte-25-kg-60-kg","status":"publish","type":"product","link":"https:\/\/store.evolve-fitness.eu\/da\/vare\/evolve-hexagon-haandvaegte-25-kg-60-kg\/","title":{"rendered":"Evolve TPU Hexagon h\u00e5ndv\u00e6gte 1 &#8211; 50 KG"},"content":{"rendered":"\n<section class=\"wp-block-group alignfull black-content has-white-color has-darkgray-background-color has-text-color has-background is-layout-constrained wp-block-group-is-layout-constrained\" style=\"padding-top:var(--wp--preset--spacing--section-bottom);padding-bottom:var(--wp--preset--spacing--section-bottom)\">\n<div class=\"wp-block-columns alignwide is-layout-flex wp-container-core-columns-is-layout-c45ee707 wp-block-columns-is-layout-flex\" style=\"margin-bottom:var(--wp--preset--spacing--side-padding);padding-top:var(--wp--preset--spacing--side-padding)\">\n<div class=\"wp-block-column is-vertically-aligned-center is-layout-flow wp-block-column-is-layout-flow\">\n<div class=\"wp-block-columns is-layout-flex wp-container-core-columns-is-layout-9d6595d7 wp-block-columns-is-layout-flex\">\n<div class=\"wp-block-column is-layout-flow wp-block-column-is-layout-flow\">\n<figure class=\"wp-block-image size-full is-style-rounded\"><img decoding=\"async\" src=\"https:\/\/evolve-fitness.eu\/wp-content\/uploads\/2023\/11\/Evolve-hex-dumbbells-5.png\" alt=\"\" class=\"wp-image-5356\"\/><\/figure>\n<\/div>\n<\/div>\n<\/div>\n\n\n\n<div class=\"wp-block-column is-vertically-aligned-center is-layout-flow wp-block-column-is-layout-flow\">\n<h3 class=\"wp-block-heading\"><strong>Funktionelt design til enhver tr\u00e6ning<\/strong><\/h3>\n\n\n\n<p><strong><em><strong><em>Ryk dine gr\u00e6nser<\/em><\/strong><\/em><\/strong><\/p>\n\n\n\n<p>Vores h\u00e5ndv\u00e6gte er designet med praktisk omtanke og har gummiindkapslede hoveder for at \u00f8ge holdbarheden, beskytte din plads og reducere st\u00f8j. Den innovative sekskantede form forhindrer rulning og letter en r\u00e6kke \u00f8velser for dem, der nyder funktionelle eller crossfit-rutiner. Med tydeligt pr\u00e6gede og lasersk\u00e5rne v\u00e6gtnumre er valget ligetil, hvilket sikrer en problemfri overgang mellem v\u00e6gtene.<\/p>\n<\/div>\n<\/div>\n\n\n\n<div class=\"wp-block-columns alignwide is-layout-flex wp-container-core-columns-is-layout-c45ee707 wp-block-columns-is-layout-flex\" style=\"margin-bottom:var(--wp--preset--spacing--side-padding);padding-top:var(--wp--preset--spacing--side-padding)\">\n<div class=\"wp-block-column is-vertically-aligned-center is-layout-flow wp-block-column-is-layout-flow\">\n<h3 class=\"wp-block-heading\"><strong>Ergonomisk ekspertise<\/strong><\/h3>\n\n\n\n<p><strong><em><strong><em>Ultimativ ydeevne<\/em><\/strong><\/em><\/strong><\/p>\n\n\n\n<p style=\"margin-bottom:var(--wp--preset--spacing--tb-section-padding)\">Oplev komforten i vores ergonomisk designede h\u00e5ndv\u00e6gte. Hvert h\u00e5ndtag er omhyggeligt buet og belagt med en h\u00e5rd kromfinish, som ikke kun tilf\u00f8jer et elegant, moderne touch, men ogs\u00e5 beskytter mod rust. Det riflede m\u00f8nster sikrer et fast greb, s\u00e5 brugerne kan tr\u00e6ne med selvtillid og sikkerhed.<\/p>\n<\/div>\n\n\n\n<div class=\"wp-block-column is-vertically-aligned-center is-layout-flow wp-block-column-is-layout-flow\">\n<div class=\"wp-block-columns is-layout-flex wp-container-core-columns-is-layout-9d6595d7 wp-block-columns-is-layout-flex\">\n<div class=\"wp-block-column is-layout-flow wp-block-column-is-layout-flow\">\n<figure class=\"wp-block-image size-full is-resized is-style-rounded\"><img decoding=\"async\" src=\"https:\/\/evolve-fitness.eu\/wp-content\/uploads\/2023\/12\/A7_05929.jpg\" alt=\"\" class=\"wp-image-7933\" style=\"object-fit:cover;width:680px;height:600px\"\/><\/figure>\n<\/div>\n<\/div>\n<\/div>\n<\/div>\n\n\n\n<div class=\"wp-block-columns alignwide is-layout-flex wp-container-core-columns-is-layout-c45ee707 wp-block-columns-is-layout-flex\" style=\"margin-bottom:var(--wp--preset--spacing--side-padding);padding-top:var(--wp--preset--spacing--side-padding)\">\n<div class=\"wp-block-column is-vertically-aligned-center is-layout-flow wp-block-column-is-layout-flow\">\n<figure class=\"wp-block-image size-full is-resized is-style-rounded\"><img decoding=\"async\" src=\"https:\/\/evolve-fitness.eu\/wp-content\/uploads\/2023\/11\/Evolve-hex-dumbbells.png\" alt=\"\" class=\"wp-image-5346\" style=\"object-fit:cover;width:680px;height:600px\"\/><\/figure>\n<\/div>\n\n\n\n<div class=\"wp-block-column is-vertically-aligned-center is-layout-constrained wp-block-column-is-layout-constrained\">\n<h3 class=\"wp-block-heading\"><strong>Tilpasning til at l\u00f8fte dit brand<\/strong><\/h3>\n\n\n\n<p><strong><em><strong><em>Evolve h\u00e5ndv\u00e6gte med tilpasset pasform<\/em><\/strong><\/em><\/strong><\/p>\n\n\n\n<p>G\u00f8r din virksomhed mere attraktiv med Evolve Hexagon h\u00e5ndv\u00e6gte. Vi tilbyder ikke kun f\u00f8rsteklasses tr\u00e6ningsudstyr, men vi tilpasser det ogs\u00e5, s\u00e5 det passer til dit brands \u00e6stetik. V\u00e6lg at integrere dit brands farver og logo problemfrit med vores lasersk\u00e6ring og urethan-infusionsproces. Med Evolve er dit fitnessudstyr ikke bare et tr\u00e6ningsredskab, men en afspejling af dit engagement i kvalitet og stil.<\/p>\n<\/div>\n<\/div>\n\n\n\n<div class=\"wp-block-columns alignwide is-layout-flex wp-container-core-columns-is-layout-c45ee707 wp-block-columns-is-layout-flex\" style=\"margin-bottom:var(--wp--preset--spacing--side-padding);padding-top:var(--wp--preset--spacing--side-padding)\">\n<div class=\"wp-block-column is-vertically-aligned-center is-layout-flow wp-block-column-is-layout-flow\">\n<h3 class=\"wp-block-heading\"><strong>Bredt spektrum af v\u00e6gte<\/strong><\/h3>\n\n\n\n<p><strong><em><strong><em>Ryk dine gr\u00e6nser<\/em><\/strong><\/em><\/strong><\/p>\n\n\n\n<p>Vores varierede v\u00e6gtsortiment, der str\u00e6kker sig fra 1 kg til 50 kg, henvender sig til alle niveauer af styrke og tr\u00e6ningsf\u00e6rdigheder. Evolve Hexagon Dumbbells f\u00e5s i par eller s\u00e6t og passer til hele spektret af brugere, fra nybegyndere, der begynder p\u00e5 deres fitnessrejse, til erfarne atleter, der \u00f8nsker at skubbe til deres gr\u00e6nser.<\/p>\n<\/div>\n\n\n\n<div class=\"wp-block-column is-vertically-aligned-center is-layout-flow wp-block-column-is-layout-flow\">\n<div class=\"wp-block-columns is-layout-flex wp-container-core-columns-is-layout-9d6595d7 wp-block-columns-is-layout-flex\">\n<div class=\"wp-block-column is-layout-flow wp-block-column-is-layout-flow\">\n<figure class=\"wp-block-image size-full is-style-rounded\"><img decoding=\"async\" src=\"https:\/\/evolve-fitness.eu\/wp-content\/uploads\/2023\/11\/Evolve-hex-dumbbells-4-1.png\" alt=\"\" class=\"wp-image-5354\"\/><\/figure>\n<\/div>\n<\/div>\n<\/div>\n<\/div>\n\n\n\n<div class=\"wp-block-columns alignwide is-layout-flex wp-container-core-columns-is-layout-c45ee707 wp-block-columns-is-layout-flex\" style=\"margin-bottom:var(--wp--preset--spacing--side-padding);padding-top:var(--wp--preset--spacing--side-padding)\">\n<div class=\"wp-block-column is-vertically-aligned-center is-layout-flow wp-block-column-is-layout-flow\">\n<div class=\"wp-block-columns is-layout-flex wp-container-core-columns-is-layout-9d6595d7 wp-block-columns-is-layout-flex\">\n<div class=\"wp-block-column is-layout-flow wp-block-column-is-layout-flow\">\n<figure class=\"wp-block-video\"><video autoplay=\"\" controls=\"\" loop=\"\" muted=\"\" src=\"https:\/\/evolve-fitness.eu\/wp-content\/uploads\/2023\/11\/1.mp4\"><\/video><\/figure>\n<\/div>\n<\/div>\n<\/div>\n\n\n\n<div class=\"wp-block-column is-vertically-aligned-center is-layout-flow wp-block-column-is-layout-flow\">\n<h3 class=\"wp-block-heading\"><strong>Teknisk elegance<\/strong><\/h3>\n\n\n\n<p><strong><em><strong>Holdbar ydeevne<\/strong><\/em><\/strong><\/p>\n\n\n\n<p>Evolve Hexagon-h\u00e5ndv\u00e6gtene er et forbillede for teknisk raffinement og \u00e6stetisk design, fra de gummiindkapslede hoveder til det konturerede, kromforst\u00e6rkede greb. Den sekskantede form opretholder balancen, mens de lasersk\u00e5rne detaljer afspejler vores engagement i ekspertise. Udvikl dig med os, og tag det f\u00f8rste skridt mod en overlegen tr\u00e6ningsoplevelse.<\/p>\n<\/div>\n<\/div>\n<\/section>\n","protected":false},"excerpt":{"rendered":"<p>Hos Evolve tror vi p\u00e5 kraften i transformation gennem styrke. Derfor har vi konstrueret Evolve Hexagon Dumbbell, s\u00e5 den overg\u00e5r kravene til holdbarhed og ydeevne. Vores h\u00e5ndv\u00e6gte er st\u00f8bt af en metallegering af h\u00f8j kvalitet og har en enest\u00e5ende modstandsdygtighed over for korrosion og deformation. Den omhyggelige pr\u00e6cisionsst\u00f8bning garanterer up\u00e5klagelig balance og dimensionsn\u00f8jagtighed, hvilket g\u00f8r dem til et ideelt valg for enhver fitnessentusiast, uanset om du skal udstyre et hjemmegym eller forsyne et kommercielt fitnesscenter p\u00e5 milit\u00e6rbaser, hoteller, vandrerhjem eller rehabiliteringscentre.  <\/p>\n","protected":false},"featured_media":125682,"template":"","meta":{"_acf_changed":false,"inline_featured_image":false},"product_cat":[2411,977,1314],"product_tag":[],"class_list":{"0":"post-49790","1":"product","2":"type-product","3":"status-publish","4":"has-post-thumbnail","6":"product_cat-hyrox-gear","7":"product_cat-frie-vaegte","8":"product_cat-handvaegte","10":"first","11":"instock","12":"shipping-taxable","13":"purchasable","14":"product-type-variable"},"acf":[],"_links":{"self":[{"href":"https:\/\/store.evolve-fitness.eu\/da\/wp-json\/wp\/v2\/product\/49790","targetHints":{"allow":["GET"]}}],"collection":[{"href":"https:\/\/store.evolve-fitness.eu\/da\/wp-json\/wp\/v2\/product"}],"about":[{"href":"https:\/\/store.evolve-fitness.eu\/da\/wp-json\/wp\/v2\/types\/product"}],"wp:featuredmedia":[{"embeddable":true,"href":"https:\/\/store.evolve-fitness.eu\/da\/wp-json\/wp\/v2\/media\/125682"}],"wp:attachment":[{"href":"https:\/\/store.evolve-fitness.eu\/da\/wp-json\/wp\/v2\/media?parent=49790"}],"wp:term":[{"taxonomy":"product_cat","embeddable":true,"href":"https:\/\/store.evolve-fitness.eu\/da\/wp-json\/wp\/v2\/product_cat?post=49790"},{"taxonomy":"product_tag","embeddable":true,"href":"https:\/\/store.evolve-fitness.eu\/da\/wp-json\/wp\/v2\/product_tag?post=49790"}],"curies":[{"name":"wp","href":"https:\/\/api.w.org\/{rel}","templated":true}]}}