{"id":48673,"date":"2024-01-18T08:54:40","date_gmt":"2024-01-18T08:54:40","guid":{"rendered":"https:\/\/store.evolve-fitness.eu\/product\/evolve-ultra-seriens-selekterede-brystpresse\/"},"modified":"2024-06-05T12:41:45","modified_gmt":"2024-06-05T12:41:45","slug":"evolve-ultra-seriens-selekterede-brystpresse","status":"publish","type":"product","link":"https:\/\/store.evolve-fitness.eu\/da\/vare\/evolve-ultra-seriens-selekterede-brystpresse\/","title":{"rendered":"Evolve Ultra-seriens selekterede brystpresse"},"content":{"rendered":"\n<section class=\"wp-block-group alignfull black-content has-white-color has-darkgray-background-color has-text-color has-background is-layout-constrained wp-block-group-is-layout-constrained\" style=\"padding-top:var(--wp--preset--spacing--section-bottom);padding-bottom:var(--wp--preset--spacing--section-bottom)\">\n<section class=\"wp-block-group alignfull black-content has-white-color has-darkgray-background-color has-text-color has-background is-layout-constrained wp-block-group-is-layout-constrained\" style=\"padding-top:var(--wp--preset--spacing--section-bottom);padding-bottom:var(--wp--preset--spacing--section-bottom)\">\n<div class=\"wp-block-columns alignwide mobile-reverse is-layout-flex wp-container-core-columns-is-layout-ca64bf2d wp-block-columns-is-layout-flex\" style=\"margin-bottom:var(--wp--preset--spacing--side-padding)\">\n<div class=\"wp-block-column is-vertically-aligned-center is-layout-flow wp-block-column-is-layout-flow\">\n<h3 class=\"wp-block-heading\" style=\"margin-bottom:var(--wp--preset--spacing--h-3-bottom)\">Velkommen til Ultra-serien<\/h3>\n\n\n\n<p><strong><em>L\u00e6r vores Ultra Series-udstyr at kende med en topmoderne 3D 360-tur<\/em><\/strong><\/p>\n\n\n\n<p>Evolve Ultra Series Selectorized Chest Press, en del af Evolve Ultra Series, er bygget til b\u00e5de komfort og ydeevne. Maskinen er designet til alsidig tr\u00e6ning, ergonomisk st\u00f8tte og justeringsmuligheder for forskellige brugerst\u00f8rrelser. Designet er \u00e6stetisk tiltalende med en holdbar, pulverlakeret finish, og brugen af kabler af h\u00f8j kvalitet sikrer problemfri drift.<\/p>\n<\/div>\n\n\n\n<div class=\"wp-block-column is-vertically-aligned-center is-layout-flow wp-block-column-is-layout-flow\">\n<figure class=\"wp-block-video\"><video height=\"1280\" style=\"aspect-ratio: 720 \/ 1280;\" width=\"720\" autoplay=\"\" controls=\"\" loop=\"\" muted=\"\" src=\"https:\/\/evolve-fitness.eu\/wp-content\/uploads\/2023\/08\/EV-SC-UL-010-3D.mp4\"><\/video><\/figure>\n<\/div>\n<\/div>\n\n\n\n<div class=\"wp-block-columns alignwide mobile-reverse is-layout-flex wp-container-core-columns-is-layout-ca64bf2d wp-block-columns-is-layout-flex\" style=\"margin-bottom:var(--wp--preset--spacing--side-padding)\">\n<div class=\"wp-block-column is-vertically-aligned-center is-layout-flow wp-block-column-is-layout-flow\">\n<figure class=\"wp-block-video\"><video height=\"546\" style=\"aspect-ratio: 1152 \/ 546;\" width=\"1152\" autoplay=\"\" controls=\"\" loop=\"\" muted=\"\" src=\"https:\/\/evolve-fitness.eu\/wp-content\/uploads\/2023\/08\/EV-SC-UL-010-Full.mp4\"><\/video><\/figure>\n<\/div>\n\n\n\n<div class=\"wp-block-column is-vertically-aligned-center is-layout-flow wp-block-column-is-layout-flow\">\n<h3 class=\"wp-block-heading\" style=\"margin-bottom:var(--wp--preset--spacing--h-3-bottom)\">MUSKLER<\/h3>\n\n\n\n<p><strong><em>Bygget til udvikling af brystmuskler<\/em><\/strong><\/p>\n\n\n\n<p style=\"margin-bottom:var(--wp--preset--spacing--tb-section-padding)\">Denne Chest Press-maskine er specifikt rettet mod brystmusklerne, is\u00e6r brystmusklerne. Den aktiverer ogs\u00e5 st\u00f8ttemuskler som triceps og anterior deltoids (skuldermusklerne) under \u00f8velsen. Den uafh\u00e6ngige armbev\u00e6gelse giver mulighed for balanceret muskeludvikling p\u00e5 begge sider af kroppen. Regelm\u00e6ssig brug kan f\u00f8re til forbedret muskeldefinition, \u00f8get styrke i overkroppen og forbedret muskeludholdenhed. Denne maskine er ideel til b\u00e5de begyndere og avancerede brugere, der \u00f8nsker at fokusere p\u00e5 udviklingen af deres brystmuskler.<\/p>\n\n\n\n<p><strong><em>Fleksibilitet i tr\u00e6ningen<\/em><\/strong><\/p>\n\n\n\n<p style=\"margin-bottom:var(--wp--preset--spacing--tb-section-padding)\">Evolve Ultra-seriens styrketr\u00e6ningsudstyr giver mulighed for at tr\u00e6ne hver arm uafh\u00e6ngigt af hinanden og dermed im\u00f8dekomme individuelle behov. Denne unikke funktion giver dig mulighed for at opretholde en afbalanceret tr\u00e6ning, selv hvis den ene arm er svagere eller skadet. Selvst\u00e6ndig bev\u00e6gelse fremmer udviklingen af afbalanceret styrke og giver mulighed for forskellige tr\u00e6ningsmuligheder.<\/p>\n<\/div>\n<\/div>\n\n\n\n<div class=\"wp-block-columns alignwide mobile-reverse is-layout-flex wp-container-core-columns-is-layout-ca64bf2d wp-block-columns-is-layout-flex\" style=\"margin-bottom:var(--wp--preset--spacing--side-padding)\">\n<div class=\"wp-block-column is-vertically-aligned-center is-layout-flow wp-block-column-is-layout-flow\">\n<h3 class=\"wp-block-heading\" style=\"margin-bottom:var(--wp--preset--spacing--h-3-bottom)\">H\u00e5ndtag med flere greb<\/h3>\n\n\n\n<p><em><strong>Forbedring af din brysttr\u00e6ning<\/strong><\/em><\/p>\n\n\n\n<p>Multigrebsh\u00e5ndtagene p\u00e5 Evolve Ultra Series Chest Press udvider dine tr\u00e6ningsmuligheder. Disse ekstra greb giver ikke kun alsidighed i dine tr\u00e6ningsrutiner, men fungerer ogs\u00e5 som v\u00e6rdifulde hj\u00e6lpemidler for personer med begr\u00e6nset skuldermobilitet, hvilket g\u00f8r \u00f8velserne mere tilg\u00e6ngelige og komfortable.<br\/><\/p>\n\n\n\n<p>Desuden giver disse h\u00e5ndtag dig mulighed for at ramme forskellige muskelgrupper fra forskellige vinkler under dine tr\u00e6ningspas. De forbedrer tilpasningsevnen i din tr\u00e6ning og sikrer, at du kan aktivere specifikke muskler med pr\u00e6cision og optimere dit fitnessprogram. Det vandrette h\u00e5ndtag forhindrer albuen i at rotere udad, stabiliserer skulderbladet og begr\u00e6nser bryst- og skulderbev\u00e6gelser. Det reducerer involveringen af triceps og deltoideus og forbedrer bryststimuleringen. Samtidig forhindrer det lodrette h\u00e5ndtag, at albuen roterer indad, hvilket minimerer involveringen af triceps og hj\u00e6lper med at tr\u00e6ne brystmusklerne.<\/p>\n<\/div>\n\n\n\n<div class=\"wp-block-column is-vertically-aligned-center is-layout-flow wp-block-column-is-layout-flow\">\n<figure class=\"wp-block-video\"><video height=\"954\" style=\"aspect-ratio: 2016 \/ 954;\" width=\"2016\" autoplay=\"\" controls=\"\" loop=\"\" muted=\"\" src=\"https:\/\/evolve-fitness.eu\/wp-content\/uploads\/2023\/08\/EV-SC-UL-010-Handles.mp4\"><\/video><\/figure>\n<\/div>\n<\/div>\n\n\n\n<div class=\"wp-block-columns alignwide mobile-reverse is-layout-flex wp-container-core-columns-is-layout-ca64bf2d wp-block-columns-is-layout-flex\" style=\"margin-bottom:var(--wp--preset--spacing--side-padding)\">\n<div class=\"wp-block-column is-vertically-aligned-center is-layout-flow wp-block-column-is-layout-flow\">\n<figure class=\"wp-block-image size-large\"><img decoding=\"async\" src=\"https:\/\/evolve-fitness.eu\/wp-content\/uploads\/2023\/08\/Moulded-Seats-Precise-Seat-Adjustments-UL-010-1024x576.jpg\" alt=\"UL-010\" class=\"wp-image-9934\"\/><\/figure>\n<\/div>\n\n\n\n<div class=\"wp-block-column is-vertically-aligned-center is-layout-flow wp-block-column-is-layout-flow\">\n<h3 class=\"wp-block-heading\" style=\"margin-bottom:var(--wp--preset--spacing--h-3-bottom)\">Formst\u00f8bte s\u00e6der og pr\u00e6cise s\u00e6dejusteringer<\/h3>\n\n\n\n<p><strong><em>Enest\u00e5ende holdbarhed og komfort<\/em><\/strong><\/p>\n\n\n\n<p style=\"margin-bottom:var(--wp--preset--spacing--tb-section-padding)\">Evolve Ultra-seriens polyuretans\u00e6der, der er konstrueret med formst\u00f8bt design og dobbeltsyet polstring, giver enest\u00e5ende holdbarhed og komfort. De er designet til at give ergonomisk st\u00f8tte til rygs\u00f8jlen og kan rumme brugere i forskellige st\u00f8rrelser. Desuden er maskinhynder af PU et fremragende valg p\u00e5 grund af deres holdbarhed, komfort, lette vedligeholdelse og generelle omkostningseffektivitet. De kan modst\u00e5 kravene fra styrketr\u00e6ning og giver samtidig en behagelig og hygiejnisk tr\u00e6ningsoverflade. Da s\u00e6det er underst\u00f8ttet af en hydraulisk stang, er det nemt at justere s\u00e6deh\u00f8jden, og det kan g\u00f8res med kun \u00e9n h\u00e5nd. S\u00e6det har 18 justeringspositioner.<\/p>\n<\/div>\n<\/div>\n\n\n\n<div class=\"wp-block-columns alignwide mobile-reverse is-layout-flex wp-container-core-columns-is-layout-ca64bf2d wp-block-columns-is-layout-flex\" style=\"margin-bottom:var(--wp--preset--spacing--side-padding)\">\n<div class=\"wp-block-column is-vertically-aligned-center is-layout-flow wp-block-column-is-layout-flow\">\n<h3 class=\"wp-block-heading\" style=\"margin-bottom:var(--wp--preset--spacing--h-3-bottom)\">Ubesv\u00e6ret start<\/h3>\n\n\n\n<p><strong><em>En bedre fitnessoplevelse<\/em><\/strong><\/p>\n\n\n\n<p style=\"margin-bottom:var(--wp--preset--spacing--tb-section-padding)\">Ubesv\u00e6ret start med benassistent i Evolve Ultra Series brystpres sikrer tilg\u00e6ngelighed for alle fitnessniveauer. Denne innovative funktion fjerner adgangsbarrierer for nyankomne og g\u00f8r dit fitnesscenter inkluderende, s\u00e5 kunder med alle evner er velkomne. Efortless start er nyttig som en spotter, der reducerer anstrengelse, skulderledstryk i begyndelsen eller i slutningen af \u00f8velsen.<\/p>\n\n\n\n<p><strong><em>St\u00f8bte gulvbeskyttere<\/em><\/strong><\/p>\n\n\n\n<p style=\"margin-bottom:var(--wp--preset--spacing--tb-section-padding)\">Mens du tr\u00e6ner, kan du nemt opbevare din vandflaske, telefon og personlige ejendele i Evolve Ultra-seriens maskiner, der er forsynet med dertil indrettede holdere. Disse specialdesignede rum er der for at sikre, at du har et sikkert og let tilg\u00e6ngeligt sted til dine ejendele under dine tr\u00e6ningspas.<\/p>\n<\/div>\n\n\n\n<div class=\"wp-block-column is-vertically-aligned-center is-layout-flow wp-block-column-is-layout-flow\">\n<figure class=\"wp-block-video\"><video height=\"1920\" style=\"aspect-ratio: 1920 \/ 1920;\" width=\"1920\" autoplay=\"\" controls=\"\" loop=\"\" muted=\"\" src=\"https:\/\/evolve-fitness.eu\/wp-content\/uploads\/2023\/10\/ul-010-leg-assist.mp4\"><\/video><\/figure>\n<\/div>\n<\/div>\n\n\n\n<div class=\"wp-block-columns alignwide mobile-reverse is-layout-flex wp-container-core-columns-is-layout-ca64bf2d wp-block-columns-is-layout-flex\" style=\"margin-bottom:var(--wp--preset--spacing--side-padding)\">\n<div class=\"wp-block-column is-vertically-aligned-center is-layout-flow wp-block-column-is-layout-flow\">\n<figure class=\"wp-block-video\"><video autoplay=\"\" controls=\"\" loop=\"\" muted=\"\" src=\"https:\/\/evolve-fitness.eu\/wp-content\/uploads\/2023\/08\/EV-SC-UL-010-Storage-Phone.mp4\"><\/video><\/figure>\n<\/div>\n\n\n\n<div class=\"wp-block-column is-vertically-aligned-center is-layout-flow wp-block-column-is-layout-flow\">\n<h3 class=\"wp-block-heading\" style=\"margin-bottom:var(--wp--preset--spacing--h-3-bottom)\">Praktisk opbevaring af tilbeh\u00f8r<\/h3>\n\n\n\n<p><strong><em>Til r\u00e5dighed for din bekvemmelighed<\/em><\/strong><\/p>\n\n\n\n<p style=\"margin-bottom:var(--wp--preset--spacing--tb-section-padding)\">Mens du tr\u00e6ner, kan du nemt opbevare din vandflaske, telefon og personlige ejendele i Evolve Ultra-seriens maskiner, der er forsynet med dertil indrettede holdere. Disse specialdesignede rum er der for at sikre, at du har et sikkert og let tilg\u00e6ngeligt sted til dine ejendele under dine tr\u00e6ningspas.<\/p>\n\n\n\n<p><strong><em>Dit visuelle hj\u00e6lpemiddel<\/em><\/strong><\/p>\n\n\n\n<p style=\"margin-bottom:var(--wp--preset--spacing--tb-section-padding)\">Maskinerne i Evolve Ultra-serien har informative klisterm\u00e6rker, der fungerer som visuel hj\u00e6lp og g\u00f8r det nemmere for dig at navigere i maskinens funktioner, hvilket i sidste ende forbedrer din tr\u00e6ningsoplevelse. Derudover giver den v\u00e6rdifuld indsigt i de forskellige muskelgrupper, der effektivt kan tr\u00e6nes p\u00e5 maskinen, s\u00e5 du kan f\u00e5 mest muligt ud af din fitnessrutine ved at m\u00e5lrette mod specifikke interesseomr\u00e5der.<\/p>\n<\/div>\n<\/div>\n\n\n\n<div class=\"wp-block-columns alignwide mobile-reverse is-layout-flex wp-container-core-columns-is-layout-ca64bf2d wp-block-columns-is-layout-flex\" style=\"margin-bottom:var(--wp--preset--spacing--side-padding)\">\n<div class=\"wp-block-column is-vertically-aligned-center is-layout-flow wp-block-column-is-layout-flow\">\n<h3 class=\"wp-block-heading\" style=\"margin-bottom:var(--wp--preset--spacing--h-3-bottom)\">Fuldt indkapslet v\u00e6gtstabel p\u00e5 110 kg<\/h3>\n\n\n\n<p><strong><em>Med mulighed for at \u00f8ge v\u00e6gten op til 122,5 kg.<\/em><\/strong><\/p>\n\n\n\n<p style=\"margin-bottom:var(--wp--preset--spacing--tb-section-padding)\">Evolve Ultra Series Chest Press-maskinen er udstyret med et modstandsniveau p\u00e5 105 kg, men du har ogs\u00e5 mulighed for at tilpasse og tilf\u00f8je det til 122,5 kg for en endnu mere udfordrende tr\u00e6ningsoplevelse. Den kan prale af en helt lukket v\u00e6gtstabel, der sikrer sikkerheden i dine \u00f8velser.<\/p>\n<\/div>\n\n\n\n<div class=\"wp-block-column is-vertically-aligned-center is-layout-flow wp-block-column-is-layout-flow\">\n<figure class=\"wp-block-image size-full\"><img decoding=\"async\" src=\"https:\/\/evolve-fitness.eu\/wp-content\/uploads\/2024\/01\/stack.webp\" alt=\"\" class=\"wp-image-9940\"\/><\/figure>\n<\/div>\n<\/div>\n\n\n\n<div class=\"wp-block-columns alignwide mobile-reverse is-layout-flex wp-container-core-columns-is-layout-ca64bf2d wp-block-columns-is-layout-flex\" style=\"margin-bottom:var(--wp--preset--spacing--side-padding)\">\n<div class=\"wp-block-column is-vertically-aligned-center is-layout-flow wp-block-column-is-layout-flow\">\n<figure class=\"wp-block-video\"><video height=\"600\" style=\"aspect-ratio: 680 \/ 600;\" width=\"680\" autoplay=\"\" controls=\"\" loop=\"\" muted=\"\" src=\"https:\/\/evolve-fitness.eu\/wp-content\/uploads\/2023\/10\/Evolve-cable.mp4\"><\/video><\/figure>\n<\/div>\n\n\n\n<div class=\"wp-block-column is-vertically-aligned-center is-layout-flow wp-block-column-is-layout-flow\">\n<h3 class=\"wp-block-heading\" style=\"margin-bottom:var(--wp--preset--spacing--h-3-bottom)\">Kabel<\/h3>\n\n\n\n<p>Overlegen kvalitet<\/p>\n\n\n\n<p style=\"margin-bottom:var(--wp--preset--spacing--tb-section-padding)\">Evolve Ultra Series-maskiner bruger kabler af overlegen kvalitet, der er seks hovedstrenge, og hver streng best\u00e5r af 19 tr\u00e5de, der er snoet sammen, polyamid 12 (PA12) materiale og en diameter p\u00e5 5 mm. Disse kabler er konstrueret til styrke og holdbarhed med en brudstyrke p\u00e5 9000 kN, hvilket g\u00f8r dem til det foretrukne valg til applikationer, hvor der er behov for ekstraordin\u00e6r p\u00e5lidelighed, holdbarhed og ydeevne. N\u00e5r du g\u00e5r fra en \u00f8velse til en anden, hvad enten det er bicepscurls, brystpres, lat pulldowns eller enhver anden styrkeopbyggende aktivitet, sikrer Evolve Ultra-seriekablets ekstraordin\u00e6re ydeevne, at dine bev\u00e6gelser er j\u00e6vne, og modstanden er ensartet, hvilket fremmer en tr\u00e6ningsoplevelse, der er b\u00e5de effektiv og forn\u00f8jelig.<\/p>\n<\/div>\n<\/div>\n\n\n\n<div class=\"wp-block-columns alignwide mobile-reverse is-layout-flex wp-container-core-columns-is-layout-ca64bf2d wp-block-columns-is-layout-flex\" style=\"margin-bottom:var(--wp--preset--spacing--side-padding)\">\n<div class=\"wp-block-column is-vertically-aligned-center is-layout-flow wp-block-column-is-layout-flow\">\n<h3 class=\"wp-block-heading\" style=\"margin-bottom:var(--wp--preset--spacing--h-3-bottom)\">Dobbelt pulverlakeret<\/h3>\n\n\n\n<p><strong><em>Elektrostatisk pulverlakeret perle<\/em><\/strong><\/p>\n\n\n\n<p style=\"margin-bottom:var(--wp--preset--spacing--tb-section-padding)\">Evolve Ultra-seriens styrkemaskiner med en elektrostatisk pulverlakeret perlesort mat ramme er et eksempel p\u00e5 b\u00e5de form og funktion. Dens \u00e6stetiske appel forst\u00e6rkes af den sorte, matte finish, mens dens praktiske funktioner, herunder friktionsmodstand, korrosionsbeskyttelse og ridsefasthed, sikrer, at den er en p\u00e5lidelig og langtidsholdbar fitness-ledsager.<\/p>\n<\/div>\n\n\n\n<div class=\"wp-block-column is-vertically-aligned-center is-layout-flow wp-block-column-is-layout-flow\">\n<figure class=\"wp-block-video\"><video height=\"1920\" style=\"aspect-ratio: 1920 \/ 1920;\" width=\"1920\" autoplay=\"\" controls=\"\" loop=\"\" muted=\"\" src=\"https:\/\/evolve-fitness.eu\/wp-content\/uploads\/2023\/10\/Evolve-Double-powder-coated-Frame.mp4\"><\/video><\/figure>\n<\/div>\n<\/div>\n\n\n\n<div class=\"wp-block-columns alignwide mobile-reverse is-layout-flex wp-container-core-columns-is-layout-ca64bf2d wp-block-columns-is-layout-flex\" style=\"margin-bottom:var(--wp--preset--spacing--side-padding)\">\n<div class=\"wp-block-column is-vertically-aligned-center is-layout-flow wp-block-column-is-layout-flow\">\n<figure class=\"wp-block-image size-full\"><img decoding=\"async\" src=\"https:\/\/evolve-fitness.eu\/wp-content\/uploads\/2024\/01\/plate.webp\" alt=\"\" class=\"wp-image-9942\"\/><\/figure>\n<\/div>\n\n\n\n<div class=\"wp-block-column is-vertically-aligned-center is-layout-flow wp-block-column-is-layout-flow\">\n<h3 class=\"wp-block-heading\">\u00d8verste v\u00e6gtplade<\/h3>\n\n\n\n<p><strong><em>For bedre ydeevne<\/em><\/strong><\/p>\n\n\n\n<p>Evolve Ultra Series Selectorized Leg Curl Machine har to ekstra 2,5 kg topv\u00e6gtskiver, som tjener et dobbelt form\u00e5l ved at forbedre tr\u00e6ningsmaskinens ydeevne. For det f\u00f8rste udvider den den maksimale modstand, som maskinen kan yde, s\u00e5 brugerne kan udfordre sig selv endnu mere i deres tr\u00e6ning. Derudover giver disse ekstra v\u00e6gtskiver en unik fordel, fordi de giver brugerne mulighed for at foretage mindre, mere pr\u00e6cise trin i deres modstandsjusteringer, hvor hver skive giver en stigning p\u00e5 2,5 kg. Denne pr\u00e6cision i valg af modstand g\u00f8r det muligt for enkeltpersoner at finjustere deres tr\u00e6ning til at opfylde deres specifikke behov og m\u00e5l, hvilket sikrer, at hver tr\u00e6ningssession er skr\u00e6ddersyet til at optimere resultaterne.<\/p>\n<\/div>\n<\/div>\n<\/section>\n<\/section>\n","protected":false},"excerpt":{"rendered":"<p>L\u00f8ft din brysttr\u00e6ning med Evolve Ultra Series Selectorized Chest Press, UL-010. Den er designet til komfort og ydeevne og har formst\u00f8bte s\u00e6der, uafh\u00e6ngige armbev\u00e6gelser og en overd\u00e6kket v\u00e6gtstangsafsk\u00e6rmning. Med en elegant, mat finish, optimale h\u00e5ndgreb og ubesv\u00e6ret s\u00e6dejustering er UL-010 toppen af innovation til dit fitnesscenter.<\/p>\n","protected":false},"featured_media":75709,"template":"","meta":{"_acf_changed":false,"inline_featured_image":false},"product_cat":[353,1107,1285],"product_tag":[],"class_list":{"0":"post-48673","1":"product","2":"type-product","3":"status-publish","4":"has-post-thumbnail","6":"product_cat-forside","7":"product_cat-selekterede-maskiner","8":"product_cat-ultra-series-maskiner-med-valgfri-funktion","10":"first","11":"instock","12":"shipping-taxable","13":"purchasable","14":"product-type-simple"},"acf":[],"_links":{"self":[{"href":"https:\/\/store.evolve-fitness.eu\/da\/wp-json\/wp\/v2\/product\/48673","targetHints":{"allow":["GET"]}}],"collection":[{"href":"https:\/\/store.evolve-fitness.eu\/da\/wp-json\/wp\/v2\/product"}],"about":[{"href":"https:\/\/store.evolve-fitness.eu\/da\/wp-json\/wp\/v2\/types\/product"}],"wp:featuredmedia":[{"embeddable":true,"href":"https:\/\/store.evolve-fitness.eu\/da\/wp-json\/wp\/v2\/media\/75709"}],"wp:attachment":[{"href":"https:\/\/store.evolve-fitness.eu\/da\/wp-json\/wp\/v2\/media?parent=48673"}],"wp:term":[{"taxonomy":"product_cat","embeddable":true,"href":"https:\/\/store.evolve-fitness.eu\/da\/wp-json\/wp\/v2\/product_cat?post=48673"},{"taxonomy":"product_tag","embeddable":true,"href":"https:\/\/store.evolve-fitness.eu\/da\/wp-json\/wp\/v2\/product_tag?post=48673"}],"curies":[{"name":"wp","href":"https:\/\/api.w.org\/{rel}","templated":true}]}}