{"id":48481,"date":"2024-01-18T08:39:39","date_gmt":"2024-01-18T08:39:39","guid":{"rendered":"https:\/\/store.evolve-fitness.eu\/product\/evolve-ultra-series-selectorized-pec-fly-rear-delt\/"},"modified":"2024-06-05T12:45:01","modified_gmt":"2024-06-05T12:45:01","slug":"evolve-ultra-series-selectorized-pec-fly-rear-delt","status":"publish","type":"product","link":"https:\/\/store.evolve-fitness.eu\/da\/vare\/evolve-ultra-series-selectorized-pec-fly-rear-delt\/","title":{"rendered":"Evolve Ultra Series Selectorized pec Fly\/ Rear Delt"},"content":{"rendered":"\n<section class=\"wp-block-group alignfull black-content has-white-color has-darkgray-background-color has-text-color has-background is-layout-constrained wp-block-group-is-layout-constrained\" style=\"padding-top:var(--wp--preset--spacing--section-bottom);padding-bottom:var(--wp--preset--spacing--section-bottom)\">\n<section class=\"wp-block-group alignfull black-content has-white-color has-darkgray-background-color has-text-color has-background is-layout-constrained wp-block-group-is-layout-constrained\" style=\"padding-top:var(--wp--preset--spacing--section-bottom);padding-bottom:var(--wp--preset--spacing--section-bottom)\">\n<div class=\"wp-block-columns alignwide mobile-reverse is-layout-flex wp-container-core-columns-is-layout-ca64bf2d wp-block-columns-is-layout-flex\" style=\"margin-bottom:var(--wp--preset--spacing--side-padding)\">\n<div class=\"wp-block-column is-vertically-aligned-center is-layout-flow wp-block-column-is-layout-flow\">\n<h3 class=\"wp-block-heading\" style=\"margin-bottom:var(--wp--preset--spacing--h-3-bottom)\">Velkommen til Ultra-serien<\/h3>\n\n\n\n<p><strong><em>L\u00e6r vores Ultra Series-udstyr at kende med en topmoderne 3D 360-tur<\/em><\/strong><\/p>\n\n\n\n<p>Evolve Ultra Series Selectorized pec Fly\/ Rear Delt, en del af Evolve Ultra Series, er bygget til b\u00e5de komfort og ydeevne. Maskinen er designet til alsidig tr\u00e6ning, ergonomisk st\u00f8tte og justeringsmuligheder for forskellige brugerst\u00f8rrelser. Designet er \u00e6stetisk tiltalende med en holdbar, pulverlakeret finish, og brugen af kabler af h\u00f8j kvalitet sikrer problemfri drift.<\/p>\n<\/div>\n\n\n\n<div class=\"wp-block-column is-vertically-aligned-center is-layout-flow wp-block-column-is-layout-flow\">\n<figure class=\"wp-block-video\"><video autoplay=\"\" controls=\"\" loop=\"\" muted=\"\" src=\"https:\/\/evolve-fitness.eu\/wp-content\/uploads\/2023\/08\/Evolve-Ultra-Series-Selectorized-pec-Fly-Rear-Delt.mp4\"><\/video><\/figure>\n<\/div>\n<\/div>\n\n\n\n<div class=\"wp-block-columns alignwide mobile-reverse is-layout-flex wp-container-core-columns-is-layout-ca64bf2d wp-block-columns-is-layout-flex\" style=\"margin-bottom:var(--wp--preset--spacing--side-padding)\">\n<div class=\"wp-block-column is-vertically-aligned-center is-layout-flow wp-block-column-is-layout-flow\">\n<figure class=\"wp-block-video\"><video autoplay=\"\" controls=\"\" loop=\"\" muted=\"\" src=\"https:\/\/evolve-fitness.eu\/wp-content\/uploads\/2023\/08\/Evolve-Ultra-Series-Selectorized-pec-Fly-Rear-Delt-Ul-030-1.mp4\"><\/video><\/figure>\n<\/div>\n\n\n\n<div class=\"wp-block-column is-vertically-aligned-center is-layout-flow wp-block-column-is-layout-flow\">\n<h3 class=\"wp-block-heading\" style=\"margin-bottom:var(--wp--preset--spacing--h-3-bottom)\">Muskler<\/h3>\n\n\n\n<p><strong><em>Maskinen giver dig mulighed for at tr\u00e6ne flere muskelgrupper<\/em><\/strong><\/p>\n\n\n\n<p><strong>Brystmuskler (<\/strong>bryst): N\u00e5r du f\u00f8rer h\u00e5ndtagene sammen foran brystet, tr\u00e6ner du prim\u00e6rt de store brystmuskler. Denne \u00f8velse hj\u00e6lper med at udvikle og styrke brystet;  <strong>Deltoideus anterior (forreste skulder)<\/strong>: Pec fly-bev\u00e6gelsen aktiverer de forreste skuldermuskler, hvilket hj\u00e6lper med den generelle skulderudvikling;  <strong>Deltoideus bagtil (bageste skulder)<\/strong>: N\u00e5r du udf\u00f8rer rear deltoid fly ved at bev\u00e6ge armene bagud, rammer det de bageste deltoid-muskler, som er musklerne p\u00e5 bagsiden af dine skuldre. Det hj\u00e6lper med at forbedre skulderstyrken og kropsholdningen;  <strong>Serratus anterior<\/strong>: Serratus anterior, som sidder p\u00e5 siden af brystkassen, spiller en rolle i stabiliseringen af skulderbladene under pec fly-\u00f8velsen;  <strong>Triceps Brachii<\/strong>: Triceps-musklerne p\u00e5 bagsiden af din overarm aktiveres under presse- eller klemmebev\u00e6gelsen i pec fly.<\/p>\n<\/div>\n<\/div>\n\n\n\n<div class=\"wp-block-columns alignwide mobile-reverse is-layout-flex wp-container-core-columns-is-layout-ca64bf2d wp-block-columns-is-layout-flex\" style=\"margin-bottom:var(--wp--preset--spacing--side-padding)\">\n<div class=\"wp-block-column is-vertically-aligned-center is-layout-flow wp-block-column-is-layout-flow\">\n<h3 class=\"wp-block-heading\" style=\"margin-bottom:var(--wp--preset--spacing--h-3-bottom)\">Dobbelt funktion<\/h3>\n\n\n\n<p><em>\n  <strong>Ubesv\u00e6ret<\/strong>\n<\/em> <strong>\n  <em>tr\u00e6ning<\/em>\n<\/strong><\/p>\n\n\n\n<p style=\"margin-bottom:var(--wp--preset--spacing--tb-section-padding)\">Evolve Ultra Series Selectorized Pec Fly \/ Rear Delt er et alsidigt stykke fitnessudstyr, der tjener et dobbelt form\u00e5l, idet det b\u00e5de kan bruges til tr\u00e6ning af brystmuskler og deltamuskler. Med sit elegante og moderne design er det et tiltalende valg for personer med forskellige niveauer af tr\u00e6ningserfaring og evner. En af de mest fremtr\u00e6dende egenskaber er, at der er seks justerbare positioner p\u00e5 hver h\u00e5nd, hvilket i h\u00f8j grad forbedrer dens funktionalitet. Denne fleksibilitet g\u00f8r det muligt for brugerne ubesv\u00e6ret at skifte mellem \u00f8velser, der er rettet mod brystmusklerne, og dem, der fokuserer p\u00e5 deltamusklerne.<\/p>\n<\/div>\n\n\n\n<div class=\"wp-block-column is-vertically-aligned-center is-layout-flow wp-block-column-is-layout-flow\">\n<figure class=\"wp-block-video\"><video height=\"2560\" style=\"aspect-ratio: 1213 \/ 2560;\" width=\"1213\" autoplay=\"\" controls=\"\" loop=\"\" muted=\"\" src=\"https:\/\/evolve-fitness.eu\/wp-content\/uploads\/2023\/08\/EV-SC-UL-030-dual-function.mp4\"><\/video><\/figure>\n<\/div>\n<\/div>\n\n\n\n<div class=\"wp-block-columns alignwide mobile-reverse is-layout-flex wp-container-core-columns-is-layout-ca64bf2d wp-block-columns-is-layout-flex\" style=\"margin-bottom:var(--wp--preset--spacing--side-padding)\">\n<div class=\"wp-block-column is-vertically-aligned-center is-layout-flow wp-block-column-is-layout-flow\">\n<figure class=\"wp-block-image size-large\"><img decoding=\"async\" src=\"https:\/\/evolve-fitness.eu\/wp-content\/uploads\/2023\/08\/A7_08491-683x1024.jpg\" alt=\"\" class=\"wp-image-9102\"\/><\/figure>\n<\/div>\n\n\n\n<div class=\"wp-block-column is-vertically-aligned-center is-layout-flow wp-block-column-is-layout-flow\">\n<h3 class=\"wp-block-heading\" style=\"margin-bottom:var(--wp--preset--spacing--h-3-bottom)\">H\u00e5ndtag med flere greb<\/h3>\n\n\n\n<p><strong><em>Udvider dine tr\u00e6ningsmuligheder<\/em><\/strong><\/p>\n\n\n\n<p style=\"margin-bottom:var(--wp--preset--spacing--tb-section-padding)\">Multigrebsh\u00e5ndtagene p\u00e5 Evolve Ultra Series Selectorized Pec Fly \/ Rear Delt udvider dine tr\u00e6ningsmuligheder betydeligt. Den vandrette del af h\u00e5ndtaget er designet til at forhindre din albue i at dreje indad, hvilket hj\u00e6lper med at opretholde den samme h\u00f8jde for din albue og skulder. Det reducerer belastningen p\u00e5 dine l\u00e6nderygmuskler og fokuserer mere p\u00e5 at stimulere triceps p\u00e5 bagsiden af armen. Den nederste del af h\u00e5ndtaget, som er lodret, er designet til at forhindre din albue i at dreje udad, n\u00e5r du laver \u00f8velser, der involverer brystet. Det stabiliserer ogs\u00e5 skulderbladene, forhindrer overstr\u00e6kning af skulderleddet under specifikke bev\u00e6gelser og forbedrer stimuleringen af brystmusklerne.<\/p>\n<\/div>\n<\/div>\n\n\n\n<div class=\"wp-block-columns alignwide mobile-reverse is-layout-flex wp-container-core-columns-is-layout-ca64bf2d wp-block-columns-is-layout-flex\" style=\"margin-bottom:var(--wp--preset--spacing--side-padding)\">\n<div class=\"wp-block-column is-vertically-aligned-center is-layout-flow wp-block-column-is-layout-flow\">\n<h3 class=\"wp-block-heading\" style=\"margin-bottom:var(--wp--preset--spacing--h-3-bottom)\">Formst\u00f8bte s\u00e6der og pr\u00e6cise s\u00e6dejusteringer<\/h3>\n\n\n\n<p><strong><em>Ergonomisk st\u00f8tte<\/em><\/strong><\/p>\n\n\n\n<p style=\"margin-bottom:var(--wp--preset--spacing--tb-section-padding)\">Evolve Ultra-seriens polyuretans\u00e6der, der er konstrueret med formst\u00f8bt design og dobbeltsyet polstring, giver enest\u00e5ende holdbarhed og komfort. De er designet til at give ergonomisk st\u00f8tte til rygs\u00f8jlen og kan rumme brugere i forskellige st\u00f8rrelser. Desuden er maskinhynder af PU et fremragende valg p\u00e5 grund af deres holdbarhed, komfort, lette vedligeholdelse og generelle omkostningseffektivitet. De kan modst\u00e5 kravene fra styrketr\u00e6ning og giver samtidig en behagelig og hygiejnisk tr\u00e6ningsoverflade. Da s\u00e6det er underst\u00f8ttet af en hydraulisk stang, er det nemt at justere s\u00e6deh\u00f8jden, og det kan g\u00f8res med kun \u00e9n h\u00e5nd. S\u00e6det har 18 justeringspositioner;<\/p>\n<\/div>\n\n\n\n<div class=\"wp-block-column is-vertically-aligned-center is-layout-flow wp-block-column-is-layout-flow\">\n<figure class=\"wp-block-video\"><video height=\"1200\" style=\"aspect-ratio: 1200 \/ 1200;\" width=\"1200\" autoplay=\"\" controls=\"\" loop=\"\" muted=\"\" src=\"https:\/\/evolve-fitness.eu\/wp-content\/uploads\/2023\/08\/Evolve-UL-030-Moulded-Seats-Precise-Seat-Adjustments.mp4\"><\/video><\/figure>\n<\/div>\n<\/div>\n\n\n\n<div class=\"wp-block-columns alignwide mobile-reverse is-layout-flex wp-container-core-columns-is-layout-ca64bf2d wp-block-columns-is-layout-flex\" style=\"margin-bottom:var(--wp--preset--spacing--side-padding)\">\n<div class=\"wp-block-column is-vertically-aligned-center is-layout-flow wp-block-column-is-layout-flow\">\n<figure class=\"wp-block-video\"><video height=\"1213\" style=\"aspect-ratio: 2560 \/ 1213;\" width=\"2560\" autoplay=\"\" controls=\"\" loop=\"\" muted=\"\" src=\"https:\/\/evolve-fitness.eu\/wp-content\/uploads\/2023\/08\/EV-SC-UL-030-Adjustable-Back-and-Chest-Rest-1.mp4\"><\/video><\/figure>\n<\/div>\n\n\n\n<div class=\"wp-block-column is-vertically-aligned-center is-layout-flow wp-block-column-is-layout-flow\">\n<h3 class=\"wp-block-heading\" style=\"margin-bottom:var(--wp--preset--spacing--h-3-bottom)\">Justerbar ryg- og brystst\u00f8tte<\/h3>\n\n\n\n<p><strong><em>Find den perfekte position<\/em><\/strong><\/p>\n\n\n\n<p style=\"margin-bottom:var(--wp--preset--spacing--tb-section-padding)\">Evolve Ultra Series Selectorized Pec Fly \/ Rear Delt-maskinen er designet til en behagelig og yderst effektiv tr\u00e6ningsoplevelse. Den har 6 forskellige justeringsmuligheder for rygl\u00e6n og brystst\u00f8tte, s\u00e5 du kan tilpasse maskinen til din krops proportioner og pr\u00e6ferencer. Dette niveau af justerbarhed sikrer, at du kan finde den perfekte position til at arbejde med dine bryst- og bageste deltamuskler med maksimal komfort og effektivitet.<\/p>\n<\/div>\n<\/div>\n\n\n\n<div class=\"wp-block-columns alignwide mobile-reverse is-layout-flex wp-container-core-columns-is-layout-ca64bf2d wp-block-columns-is-layout-flex\" style=\"margin-bottom:var(--wp--preset--spacing--side-padding)\">\n<div class=\"wp-block-column is-vertically-aligned-center is-layout-flow wp-block-column-is-layout-flow\">\n<h3 class=\"wp-block-heading\" style=\"margin-bottom:var(--wp--preset--spacing--h-3-bottom)\">Opbevaring af tilbeh\u00f8r<\/h3>\n\n\n\n<p><strong><em>Sikker og let tilg\u00e6ngelig<\/em><\/strong><\/p>\n\n\n\n<p>Mens du tr\u00e6ner, kan du nemt opbevare din vandflaske, telefon og personlige ejendele i Evolve Ultra-seriens maskiner, der er forsynet med dertil indrettede holdere. Disse specialdesignede rum er der for at sikre, at du har et sikkert og let tilg\u00e6ngeligt sted til dine ejendele under dine tr\u00e6ningspas.<\/p>\n\n\n\n<p><strong><em>\u00d8velsesklisterm\u00e6rke &#8211; din visuelle hj\u00e6lp<\/em><\/strong><\/p>\n\n\n\n<p>Maskinerne i Evolve Ultra-serien har informative klisterm\u00e6rker, der fungerer som visuel hj\u00e6lp og g\u00f8r det nemmere for dig at navigere i maskinens funktioner, hvilket i sidste ende forbedrer din tr\u00e6ningsoplevelse. Derudover giver den v\u00e6rdifuld indsigt i de forskellige muskelgrupper, der kan tr\u00e6nes effektivt p\u00e5 maskinen, s\u00e5 du kan f\u00e5 mest muligt ud af din tr\u00e6ningsrutine ved at fokusere p\u00e5 specifikke interesseomr\u00e5der.<\/p>\n<\/div>\n\n\n\n<div class=\"wp-block-column is-vertically-aligned-center is-layout-flow wp-block-column-is-layout-flow\">\n<figure class=\"wp-block-video\"><video height=\"1213\" style=\"aspect-ratio: 2560 \/ 1213;\" width=\"2560\" autoplay=\"\" controls=\"\" loop=\"\" muted=\"\" src=\"https:\/\/evolve-fitness.eu\/wp-content\/uploads\/2023\/08\/EV-SC-UL-030-storage.mp4\"><\/video><\/figure>\n<\/div>\n<\/div>\n\n\n\n<div class=\"wp-block-columns alignwide mobile-reverse is-layout-flex wp-container-core-columns-is-layout-ca64bf2d wp-block-columns-is-layout-flex\" style=\"margin-bottom:var(--wp--preset--spacing--side-padding)\">\n<div class=\"wp-block-column is-vertically-aligned-center is-layout-flow wp-block-column-is-layout-flow\">\n<figure class=\"wp-block-image size-full\"><img decoding=\"async\" src=\"https:\/\/evolve-fitness.eu\/wp-content\/uploads\/2024\/01\/plate.webp\" alt=\"\" class=\"wp-image-9942\"\/><\/figure>\n<\/div>\n\n\n\n<div class=\"wp-block-column is-vertically-aligned-center is-layout-flow wp-block-column-is-layout-flow\">\n<h3 class=\"wp-block-heading\" style=\"margin-bottom:var(--wp--preset--spacing--h-3-bottom)\">\u00d8verste v\u00e6gtplade<\/h3>\n\n\n\n<p><strong><em>Udfordre dig selv endnu mere<\/em><\/strong><\/p>\n\n\n\n<p>Evolve Ultra Series Selectorized Pec Fly \/ Rear Delt har to ekstra 2,5 kg topv\u00e6gtskiver, som tjener et dobbelt form\u00e5l ved at forbedre tr\u00e6ningsmaskinens ydeevne. For det f\u00f8rste udvider den den maksimale modstand, som maskinen kan yde, s\u00e5 brugerne kan udfordre sig selv endnu mere i deres tr\u00e6ning.<br\/>Derudover giver disse ekstra v\u00e6gtskiver en unik fordel, fordi de giver brugerne mulighed for at foretage mindre, mere pr\u00e6cise trin i deres modstandsjusteringer, hvor hver skive giver en stigning p\u00e5 2,5 kg. Denne pr\u00e6cision i valg af modstand g\u00f8r det muligt for enkeltpersoner at finjustere deres tr\u00e6ning til at opfylde deres specifikke behov og m\u00e5l, hvilket sikrer, at hver tr\u00e6ningssession er skr\u00e6ddersyet til at optimere resultaterne.<\/p>\n<\/div>\n<\/div>\n\n\n\n<div class=\"wp-block-columns alignwide mobile-reverse is-layout-flex wp-container-core-columns-is-layout-ca64bf2d wp-block-columns-is-layout-flex\" style=\"margin-bottom:var(--wp--preset--spacing--side-padding)\">\n<div class=\"wp-block-column is-vertically-aligned-center is-layout-flow wp-block-column-is-layout-flow\">\n<h3 class=\"wp-block-heading\" style=\"margin-bottom:var(--wp--preset--spacing--h-3-bottom)\">Uafh\u00e6ngig armbev\u00e6gelse<\/h3>\n\n\n\n<p><strong><em>Fleksibilitet i tr\u00e6ningen<\/em><\/strong><\/p>\n\n\n\n<p style=\"margin-bottom:var(--wp--preset--spacing--tb-section-padding)\">Evolve Ultra-seriens styrketr\u00e6ningsudstyr giver mulighed for at tr\u00e6ne hver arm uafh\u00e6ngigt af hinanden og dermed im\u00f8dekomme individuelle behov. Denne unikke funktion giver dig mulighed for at opretholde en afbalanceret tr\u00e6ning, selv hvis den ene arm er svagere eller skadet. Uafh\u00e6ngig bev\u00e6gelse fremmer udviklingen af afbalanceret styrke og giver mulighed for forskellige tr\u00e6ningsmuligheder<\/p>\n<\/div>\n\n\n\n<div class=\"wp-block-column is-vertically-aligned-center is-layout-flow wp-block-column-is-layout-flow\">\n<figure class=\"wp-block-image size-large\"><img decoding=\"async\" src=\"https:\/\/evolve-fitness.eu\/wp-content\/uploads\/2023\/08\/EV-SC-UL-030-Moulded-Seats-Precise-Seat-Adjustments-1024x576.jpg\" alt=\"EV-SC-UL-030\" class=\"wp-image-9960\"\/><\/figure>\n<\/div>\n<\/div>\n\n\n\n<div class=\"wp-block-columns alignwide mobile-reverse is-layout-flex wp-container-core-columns-is-layout-ca64bf2d wp-block-columns-is-layout-flex\" style=\"margin-bottom:var(--wp--preset--spacing--side-padding)\">\n<div class=\"wp-block-column is-vertically-aligned-center is-layout-flow wp-block-column-is-layout-flow\">\n<figure class=\"wp-block-video\"><video height=\"1920\" style=\"aspect-ratio: 1920 \/ 1920;\" width=\"1920\" autoplay=\"\" controls=\"\" loop=\"\" muted=\"\" src=\"https:\/\/evolve-fitness.eu\/wp-content\/uploads\/2023\/10\/Evolve-Double-powder-coated-Frame.mp4\"><\/video><\/figure>\n<\/div>\n\n\n\n<div class=\"wp-block-column is-vertically-aligned-center is-layout-flow wp-block-column-is-layout-flow\">\n<h3 class=\"wp-block-heading\" style=\"margin-bottom:var(--wp--preset--spacing--h-3-bottom)\">Dobbelt pulverlakeret ramme<\/h3>\n\n\n\n<p><strong><em>Elektrostatisk pulverlakeret perle<\/em><\/strong><\/p>\n\n\n\n<p>Evolve Ultra-seriens styrkemaskiner med en elektrostatisk pulverlakeret perlesort mat ramme er et eksempel p\u00e5 b\u00e5de form og funktion. Dens \u00e6stetiske appel forst\u00e6rkes af den sorte, matte finish, mens dens praktiske funktioner, herunder friktionsmodstand, korrosionsbeskyttelse og ridsefasthed, sikrer, at den er en p\u00e5lidelig og langtidsholdbar fitness-ledsager.<\/p>\n<\/div>\n<\/div>\n\n\n\n<div class=\"wp-block-columns alignwide mobile-reverse is-layout-flex wp-container-core-columns-is-layout-ca64bf2d wp-block-columns-is-layout-flex\" style=\"margin-bottom:var(--wp--preset--spacing--side-padding)\">\n<div class=\"wp-block-column is-vertically-aligned-center is-layout-flow wp-block-column-is-layout-flow\">\n<h3 class=\"wp-block-heading\" style=\"margin-bottom:var(--wp--preset--spacing--h-3-bottom)\">V\u00e6gtstabel<\/h3>\n\n\n\n<p><strong><em>Mere udfordrende tr\u00e6ning<\/em><\/strong><\/p>\n\n\n\n<p>Evolve Ultra Series Selectorized Pec Fly \/ Rear Delt-maskine er udstyret med et modstandsniveau p\u00e5 110 kg, men du har ogs\u00e5 mulighed for at tilpasse og tilf\u00f8je det til 122,5 kg for en endnu mere udfordrende tr\u00e6ningsoplevelse. Den kan prale af en helt lukket v\u00e6gtstabel, der sikrer sikkerheden i dine \u00f8velser.<\/p>\n\n\n\n<p><strong><em>Kraftig gummi<\/em><\/strong><\/p>\n\n\n\n<p>De robuste gummif\u00f8dder p\u00e5 Evolve Ultra Series fungerer som beskyttende skjolde for at forhindre potentielle skader p\u00e5 dine gulve. Disse kraftige gummif\u00f8dder er designet til at beskytte dine gulvoverflader mod enhver skade, der kan opst\u00e5 under brug. Desuden giver disse gummif\u00f8dder ikke kun beskyttelse, men bidrager ogs\u00e5 til stabiliteten.<\/p>\n<\/div>\n\n\n\n<div class=\"wp-block-column is-vertically-aligned-center is-layout-flow wp-block-column-is-layout-flow\">\n<figure class=\"wp-block-image size-full\"><img decoding=\"async\" src=\"https:\/\/evolve-fitness.eu\/wp-content\/uploads\/2024\/01\/stack.webp\" alt=\"\" class=\"wp-image-9940\"\/><\/figure>\n<\/div>\n<\/div>\n\n\n\n<div class=\"wp-block-columns alignwide mobile-reverse is-layout-flex wp-container-core-columns-is-layout-ca64bf2d wp-block-columns-is-layout-flex\" style=\"margin-bottom:var(--wp--preset--spacing--side-padding)\">\n<div class=\"wp-block-column is-vertically-aligned-center is-layout-flow wp-block-column-is-layout-flow\">\n<figure class=\"wp-block-image size-large\"><img decoding=\"async\" src=\"https:\/\/evolve-fitness.eu\/wp-content\/uploads\/2023\/08\/A7_08481-1024x683.jpg\" alt=\"\" class=\"wp-image-9109\"\/><\/figure>\n<\/div>\n\n\n\n<div class=\"wp-block-column is-vertically-aligned-center is-layout-flow wp-block-column-is-layout-flow\">\n<h3 class=\"wp-block-heading\" style=\"margin-bottom:var(--wp--preset--spacing--h-3-bottom)\">Kabel<\/h3>\n\n\n\n<p><strong><em>Overlegen kvalitet<\/em><\/strong><\/p>\n\n\n\n<p>Evolve Ultra Series-maskiner bruger kabler af overlegen kvalitet, der er seks hovedstrenge, og hver streng best\u00e5r af 19 tr\u00e5de, der er snoet sammen, polyamid 12 (PA12) materiale og en diameter p\u00e5 5 mm. Disse kabler er konstrueret til styrke og holdbarhed med en brudstyrke p\u00e5 9000 kN, hvilket g\u00f8r dem til det foretrukne valg til applikationer, hvor der er behov for ekstraordin\u00e6r p\u00e5lidelighed, holdbarhed og ydeevne. N\u00e5r du g\u00e5r fra en \u00f8velse til en anden, hvad enten det er bicepscurls, brystpres, lat pulldowns eller enhver anden styrkeopbyggende aktivitet, sikrer Evolve Ultra-seriekablets enest\u00e5ende ydeevne, at dine bev\u00e6gelser er j\u00e6vne, og modstanden er ensartet, hvilket fremmer en tr\u00e6ningsoplevelse, der er b\u00e5de effektiv og forn\u00f8jelig.<\/p>\n<\/div>\n<\/div>\n<\/section>\n<\/section>\n","protected":false},"excerpt":{"rendered":"<p>Oplev m\u00e5lrettet og effektiv tr\u00e6ning af overkroppen med Evolve Ultra Series Selectorized Pec Fly\/Rear Delt, Ul-030 maskine. L\u00f8ft din fitnessrutine med dette alsidige udstyr med uafh\u00e6ngig armbev\u00e6gelse for overlegen engagement og symmetri. Den fuldt d\u00e6kkede v\u00e6gtstangsafsk\u00e6rmning sikrer sikkerhed uden at g\u00e5 p\u00e5 kompromis med stilen, mens s\u00e6dejusteringen med \u00e9n h\u00e5nd \u00f8ger brugervenligheden. Maskinen er fremstillet med optimale h\u00e5ndgreb og en elegant, unik matlakering, der kombinerer komfort, \u00e6stetik og holdbarhed. Forvandl dit fitnesscenter med denne innovative tilf\u00f8jelse, der prioriterer komfort, sikkerhed og resultater.<\/p>\n","protected":false},"featured_media":75734,"template":"","meta":{"_acf_changed":false,"inline_featured_image":false},"product_cat":[353,1107,1285],"product_tag":[],"class_list":{"0":"post-48481","1":"product","2":"type-product","3":"status-publish","4":"has-post-thumbnail","6":"product_cat-forside","7":"product_cat-selekterede-maskiner","8":"product_cat-ultra-series-maskiner-med-valgfri-funktion","10":"first","11":"outofstock","12":"shipping-taxable","13":"purchasable","14":"product-type-simple"},"acf":[],"_links":{"self":[{"href":"https:\/\/store.evolve-fitness.eu\/da\/wp-json\/wp\/v2\/product\/48481","targetHints":{"allow":["GET"]}}],"collection":[{"href":"https:\/\/store.evolve-fitness.eu\/da\/wp-json\/wp\/v2\/product"}],"about":[{"href":"https:\/\/store.evolve-fitness.eu\/da\/wp-json\/wp\/v2\/types\/product"}],"wp:featuredmedia":[{"embeddable":true,"href":"https:\/\/store.evolve-fitness.eu\/da\/wp-json\/wp\/v2\/media\/75734"}],"wp:attachment":[{"href":"https:\/\/store.evolve-fitness.eu\/da\/wp-json\/wp\/v2\/media?parent=48481"}],"wp:term":[{"taxonomy":"product_cat","embeddable":true,"href":"https:\/\/store.evolve-fitness.eu\/da\/wp-json\/wp\/v2\/product_cat?post=48481"},{"taxonomy":"product_tag","embeddable":true,"href":"https:\/\/store.evolve-fitness.eu\/da\/wp-json\/wp\/v2\/product_tag?post=48481"}],"curies":[{"name":"wp","href":"https:\/\/api.w.org\/{rel}","templated":true}]}}